{"id":59703,"date":"2025-03-20T14:49:13","date_gmt":"2025-03-20T14:49:13","guid":{"rendered":"https:\/\/www.istegroup.com\/?post_type=product&#038;p=59703"},"modified":"2025-06-20T14:20:58","modified_gmt":"2025-06-20T13:20:58","slug":"mathematiques-du-numerique-3","status":"publish","type":"product","link":"https:\/\/www.istegroup.com\/fr\/produit\/mathematiques-du-numerique-3\/","title":{"rendered":"Math\u00e9matiques du num\u00e9rique 3"},"content":{"rendered":"<p>Depuis pr\u00e8s d\u2019un si\u00e8cle, les progr\u00e8s de l\u2019informatique ont tous \u00e9t\u00e9 dus \u00e0 des math\u00e9maticiens. Aujourd\u2019hui, les innovations num\u00e9riques reposent toujours sur un socle math\u00e9matique solide. Les \u00e9tudiants, futurs ing\u00e9nieurs en informatique, ainsi que les praticiens, doivent imp\u00e9rativement poss\u00e9der une bonne culture math\u00e9matique pour exceller dans leur m\u00e9tier. Cet ouvrage pr\u00e9sente les connaissances essentielles pour travailler dans le num\u00e9rique.<\/p>\n<p><em>Math\u00e9matiques du num\u00e9rique 3<\/em> est consacr\u00e9 \u00e0 l\u2019analyse de donn\u00e9es et \u00e0 l\u2019optimisation. Apr\u00e8s un rappel sur l\u2019ajustement lin\u00e9aire et la corr\u00e9lation, l\u2019analyse des donn\u00e9es multidimensionnelles est pr\u00e9sent\u00e9e en d\u00e9tail, avec les m\u00e9thodes usuelles d\u2019analyse factorielle en composantes principales, de partitionnement et de classification hi\u00e9rarchique. Divers outils de recherche op\u00e9rationnelle sont ensuite d\u00e9crits, comme la programmation lin\u00e9aire, la th\u00e9orie des graphes et leurs applications aux probl\u00e8mes classiques de circulation et d\u2019ordonnancement, avec les principaux algorithmes de r\u00e9solution.<\/p>\n","protected":false},"excerpt":{"rendered":"<p>Depuis pr\u00e8s d\u2019un si\u00e8cle, les progr\u00e8s de l\u2019informatique ont tous \u00e9t\u00e9 dus \u00e0 des math\u00e9maticiens. Aujourd\u2019hui, les innovations num\u00e9riques reposent toujours sur un socle math\u00e9matique solide. Les \u00e9tudiants, futurs ing\u00e9nieurs en informatique, ainsi que les praticiens, doivent imp\u00e9rativement poss\u00e9der une bonne culture math\u00e9matique pour exceller dans leur m\u00e9tier. Cet ouvrage pr\u00e9sente les connaissances essentielles pour [&hellip;]<\/p>\n","protected":false},"featured_media":59750,"template":"","meta":{"_acf_changed":false,"_links_to":"","_links_to_target":""},"product_brand":[],"product_cat":[4289],"product_tag":[],"class_list":{"0":"post-59703","1":"product","2":"type-product","3":"status-publish","4":"has-post-thumbnail","6":"product_cat-sciences","8":"first","9":"instock","10":"shipping-taxable","11":"purchasable","12":"product-type-variable"},"acf":[],"yoast_head":"<!-- This site is optimized with the Yoast SEO plugin v27.2 - https:\/\/yoast.com\/product\/yoast-seo-wordpress\/ -->\n<title>Math\u00e9matiques du num\u00e9rique 3 - ISTE Group<\/title>\n<meta name=\"description\" content=\"Math\u00e9matiques du num\u00e9rique 3 est consacr\u00e9 \u00e0 l\u2019analyse de donn\u00e9es et \u00e0 l\u2019optimisation.\" \/>\n<meta name=\"robots\" content=\"index, follow, max-snippet:-1, max-image-preview:large, max-video-preview:-1\" \/>\n<link rel=\"canonical\" href=\"https:\/\/www.istegroup.com\/produit\/mathematiques-du-numerique-3\/\" \/>\n<meta property=\"og:locale\" content=\"fr_FR\" \/>\n<meta property=\"og:type\" content=\"article\" \/>\n<meta property=\"og:title\" content=\"Math\u00e9matiques du num\u00e9rique 3 - ISTE Group\" \/>\n<meta property=\"og:description\" content=\"Math\u00e9matiques du num\u00e9rique 3 est consacr\u00e9 \u00e0 l\u2019analyse de donn\u00e9es et \u00e0 l\u2019optimisation.\" \/>\n<meta property=\"og:url\" content=\"https:\/\/www.istegroup.com\/produit\/mathematiques-du-numerique-3\/\" \/>\n<meta property=\"og:site_name\" content=\"ISTE Group\" \/>\n<meta property=\"article:modified_time\" content=\"2025-06-20T13:20:58+00:00\" \/>\n<meta property=\"og:image\" content=\"https:\/\/www.istegroup.com\/wp-content\/uploads\/2024\/03\/196_Mathematiques-du-numerique-3.png\" \/>\n\t<meta property=\"og:image:width\" content=\"300\" \/>\n\t<meta property=\"og:image:height\" content=\"450\" \/>\n\t<meta property=\"og:image:type\" content=\"image\/png\" \/>\n<meta name=\"twitter:card\" content=\"summary_large_image\" \/>\n<meta name=\"twitter:label1\" content=\"Est. reading time\" \/>\n\t<meta name=\"twitter:data1\" content=\"1 minute\" \/>\n<script type=\"application\/ld+json\" class=\"yoast-schema-graph\">{\"@context\":\"https:\/\/schema.org\",\"@graph\":[{\"@type\":\"WebPage\",\"@id\":\"https:\/\/www.istegroup.com\/produit\/mathematiques-du-numerique-3\/\",\"url\":\"https:\/\/www.istegroup.com\/produit\/mathematiques-du-numerique-3\/\",\"name\":\"Math\u00e9matiques du num\u00e9rique 3 - ISTE Group\",\"isPartOf\":{\"@id\":\"https:\/\/www.istegroup.com\/#website\"},\"primaryImageOfPage\":{\"@id\":\"https:\/\/www.istegroup.com\/produit\/mathematiques-du-numerique-3\/#primaryimage\"},\"image\":{\"@id\":\"https:\/\/www.istegroup.com\/produit\/mathematiques-du-numerique-3\/#primaryimage\"},\"thumbnailUrl\":\"https:\/\/www.istegroup.com\/wp-content\/uploads\/2024\/03\/196_Mathematiques-du-numerique-3.png\",\"datePublished\":\"2025-03-20T14:49:13+00:00\",\"dateModified\":\"2025-06-20T13:20:58+00:00\",\"description\":\"Math\u00e9matiques du num\u00e9rique 3 est consacr\u00e9 \u00e0 l\u2019analyse de donn\u00e9es et \u00e0 l\u2019optimisation.\",\"breadcrumb\":{\"@id\":\"https:\/\/www.istegroup.com\/produit\/mathematiques-du-numerique-3\/#breadcrumb\"},\"inLanguage\":\"fr-FR\",\"potentialAction\":[{\"@type\":\"ReadAction\",\"target\":[\"https:\/\/www.istegroup.com\/produit\/mathematiques-du-numerique-3\/\"]}]},{\"@type\":\"ImageObject\",\"inLanguage\":\"fr-FR\",\"@id\":\"https:\/\/www.istegroup.com\/produit\/mathematiques-du-numerique-3\/#primaryimage\",\"url\":\"https:\/\/www.istegroup.com\/wp-content\/uploads\/2024\/03\/196_Mathematiques-du-numerique-3.png\",\"contentUrl\":\"https:\/\/www.istegroup.com\/wp-content\/uploads\/2024\/03\/196_Mathematiques-du-numerique-3.png\",\"width\":300,\"height\":450,\"caption\":\"Livre scientifique - Math\u00e9matiques du num\u00e9rique 3\"},{\"@type\":\"BreadcrumbList\",\"@id\":\"https:\/\/www.istegroup.com\/produit\/mathematiques-du-numerique-3\/#breadcrumb\",\"itemListElement\":[{\"@type\":\"ListItem\",\"position\":1,\"name\":\"Home\",\"item\":\"https:\/\/www.istegroup.com\/\"},{\"@type\":\"ListItem\",\"position\":2,\"name\":\"Shop\",\"item\":\"https:\/\/www.istegroup.com\/fr\/nouveautes\/\"},{\"@type\":\"ListItem\",\"position\":3,\"name\":\"Math\u00e9matiques du num\u00e9rique 3\"}]},{\"@type\":\"WebSite\",\"@id\":\"https:\/\/www.istegroup.com\/#website\",\"url\":\"https:\/\/www.istegroup.com\/\",\"name\":\"ISTE Group\",\"description\":\"\u00c9diteur des Sciences\",\"potentialAction\":[{\"@type\":\"SearchAction\",\"target\":{\"@type\":\"EntryPoint\",\"urlTemplate\":\"https:\/\/www.istegroup.com\/?s={search_term_string}\"},\"query-input\":{\"@type\":\"PropertyValueSpecification\",\"valueRequired\":true,\"valueName\":\"search_term_string\"}}],\"inLanguage\":\"fr-FR\"}]}<\/script>\n<!-- \/ Yoast SEO plugin. -->","yoast_head_json":{"title":"Math\u00e9matiques du num\u00e9rique 3 - ISTE Group","description":"Math\u00e9matiques du num\u00e9rique 3 est consacr\u00e9 \u00e0 l\u2019analyse de donn\u00e9es et \u00e0 l\u2019optimisation.","robots":{"index":"index","follow":"follow","max-snippet":"max-snippet:-1","max-image-preview":"max-image-preview:large","max-video-preview":"max-video-preview:-1"},"canonical":"https:\/\/www.istegroup.com\/produit\/mathematiques-du-numerique-3\/","og_locale":"fr_FR","og_type":"article","og_title":"Math\u00e9matiques du num\u00e9rique 3 - ISTE Group","og_description":"Math\u00e9matiques du num\u00e9rique 3 est consacr\u00e9 \u00e0 l\u2019analyse de donn\u00e9es et \u00e0 l\u2019optimisation.","og_url":"https:\/\/www.istegroup.com\/produit\/mathematiques-du-numerique-3\/","og_site_name":"ISTE Group","article_modified_time":"2025-06-20T13:20:58+00:00","og_image":[{"width":300,"height":450,"url":"https:\/\/www.istegroup.com\/wp-content\/uploads\/2024\/03\/196_Mathematiques-du-numerique-3.png","type":"image\/png"}],"twitter_card":"summary_large_image","twitter_misc":{"Est. reading time":"1 minute"},"schema":{"@context":"https:\/\/schema.org","@graph":[{"@type":"WebPage","@id":"https:\/\/www.istegroup.com\/produit\/mathematiques-du-numerique-3\/","url":"https:\/\/www.istegroup.com\/produit\/mathematiques-du-numerique-3\/","name":"Math\u00e9matiques du num\u00e9rique 3 - ISTE Group","isPartOf":{"@id":"https:\/\/www.istegroup.com\/#website"},"primaryImageOfPage":{"@id":"https:\/\/www.istegroup.com\/produit\/mathematiques-du-numerique-3\/#primaryimage"},"image":{"@id":"https:\/\/www.istegroup.com\/produit\/mathematiques-du-numerique-3\/#primaryimage"},"thumbnailUrl":"https:\/\/www.istegroup.com\/wp-content\/uploads\/2024\/03\/196_Mathematiques-du-numerique-3.png","datePublished":"2025-03-20T14:49:13+00:00","dateModified":"2025-06-20T13:20:58+00:00","description":"Math\u00e9matiques du num\u00e9rique 3 est consacr\u00e9 \u00e0 l\u2019analyse de donn\u00e9es et \u00e0 l\u2019optimisation.","breadcrumb":{"@id":"https:\/\/www.istegroup.com\/produit\/mathematiques-du-numerique-3\/#breadcrumb"},"inLanguage":"fr-FR","potentialAction":[{"@type":"ReadAction","target":["https:\/\/www.istegroup.com\/produit\/mathematiques-du-numerique-3\/"]}]},{"@type":"ImageObject","inLanguage":"fr-FR","@id":"https:\/\/www.istegroup.com\/produit\/mathematiques-du-numerique-3\/#primaryimage","url":"https:\/\/www.istegroup.com\/wp-content\/uploads\/2024\/03\/196_Mathematiques-du-numerique-3.png","contentUrl":"https:\/\/www.istegroup.com\/wp-content\/uploads\/2024\/03\/196_Mathematiques-du-numerique-3.png","width":300,"height":450,"caption":"Livre scientifique - Math\u00e9matiques du num\u00e9rique 3"},{"@type":"BreadcrumbList","@id":"https:\/\/www.istegroup.com\/produit\/mathematiques-du-numerique-3\/#breadcrumb","itemListElement":[{"@type":"ListItem","position":1,"name":"Home","item":"https:\/\/www.istegroup.com\/"},{"@type":"ListItem","position":2,"name":"Shop","item":"https:\/\/www.istegroup.com\/fr\/nouveautes\/"},{"@type":"ListItem","position":3,"name":"Math\u00e9matiques du num\u00e9rique 3"}]},{"@type":"WebSite","@id":"https:\/\/www.istegroup.com\/#website","url":"https:\/\/www.istegroup.com\/","name":"ISTE Group","description":"\u00c9diteur des Sciences","potentialAction":[{"@type":"SearchAction","target":{"@type":"EntryPoint","urlTemplate":"https:\/\/www.istegroup.com\/?s={search_term_string}"},"query-input":{"@type":"PropertyValueSpecification","valueRequired":true,"valueName":"search_term_string"}}],"inLanguage":"fr-FR"}]}},"_links":{"self":[{"href":"https:\/\/www.istegroup.com\/fr\/wp-json\/wp\/v2\/product\/59703","targetHints":{"allow":["GET"]}}],"collection":[{"href":"https:\/\/www.istegroup.com\/fr\/wp-json\/wp\/v2\/product"}],"about":[{"href":"https:\/\/www.istegroup.com\/fr\/wp-json\/wp\/v2\/types\/product"}],"wp:featuredmedia":[{"embeddable":true,"href":"https:\/\/www.istegroup.com\/fr\/wp-json\/wp\/v2\/media\/59750"}],"wp:attachment":[{"href":"https:\/\/www.istegroup.com\/fr\/wp-json\/wp\/v2\/media?parent=59703"}],"wp:term":[{"taxonomy":"product_brand","embeddable":true,"href":"https:\/\/www.istegroup.com\/fr\/wp-json\/wp\/v2\/product_brand?post=59703"},{"taxonomy":"product_cat","embeddable":true,"href":"https:\/\/www.istegroup.com\/fr\/wp-json\/wp\/v2\/product_cat?post=59703"},{"taxonomy":"product_tag","embeddable":true,"href":"https:\/\/www.istegroup.com\/fr\/wp-json\/wp\/v2\/product_tag?post=59703"}],"curies":[{"name":"wp","href":"https:\/\/api.w.org\/{rel}","templated":true}]}}