{"id":59696,"date":"2025-03-20T14:43:07","date_gmt":"2025-03-20T14:43:07","guid":{"rendered":"https:\/\/www.istegroup.com\/?post_type=product&#038;p=59696"},"modified":"2025-04-24T14:53:02","modified_gmt":"2025-04-24T13:53:02","slug":"mathematiques-du-numerique-2","status":"publish","type":"product","link":"https:\/\/www.istegroup.com\/fr\/produit\/mathematiques-du-numerique-2\/","title":{"rendered":"Math\u00e9matiques du num\u00e9rique 2"},"content":{"rendered":"<p>Depuis pr\u00e8s d\u2019un si\u00e8cle, les progr\u00e8s de l\u2019informatique ont tous \u00e9t\u00e9 dus \u00e0 des math\u00e9maticiens. Aujourd\u2019hui, les innovations num\u00e9riques reposent toujours sur un socle math\u00e9matique solide. Les \u00e9tudiants, futurs ing\u00e9nieurs en informatique, ainsi que les praticiens, doivent imp\u00e9rativement poss\u00e9der une bonne culture math\u00e9matique pour exceller dans leur m\u00e9tier. Cet ouvrage pr\u00e9sente les connaissances essentielles pour travailler dans le num\u00e9rique.<\/p>\n<p><em>Math\u00e9matiques du num\u00e9rique 2<\/em> s\u2019int\u00e9resse essentiellement \u00e0 l\u2019information num\u00e9rique. Apr\u00e8s une pr\u00e9sentation des diff\u00e9rentes fa\u00e7ons de repr\u00e9senter les nombres et les m\u00e9dias, les math\u00e9matiques du signal sont expos\u00e9es \u00e0 travers les outils usuels des transform\u00e9es (Fourier, Laplace, en z). Plusieurs chapitres sont consacr\u00e9s \u00e0 l\u2019image num\u00e9rique, \u00e0 l\u2019infographie 2D, au traitement d\u2019images et aux techniques de compression. Enfin, l\u2019ouvrage expose les bases de l\u2019analyse num\u00e9rique.<\/p>\n","protected":false},"excerpt":{"rendered":"<p>Depuis pr\u00e8s d\u2019un si\u00e8cle, les progr\u00e8s de l\u2019informatique ont tous \u00e9t\u00e9 dus \u00e0 des math\u00e9maticiens. Aujourd\u2019hui, les innovations num\u00e9riques reposent toujours sur un socle math\u00e9matique solide. Les \u00e9tudiants, futurs ing\u00e9nieurs en informatique, ainsi que les praticiens, doivent imp\u00e9rativement poss\u00e9der une bonne culture math\u00e9matique pour exceller dans leur m\u00e9tier. Cet ouvrage pr\u00e9sente les connaissances essentielles pour [&hellip;]<\/p>\n","protected":false},"featured_media":59749,"template":"","meta":{"_acf_changed":false,"_links_to":"","_links_to_target":""},"product_brand":[],"product_cat":[4289],"product_tag":[],"class_list":{"0":"post-59696","1":"product","2":"type-product","3":"status-publish","4":"has-post-thumbnail","6":"product_cat-sciences","8":"first","9":"instock","10":"shipping-taxable","11":"purchasable","12":"product-type-variable"},"acf":[],"yoast_head":"<!-- This site is optimized with the Yoast SEO plugin v27.2 - https:\/\/yoast.com\/product\/yoast-seo-wordpress\/ -->\n<title>Math\u00e9matiques du num\u00e9rique 2 - ISTE Group<\/title>\n<meta name=\"description\" content=\"Math\u00e9matiques du num\u00e9rique 2 s\u2019int\u00e9resse essentiellement \u00e0 l\u2019information num\u00e9rique.\" \/>\n<meta name=\"robots\" content=\"index, follow, max-snippet:-1, max-image-preview:large, max-video-preview:-1\" \/>\n<link rel=\"canonical\" href=\"https:\/\/www.istegroup.com\/produit\/mathematiques-du-numerique-2\/\" \/>\n<meta property=\"og:locale\" content=\"fr_FR\" \/>\n<meta property=\"og:type\" content=\"article\" \/>\n<meta property=\"og:title\" content=\"Math\u00e9matiques du num\u00e9rique 2 - ISTE Group\" \/>\n<meta property=\"og:description\" content=\"Math\u00e9matiques du num\u00e9rique 2 s\u2019int\u00e9resse essentiellement \u00e0 l\u2019information num\u00e9rique.\" \/>\n<meta property=\"og:url\" content=\"https:\/\/www.istegroup.com\/produit\/mathematiques-du-numerique-2\/\" \/>\n<meta property=\"og:site_name\" content=\"ISTE Group\" \/>\n<meta property=\"article:modified_time\" content=\"2025-04-24T13:53:02+00:00\" \/>\n<meta property=\"og:image\" content=\"https:\/\/www.istegroup.com\/wp-content\/uploads\/2024\/03\/195_Mathematiques-du-numerique-2.png\" \/>\n\t<meta property=\"og:image:width\" content=\"300\" \/>\n\t<meta property=\"og:image:height\" content=\"450\" \/>\n\t<meta property=\"og:image:type\" content=\"image\/png\" \/>\n<meta name=\"twitter:card\" content=\"summary_large_image\" \/>\n<meta name=\"twitter:label1\" content=\"Est. reading time\" \/>\n\t<meta name=\"twitter:data1\" content=\"1 minute\" \/>\n<script type=\"application\/ld+json\" class=\"yoast-schema-graph\">{\"@context\":\"https:\/\/schema.org\",\"@graph\":[{\"@type\":\"WebPage\",\"@id\":\"https:\/\/www.istegroup.com\/produit\/mathematiques-du-numerique-2\/\",\"url\":\"https:\/\/www.istegroup.com\/produit\/mathematiques-du-numerique-2\/\",\"name\":\"Math\u00e9matiques du num\u00e9rique 2 - ISTE Group\",\"isPartOf\":{\"@id\":\"https:\/\/www.istegroup.com\/#website\"},\"primaryImageOfPage\":{\"@id\":\"https:\/\/www.istegroup.com\/produit\/mathematiques-du-numerique-2\/#primaryimage\"},\"image\":{\"@id\":\"https:\/\/www.istegroup.com\/produit\/mathematiques-du-numerique-2\/#primaryimage\"},\"thumbnailUrl\":\"https:\/\/www.istegroup.com\/wp-content\/uploads\/2024\/03\/195_Mathematiques-du-numerique-2.png\",\"datePublished\":\"2025-03-20T14:43:07+00:00\",\"dateModified\":\"2025-04-24T13:53:02+00:00\",\"description\":\"Math\u00e9matiques du num\u00e9rique 2 s\u2019int\u00e9resse essentiellement \u00e0 l\u2019information num\u00e9rique.\",\"breadcrumb\":{\"@id\":\"https:\/\/www.istegroup.com\/produit\/mathematiques-du-numerique-2\/#breadcrumb\"},\"inLanguage\":\"fr-FR\",\"potentialAction\":[{\"@type\":\"ReadAction\",\"target\":[\"https:\/\/www.istegroup.com\/produit\/mathematiques-du-numerique-2\/\"]}]},{\"@type\":\"ImageObject\",\"inLanguage\":\"fr-FR\",\"@id\":\"https:\/\/www.istegroup.com\/produit\/mathematiques-du-numerique-2\/#primaryimage\",\"url\":\"https:\/\/www.istegroup.com\/wp-content\/uploads\/2024\/03\/195_Mathematiques-du-numerique-2.png\",\"contentUrl\":\"https:\/\/www.istegroup.com\/wp-content\/uploads\/2024\/03\/195_Mathematiques-du-numerique-2.png\",\"width\":300,\"height\":450,\"caption\":\"Livre scientifique - Math\u00e9matiques du num\u00e9rique 2\"},{\"@type\":\"BreadcrumbList\",\"@id\":\"https:\/\/www.istegroup.com\/produit\/mathematiques-du-numerique-2\/#breadcrumb\",\"itemListElement\":[{\"@type\":\"ListItem\",\"position\":1,\"name\":\"Home\",\"item\":\"https:\/\/www.istegroup.com\/\"},{\"@type\":\"ListItem\",\"position\":2,\"name\":\"Shop\",\"item\":\"https:\/\/www.istegroup.com\/fr\/nouveautes\/\"},{\"@type\":\"ListItem\",\"position\":3,\"name\":\"Math\u00e9matiques du num\u00e9rique 2\"}]},{\"@type\":\"WebSite\",\"@id\":\"https:\/\/www.istegroup.com\/#website\",\"url\":\"https:\/\/www.istegroup.com\/\",\"name\":\"ISTE Group\",\"description\":\"\u00c9diteur des Sciences\",\"potentialAction\":[{\"@type\":\"SearchAction\",\"target\":{\"@type\":\"EntryPoint\",\"urlTemplate\":\"https:\/\/www.istegroup.com\/?s={search_term_string}\"},\"query-input\":{\"@type\":\"PropertyValueSpecification\",\"valueRequired\":true,\"valueName\":\"search_term_string\"}}],\"inLanguage\":\"fr-FR\"}]}<\/script>\n<!-- \/ Yoast SEO plugin. -->","yoast_head_json":{"title":"Math\u00e9matiques du num\u00e9rique 2 - ISTE Group","description":"Math\u00e9matiques du num\u00e9rique 2 s\u2019int\u00e9resse essentiellement \u00e0 l\u2019information num\u00e9rique.","robots":{"index":"index","follow":"follow","max-snippet":"max-snippet:-1","max-image-preview":"max-image-preview:large","max-video-preview":"max-video-preview:-1"},"canonical":"https:\/\/www.istegroup.com\/produit\/mathematiques-du-numerique-2\/","og_locale":"fr_FR","og_type":"article","og_title":"Math\u00e9matiques du num\u00e9rique 2 - ISTE Group","og_description":"Math\u00e9matiques du num\u00e9rique 2 s\u2019int\u00e9resse essentiellement \u00e0 l\u2019information num\u00e9rique.","og_url":"https:\/\/www.istegroup.com\/produit\/mathematiques-du-numerique-2\/","og_site_name":"ISTE Group","article_modified_time":"2025-04-24T13:53:02+00:00","og_image":[{"width":300,"height":450,"url":"https:\/\/www.istegroup.com\/wp-content\/uploads\/2024\/03\/195_Mathematiques-du-numerique-2.png","type":"image\/png"}],"twitter_card":"summary_large_image","twitter_misc":{"Est. reading time":"1 minute"},"schema":{"@context":"https:\/\/schema.org","@graph":[{"@type":"WebPage","@id":"https:\/\/www.istegroup.com\/produit\/mathematiques-du-numerique-2\/","url":"https:\/\/www.istegroup.com\/produit\/mathematiques-du-numerique-2\/","name":"Math\u00e9matiques du num\u00e9rique 2 - ISTE Group","isPartOf":{"@id":"https:\/\/www.istegroup.com\/#website"},"primaryImageOfPage":{"@id":"https:\/\/www.istegroup.com\/produit\/mathematiques-du-numerique-2\/#primaryimage"},"image":{"@id":"https:\/\/www.istegroup.com\/produit\/mathematiques-du-numerique-2\/#primaryimage"},"thumbnailUrl":"https:\/\/www.istegroup.com\/wp-content\/uploads\/2024\/03\/195_Mathematiques-du-numerique-2.png","datePublished":"2025-03-20T14:43:07+00:00","dateModified":"2025-04-24T13:53:02+00:00","description":"Math\u00e9matiques du num\u00e9rique 2 s\u2019int\u00e9resse essentiellement \u00e0 l\u2019information num\u00e9rique.","breadcrumb":{"@id":"https:\/\/www.istegroup.com\/produit\/mathematiques-du-numerique-2\/#breadcrumb"},"inLanguage":"fr-FR","potentialAction":[{"@type":"ReadAction","target":["https:\/\/www.istegroup.com\/produit\/mathematiques-du-numerique-2\/"]}]},{"@type":"ImageObject","inLanguage":"fr-FR","@id":"https:\/\/www.istegroup.com\/produit\/mathematiques-du-numerique-2\/#primaryimage","url":"https:\/\/www.istegroup.com\/wp-content\/uploads\/2024\/03\/195_Mathematiques-du-numerique-2.png","contentUrl":"https:\/\/www.istegroup.com\/wp-content\/uploads\/2024\/03\/195_Mathematiques-du-numerique-2.png","width":300,"height":450,"caption":"Livre scientifique - Math\u00e9matiques du num\u00e9rique 2"},{"@type":"BreadcrumbList","@id":"https:\/\/www.istegroup.com\/produit\/mathematiques-du-numerique-2\/#breadcrumb","itemListElement":[{"@type":"ListItem","position":1,"name":"Home","item":"https:\/\/www.istegroup.com\/"},{"@type":"ListItem","position":2,"name":"Shop","item":"https:\/\/www.istegroup.com\/fr\/nouveautes\/"},{"@type":"ListItem","position":3,"name":"Math\u00e9matiques du num\u00e9rique 2"}]},{"@type":"WebSite","@id":"https:\/\/www.istegroup.com\/#website","url":"https:\/\/www.istegroup.com\/","name":"ISTE Group","description":"\u00c9diteur des Sciences","potentialAction":[{"@type":"SearchAction","target":{"@type":"EntryPoint","urlTemplate":"https:\/\/www.istegroup.com\/?s={search_term_string}"},"query-input":{"@type":"PropertyValueSpecification","valueRequired":true,"valueName":"search_term_string"}}],"inLanguage":"fr-FR"}]}},"_links":{"self":[{"href":"https:\/\/www.istegroup.com\/fr\/wp-json\/wp\/v2\/product\/59696","targetHints":{"allow":["GET"]}}],"collection":[{"href":"https:\/\/www.istegroup.com\/fr\/wp-json\/wp\/v2\/product"}],"about":[{"href":"https:\/\/www.istegroup.com\/fr\/wp-json\/wp\/v2\/types\/product"}],"wp:featuredmedia":[{"embeddable":true,"href":"https:\/\/www.istegroup.com\/fr\/wp-json\/wp\/v2\/media\/59749"}],"wp:attachment":[{"href":"https:\/\/www.istegroup.com\/fr\/wp-json\/wp\/v2\/media?parent=59696"}],"wp:term":[{"taxonomy":"product_brand","embeddable":true,"href":"https:\/\/www.istegroup.com\/fr\/wp-json\/wp\/v2\/product_brand?post=59696"},{"taxonomy":"product_cat","embeddable":true,"href":"https:\/\/www.istegroup.com\/fr\/wp-json\/wp\/v2\/product_cat?post=59696"},{"taxonomy":"product_tag","embeddable":true,"href":"https:\/\/www.istegroup.com\/fr\/wp-json\/wp\/v2\/product_tag?post=59696"}],"curies":[{"name":"wp","href":"https:\/\/api.w.org\/{rel}","templated":true}]}}