{"id":59683,"date":"2025-03-20T14:30:22","date_gmt":"2025-03-20T14:30:22","guid":{"rendered":"https:\/\/www.istegroup.com\/?post_type=product&#038;p=59683"},"modified":"2025-04-24T14:39:48","modified_gmt":"2025-04-24T13:39:48","slug":"mathematiques-du-numerique-1","status":"publish","type":"product","link":"https:\/\/www.istegroup.com\/fr\/produit\/mathematiques-du-numerique-1\/","title":{"rendered":"Math\u00e9matiques du num\u00e9rique 1"},"content":{"rendered":"<p>Depuis pr\u00e8s d\u2019un si\u00e8cle, les progr\u00e8s de l\u2019informatique ont tous \u00e9t\u00e9 dus \u00e0 des math\u00e9maticiens. Aujourd\u2019hui, les innovations num\u00e9riques reposent toujours sur un socle math\u00e9matique solide. Les \u00e9tudiants, futurs ing\u00e9nieurs en informatique, ainsi que les praticiens, doivent imp\u00e9rativement poss\u00e9der une bonne culture math\u00e9matique pour exceller dans leur m\u00e9tier. Cet ouvrage pr\u00e9sente les connaissances essentielles pour travailler dans le num\u00e9rique.<\/p>\n<p><em>Math\u00e9matiques du num\u00e9rique 1<\/em> s\u2019int\u00e9resse aux bases essentielles relatives aux notions de logique, de relations, d\u2019analyse combinatoire, de fonctions bool\u00e9ennes et de circuits logiques. Il rappelle les r\u00e9sultats de l\u2019arithm\u00e9tique sur les nombres premiers et ses applications \u00e0 la protection contre les erreurs et l\u2019encryptage de donn\u00e9es. Cet ouvrage traite \u00e9galement des rappels de probabilit\u00e9s et de statistiques descriptives et leurs compl\u00e9ments sur les lois de probabilit\u00e9 et leur utilit\u00e9 en simulation.<\/p>\n","protected":false},"excerpt":{"rendered":"<p>Depuis pr\u00e8s d\u2019un si\u00e8cle, les progr\u00e8s de l\u2019informatique ont tous \u00e9t\u00e9 dus \u00e0 des math\u00e9maticiens. Aujourd\u2019hui, les innovations num\u00e9riques reposent toujours sur un socle math\u00e9matique solide. Les \u00e9tudiants, futurs ing\u00e9nieurs en informatique, ainsi que les praticiens, doivent imp\u00e9rativement poss\u00e9der une bonne culture math\u00e9matique pour exceller dans leur m\u00e9tier. Cet ouvrage pr\u00e9sente les connaissances essentielles pour [&hellip;]<\/p>\n","protected":false},"featured_media":59748,"template":"","meta":{"_acf_changed":false,"_links_to":"","_links_to_target":""},"product_brand":[],"product_cat":[4289],"product_tag":[],"class_list":{"0":"post-59683","1":"product","2":"type-product","3":"status-publish","4":"has-post-thumbnail","6":"product_cat-sciences","8":"first","9":"instock","10":"shipping-taxable","11":"purchasable","12":"product-type-variable"},"acf":[],"yoast_head":"<!-- This site is optimized with the Yoast SEO plugin v27.2 - https:\/\/yoast.com\/product\/yoast-seo-wordpress\/ -->\n<title>Math\u00e9matiques du num\u00e9rique 1 - ISTE Group<\/title>\n<meta name=\"description\" content=\"Math\u00e9matiques du num\u00e9rique 1 s\u2019int\u00e9resse aux bases essentielles relatives aux notions de logique, de relations, d\u2019analyse combinatoire, de fonctions bool\u00e9ennes et de circuits logiques.\" \/>\n<meta name=\"robots\" content=\"index, follow, max-snippet:-1, max-image-preview:large, max-video-preview:-1\" \/>\n<link rel=\"canonical\" href=\"https:\/\/www.istegroup.com\/produit\/mathematiques-du-numerique-1\/\" \/>\n<meta property=\"og:locale\" content=\"fr_FR\" \/>\n<meta property=\"og:type\" content=\"article\" \/>\n<meta property=\"og:title\" content=\"Math\u00e9matiques du num\u00e9rique 1 - ISTE Group\" \/>\n<meta property=\"og:description\" content=\"Math\u00e9matiques du num\u00e9rique 1 s\u2019int\u00e9resse aux bases essentielles relatives aux notions de logique, de relations, d\u2019analyse combinatoire, de fonctions bool\u00e9ennes et de circuits logiques.\" \/>\n<meta property=\"og:url\" content=\"https:\/\/www.istegroup.com\/produit\/mathematiques-du-numerique-1\/\" \/>\n<meta property=\"og:site_name\" content=\"ISTE Group\" \/>\n<meta property=\"article:modified_time\" content=\"2025-04-24T13:39:48+00:00\" \/>\n<meta property=\"og:image\" content=\"https:\/\/www.istegroup.com\/wp-content\/uploads\/2024\/03\/194_Mathematiques-du-numerique-1.png\" \/>\n\t<meta property=\"og:image:width\" content=\"300\" \/>\n\t<meta property=\"og:image:height\" content=\"450\" \/>\n\t<meta property=\"og:image:type\" content=\"image\/png\" \/>\n<meta name=\"twitter:card\" content=\"summary_large_image\" \/>\n<meta name=\"twitter:label1\" content=\"Est. reading time\" \/>\n\t<meta name=\"twitter:data1\" content=\"1 minute\" \/>\n<script type=\"application\/ld+json\" class=\"yoast-schema-graph\">{\"@context\":\"https:\/\/schema.org\",\"@graph\":[{\"@type\":\"WebPage\",\"@id\":\"https:\/\/www.istegroup.com\/produit\/mathematiques-du-numerique-1\/\",\"url\":\"https:\/\/www.istegroup.com\/produit\/mathematiques-du-numerique-1\/\",\"name\":\"Math\u00e9matiques du num\u00e9rique 1 - ISTE Group\",\"isPartOf\":{\"@id\":\"https:\/\/www.istegroup.com\/#website\"},\"primaryImageOfPage\":{\"@id\":\"https:\/\/www.istegroup.com\/produit\/mathematiques-du-numerique-1\/#primaryimage\"},\"image\":{\"@id\":\"https:\/\/www.istegroup.com\/produit\/mathematiques-du-numerique-1\/#primaryimage\"},\"thumbnailUrl\":\"https:\/\/www.istegroup.com\/wp-content\/uploads\/2024\/03\/194_Mathematiques-du-numerique-1.png\",\"datePublished\":\"2025-03-20T14:30:22+00:00\",\"dateModified\":\"2025-04-24T13:39:48+00:00\",\"description\":\"Math\u00e9matiques du num\u00e9rique 1 s\u2019int\u00e9resse aux bases essentielles relatives aux notions de logique, de relations, d\u2019analyse combinatoire, de fonctions bool\u00e9ennes et de circuits logiques.\",\"breadcrumb\":{\"@id\":\"https:\/\/www.istegroup.com\/produit\/mathematiques-du-numerique-1\/#breadcrumb\"},\"inLanguage\":\"fr-FR\",\"potentialAction\":[{\"@type\":\"ReadAction\",\"target\":[\"https:\/\/www.istegroup.com\/produit\/mathematiques-du-numerique-1\/\"]}]},{\"@type\":\"ImageObject\",\"inLanguage\":\"fr-FR\",\"@id\":\"https:\/\/www.istegroup.com\/produit\/mathematiques-du-numerique-1\/#primaryimage\",\"url\":\"https:\/\/www.istegroup.com\/wp-content\/uploads\/2024\/03\/194_Mathematiques-du-numerique-1.png\",\"contentUrl\":\"https:\/\/www.istegroup.com\/wp-content\/uploads\/2024\/03\/194_Mathematiques-du-numerique-1.png\",\"width\":300,\"height\":450,\"caption\":\"Livre scientifique - Math\u00e9matiques du num\u00e9rique 1\"},{\"@type\":\"BreadcrumbList\",\"@id\":\"https:\/\/www.istegroup.com\/produit\/mathematiques-du-numerique-1\/#breadcrumb\",\"itemListElement\":[{\"@type\":\"ListItem\",\"position\":1,\"name\":\"Home\",\"item\":\"https:\/\/www.istegroup.com\/\"},{\"@type\":\"ListItem\",\"position\":2,\"name\":\"Shop\",\"item\":\"https:\/\/www.istegroup.com\/fr\/nouveautes\/\"},{\"@type\":\"ListItem\",\"position\":3,\"name\":\"Math\u00e9matiques du num\u00e9rique 1\"}]},{\"@type\":\"WebSite\",\"@id\":\"https:\/\/www.istegroup.com\/#website\",\"url\":\"https:\/\/www.istegroup.com\/\",\"name\":\"ISTE Group\",\"description\":\"\u00c9diteur des Sciences\",\"potentialAction\":[{\"@type\":\"SearchAction\",\"target\":{\"@type\":\"EntryPoint\",\"urlTemplate\":\"https:\/\/www.istegroup.com\/?s={search_term_string}\"},\"query-input\":{\"@type\":\"PropertyValueSpecification\",\"valueRequired\":true,\"valueName\":\"search_term_string\"}}],\"inLanguage\":\"fr-FR\"}]}<\/script>\n<!-- \/ Yoast SEO plugin. -->","yoast_head_json":{"title":"Math\u00e9matiques du num\u00e9rique 1 - ISTE Group","description":"Math\u00e9matiques du num\u00e9rique 1 s\u2019int\u00e9resse aux bases essentielles relatives aux notions de logique, de relations, d\u2019analyse combinatoire, de fonctions bool\u00e9ennes et de circuits logiques.","robots":{"index":"index","follow":"follow","max-snippet":"max-snippet:-1","max-image-preview":"max-image-preview:large","max-video-preview":"max-video-preview:-1"},"canonical":"https:\/\/www.istegroup.com\/produit\/mathematiques-du-numerique-1\/","og_locale":"fr_FR","og_type":"article","og_title":"Math\u00e9matiques du num\u00e9rique 1 - ISTE Group","og_description":"Math\u00e9matiques du num\u00e9rique 1 s\u2019int\u00e9resse aux bases essentielles relatives aux notions de logique, de relations, d\u2019analyse combinatoire, de fonctions bool\u00e9ennes et de circuits logiques.","og_url":"https:\/\/www.istegroup.com\/produit\/mathematiques-du-numerique-1\/","og_site_name":"ISTE Group","article_modified_time":"2025-04-24T13:39:48+00:00","og_image":[{"width":300,"height":450,"url":"https:\/\/www.istegroup.com\/wp-content\/uploads\/2024\/03\/194_Mathematiques-du-numerique-1.png","type":"image\/png"}],"twitter_card":"summary_large_image","twitter_misc":{"Est. reading time":"1 minute"},"schema":{"@context":"https:\/\/schema.org","@graph":[{"@type":"WebPage","@id":"https:\/\/www.istegroup.com\/produit\/mathematiques-du-numerique-1\/","url":"https:\/\/www.istegroup.com\/produit\/mathematiques-du-numerique-1\/","name":"Math\u00e9matiques du num\u00e9rique 1 - ISTE Group","isPartOf":{"@id":"https:\/\/www.istegroup.com\/#website"},"primaryImageOfPage":{"@id":"https:\/\/www.istegroup.com\/produit\/mathematiques-du-numerique-1\/#primaryimage"},"image":{"@id":"https:\/\/www.istegroup.com\/produit\/mathematiques-du-numerique-1\/#primaryimage"},"thumbnailUrl":"https:\/\/www.istegroup.com\/wp-content\/uploads\/2024\/03\/194_Mathematiques-du-numerique-1.png","datePublished":"2025-03-20T14:30:22+00:00","dateModified":"2025-04-24T13:39:48+00:00","description":"Math\u00e9matiques du num\u00e9rique 1 s\u2019int\u00e9resse aux bases essentielles relatives aux notions de logique, de relations, d\u2019analyse combinatoire, de fonctions bool\u00e9ennes et de circuits logiques.","breadcrumb":{"@id":"https:\/\/www.istegroup.com\/produit\/mathematiques-du-numerique-1\/#breadcrumb"},"inLanguage":"fr-FR","potentialAction":[{"@type":"ReadAction","target":["https:\/\/www.istegroup.com\/produit\/mathematiques-du-numerique-1\/"]}]},{"@type":"ImageObject","inLanguage":"fr-FR","@id":"https:\/\/www.istegroup.com\/produit\/mathematiques-du-numerique-1\/#primaryimage","url":"https:\/\/www.istegroup.com\/wp-content\/uploads\/2024\/03\/194_Mathematiques-du-numerique-1.png","contentUrl":"https:\/\/www.istegroup.com\/wp-content\/uploads\/2024\/03\/194_Mathematiques-du-numerique-1.png","width":300,"height":450,"caption":"Livre scientifique - Math\u00e9matiques du num\u00e9rique 1"},{"@type":"BreadcrumbList","@id":"https:\/\/www.istegroup.com\/produit\/mathematiques-du-numerique-1\/#breadcrumb","itemListElement":[{"@type":"ListItem","position":1,"name":"Home","item":"https:\/\/www.istegroup.com\/"},{"@type":"ListItem","position":2,"name":"Shop","item":"https:\/\/www.istegroup.com\/fr\/nouveautes\/"},{"@type":"ListItem","position":3,"name":"Math\u00e9matiques du num\u00e9rique 1"}]},{"@type":"WebSite","@id":"https:\/\/www.istegroup.com\/#website","url":"https:\/\/www.istegroup.com\/","name":"ISTE Group","description":"\u00c9diteur des Sciences","potentialAction":[{"@type":"SearchAction","target":{"@type":"EntryPoint","urlTemplate":"https:\/\/www.istegroup.com\/?s={search_term_string}"},"query-input":{"@type":"PropertyValueSpecification","valueRequired":true,"valueName":"search_term_string"}}],"inLanguage":"fr-FR"}]}},"_links":{"self":[{"href":"https:\/\/www.istegroup.com\/fr\/wp-json\/wp\/v2\/product\/59683","targetHints":{"allow":["GET"]}}],"collection":[{"href":"https:\/\/www.istegroup.com\/fr\/wp-json\/wp\/v2\/product"}],"about":[{"href":"https:\/\/www.istegroup.com\/fr\/wp-json\/wp\/v2\/types\/product"}],"wp:featuredmedia":[{"embeddable":true,"href":"https:\/\/www.istegroup.com\/fr\/wp-json\/wp\/v2\/media\/59748"}],"wp:attachment":[{"href":"https:\/\/www.istegroup.com\/fr\/wp-json\/wp\/v2\/media?parent=59683"}],"wp:term":[{"taxonomy":"product_brand","embeddable":true,"href":"https:\/\/www.istegroup.com\/fr\/wp-json\/wp\/v2\/product_brand?post=59683"},{"taxonomy":"product_cat","embeddable":true,"href":"https:\/\/www.istegroup.com\/fr\/wp-json\/wp\/v2\/product_cat?post=59683"},{"taxonomy":"product_tag","embeddable":true,"href":"https:\/\/www.istegroup.com\/fr\/wp-json\/wp\/v2\/product_tag?post=59683"}],"curies":[{"name":"wp","href":"https:\/\/api.w.org\/{rel}","templated":true}]}}