{"id":59635,"date":"2025-03-17T11:50:02","date_gmt":"2025-03-17T11:50:02","guid":{"rendered":"https:\/\/www.istegroup.com\/?post_type=product&#038;p=59635"},"modified":"2025-03-18T09:09:33","modified_gmt":"2025-03-18T09:09:33","slug":"conception-et-innovation-avec-le-biomimetisme-2","status":"publish","type":"product","link":"https:\/\/www.istegroup.com\/fr\/produit\/conception-et-innovation-avec-le-biomimetisme-2\/","title":{"rendered":"Conception et innovation avec le biomim\u00e9tisme 2"},"content":{"rendered":"<p>La nature, avec ses fonctions complexes, suscite un int\u00e9r\u00eat croissant chez les scientifiques, leur permettant de cr\u00e9er des syst\u00e8mes synth\u00e9tiques inventifs et performants. Les efforts consentis conduisent \u00e0 des inventions et innovations pr\u00e9sent\u00e9es dans cet ouvrage.<\/p>\n<p><em>Conception et innovation avec le biomim\u00e9tisme 2<\/em> pr\u00e9sente la cr\u00e9ation de nouveaux artefacts profitables, reposant essentiellement sur une aptitude \u00e0 trouver dans la nature des \u00e9l\u00e9ments transf\u00e9rables sous forme d\u2019inventions technologiques futures. Ce regard nouveau peut \u00e9galement modifier de mani\u00e8re significative les formations traditionnelles en ing\u00e9nierie (notamment en mati\u00e8re d\u2019imagination, de m\u00e9thodes heuristiques et de traitement de la complexit\u00e9), conduisant \u00e0 une cr\u00e9ativit\u00e9 renforc\u00e9e, \u00e0 des applications concr\u00e8tes et, en s\u2019appuyant sur le volume pr\u00e9c\u00e9dent, \u00e0 une projection positive sur un futur proche.<\/p>\n","protected":false},"excerpt":{"rendered":"<p>La nature, avec ses fonctions complexes, suscite un int\u00e9r\u00eat croissant chez les scientifiques, leur permettant de cr\u00e9er des syst\u00e8mes synth\u00e9tiques inventifs et performants. Les efforts consentis conduisent \u00e0 des inventions et innovations pr\u00e9sent\u00e9es dans cet ouvrage. Conception et innovation avec le biomim\u00e9tisme 2 pr\u00e9sente la cr\u00e9ation de nouveaux artefacts profitables, reposant essentiellement sur une aptitude [&hellip;]<\/p>\n","protected":false},"featured_media":59641,"template":"","meta":{"_acf_changed":false,"_links_to":"","_links_to_target":""},"product_brand":[],"product_cat":[684],"product_tag":[],"class_list":{"0":"post-59635","1":"product","2":"type-product","3":"status-publish","4":"has-post-thumbnail","6":"product_cat-sciences-socit-et-nouvelles-technologies-188422468","8":"first","9":"instock","10":"shipping-taxable","11":"purchasable","12":"product-type-variable"},"acf":[],"yoast_head":"<!-- This site is optimized with the Yoast SEO plugin v27.2 - https:\/\/yoast.com\/product\/yoast-seo-wordpress\/ -->\n<title>Conception et innovation avec le biomim\u00e9tisme 2 - ISTE Group<\/title>\n<meta name=\"description\" content=\"Cet ouvrage pr\u00e9sente la cr\u00e9ation de nouveaux artefacts profitables, reposant essentiellement sur une aptitude \u00e0 trouver dans la nature des \u00e9l\u00e9ments transf\u00e9rables sous forme d\u2019inventions technologiques futures.\" \/>\n<meta name=\"robots\" content=\"index, follow, max-snippet:-1, max-image-preview:large, max-video-preview:-1\" \/>\n<link rel=\"canonical\" href=\"https:\/\/www.istegroup.com\/produit\/conception-et-innovation-avec-le-biomimetisme-2\/\" \/>\n<meta property=\"og:locale\" content=\"fr_FR\" \/>\n<meta property=\"og:type\" content=\"article\" \/>\n<meta property=\"og:title\" content=\"Conception et innovation avec le biomim\u00e9tisme 2 - ISTE Group\" \/>\n<meta property=\"og:description\" content=\"Cet ouvrage pr\u00e9sente la cr\u00e9ation de nouveaux artefacts profitables, reposant essentiellement sur une aptitude \u00e0 trouver dans la nature des \u00e9l\u00e9ments transf\u00e9rables sous forme d\u2019inventions technologiques futures.\" \/>\n<meta property=\"og:url\" content=\"https:\/\/www.istegroup.com\/produit\/conception-et-innovation-avec-le-biomimetisme-2\/\" \/>\n<meta property=\"og:site_name\" content=\"ISTE Group\" \/>\n<meta property=\"article:modified_time\" content=\"2025-03-18T09:09:33+00:00\" \/>\n<meta property=\"og:image\" content=\"https:\/\/www.istegroup.com\/wp-content\/uploads\/2025\/02\/999_Conception-et-innovation-avec-le-biomimetisme-2.png\" \/>\n\t<meta property=\"og:image:width\" content=\"594\" \/>\n\t<meta property=\"og:image:height\" content=\"896\" \/>\n\t<meta property=\"og:image:type\" content=\"image\/png\" \/>\n<meta name=\"twitter:card\" content=\"summary_large_image\" \/>\n<meta name=\"twitter:label1\" content=\"Est. reading time\" \/>\n\t<meta name=\"twitter:data1\" content=\"1 minute\" \/>\n<script type=\"application\/ld+json\" class=\"yoast-schema-graph\">{\"@context\":\"https:\/\/schema.org\",\"@graph\":[{\"@type\":\"WebPage\",\"@id\":\"https:\/\/www.istegroup.com\/produit\/conception-et-innovation-avec-le-biomimetisme-2\/\",\"url\":\"https:\/\/www.istegroup.com\/produit\/conception-et-innovation-avec-le-biomimetisme-2\/\",\"name\":\"Conception et innovation avec le biomim\u00e9tisme 2 - ISTE Group\",\"isPartOf\":{\"@id\":\"https:\/\/www.istegroup.com\/#website\"},\"primaryImageOfPage\":{\"@id\":\"https:\/\/www.istegroup.com\/produit\/conception-et-innovation-avec-le-biomimetisme-2\/#primaryimage\"},\"image\":{\"@id\":\"https:\/\/www.istegroup.com\/produit\/conception-et-innovation-avec-le-biomimetisme-2\/#primaryimage\"},\"thumbnailUrl\":\"https:\/\/www.istegroup.com\/wp-content\/uploads\/2025\/02\/999_Conception-et-innovation-avec-le-biomimetisme-2.png\",\"datePublished\":\"2025-03-17T11:50:02+00:00\",\"dateModified\":\"2025-03-18T09:09:33+00:00\",\"description\":\"Cet ouvrage pr\u00e9sente la cr\u00e9ation de nouveaux artefacts profitables, reposant essentiellement sur une aptitude \u00e0 trouver dans la nature des \u00e9l\u00e9ments transf\u00e9rables sous forme d\u2019inventions technologiques futures.\",\"breadcrumb\":{\"@id\":\"https:\/\/www.istegroup.com\/produit\/conception-et-innovation-avec-le-biomimetisme-2\/#breadcrumb\"},\"inLanguage\":\"fr-FR\",\"potentialAction\":[{\"@type\":\"ReadAction\",\"target\":[\"https:\/\/www.istegroup.com\/produit\/conception-et-innovation-avec-le-biomimetisme-2\/\"]}]},{\"@type\":\"ImageObject\",\"inLanguage\":\"fr-FR\",\"@id\":\"https:\/\/www.istegroup.com\/produit\/conception-et-innovation-avec-le-biomimetisme-2\/#primaryimage\",\"url\":\"https:\/\/www.istegroup.com\/wp-content\/uploads\/2025\/02\/999_Conception-et-innovation-avec-le-biomimetisme-2.png\",\"contentUrl\":\"https:\/\/www.istegroup.com\/wp-content\/uploads\/2025\/02\/999_Conception-et-innovation-avec-le-biomimetisme-2.png\",\"width\":594,\"height\":896,\"caption\":\"Livre scientifique - Conception et innovation avec le biomim\u00e9tisme 2\"},{\"@type\":\"BreadcrumbList\",\"@id\":\"https:\/\/www.istegroup.com\/produit\/conception-et-innovation-avec-le-biomimetisme-2\/#breadcrumb\",\"itemListElement\":[{\"@type\":\"ListItem\",\"position\":1,\"name\":\"Home\",\"item\":\"https:\/\/www.istegroup.com\/\"},{\"@type\":\"ListItem\",\"position\":2,\"name\":\"Shop\",\"item\":\"https:\/\/www.istegroup.com\/fr\/nouveautes\/\"},{\"@type\":\"ListItem\",\"position\":3,\"name\":\"Conception et innovation avec le biomim\u00e9tisme 2\"}]},{\"@type\":\"WebSite\",\"@id\":\"https:\/\/www.istegroup.com\/#website\",\"url\":\"https:\/\/www.istegroup.com\/\",\"name\":\"ISTE Group\",\"description\":\"\u00c9diteur des Sciences\",\"potentialAction\":[{\"@type\":\"SearchAction\",\"target\":{\"@type\":\"EntryPoint\",\"urlTemplate\":\"https:\/\/www.istegroup.com\/?s={search_term_string}\"},\"query-input\":{\"@type\":\"PropertyValueSpecification\",\"valueRequired\":true,\"valueName\":\"search_term_string\"}}],\"inLanguage\":\"fr-FR\"}]}<\/script>\n<!-- \/ Yoast SEO plugin. -->","yoast_head_json":{"title":"Conception et innovation avec le biomim\u00e9tisme 2 - ISTE Group","description":"Cet ouvrage pr\u00e9sente la cr\u00e9ation de nouveaux artefacts profitables, reposant essentiellement sur une aptitude \u00e0 trouver dans la nature des \u00e9l\u00e9ments transf\u00e9rables sous forme d\u2019inventions technologiques futures.","robots":{"index":"index","follow":"follow","max-snippet":"max-snippet:-1","max-image-preview":"max-image-preview:large","max-video-preview":"max-video-preview:-1"},"canonical":"https:\/\/www.istegroup.com\/produit\/conception-et-innovation-avec-le-biomimetisme-2\/","og_locale":"fr_FR","og_type":"article","og_title":"Conception et innovation avec le biomim\u00e9tisme 2 - ISTE Group","og_description":"Cet ouvrage pr\u00e9sente la cr\u00e9ation de nouveaux artefacts profitables, reposant essentiellement sur une aptitude \u00e0 trouver dans la nature des \u00e9l\u00e9ments transf\u00e9rables sous forme d\u2019inventions technologiques futures.","og_url":"https:\/\/www.istegroup.com\/produit\/conception-et-innovation-avec-le-biomimetisme-2\/","og_site_name":"ISTE Group","article_modified_time":"2025-03-18T09:09:33+00:00","og_image":[{"width":594,"height":896,"url":"https:\/\/www.istegroup.com\/wp-content\/uploads\/2025\/02\/999_Conception-et-innovation-avec-le-biomimetisme-2.png","type":"image\/png"}],"twitter_card":"summary_large_image","twitter_misc":{"Est. reading time":"1 minute"},"schema":{"@context":"https:\/\/schema.org","@graph":[{"@type":"WebPage","@id":"https:\/\/www.istegroup.com\/produit\/conception-et-innovation-avec-le-biomimetisme-2\/","url":"https:\/\/www.istegroup.com\/produit\/conception-et-innovation-avec-le-biomimetisme-2\/","name":"Conception et innovation avec le biomim\u00e9tisme 2 - ISTE Group","isPartOf":{"@id":"https:\/\/www.istegroup.com\/#website"},"primaryImageOfPage":{"@id":"https:\/\/www.istegroup.com\/produit\/conception-et-innovation-avec-le-biomimetisme-2\/#primaryimage"},"image":{"@id":"https:\/\/www.istegroup.com\/produit\/conception-et-innovation-avec-le-biomimetisme-2\/#primaryimage"},"thumbnailUrl":"https:\/\/www.istegroup.com\/wp-content\/uploads\/2025\/02\/999_Conception-et-innovation-avec-le-biomimetisme-2.png","datePublished":"2025-03-17T11:50:02+00:00","dateModified":"2025-03-18T09:09:33+00:00","description":"Cet ouvrage pr\u00e9sente la cr\u00e9ation de nouveaux artefacts profitables, reposant essentiellement sur une aptitude \u00e0 trouver dans la nature des \u00e9l\u00e9ments transf\u00e9rables sous forme d\u2019inventions technologiques futures.","breadcrumb":{"@id":"https:\/\/www.istegroup.com\/produit\/conception-et-innovation-avec-le-biomimetisme-2\/#breadcrumb"},"inLanguage":"fr-FR","potentialAction":[{"@type":"ReadAction","target":["https:\/\/www.istegroup.com\/produit\/conception-et-innovation-avec-le-biomimetisme-2\/"]}]},{"@type":"ImageObject","inLanguage":"fr-FR","@id":"https:\/\/www.istegroup.com\/produit\/conception-et-innovation-avec-le-biomimetisme-2\/#primaryimage","url":"https:\/\/www.istegroup.com\/wp-content\/uploads\/2025\/02\/999_Conception-et-innovation-avec-le-biomimetisme-2.png","contentUrl":"https:\/\/www.istegroup.com\/wp-content\/uploads\/2025\/02\/999_Conception-et-innovation-avec-le-biomimetisme-2.png","width":594,"height":896,"caption":"Livre scientifique - Conception et innovation avec le biomim\u00e9tisme 2"},{"@type":"BreadcrumbList","@id":"https:\/\/www.istegroup.com\/produit\/conception-et-innovation-avec-le-biomimetisme-2\/#breadcrumb","itemListElement":[{"@type":"ListItem","position":1,"name":"Home","item":"https:\/\/www.istegroup.com\/"},{"@type":"ListItem","position":2,"name":"Shop","item":"https:\/\/www.istegroup.com\/fr\/nouveautes\/"},{"@type":"ListItem","position":3,"name":"Conception et innovation avec le biomim\u00e9tisme 2"}]},{"@type":"WebSite","@id":"https:\/\/www.istegroup.com\/#website","url":"https:\/\/www.istegroup.com\/","name":"ISTE Group","description":"\u00c9diteur des Sciences","potentialAction":[{"@type":"SearchAction","target":{"@type":"EntryPoint","urlTemplate":"https:\/\/www.istegroup.com\/?s={search_term_string}"},"query-input":{"@type":"PropertyValueSpecification","valueRequired":true,"valueName":"search_term_string"}}],"inLanguage":"fr-FR"}]}},"_links":{"self":[{"href":"https:\/\/www.istegroup.com\/fr\/wp-json\/wp\/v2\/product\/59635","targetHints":{"allow":["GET"]}}],"collection":[{"href":"https:\/\/www.istegroup.com\/fr\/wp-json\/wp\/v2\/product"}],"about":[{"href":"https:\/\/www.istegroup.com\/fr\/wp-json\/wp\/v2\/types\/product"}],"wp:featuredmedia":[{"embeddable":true,"href":"https:\/\/www.istegroup.com\/fr\/wp-json\/wp\/v2\/media\/59641"}],"wp:attachment":[{"href":"https:\/\/www.istegroup.com\/fr\/wp-json\/wp\/v2\/media?parent=59635"}],"wp:term":[{"taxonomy":"product_brand","embeddable":true,"href":"https:\/\/www.istegroup.com\/fr\/wp-json\/wp\/v2\/product_brand?post=59635"},{"taxonomy":"product_cat","embeddable":true,"href":"https:\/\/www.istegroup.com\/fr\/wp-json\/wp\/v2\/product_cat?post=59635"},{"taxonomy":"product_tag","embeddable":true,"href":"https:\/\/www.istegroup.com\/fr\/wp-json\/wp\/v2\/product_tag?post=59635"}],"curies":[{"name":"wp","href":"https:\/\/api.w.org\/{rel}","templated":true}]}}