{"id":59616,"date":"2025-03-17T11:20:09","date_gmt":"2025-03-17T11:20:09","guid":{"rendered":"https:\/\/www.istegroup.com\/?post_type=product&#038;p=59616"},"modified":"2025-03-18T09:09:58","modified_gmt":"2025-03-18T09:09:58","slug":"physique-nucleaire-3","status":"publish","type":"product","link":"https:\/\/www.istegroup.com\/fr\/produit\/physique-nucleaire-3\/","title":{"rendered":"Physique nucl\u00e9aire 3"},"content":{"rendered":"<p><em>Physique nucl\u00e9aire 3<\/em> pr\u00e9sente les applications de divers radioisotopes en m\u00e9decine nucl\u00e9aire. Les m\u00e9thodes d\u2019imageries radiologiques que sont la radiologie X, l\u2019imagerie de resonance magn\u00e9tique (IRM) et l\u2019\u00e9chographie n\u2019exploitant pas les propri\u00e9t\u00e9s des radiopharmaceutiques sont d\u00e9crites. Sont ensuite pr\u00e9sent\u00e9es les propri\u00e9t\u00e9s physico-chimiques des radiopharmaceutiques marqu\u00e9s au <sup>99m<\/sup>Tc, au <sup>201<\/sup>Tl, au <sup>18m<\/sup>Kr, au <sup>18<\/sup>F ainsi que les propri\u00e9t\u00e9s physico-chimiques des radioisotopes <sup>123<\/sup>I, <sup>125<\/sup>I et <sup>131<\/sup>I utilis\u00e9s en m\u00e9decine nucl\u00e9aire.<\/p>\n<p>Cet ouvrage \u00e9tudie particuli\u00e8rement les cha\u00eenes de production des radiotraceurs, leurs principales \u00e9missions, ainsi que l\u2019\u00e9tude des m\u00e9canismes de clairance des radiopharmaceutiques. Il aborde \u00e9galement les principes des scintigraphies myocardique, pulmonaire, osseuse, thyro\u00efdienne, r\u00e9nale et de vidange gastrique, qui exploitent les propri\u00e9t\u00e9s des radiotraceurs. Enfin, ce volume s&rsquo;int\u00e9resse au principe de la curieth\u00e9rapie de la prostate par implantation d&rsquo;iode 125, ainsi qu&rsquo;\u00e0 la chimioth\u00e9rapie prostatique.<\/p>\n<p>Ce livre est r\u00e9dig\u00e9 \u00e0 l\u2019intention des chercheurs, des enseignants et des \u00e9tudiants travaillant dans les domaines de la physique nucl\u00e9aire appliqu\u00e9e \u00e0 l\u2019imagerie en m\u00e9decine nucl\u00e9aire.<\/p>\n","protected":false},"excerpt":{"rendered":"<p>Physique nucl\u00e9aire 3 pr\u00e9sente les applications de divers radioisotopes en m\u00e9decine nucl\u00e9aire. Les m\u00e9thodes d\u2019imageries radiologiques que sont la radiologie X, l\u2019imagerie de resonance magn\u00e9tique (IRM) et l\u2019\u00e9chographie n\u2019exploitant pas les propri\u00e9t\u00e9s des radiopharmaceutiques sont d\u00e9crites. Sont ensuite pr\u00e9sent\u00e9es les propri\u00e9t\u00e9s physico-chimiques des radiopharmaceutiques marqu\u00e9s au 99mTc, au 201Tl, au 18mKr, au 18F ainsi que [&hellip;]<\/p>\n","protected":false},"featured_media":59626,"template":"","meta":{"_acf_changed":false,"_links_to":"","_links_to_target":""},"product_brand":[],"product_cat":[3262],"product_tag":[],"class_list":{"0":"post-59616","1":"product","2":"type-product","3":"status-publish","4":"has-post-thumbnail","6":"product_cat-non-classe","8":"first","9":"instock","10":"shipping-taxable","11":"purchasable","12":"product-type-variable"},"acf":[],"yoast_head":"<!-- This site is optimized with the Yoast SEO plugin v27.2 - https:\/\/yoast.com\/product\/yoast-seo-wordpress\/ -->\n<title>Physique nucl\u00e9aire 3 - ISTE Group<\/title>\n<meta name=\"description\" content=\"Physique nucl\u00e9aire 3 pr\u00e9sente les applications de divers radioisotopes en m\u00e9decine nucl\u00e9aire. Les m\u00e9thodes d\u2019imageries radiologiques que sont la radiologie X, l\u2019imagerie de resonance magn\u00e9tique (IRM) et l\u2019\u00e9chographie n\u2019exploitant pas les propri\u00e9t\u00e9s des radiopharmaceutiques sont d\u00e9crites.\" \/>\n<meta name=\"robots\" content=\"index, follow, max-snippet:-1, max-image-preview:large, max-video-preview:-1\" \/>\n<link rel=\"canonical\" href=\"https:\/\/www.istegroup.com\/produit\/physique-nucleaire-3\/\" \/>\n<meta property=\"og:locale\" content=\"fr_FR\" \/>\n<meta property=\"og:type\" content=\"article\" \/>\n<meta property=\"og:title\" content=\"Physique nucl\u00e9aire 3 - ISTE Group\" \/>\n<meta property=\"og:description\" content=\"Physique nucl\u00e9aire 3 pr\u00e9sente les applications de divers radioisotopes en m\u00e9decine nucl\u00e9aire. Les m\u00e9thodes d\u2019imageries radiologiques que sont la radiologie X, l\u2019imagerie de resonance magn\u00e9tique (IRM) et l\u2019\u00e9chographie n\u2019exploitant pas les propri\u00e9t\u00e9s des radiopharmaceutiques sont d\u00e9crites.\" \/>\n<meta property=\"og:url\" content=\"https:\/\/www.istegroup.com\/produit\/physique-nucleaire-3\/\" \/>\n<meta property=\"og:site_name\" content=\"ISTE Group\" \/>\n<meta property=\"article:modified_time\" content=\"2025-03-18T09:09:58+00:00\" \/>\n<meta property=\"og:image\" content=\"https:\/\/www.istegroup.com\/wp-content\/uploads\/2025\/02\/029_Physique-nucleaire-3.png\" \/>\n\t<meta property=\"og:image:width\" content=\"596\" \/>\n\t<meta property=\"og:image:height\" content=\"900\" \/>\n\t<meta property=\"og:image:type\" content=\"image\/png\" \/>\n<meta name=\"twitter:card\" content=\"summary_large_image\" \/>\n<meta name=\"twitter:label1\" content=\"Est. reading time\" \/>\n\t<meta name=\"twitter:data1\" content=\"2 minutes\" \/>\n<script type=\"application\/ld+json\" class=\"yoast-schema-graph\">{\"@context\":\"https:\/\/schema.org\",\"@graph\":[{\"@type\":\"WebPage\",\"@id\":\"https:\/\/www.istegroup.com\/produit\/physique-nucleaire-3\/\",\"url\":\"https:\/\/www.istegroup.com\/produit\/physique-nucleaire-3\/\",\"name\":\"Physique nucl\u00e9aire 3 - ISTE Group\",\"isPartOf\":{\"@id\":\"https:\/\/www.istegroup.com\/#website\"},\"primaryImageOfPage\":{\"@id\":\"https:\/\/www.istegroup.com\/produit\/physique-nucleaire-3\/#primaryimage\"},\"image\":{\"@id\":\"https:\/\/www.istegroup.com\/produit\/physique-nucleaire-3\/#primaryimage\"},\"thumbnailUrl\":\"https:\/\/www.istegroup.com\/wp-content\/uploads\/2025\/02\/029_Physique-nucleaire-3.png\",\"datePublished\":\"2025-03-17T11:20:09+00:00\",\"dateModified\":\"2025-03-18T09:09:58+00:00\",\"description\":\"Physique nucl\u00e9aire 3 pr\u00e9sente les applications de divers radioisotopes en m\u00e9decine nucl\u00e9aire. Les m\u00e9thodes d\u2019imageries radiologiques que sont la radiologie X, l\u2019imagerie de resonance magn\u00e9tique (IRM) et l\u2019\u00e9chographie n\u2019exploitant pas les propri\u00e9t\u00e9s des radiopharmaceutiques sont d\u00e9crites.\",\"breadcrumb\":{\"@id\":\"https:\/\/www.istegroup.com\/produit\/physique-nucleaire-3\/#breadcrumb\"},\"inLanguage\":\"fr-FR\",\"potentialAction\":[{\"@type\":\"ReadAction\",\"target\":[\"https:\/\/www.istegroup.com\/produit\/physique-nucleaire-3\/\"]}]},{\"@type\":\"ImageObject\",\"inLanguage\":\"fr-FR\",\"@id\":\"https:\/\/www.istegroup.com\/produit\/physique-nucleaire-3\/#primaryimage\",\"url\":\"https:\/\/www.istegroup.com\/wp-content\/uploads\/2025\/02\/029_Physique-nucleaire-3.png\",\"contentUrl\":\"https:\/\/www.istegroup.com\/wp-content\/uploads\/2025\/02\/029_Physique-nucleaire-3.png\",\"width\":596,\"height\":900,\"caption\":\"Livre scientifique - Physique nucl\u00e9aire 3\"},{\"@type\":\"BreadcrumbList\",\"@id\":\"https:\/\/www.istegroup.com\/produit\/physique-nucleaire-3\/#breadcrumb\",\"itemListElement\":[{\"@type\":\"ListItem\",\"position\":1,\"name\":\"Home\",\"item\":\"https:\/\/www.istegroup.com\/\"},{\"@type\":\"ListItem\",\"position\":2,\"name\":\"Shop\",\"item\":\"https:\/\/www.istegroup.com\/fr\/nouveautes\/\"},{\"@type\":\"ListItem\",\"position\":3,\"name\":\"Physique nucl\u00e9aire 3\"}]},{\"@type\":\"WebSite\",\"@id\":\"https:\/\/www.istegroup.com\/#website\",\"url\":\"https:\/\/www.istegroup.com\/\",\"name\":\"ISTE Group\",\"description\":\"\u00c9diteur des Sciences\",\"potentialAction\":[{\"@type\":\"SearchAction\",\"target\":{\"@type\":\"EntryPoint\",\"urlTemplate\":\"https:\/\/www.istegroup.com\/?s={search_term_string}\"},\"query-input\":{\"@type\":\"PropertyValueSpecification\",\"valueRequired\":true,\"valueName\":\"search_term_string\"}}],\"inLanguage\":\"fr-FR\"}]}<\/script>\n<!-- \/ Yoast SEO plugin. -->","yoast_head_json":{"title":"Physique nucl\u00e9aire 3 - ISTE Group","description":"Physique nucl\u00e9aire 3 pr\u00e9sente les applications de divers radioisotopes en m\u00e9decine nucl\u00e9aire. Les m\u00e9thodes d\u2019imageries radiologiques que sont la radiologie X, l\u2019imagerie de resonance magn\u00e9tique (IRM) et l\u2019\u00e9chographie n\u2019exploitant pas les propri\u00e9t\u00e9s des radiopharmaceutiques sont d\u00e9crites.","robots":{"index":"index","follow":"follow","max-snippet":"max-snippet:-1","max-image-preview":"max-image-preview:large","max-video-preview":"max-video-preview:-1"},"canonical":"https:\/\/www.istegroup.com\/produit\/physique-nucleaire-3\/","og_locale":"fr_FR","og_type":"article","og_title":"Physique nucl\u00e9aire 3 - ISTE Group","og_description":"Physique nucl\u00e9aire 3 pr\u00e9sente les applications de divers radioisotopes en m\u00e9decine nucl\u00e9aire. Les m\u00e9thodes d\u2019imageries radiologiques que sont la radiologie X, l\u2019imagerie de resonance magn\u00e9tique (IRM) et l\u2019\u00e9chographie n\u2019exploitant pas les propri\u00e9t\u00e9s des radiopharmaceutiques sont d\u00e9crites.","og_url":"https:\/\/www.istegroup.com\/produit\/physique-nucleaire-3\/","og_site_name":"ISTE Group","article_modified_time":"2025-03-18T09:09:58+00:00","og_image":[{"width":596,"height":900,"url":"https:\/\/www.istegroup.com\/wp-content\/uploads\/2025\/02\/029_Physique-nucleaire-3.png","type":"image\/png"}],"twitter_card":"summary_large_image","twitter_misc":{"Est. reading time":"2 minutes"},"schema":{"@context":"https:\/\/schema.org","@graph":[{"@type":"WebPage","@id":"https:\/\/www.istegroup.com\/produit\/physique-nucleaire-3\/","url":"https:\/\/www.istegroup.com\/produit\/physique-nucleaire-3\/","name":"Physique nucl\u00e9aire 3 - ISTE Group","isPartOf":{"@id":"https:\/\/www.istegroup.com\/#website"},"primaryImageOfPage":{"@id":"https:\/\/www.istegroup.com\/produit\/physique-nucleaire-3\/#primaryimage"},"image":{"@id":"https:\/\/www.istegroup.com\/produit\/physique-nucleaire-3\/#primaryimage"},"thumbnailUrl":"https:\/\/www.istegroup.com\/wp-content\/uploads\/2025\/02\/029_Physique-nucleaire-3.png","datePublished":"2025-03-17T11:20:09+00:00","dateModified":"2025-03-18T09:09:58+00:00","description":"Physique nucl\u00e9aire 3 pr\u00e9sente les applications de divers radioisotopes en m\u00e9decine nucl\u00e9aire. Les m\u00e9thodes d\u2019imageries radiologiques que sont la radiologie X, l\u2019imagerie de resonance magn\u00e9tique (IRM) et l\u2019\u00e9chographie n\u2019exploitant pas les propri\u00e9t\u00e9s des radiopharmaceutiques sont d\u00e9crites.","breadcrumb":{"@id":"https:\/\/www.istegroup.com\/produit\/physique-nucleaire-3\/#breadcrumb"},"inLanguage":"fr-FR","potentialAction":[{"@type":"ReadAction","target":["https:\/\/www.istegroup.com\/produit\/physique-nucleaire-3\/"]}]},{"@type":"ImageObject","inLanguage":"fr-FR","@id":"https:\/\/www.istegroup.com\/produit\/physique-nucleaire-3\/#primaryimage","url":"https:\/\/www.istegroup.com\/wp-content\/uploads\/2025\/02\/029_Physique-nucleaire-3.png","contentUrl":"https:\/\/www.istegroup.com\/wp-content\/uploads\/2025\/02\/029_Physique-nucleaire-3.png","width":596,"height":900,"caption":"Livre scientifique - Physique nucl\u00e9aire 3"},{"@type":"BreadcrumbList","@id":"https:\/\/www.istegroup.com\/produit\/physique-nucleaire-3\/#breadcrumb","itemListElement":[{"@type":"ListItem","position":1,"name":"Home","item":"https:\/\/www.istegroup.com\/"},{"@type":"ListItem","position":2,"name":"Shop","item":"https:\/\/www.istegroup.com\/fr\/nouveautes\/"},{"@type":"ListItem","position":3,"name":"Physique nucl\u00e9aire 3"}]},{"@type":"WebSite","@id":"https:\/\/www.istegroup.com\/#website","url":"https:\/\/www.istegroup.com\/","name":"ISTE Group","description":"\u00c9diteur des Sciences","potentialAction":[{"@type":"SearchAction","target":{"@type":"EntryPoint","urlTemplate":"https:\/\/www.istegroup.com\/?s={search_term_string}"},"query-input":{"@type":"PropertyValueSpecification","valueRequired":true,"valueName":"search_term_string"}}],"inLanguage":"fr-FR"}]}},"_links":{"self":[{"href":"https:\/\/www.istegroup.com\/fr\/wp-json\/wp\/v2\/product\/59616","targetHints":{"allow":["GET"]}}],"collection":[{"href":"https:\/\/www.istegroup.com\/fr\/wp-json\/wp\/v2\/product"}],"about":[{"href":"https:\/\/www.istegroup.com\/fr\/wp-json\/wp\/v2\/types\/product"}],"wp:featuredmedia":[{"embeddable":true,"href":"https:\/\/www.istegroup.com\/fr\/wp-json\/wp\/v2\/media\/59626"}],"wp:attachment":[{"href":"https:\/\/www.istegroup.com\/fr\/wp-json\/wp\/v2\/media?parent=59616"}],"wp:term":[{"taxonomy":"product_brand","embeddable":true,"href":"https:\/\/www.istegroup.com\/fr\/wp-json\/wp\/v2\/product_brand?post=59616"},{"taxonomy":"product_cat","embeddable":true,"href":"https:\/\/www.istegroup.com\/fr\/wp-json\/wp\/v2\/product_cat?post=59616"},{"taxonomy":"product_tag","embeddable":true,"href":"https:\/\/www.istegroup.com\/fr\/wp-json\/wp\/v2\/product_tag?post=59616"}],"curies":[{"name":"wp","href":"https:\/\/api.w.org\/{rel}","templated":true}]}}