{"id":59600,"date":"2025-03-17T10:41:03","date_gmt":"2025-03-17T10:41:03","guid":{"rendered":"https:\/\/www.istegroup.com\/?post_type=product&#038;p=59600"},"modified":"2025-07-30T13:47:28","modified_gmt":"2025-07-30T12:47:28","slug":"le-beton-arme-de-1906-a-nos-jours","status":"publish","type":"product","link":"https:\/\/www.istegroup.com\/fr\/produit\/le-beton-arme-de-1906-a-nos-jours\/","title":{"rendered":"Le b\u00e9ton arm\u00e9 de 1906 \u00e0 nos jours"},"content":{"rendered":"<p>La question qui se pose r\u00e9guli\u00e8rement \u00e0 l\u2019ing\u00e9nieur charg\u00e9 d\u2019\u00e9valuer une structure existante non d\u00e9grad\u00e9e concerne la fa\u00e7on d\u2019\u00e9tablir le diagnostic structurel de l\u2019ouvrage. En premier lieu, il est n\u00e9cessaire de s\u2019assurer que ce dernier, soumis aux charges et surcharges, conserve un comportement normal, c&rsquo;est-\u00e0-dire conforme aux pr\u00e9visions de l\u2019\u00e9tude. Il conviendra \u00e9galement de d\u00e9terminer et de prendre en compte sa r\u00e9sistance g\u00e9n\u00e9rale ou locale, en fonction des r\u00e8gles en vigueur \u00e0 la date de construction.<\/p>\n<p>Il est ici fondamental de comprendre pourquoi et comment les r\u00e8gles de calcul et de construction ont \u00e9volu\u00e9, ainsi que leurs impr\u00e9cisions, leurs insuffisances, voire parfois leurs erreurs. Cet ouvrage d\u00e9taille les diff\u00e9rents codes de calcul introduits dans la r\u00e9glementation fran\u00e7aise, du premier en 1906 jusqu\u2019\u00e0 l\u2019Eurocode 2, actuellement en vigueur.<\/p>\n","protected":false},"excerpt":{"rendered":"<p>La question qui se pose r\u00e9guli\u00e8rement \u00e0 l\u2019ing\u00e9nieur charg\u00e9 d\u2019\u00e9valuer une structure existante non d\u00e9grad\u00e9e concerne la fa\u00e7on d\u2019\u00e9tablir le diagnostic structurel de l\u2019ouvrage. En premier lieu, il est n\u00e9cessaire de s\u2019assurer que ce dernier, soumis aux charges et surcharges, conserve un comportement normal, c&rsquo;est-\u00e0-dire conforme aux pr\u00e9visions de l\u2019\u00e9tude. Il conviendra \u00e9galement de d\u00e9terminer [&hellip;]<\/p>\n","protected":false},"featured_media":59609,"template":"","meta":{"_acf_changed":false,"_links_to":"","_links_to_target":""},"product_brand":[],"product_cat":[662],"product_tag":[],"class_list":{"0":"post-59600","1":"product","2":"type-product","3":"status-publish","4":"has-post-thumbnail","6":"product_cat-gnie-civil-et-gomcanique-12506424","8":"first","9":"instock","10":"shipping-taxable","11":"purchasable","12":"product-type-variable"},"acf":[],"yoast_head":"<!-- This site is optimized with the Yoast SEO plugin v27.2 - https:\/\/yoast.com\/product\/yoast-seo-wordpress\/ -->\n<title>Le b\u00e9ton arm\u00e9 de 1906 \u00e0 nos jours - ISTE Group<\/title>\n<meta name=\"description\" content=\"Cet ouvrage d\u00e9taille les diff\u00e9rents codes de calcul introduits dans la r\u00e9glementation fran\u00e7aise, du premier en 1906 jusqu\u2019\u00e0 l\u2019Eurocode 2, actuellement en vigueur.\" \/>\n<meta name=\"robots\" content=\"index, follow, max-snippet:-1, max-image-preview:large, max-video-preview:-1\" \/>\n<link rel=\"canonical\" href=\"https:\/\/www.istegroup.com\/produit\/le-beton-arme-de-1906-a-nos-jours\/\" \/>\n<meta property=\"og:locale\" content=\"fr_FR\" \/>\n<meta property=\"og:type\" content=\"article\" \/>\n<meta property=\"og:title\" content=\"Le b\u00e9ton arm\u00e9 de 1906 \u00e0 nos jours - ISTE Group\" \/>\n<meta property=\"og:description\" content=\"Cet ouvrage d\u00e9taille les diff\u00e9rents codes de calcul introduits dans la r\u00e9glementation fran\u00e7aise, du premier en 1906 jusqu\u2019\u00e0 l\u2019Eurocode 2, actuellement en vigueur.\" \/>\n<meta property=\"og:url\" content=\"https:\/\/www.istegroup.com\/produit\/le-beton-arme-de-1906-a-nos-jours\/\" \/>\n<meta property=\"og:site_name\" content=\"ISTE Group\" \/>\n<meta property=\"article:modified_time\" content=\"2025-07-30T12:47:28+00:00\" \/>\n<meta property=\"og:image\" content=\"https:\/\/www.istegroup.com\/wp-content\/uploads\/2025\/02\/022_Le-beton-arme-de-1906-a-nos-jours.png\" \/>\n\t<meta property=\"og:image:width\" content=\"596\" \/>\n\t<meta property=\"og:image:height\" content=\"898\" \/>\n\t<meta property=\"og:image:type\" content=\"image\/png\" \/>\n<meta name=\"twitter:card\" content=\"summary_large_image\" \/>\n<meta name=\"twitter:label1\" content=\"Est. reading time\" \/>\n\t<meta name=\"twitter:data1\" content=\"1 minute\" \/>\n<script type=\"application\/ld+json\" class=\"yoast-schema-graph\">{\"@context\":\"https:\/\/schema.org\",\"@graph\":[{\"@type\":\"WebPage\",\"@id\":\"https:\/\/www.istegroup.com\/produit\/le-beton-arme-de-1906-a-nos-jours\/\",\"url\":\"https:\/\/www.istegroup.com\/produit\/le-beton-arme-de-1906-a-nos-jours\/\",\"name\":\"Le b\u00e9ton arm\u00e9 de 1906 \u00e0 nos jours - ISTE Group\",\"isPartOf\":{\"@id\":\"https:\/\/www.istegroup.com\/#website\"},\"primaryImageOfPage\":{\"@id\":\"https:\/\/www.istegroup.com\/produit\/le-beton-arme-de-1906-a-nos-jours\/#primaryimage\"},\"image\":{\"@id\":\"https:\/\/www.istegroup.com\/produit\/le-beton-arme-de-1906-a-nos-jours\/#primaryimage\"},\"thumbnailUrl\":\"https:\/\/www.istegroup.com\/wp-content\/uploads\/2025\/02\/022_Le-beton-arme-de-1906-a-nos-jours.png\",\"datePublished\":\"2025-03-17T10:41:03+00:00\",\"dateModified\":\"2025-07-30T12:47:28+00:00\",\"description\":\"Cet ouvrage d\u00e9taille les diff\u00e9rents codes de calcul introduits dans la r\u00e9glementation fran\u00e7aise, du premier en 1906 jusqu\u2019\u00e0 l\u2019Eurocode 2, actuellement en vigueur.\",\"breadcrumb\":{\"@id\":\"https:\/\/www.istegroup.com\/produit\/le-beton-arme-de-1906-a-nos-jours\/#breadcrumb\"},\"inLanguage\":\"fr-FR\",\"potentialAction\":[{\"@type\":\"ReadAction\",\"target\":[\"https:\/\/www.istegroup.com\/produit\/le-beton-arme-de-1906-a-nos-jours\/\"]}]},{\"@type\":\"ImageObject\",\"inLanguage\":\"fr-FR\",\"@id\":\"https:\/\/www.istegroup.com\/produit\/le-beton-arme-de-1906-a-nos-jours\/#primaryimage\",\"url\":\"https:\/\/www.istegroup.com\/wp-content\/uploads\/2025\/02\/022_Le-beton-arme-de-1906-a-nos-jours.png\",\"contentUrl\":\"https:\/\/www.istegroup.com\/wp-content\/uploads\/2025\/02\/022_Le-beton-arme-de-1906-a-nos-jours.png\",\"width\":596,\"height\":898,\"caption\":\"Livre scientifique - Le b\u00e9ton arm\u00e9 de 1906 \u00e0 nos jours\"},{\"@type\":\"BreadcrumbList\",\"@id\":\"https:\/\/www.istegroup.com\/produit\/le-beton-arme-de-1906-a-nos-jours\/#breadcrumb\",\"itemListElement\":[{\"@type\":\"ListItem\",\"position\":1,\"name\":\"Home\",\"item\":\"https:\/\/www.istegroup.com\/\"},{\"@type\":\"ListItem\",\"position\":2,\"name\":\"Shop\",\"item\":\"https:\/\/www.istegroup.com\/fr\/nouveautes\/\"},{\"@type\":\"ListItem\",\"position\":3,\"name\":\"Le b\u00e9ton arm\u00e9 de 1906 \u00e0 nos jours\"}]},{\"@type\":\"WebSite\",\"@id\":\"https:\/\/www.istegroup.com\/#website\",\"url\":\"https:\/\/www.istegroup.com\/\",\"name\":\"ISTE Group\",\"description\":\"\u00c9diteur des Sciences\",\"potentialAction\":[{\"@type\":\"SearchAction\",\"target\":{\"@type\":\"EntryPoint\",\"urlTemplate\":\"https:\/\/www.istegroup.com\/?s={search_term_string}\"},\"query-input\":{\"@type\":\"PropertyValueSpecification\",\"valueRequired\":true,\"valueName\":\"search_term_string\"}}],\"inLanguage\":\"fr-FR\"}]}<\/script>\n<!-- \/ Yoast SEO plugin. -->","yoast_head_json":{"title":"Le b\u00e9ton arm\u00e9 de 1906 \u00e0 nos jours - ISTE Group","description":"Cet ouvrage d\u00e9taille les diff\u00e9rents codes de calcul introduits dans la r\u00e9glementation fran\u00e7aise, du premier en 1906 jusqu\u2019\u00e0 l\u2019Eurocode 2, actuellement en vigueur.","robots":{"index":"index","follow":"follow","max-snippet":"max-snippet:-1","max-image-preview":"max-image-preview:large","max-video-preview":"max-video-preview:-1"},"canonical":"https:\/\/www.istegroup.com\/produit\/le-beton-arme-de-1906-a-nos-jours\/","og_locale":"fr_FR","og_type":"article","og_title":"Le b\u00e9ton arm\u00e9 de 1906 \u00e0 nos jours - ISTE Group","og_description":"Cet ouvrage d\u00e9taille les diff\u00e9rents codes de calcul introduits dans la r\u00e9glementation fran\u00e7aise, du premier en 1906 jusqu\u2019\u00e0 l\u2019Eurocode 2, actuellement en vigueur.","og_url":"https:\/\/www.istegroup.com\/produit\/le-beton-arme-de-1906-a-nos-jours\/","og_site_name":"ISTE Group","article_modified_time":"2025-07-30T12:47:28+00:00","og_image":[{"width":596,"height":898,"url":"https:\/\/www.istegroup.com\/wp-content\/uploads\/2025\/02\/022_Le-beton-arme-de-1906-a-nos-jours.png","type":"image\/png"}],"twitter_card":"summary_large_image","twitter_misc":{"Est. reading time":"1 minute"},"schema":{"@context":"https:\/\/schema.org","@graph":[{"@type":"WebPage","@id":"https:\/\/www.istegroup.com\/produit\/le-beton-arme-de-1906-a-nos-jours\/","url":"https:\/\/www.istegroup.com\/produit\/le-beton-arme-de-1906-a-nos-jours\/","name":"Le b\u00e9ton arm\u00e9 de 1906 \u00e0 nos jours - ISTE Group","isPartOf":{"@id":"https:\/\/www.istegroup.com\/#website"},"primaryImageOfPage":{"@id":"https:\/\/www.istegroup.com\/produit\/le-beton-arme-de-1906-a-nos-jours\/#primaryimage"},"image":{"@id":"https:\/\/www.istegroup.com\/produit\/le-beton-arme-de-1906-a-nos-jours\/#primaryimage"},"thumbnailUrl":"https:\/\/www.istegroup.com\/wp-content\/uploads\/2025\/02\/022_Le-beton-arme-de-1906-a-nos-jours.png","datePublished":"2025-03-17T10:41:03+00:00","dateModified":"2025-07-30T12:47:28+00:00","description":"Cet ouvrage d\u00e9taille les diff\u00e9rents codes de calcul introduits dans la r\u00e9glementation fran\u00e7aise, du premier en 1906 jusqu\u2019\u00e0 l\u2019Eurocode 2, actuellement en vigueur.","breadcrumb":{"@id":"https:\/\/www.istegroup.com\/produit\/le-beton-arme-de-1906-a-nos-jours\/#breadcrumb"},"inLanguage":"fr-FR","potentialAction":[{"@type":"ReadAction","target":["https:\/\/www.istegroup.com\/produit\/le-beton-arme-de-1906-a-nos-jours\/"]}]},{"@type":"ImageObject","inLanguage":"fr-FR","@id":"https:\/\/www.istegroup.com\/produit\/le-beton-arme-de-1906-a-nos-jours\/#primaryimage","url":"https:\/\/www.istegroup.com\/wp-content\/uploads\/2025\/02\/022_Le-beton-arme-de-1906-a-nos-jours.png","contentUrl":"https:\/\/www.istegroup.com\/wp-content\/uploads\/2025\/02\/022_Le-beton-arme-de-1906-a-nos-jours.png","width":596,"height":898,"caption":"Livre scientifique - Le b\u00e9ton arm\u00e9 de 1906 \u00e0 nos jours"},{"@type":"BreadcrumbList","@id":"https:\/\/www.istegroup.com\/produit\/le-beton-arme-de-1906-a-nos-jours\/#breadcrumb","itemListElement":[{"@type":"ListItem","position":1,"name":"Home","item":"https:\/\/www.istegroup.com\/"},{"@type":"ListItem","position":2,"name":"Shop","item":"https:\/\/www.istegroup.com\/fr\/nouveautes\/"},{"@type":"ListItem","position":3,"name":"Le b\u00e9ton arm\u00e9 de 1906 \u00e0 nos jours"}]},{"@type":"WebSite","@id":"https:\/\/www.istegroup.com\/#website","url":"https:\/\/www.istegroup.com\/","name":"ISTE Group","description":"\u00c9diteur des Sciences","potentialAction":[{"@type":"SearchAction","target":{"@type":"EntryPoint","urlTemplate":"https:\/\/www.istegroup.com\/?s={search_term_string}"},"query-input":{"@type":"PropertyValueSpecification","valueRequired":true,"valueName":"search_term_string"}}],"inLanguage":"fr-FR"}]}},"_links":{"self":[{"href":"https:\/\/www.istegroup.com\/fr\/wp-json\/wp\/v2\/product\/59600","targetHints":{"allow":["GET"]}}],"collection":[{"href":"https:\/\/www.istegroup.com\/fr\/wp-json\/wp\/v2\/product"}],"about":[{"href":"https:\/\/www.istegroup.com\/fr\/wp-json\/wp\/v2\/types\/product"}],"wp:featuredmedia":[{"embeddable":true,"href":"https:\/\/www.istegroup.com\/fr\/wp-json\/wp\/v2\/media\/59609"}],"wp:attachment":[{"href":"https:\/\/www.istegroup.com\/fr\/wp-json\/wp\/v2\/media?parent=59600"}],"wp:term":[{"taxonomy":"product_brand","embeddable":true,"href":"https:\/\/www.istegroup.com\/fr\/wp-json\/wp\/v2\/product_brand?post=59600"},{"taxonomy":"product_cat","embeddable":true,"href":"https:\/\/www.istegroup.com\/fr\/wp-json\/wp\/v2\/product_cat?post=59600"},{"taxonomy":"product_tag","embeddable":true,"href":"https:\/\/www.istegroup.com\/fr\/wp-json\/wp\/v2\/product_tag?post=59600"}],"curies":[{"name":"wp","href":"https:\/\/api.w.org\/{rel}","templated":true}]}}