{"id":59590,"date":"2025-02-27T09:23:47","date_gmt":"2025-02-27T09:23:47","guid":{"rendered":"https:\/\/www.istegroup.com\/?post_type=product&#038;p=59590"},"modified":"2025-03-18T09:09:28","modified_gmt":"2025-03-18T09:09:28","slug":"lintelligence-artificielle-generative","status":"publish","type":"product","link":"https:\/\/www.istegroup.com\/fr\/produit\/lintelligence-artificielle-generative\/","title":{"rendered":"L\u2019intelligence artificielle g\u00e9n\u00e9rative"},"content":{"rendered":"<p>Cet ouvrage explore l\u2019intelligence artificielle, et plus sp\u00e9cifiquement l\u2019intelligence artificielle g\u00e9n\u00e9rative, \u00e0 travers le prisme des sciences sociales de l\u2019innovation. S\u2019appuyant sur son exp\u00e9rience au sein d\u2019une \u00e9quipe de recherche d\u2019une association accompagnant les jeunes vers l\u2019insertion professionnelle, l\u2019auteur s\u2019int\u00e9resse \u00e0 un sujet de recherche original et \u00e0 la pointe de l\u2019innovation en France : l\u2019intelligence artificielle. Son analyse scientifique approfondie repose sur la compr\u00e9hension des m\u00e9canismes de fonctionnement et des savoirs, enrichie par les avanc\u00e9es en informatique et en algorithmique.<\/p>\n<p>L\u2019ouvrage examine les principes fondamentaux de l\u2019IA et de l\u2019IA g\u00e9n\u00e9rative, en mettant particuli\u00e8rement l\u2019accent sur la bo\u00eete noire algorithmique et les capacit\u00e9s associ\u00e9es telles que le raisonnement, la cognition et la perception. Enfin, il propose une r\u00e9flexion approfondie sur l\u2019\u00e9volution future de l\u2019IA g\u00e9n\u00e9rative et ses implications \u00e9thiques.<\/p>\n","protected":false},"excerpt":{"rendered":"<p style=\"text-align: center;\"><strong>Cet ouvrage est uniquement disponible en version \u00e9lectronique.<\/strong><\/p>\n<hr \/>\n","protected":false},"featured_media":59597,"template":"","meta":{"_acf_changed":false,"_links_to":"","_links_to_target":""},"product_brand":[],"product_cat":[3262],"product_tag":[],"class_list":{"0":"post-59590","1":"product","2":"type-product","3":"status-publish","4":"has-post-thumbnail","6":"product_cat-non-classe","8":"first","9":"instock","10":"shipping-taxable","11":"purchasable","12":"product-type-variable"},"acf":[],"yoast_head":"<!-- This site is optimized with the Yoast SEO plugin v27.2 - https:\/\/yoast.com\/product\/yoast-seo-wordpress\/ -->\n<title>L\u2019intelligence artificielle g\u00e9n\u00e9rative - ISTE Group<\/title>\n<meta name=\"description\" content=\"Jeu et apprentissage explore l\u2019\u00e9mergence des jeux et l\u2019int\u00e9r\u00eat croissant qu\u2019ils suscitent dans les contextes \u00e9ducatifs.\" \/>\n<meta name=\"robots\" content=\"index, follow, max-snippet:-1, max-image-preview:large, max-video-preview:-1\" \/>\n<link rel=\"canonical\" href=\"https:\/\/www.istegroup.com\/produit\/lintelligence-artificielle-generative\/\" \/>\n<meta property=\"og:locale\" content=\"fr_FR\" \/>\n<meta property=\"og:type\" content=\"article\" \/>\n<meta property=\"og:title\" content=\"L\u2019intelligence artificielle g\u00e9n\u00e9rative - ISTE Group\" \/>\n<meta property=\"og:description\" content=\"Jeu et apprentissage explore l\u2019\u00e9mergence des jeux et l\u2019int\u00e9r\u00eat croissant qu\u2019ils suscitent dans les contextes \u00e9ducatifs.\" \/>\n<meta property=\"og:url\" content=\"https:\/\/www.istegroup.com\/produit\/lintelligence-artificielle-generative\/\" \/>\n<meta property=\"og:site_name\" content=\"ISTE Group\" \/>\n<meta property=\"article:modified_time\" content=\"2025-03-18T09:09:28+00:00\" \/>\n<meta property=\"og:image\" content=\"https:\/\/www.istegroup.com\/wp-content\/uploads\/2025\/02\/Lintelligence-artificielle-generative.png\" \/>\n\t<meta property=\"og:image:width\" content=\"593\" \/>\n\t<meta property=\"og:image:height\" content=\"898\" \/>\n\t<meta property=\"og:image:type\" content=\"image\/png\" \/>\n<meta name=\"twitter:card\" content=\"summary_large_image\" \/>\n<meta name=\"twitter:label1\" content=\"Est. reading time\" \/>\n\t<meta name=\"twitter:data1\" content=\"1 minute\" \/>\n<script type=\"application\/ld+json\" class=\"yoast-schema-graph\">{\"@context\":\"https:\/\/schema.org\",\"@graph\":[{\"@type\":\"WebPage\",\"@id\":\"https:\/\/www.istegroup.com\/produit\/lintelligence-artificielle-generative\/\",\"url\":\"https:\/\/www.istegroup.com\/produit\/lintelligence-artificielle-generative\/\",\"name\":\"L\u2019intelligence artificielle g\u00e9n\u00e9rative - ISTE Group\",\"isPartOf\":{\"@id\":\"https:\/\/www.istegroup.com\/#website\"},\"primaryImageOfPage\":{\"@id\":\"https:\/\/www.istegroup.com\/produit\/lintelligence-artificielle-generative\/#primaryimage\"},\"image\":{\"@id\":\"https:\/\/www.istegroup.com\/produit\/lintelligence-artificielle-generative\/#primaryimage\"},\"thumbnailUrl\":\"https:\/\/www.istegroup.com\/wp-content\/uploads\/2025\/02\/Lintelligence-artificielle-generative.png\",\"datePublished\":\"2025-02-27T09:23:47+00:00\",\"dateModified\":\"2025-03-18T09:09:28+00:00\",\"description\":\"Jeu et apprentissage explore l\u2019\u00e9mergence des jeux et l\u2019int\u00e9r\u00eat croissant qu\u2019ils suscitent dans les contextes \u00e9ducatifs.\",\"breadcrumb\":{\"@id\":\"https:\/\/www.istegroup.com\/produit\/lintelligence-artificielle-generative\/#breadcrumb\"},\"inLanguage\":\"fr-FR\",\"potentialAction\":[{\"@type\":\"ReadAction\",\"target\":[\"https:\/\/www.istegroup.com\/produit\/lintelligence-artificielle-generative\/\"]}]},{\"@type\":\"ImageObject\",\"inLanguage\":\"fr-FR\",\"@id\":\"https:\/\/www.istegroup.com\/produit\/lintelligence-artificielle-generative\/#primaryimage\",\"url\":\"https:\/\/www.istegroup.com\/wp-content\/uploads\/2025\/02\/Lintelligence-artificielle-generative.png\",\"contentUrl\":\"https:\/\/www.istegroup.com\/wp-content\/uploads\/2025\/02\/Lintelligence-artificielle-generative.png\",\"width\":593,\"height\":898,\"caption\":\"Livre scientifique - L\u2019intelligence artificielle g\u00e9n\u00e9rative\"},{\"@type\":\"BreadcrumbList\",\"@id\":\"https:\/\/www.istegroup.com\/produit\/lintelligence-artificielle-generative\/#breadcrumb\",\"itemListElement\":[{\"@type\":\"ListItem\",\"position\":1,\"name\":\"Home\",\"item\":\"https:\/\/www.istegroup.com\/\"},{\"@type\":\"ListItem\",\"position\":2,\"name\":\"Shop\",\"item\":\"https:\/\/www.istegroup.com\/fr\/nouveautes\/\"},{\"@type\":\"ListItem\",\"position\":3,\"name\":\"L\u2019intelligence artificielle g\u00e9n\u00e9rative\"}]},{\"@type\":\"WebSite\",\"@id\":\"https:\/\/www.istegroup.com\/#website\",\"url\":\"https:\/\/www.istegroup.com\/\",\"name\":\"ISTE Group\",\"description\":\"\u00c9diteur des Sciences\",\"potentialAction\":[{\"@type\":\"SearchAction\",\"target\":{\"@type\":\"EntryPoint\",\"urlTemplate\":\"https:\/\/www.istegroup.com\/?s={search_term_string}\"},\"query-input\":{\"@type\":\"PropertyValueSpecification\",\"valueRequired\":true,\"valueName\":\"search_term_string\"}}],\"inLanguage\":\"fr-FR\"}]}<\/script>\n<!-- \/ Yoast SEO plugin. -->","yoast_head_json":{"title":"L\u2019intelligence artificielle g\u00e9n\u00e9rative - ISTE Group","description":"Jeu et apprentissage explore l\u2019\u00e9mergence des jeux et l\u2019int\u00e9r\u00eat croissant qu\u2019ils suscitent dans les contextes \u00e9ducatifs.","robots":{"index":"index","follow":"follow","max-snippet":"max-snippet:-1","max-image-preview":"max-image-preview:large","max-video-preview":"max-video-preview:-1"},"canonical":"https:\/\/www.istegroup.com\/produit\/lintelligence-artificielle-generative\/","og_locale":"fr_FR","og_type":"article","og_title":"L\u2019intelligence artificielle g\u00e9n\u00e9rative - ISTE Group","og_description":"Jeu et apprentissage explore l\u2019\u00e9mergence des jeux et l\u2019int\u00e9r\u00eat croissant qu\u2019ils suscitent dans les contextes \u00e9ducatifs.","og_url":"https:\/\/www.istegroup.com\/produit\/lintelligence-artificielle-generative\/","og_site_name":"ISTE Group","article_modified_time":"2025-03-18T09:09:28+00:00","og_image":[{"width":593,"height":898,"url":"https:\/\/www.istegroup.com\/wp-content\/uploads\/2025\/02\/Lintelligence-artificielle-generative.png","type":"image\/png"}],"twitter_card":"summary_large_image","twitter_misc":{"Est. reading time":"1 minute"},"schema":{"@context":"https:\/\/schema.org","@graph":[{"@type":"WebPage","@id":"https:\/\/www.istegroup.com\/produit\/lintelligence-artificielle-generative\/","url":"https:\/\/www.istegroup.com\/produit\/lintelligence-artificielle-generative\/","name":"L\u2019intelligence artificielle g\u00e9n\u00e9rative - ISTE Group","isPartOf":{"@id":"https:\/\/www.istegroup.com\/#website"},"primaryImageOfPage":{"@id":"https:\/\/www.istegroup.com\/produit\/lintelligence-artificielle-generative\/#primaryimage"},"image":{"@id":"https:\/\/www.istegroup.com\/produit\/lintelligence-artificielle-generative\/#primaryimage"},"thumbnailUrl":"https:\/\/www.istegroup.com\/wp-content\/uploads\/2025\/02\/Lintelligence-artificielle-generative.png","datePublished":"2025-02-27T09:23:47+00:00","dateModified":"2025-03-18T09:09:28+00:00","description":"Jeu et apprentissage explore l\u2019\u00e9mergence des jeux et l\u2019int\u00e9r\u00eat croissant qu\u2019ils suscitent dans les contextes \u00e9ducatifs.","breadcrumb":{"@id":"https:\/\/www.istegroup.com\/produit\/lintelligence-artificielle-generative\/#breadcrumb"},"inLanguage":"fr-FR","potentialAction":[{"@type":"ReadAction","target":["https:\/\/www.istegroup.com\/produit\/lintelligence-artificielle-generative\/"]}]},{"@type":"ImageObject","inLanguage":"fr-FR","@id":"https:\/\/www.istegroup.com\/produit\/lintelligence-artificielle-generative\/#primaryimage","url":"https:\/\/www.istegroup.com\/wp-content\/uploads\/2025\/02\/Lintelligence-artificielle-generative.png","contentUrl":"https:\/\/www.istegroup.com\/wp-content\/uploads\/2025\/02\/Lintelligence-artificielle-generative.png","width":593,"height":898,"caption":"Livre scientifique - L\u2019intelligence artificielle g\u00e9n\u00e9rative"},{"@type":"BreadcrumbList","@id":"https:\/\/www.istegroup.com\/produit\/lintelligence-artificielle-generative\/#breadcrumb","itemListElement":[{"@type":"ListItem","position":1,"name":"Home","item":"https:\/\/www.istegroup.com\/"},{"@type":"ListItem","position":2,"name":"Shop","item":"https:\/\/www.istegroup.com\/fr\/nouveautes\/"},{"@type":"ListItem","position":3,"name":"L\u2019intelligence artificielle g\u00e9n\u00e9rative"}]},{"@type":"WebSite","@id":"https:\/\/www.istegroup.com\/#website","url":"https:\/\/www.istegroup.com\/","name":"ISTE Group","description":"\u00c9diteur des Sciences","potentialAction":[{"@type":"SearchAction","target":{"@type":"EntryPoint","urlTemplate":"https:\/\/www.istegroup.com\/?s={search_term_string}"},"query-input":{"@type":"PropertyValueSpecification","valueRequired":true,"valueName":"search_term_string"}}],"inLanguage":"fr-FR"}]}},"_links":{"self":[{"href":"https:\/\/www.istegroup.com\/fr\/wp-json\/wp\/v2\/product\/59590","targetHints":{"allow":["GET"]}}],"collection":[{"href":"https:\/\/www.istegroup.com\/fr\/wp-json\/wp\/v2\/product"}],"about":[{"href":"https:\/\/www.istegroup.com\/fr\/wp-json\/wp\/v2\/types\/product"}],"wp:featuredmedia":[{"embeddable":true,"href":"https:\/\/www.istegroup.com\/fr\/wp-json\/wp\/v2\/media\/59597"}],"wp:attachment":[{"href":"https:\/\/www.istegroup.com\/fr\/wp-json\/wp\/v2\/media?parent=59590"}],"wp:term":[{"taxonomy":"product_brand","embeddable":true,"href":"https:\/\/www.istegroup.com\/fr\/wp-json\/wp\/v2\/product_brand?post=59590"},{"taxonomy":"product_cat","embeddable":true,"href":"https:\/\/www.istegroup.com\/fr\/wp-json\/wp\/v2\/product_cat?post=59590"},{"taxonomy":"product_tag","embeddable":true,"href":"https:\/\/www.istegroup.com\/fr\/wp-json\/wp\/v2\/product_tag?post=59590"}],"curies":[{"name":"wp","href":"https:\/\/api.w.org\/{rel}","templated":true}]}}