{"id":59151,"date":"2025-01-08T11:20:57","date_gmt":"2025-01-08T11:20:57","guid":{"rendered":"https:\/\/www.istegroup.com\/?post_type=product&#038;p=59151"},"modified":"2025-01-15T13:46:07","modified_gmt":"2025-01-15T13:46:07","slug":"nanotechnologies-et-nanomateriaux-appliques-aux-capteurs-chimiques-et-aux-biocapteurs","status":"publish","type":"product","link":"https:\/\/www.istegroup.com\/fr\/produit\/nanotechnologies-et-nanomateriaux-appliques-aux-capteurs-chimiques-et-aux-biocapteurs\/","title":{"rendered":"Nanotechnologies et nanomat\u00e9riaux appliqu\u00e9s aux capteurs chimiques et aux biocapteurs"},"content":{"rendered":"<p>Sujets soci\u00e9taux, la sant\u00e9, la m\u00e9decine, l\u2019environnement, l\u2019alimentation et la s\u00e9curit\u00e9 ne sauraient se d\u00e9velopper sans l\u2019apport des capteurs chimiques et des biocapteurs, dont les performances ne cessent de s\u2019am\u00e9liorer en termes de fiabilit\u00e9 et de co\u00fbt, avec une orientation forte vers la production de dispositifs autonomes connect\u00e9s \u00e0 Internet.<\/p>\n<p>L\u2019obtention de signaux de transduction r\u00e9sultant de l\u2019interaction d\u2019un analyte avec un capteur, permet l\u2019identification et le dosage d\u2019un compos\u00e9 d\u00e9termin\u00e9. Cela implique le choix de m\u00e9thodes physiques de mesure adapt\u00e9es et la r\u00e9alisation de structures r\u00e9agissant sp\u00e9cifiquement \u00e0 diff\u00e9rents types d\u2019analytes.<\/p>\n<p><em>Nanotechnologies et nanomat\u00e9riaux appliqu\u00e9s aux capteurs chimiques<\/em> et aux biocapteurs d\u00e9crit et analyse les progr\u00e8s r\u00e9cents r\u00e9alis\u00e9s dans la conception de capteurs int\u00e9grant dans leur fabrication des nanostructures comportant des nanomat\u00e9riaux carbon\u00e9s (graph\u00e8ne, nanotubes de carbone, carbon quantum dots, etc.) et inorganiques (nanoparticules m\u00e9talliques, nanocristaux, dichalcog\u00e9nures de m\u00e9taux de transition, etc.) associ\u00e9s \u00e0 des m\u00e9thodes physiques de d\u00e9tection vari\u00e9es (\u00e9lectrochimiques, pi\u00e9zo\u00e9lectriques, \u00e9lectroniques, optiques, opto\u00e9lectroniques, etc.).<\/p>\n","protected":false},"excerpt":{"rendered":"<p>Sujets soci\u00e9taux, la sant\u00e9, la m\u00e9decine, l\u2019environnement, l\u2019alimentation et la s\u00e9curit\u00e9 ne sauraient se d\u00e9velopper sans l\u2019apport des capteurs chimiques et des biocapteurs, dont les performances ne cessent de s\u2019am\u00e9liorer en termes de fiabilit\u00e9 et de co\u00fbt, avec une orientation forte vers la production de dispositifs autonomes connect\u00e9s \u00e0 Internet. L\u2019obtention de signaux de transduction [&hellip;]<\/p>\n","protected":false},"featured_media":59164,"template":"","meta":{"_acf_changed":false,"_links_to":"","_links_to_target":""},"product_brand":[],"product_cat":[674],"product_tag":[],"class_list":{"0":"post-59151","1":"product","2":"type-product","3":"status-publish","4":"has-post-thumbnail","6":"product_cat-nanoscience-et-nanotechnologies-12506514","8":"first","9":"instock","10":"shipping-taxable","11":"purchasable","12":"product-type-variable"},"acf":[],"yoast_head":"<!-- This site is optimized with the Yoast SEO plugin v27.2 - https:\/\/yoast.com\/product\/yoast-seo-wordpress\/ -->\n<title>Nanotechnologies et nanomat\u00e9riaux appliqu\u00e9s aux capteurs chimiques et aux biocapteurs - ISTE Group<\/title>\n<meta name=\"description\" content=\"Nanotechnologies et nanomat\u00e9riaux appliqu\u00e9s aux capteurs chimiques et aux biocapteurs d\u00e9crit et analyse les progr\u00e8s r\u00e9cents r\u00e9alis\u00e9s dans la conception de capteurs int\u00e9grant dans leur fabrication des nanostructures comportant des nanomat\u00e9riaux carbon\u00e9s et inorganiques associ\u00e9s \u00e0 des m\u00e9thodes physiques de d\u00e9tection vari\u00e9es.\" \/>\n<meta name=\"robots\" content=\"index, follow, max-snippet:-1, max-image-preview:large, max-video-preview:-1\" \/>\n<link rel=\"canonical\" href=\"https:\/\/www.istegroup.com\/produit\/nanotechnologies-et-nanomateriaux-appliques-aux-capteurs-chimiques-et-aux-biocapteurs\/\" \/>\n<meta property=\"og:locale\" content=\"fr_FR\" \/>\n<meta property=\"og:type\" content=\"article\" \/>\n<meta property=\"og:title\" content=\"Nanotechnologies et nanomat\u00e9riaux appliqu\u00e9s aux capteurs chimiques et aux biocapteurs - ISTE Group\" \/>\n<meta property=\"og:description\" content=\"Nanotechnologies et nanomat\u00e9riaux appliqu\u00e9s aux capteurs chimiques et aux biocapteurs d\u00e9crit et analyse les progr\u00e8s r\u00e9cents r\u00e9alis\u00e9s dans la conception de capteurs int\u00e9grant dans leur fabrication des nanostructures comportant des nanomat\u00e9riaux carbon\u00e9s et inorganiques associ\u00e9s \u00e0 des m\u00e9thodes physiques de d\u00e9tection vari\u00e9es.\" \/>\n<meta property=\"og:url\" content=\"https:\/\/www.istegroup.com\/produit\/nanotechnologies-et-nanomateriaux-appliques-aux-capteurs-chimiques-et-aux-biocapteurs\/\" \/>\n<meta property=\"og:site_name\" content=\"ISTE Group\" \/>\n<meta property=\"article:modified_time\" content=\"2025-01-15T13:46:07+00:00\" \/>\n<meta property=\"og:image\" content=\"https:\/\/www.istegroup.com\/wp-content\/uploads\/2025\/01\/021_Nanotechnologies-et-nanomateriaux-appliques-aux-capteurs-chimiques-et-aux-biocapteurs_front.png\" \/>\n\t<meta property=\"og:image:width\" content=\"598\" \/>\n\t<meta property=\"og:image:height\" content=\"903\" \/>\n\t<meta property=\"og:image:type\" content=\"image\/png\" \/>\n<meta name=\"twitter:card\" content=\"summary_large_image\" \/>\n<meta name=\"twitter:label1\" content=\"Est. reading time\" \/>\n\t<meta name=\"twitter:data1\" content=\"2 minutes\" \/>\n<script type=\"application\/ld+json\" class=\"yoast-schema-graph\">{\"@context\":\"https:\/\/schema.org\",\"@graph\":[{\"@type\":\"WebPage\",\"@id\":\"https:\/\/www.istegroup.com\/produit\/nanotechnologies-et-nanomateriaux-appliques-aux-capteurs-chimiques-et-aux-biocapteurs\/\",\"url\":\"https:\/\/www.istegroup.com\/produit\/nanotechnologies-et-nanomateriaux-appliques-aux-capteurs-chimiques-et-aux-biocapteurs\/\",\"name\":\"Nanotechnologies et nanomat\u00e9riaux appliqu\u00e9s aux capteurs chimiques et aux biocapteurs - ISTE Group\",\"isPartOf\":{\"@id\":\"https:\/\/www.istegroup.com\/#website\"},\"primaryImageOfPage\":{\"@id\":\"https:\/\/www.istegroup.com\/produit\/nanotechnologies-et-nanomateriaux-appliques-aux-capteurs-chimiques-et-aux-biocapteurs\/#primaryimage\"},\"image\":{\"@id\":\"https:\/\/www.istegroup.com\/produit\/nanotechnologies-et-nanomateriaux-appliques-aux-capteurs-chimiques-et-aux-biocapteurs\/#primaryimage\"},\"thumbnailUrl\":\"https:\/\/www.istegroup.com\/wp-content\/uploads\/2025\/01\/021_Nanotechnologies-et-nanomateriaux-appliques-aux-capteurs-chimiques-et-aux-biocapteurs_front.png\",\"datePublished\":\"2025-01-08T11:20:57+00:00\",\"dateModified\":\"2025-01-15T13:46:07+00:00\",\"description\":\"Nanotechnologies et nanomat\u00e9riaux appliqu\u00e9s aux capteurs chimiques et aux biocapteurs d\u00e9crit et analyse les progr\u00e8s r\u00e9cents r\u00e9alis\u00e9s dans la conception de capteurs int\u00e9grant dans leur fabrication des nanostructures comportant des nanomat\u00e9riaux carbon\u00e9s et inorganiques associ\u00e9s \u00e0 des m\u00e9thodes physiques de d\u00e9tection vari\u00e9es.\",\"breadcrumb\":{\"@id\":\"https:\/\/www.istegroup.com\/produit\/nanotechnologies-et-nanomateriaux-appliques-aux-capteurs-chimiques-et-aux-biocapteurs\/#breadcrumb\"},\"inLanguage\":\"fr-FR\",\"potentialAction\":[{\"@type\":\"ReadAction\",\"target\":[\"https:\/\/www.istegroup.com\/produit\/nanotechnologies-et-nanomateriaux-appliques-aux-capteurs-chimiques-et-aux-biocapteurs\/\"]}]},{\"@type\":\"ImageObject\",\"inLanguage\":\"fr-FR\",\"@id\":\"https:\/\/www.istegroup.com\/produit\/nanotechnologies-et-nanomateriaux-appliques-aux-capteurs-chimiques-et-aux-biocapteurs\/#primaryimage\",\"url\":\"https:\/\/www.istegroup.com\/wp-content\/uploads\/2025\/01\/021_Nanotechnologies-et-nanomateriaux-appliques-aux-capteurs-chimiques-et-aux-biocapteurs_front.png\",\"contentUrl\":\"https:\/\/www.istegroup.com\/wp-content\/uploads\/2025\/01\/021_Nanotechnologies-et-nanomateriaux-appliques-aux-capteurs-chimiques-et-aux-biocapteurs_front.png\",\"width\":598,\"height\":903,\"caption\":\"Livre scientifique - Nanotechnologies et nanomat\u00e9riaux appliqu\u00e9s aux capteurs chimiques et aux biocapteurs\"},{\"@type\":\"BreadcrumbList\",\"@id\":\"https:\/\/www.istegroup.com\/produit\/nanotechnologies-et-nanomateriaux-appliques-aux-capteurs-chimiques-et-aux-biocapteurs\/#breadcrumb\",\"itemListElement\":[{\"@type\":\"ListItem\",\"position\":1,\"name\":\"Home\",\"item\":\"https:\/\/www.istegroup.com\/\"},{\"@type\":\"ListItem\",\"position\":2,\"name\":\"Shop\",\"item\":\"https:\/\/www.istegroup.com\/fr\/nouveautes\/\"},{\"@type\":\"ListItem\",\"position\":3,\"name\":\"Nanotechnologies et nanomat\u00e9riaux appliqu\u00e9s aux capteurs chimiques et aux biocapteurs\"}]},{\"@type\":\"WebSite\",\"@id\":\"https:\/\/www.istegroup.com\/#website\",\"url\":\"https:\/\/www.istegroup.com\/\",\"name\":\"ISTE Group\",\"description\":\"\u00c9diteur des Sciences\",\"potentialAction\":[{\"@type\":\"SearchAction\",\"target\":{\"@type\":\"EntryPoint\",\"urlTemplate\":\"https:\/\/www.istegroup.com\/?s={search_term_string}\"},\"query-input\":{\"@type\":\"PropertyValueSpecification\",\"valueRequired\":true,\"valueName\":\"search_term_string\"}}],\"inLanguage\":\"fr-FR\"}]}<\/script>\n<!-- \/ Yoast SEO plugin. -->","yoast_head_json":{"title":"Nanotechnologies et nanomat\u00e9riaux appliqu\u00e9s aux capteurs chimiques et aux biocapteurs - ISTE Group","description":"Nanotechnologies et nanomat\u00e9riaux appliqu\u00e9s aux capteurs chimiques et aux biocapteurs d\u00e9crit et analyse les progr\u00e8s r\u00e9cents r\u00e9alis\u00e9s dans la conception de capteurs int\u00e9grant dans leur fabrication des nanostructures comportant des nanomat\u00e9riaux carbon\u00e9s et inorganiques associ\u00e9s \u00e0 des m\u00e9thodes physiques de d\u00e9tection vari\u00e9es.","robots":{"index":"index","follow":"follow","max-snippet":"max-snippet:-1","max-image-preview":"max-image-preview:large","max-video-preview":"max-video-preview:-1"},"canonical":"https:\/\/www.istegroup.com\/produit\/nanotechnologies-et-nanomateriaux-appliques-aux-capteurs-chimiques-et-aux-biocapteurs\/","og_locale":"fr_FR","og_type":"article","og_title":"Nanotechnologies et nanomat\u00e9riaux appliqu\u00e9s aux capteurs chimiques et aux biocapteurs - ISTE Group","og_description":"Nanotechnologies et nanomat\u00e9riaux appliqu\u00e9s aux capteurs chimiques et aux biocapteurs d\u00e9crit et analyse les progr\u00e8s r\u00e9cents r\u00e9alis\u00e9s dans la conception de capteurs int\u00e9grant dans leur fabrication des nanostructures comportant des nanomat\u00e9riaux carbon\u00e9s et inorganiques associ\u00e9s \u00e0 des m\u00e9thodes physiques de d\u00e9tection vari\u00e9es.","og_url":"https:\/\/www.istegroup.com\/produit\/nanotechnologies-et-nanomateriaux-appliques-aux-capteurs-chimiques-et-aux-biocapteurs\/","og_site_name":"ISTE Group","article_modified_time":"2025-01-15T13:46:07+00:00","og_image":[{"width":598,"height":903,"url":"https:\/\/www.istegroup.com\/wp-content\/uploads\/2025\/01\/021_Nanotechnologies-et-nanomateriaux-appliques-aux-capteurs-chimiques-et-aux-biocapteurs_front.png","type":"image\/png"}],"twitter_card":"summary_large_image","twitter_misc":{"Est. reading time":"2 minutes"},"schema":{"@context":"https:\/\/schema.org","@graph":[{"@type":"WebPage","@id":"https:\/\/www.istegroup.com\/produit\/nanotechnologies-et-nanomateriaux-appliques-aux-capteurs-chimiques-et-aux-biocapteurs\/","url":"https:\/\/www.istegroup.com\/produit\/nanotechnologies-et-nanomateriaux-appliques-aux-capteurs-chimiques-et-aux-biocapteurs\/","name":"Nanotechnologies et nanomat\u00e9riaux appliqu\u00e9s aux capteurs chimiques et aux biocapteurs - ISTE Group","isPartOf":{"@id":"https:\/\/www.istegroup.com\/#website"},"primaryImageOfPage":{"@id":"https:\/\/www.istegroup.com\/produit\/nanotechnologies-et-nanomateriaux-appliques-aux-capteurs-chimiques-et-aux-biocapteurs\/#primaryimage"},"image":{"@id":"https:\/\/www.istegroup.com\/produit\/nanotechnologies-et-nanomateriaux-appliques-aux-capteurs-chimiques-et-aux-biocapteurs\/#primaryimage"},"thumbnailUrl":"https:\/\/www.istegroup.com\/wp-content\/uploads\/2025\/01\/021_Nanotechnologies-et-nanomateriaux-appliques-aux-capteurs-chimiques-et-aux-biocapteurs_front.png","datePublished":"2025-01-08T11:20:57+00:00","dateModified":"2025-01-15T13:46:07+00:00","description":"Nanotechnologies et nanomat\u00e9riaux appliqu\u00e9s aux capteurs chimiques et aux biocapteurs d\u00e9crit et analyse les progr\u00e8s r\u00e9cents r\u00e9alis\u00e9s dans la conception de capteurs int\u00e9grant dans leur fabrication des nanostructures comportant des nanomat\u00e9riaux carbon\u00e9s et inorganiques associ\u00e9s \u00e0 des m\u00e9thodes physiques de d\u00e9tection vari\u00e9es.","breadcrumb":{"@id":"https:\/\/www.istegroup.com\/produit\/nanotechnologies-et-nanomateriaux-appliques-aux-capteurs-chimiques-et-aux-biocapteurs\/#breadcrumb"},"inLanguage":"fr-FR","potentialAction":[{"@type":"ReadAction","target":["https:\/\/www.istegroup.com\/produit\/nanotechnologies-et-nanomateriaux-appliques-aux-capteurs-chimiques-et-aux-biocapteurs\/"]}]},{"@type":"ImageObject","inLanguage":"fr-FR","@id":"https:\/\/www.istegroup.com\/produit\/nanotechnologies-et-nanomateriaux-appliques-aux-capteurs-chimiques-et-aux-biocapteurs\/#primaryimage","url":"https:\/\/www.istegroup.com\/wp-content\/uploads\/2025\/01\/021_Nanotechnologies-et-nanomateriaux-appliques-aux-capteurs-chimiques-et-aux-biocapteurs_front.png","contentUrl":"https:\/\/www.istegroup.com\/wp-content\/uploads\/2025\/01\/021_Nanotechnologies-et-nanomateriaux-appliques-aux-capteurs-chimiques-et-aux-biocapteurs_front.png","width":598,"height":903,"caption":"Livre scientifique - Nanotechnologies et nanomat\u00e9riaux appliqu\u00e9s aux capteurs chimiques et aux biocapteurs"},{"@type":"BreadcrumbList","@id":"https:\/\/www.istegroup.com\/produit\/nanotechnologies-et-nanomateriaux-appliques-aux-capteurs-chimiques-et-aux-biocapteurs\/#breadcrumb","itemListElement":[{"@type":"ListItem","position":1,"name":"Home","item":"https:\/\/www.istegroup.com\/"},{"@type":"ListItem","position":2,"name":"Shop","item":"https:\/\/www.istegroup.com\/fr\/nouveautes\/"},{"@type":"ListItem","position":3,"name":"Nanotechnologies et nanomat\u00e9riaux appliqu\u00e9s aux capteurs chimiques et aux biocapteurs"}]},{"@type":"WebSite","@id":"https:\/\/www.istegroup.com\/#website","url":"https:\/\/www.istegroup.com\/","name":"ISTE Group","description":"\u00c9diteur des Sciences","potentialAction":[{"@type":"SearchAction","target":{"@type":"EntryPoint","urlTemplate":"https:\/\/www.istegroup.com\/?s={search_term_string}"},"query-input":{"@type":"PropertyValueSpecification","valueRequired":true,"valueName":"search_term_string"}}],"inLanguage":"fr-FR"}]}},"_links":{"self":[{"href":"https:\/\/www.istegroup.com\/fr\/wp-json\/wp\/v2\/product\/59151","targetHints":{"allow":["GET"]}}],"collection":[{"href":"https:\/\/www.istegroup.com\/fr\/wp-json\/wp\/v2\/product"}],"about":[{"href":"https:\/\/www.istegroup.com\/fr\/wp-json\/wp\/v2\/types\/product"}],"wp:featuredmedia":[{"embeddable":true,"href":"https:\/\/www.istegroup.com\/fr\/wp-json\/wp\/v2\/media\/59164"}],"wp:attachment":[{"href":"https:\/\/www.istegroup.com\/fr\/wp-json\/wp\/v2\/media?parent=59151"}],"wp:term":[{"taxonomy":"product_brand","embeddable":true,"href":"https:\/\/www.istegroup.com\/fr\/wp-json\/wp\/v2\/product_brand?post=59151"},{"taxonomy":"product_cat","embeddable":true,"href":"https:\/\/www.istegroup.com\/fr\/wp-json\/wp\/v2\/product_cat?post=59151"},{"taxonomy":"product_tag","embeddable":true,"href":"https:\/\/www.istegroup.com\/fr\/wp-json\/wp\/v2\/product_tag?post=59151"}],"curies":[{"name":"wp","href":"https:\/\/api.w.org\/{rel}","templated":true}]}}