{"id":59126,"date":"2025-01-08T10:23:58","date_gmt":"2025-01-08T10:23:58","guid":{"rendered":"https:\/\/www.istegroup.com\/?post_type=product&#038;p=59126"},"modified":"2025-04-16T11:46:51","modified_gmt":"2025-04-16T10:46:51","slug":"une-approche-systemique-de-categorisation-et-de-modelisation-des-exigences","status":"publish","type":"product","link":"https:\/\/www.istegroup.com\/fr\/produit\/une-approche-systemique-de-categorisation-et-de-modelisation-des-exigences\/","title":{"rendered":"Une approche syst\u00e9mique de cat\u00e9gorisation et de mod\u00e9lisation des exigences"},"content":{"rendered":"<p>Les cat\u00e9gorisations actuelles des exigences du logiciel souffrent d\u2019une grande ambigu\u00eft\u00e9 et d\u2019un manque de coh\u00e9rence, principalement en raison de l\u2019absence d\u2019un r\u00e9f\u00e9rentiel commun et clair, permettant de d\u00e9finir les \u00e9l\u00e9ments du logiciel et les facteurs environnementaux pertinents.<\/p>\n<p>Cet ouvrage r\u00e9volutionne l\u2019approche traditionnelle en proposant une m\u00e9thode syst\u00e9mique innovante pour la cat\u00e9gorisation et la mod\u00e9lisation des exigences du logiciel. Il introduit un cadre r\u00e9f\u00e9rentiel in\u00e9dit, mettant fin aux interpr\u00e9tations divergentes gr\u00e2ce \u00e0 une d\u00e9finition pr\u00e9cise des \u00e9l\u00e9ments du logiciel et des facteurs environnementaux. Ce cadre constitue une base indispensable pour tous les autres composants de cette approche : une red\u00e9finition des exigences, une cat\u00e9gorisation hybride combinant plusieurs taxinomies et \u00e9chelles, un mod\u00e8le de m\u00e9tadonn\u00e9es pour qualifier les exigences et un mod\u00e8le multivue repr\u00e9sentant toutes les cat\u00e9gories possibles des exigences.<\/p>\n<p>En adoptant cette nouvelle approche, les professionnels pourront am\u00e9liorer la clart\u00e9, la pr\u00e9cision et la pertinence de leurs cahiers des charges, et optimiser ainsi la r\u00e9ussite de leurs projets logiciels.<\/p>","protected":false},"excerpt":{"rendered":"<p>Les cat\u00e9gorisations actuelles des exigences du logiciel souffrent d\u2019une grande ambigu\u00eft\u00e9 et d\u2019un manque de coh\u00e9rence, principalement en raison de l\u2019absence d\u2019un r\u00e9f\u00e9rentiel commun et clair, permettant de d\u00e9finir les \u00e9l\u00e9ments du logiciel et les facteurs environnementaux pertinents. Cet ouvrage r\u00e9volutionne l\u2019approche traditionnelle en proposant une m\u00e9thode syst\u00e9mique innovante pour la cat\u00e9gorisation et la mod\u00e9lisation [&hellip;]<\/p>\n","protected":false},"featured_media":59134,"template":"","meta":{"_acf_changed":false,"_links_to":"","_links_to_target":""},"product_brand":[],"product_cat":[667],"product_tag":[],"class_list":{"0":"post-59126","1":"product","2":"type-product","3":"status-publish","4":"has-post-thumbnail","6":"product_cat-informatique-12506482","8":"first","9":"instock","10":"shipping-taxable","11":"purchasable","12":"product-type-variable"},"acf":[],"yoast_head":"<!-- This site is optimized with the Yoast SEO plugin v27.2 - https:\/\/yoast.com\/product\/yoast-seo-wordpress\/ -->\n<title>Une approche syst\u00e9mique de cat\u00e9gorisation et de mod\u00e9lisation des exigences - ISTE Group<\/title>\n<meta name=\"description\" content=\"Cet ouvrage r\u00e9volutionne l\u2019approche traditionnelle en proposant une m\u00e9thode syst\u00e9mique innovante pour la cat\u00e9gorisation et la mod\u00e9lisation des exigences du logiciel.\" \/>\n<meta name=\"robots\" content=\"index, follow, max-snippet:-1, max-image-preview:large, max-video-preview:-1\" \/>\n<link rel=\"canonical\" href=\"https:\/\/www.istegroup.com\/produit\/une-approche-systemique-de-categorisation-et-de-modelisation-des-exigences\/\" \/>\n<meta property=\"og:locale\" content=\"fr_FR\" \/>\n<meta property=\"og:type\" content=\"article\" \/>\n<meta property=\"og:title\" content=\"Une approche syst\u00e9mique de cat\u00e9gorisation et de mod\u00e9lisation des exigences - ISTE Group\" \/>\n<meta property=\"og:description\" content=\"Cet ouvrage r\u00e9volutionne l\u2019approche traditionnelle en proposant une m\u00e9thode syst\u00e9mique innovante pour la cat\u00e9gorisation et la mod\u00e9lisation des exigences du logiciel.\" \/>\n<meta property=\"og:url\" content=\"https:\/\/www.istegroup.com\/produit\/une-approche-systemique-de-categorisation-et-de-modelisation-des-exigences\/\" \/>\n<meta property=\"og:site_name\" content=\"ISTE Group\" \/>\n<meta property=\"article:modified_time\" content=\"2025-04-16T10:46:51+00:00\" \/>\n<meta property=\"og:image\" content=\"https:\/\/www.istegroup.com\/wp-content\/uploads\/2025\/01\/026_Une-approche-systemique-de-categorisation-et-de-modelisation-des-exigences_front.png\" \/>\n\t<meta property=\"og:image:width\" content=\"598\" \/>\n\t<meta property=\"og:image:height\" content=\"897\" \/>\n\t<meta property=\"og:image:type\" content=\"image\/png\" \/>\n<meta name=\"twitter:card\" content=\"summary_large_image\" \/>\n<meta name=\"twitter:label1\" content=\"Est. reading time\" \/>\n\t<meta name=\"twitter:data1\" content=\"2 minutes\" \/>\n<script type=\"application\/ld+json\" class=\"yoast-schema-graph\">{\"@context\":\"https:\/\/schema.org\",\"@graph\":[{\"@type\":\"WebPage\",\"@id\":\"https:\/\/www.istegroup.com\/produit\/une-approche-systemique-de-categorisation-et-de-modelisation-des-exigences\/\",\"url\":\"https:\/\/www.istegroup.com\/produit\/une-approche-systemique-de-categorisation-et-de-modelisation-des-exigences\/\",\"name\":\"Une approche syst\u00e9mique de cat\u00e9gorisation et de mod\u00e9lisation des exigences - ISTE Group\",\"isPartOf\":{\"@id\":\"https:\/\/www.istegroup.com\/#website\"},\"primaryImageOfPage\":{\"@id\":\"https:\/\/www.istegroup.com\/produit\/une-approche-systemique-de-categorisation-et-de-modelisation-des-exigences\/#primaryimage\"},\"image\":{\"@id\":\"https:\/\/www.istegroup.com\/produit\/une-approche-systemique-de-categorisation-et-de-modelisation-des-exigences\/#primaryimage\"},\"thumbnailUrl\":\"https:\/\/www.istegroup.com\/wp-content\/uploads\/2025\/01\/026_Une-approche-systemique-de-categorisation-et-de-modelisation-des-exigences_front.png\",\"datePublished\":\"2025-01-08T10:23:58+00:00\",\"dateModified\":\"2025-04-16T10:46:51+00:00\",\"description\":\"Cet ouvrage r\u00e9volutionne l\u2019approche traditionnelle en proposant une m\u00e9thode syst\u00e9mique innovante pour la cat\u00e9gorisation et la mod\u00e9lisation des exigences du logiciel.\",\"breadcrumb\":{\"@id\":\"https:\/\/www.istegroup.com\/produit\/une-approche-systemique-de-categorisation-et-de-modelisation-des-exigences\/#breadcrumb\"},\"inLanguage\":\"fr-FR\",\"potentialAction\":[{\"@type\":\"ReadAction\",\"target\":[\"https:\/\/www.istegroup.com\/produit\/une-approche-systemique-de-categorisation-et-de-modelisation-des-exigences\/\"]}]},{\"@type\":\"ImageObject\",\"inLanguage\":\"fr-FR\",\"@id\":\"https:\/\/www.istegroup.com\/produit\/une-approche-systemique-de-categorisation-et-de-modelisation-des-exigences\/#primaryimage\",\"url\":\"https:\/\/www.istegroup.com\/wp-content\/uploads\/2025\/01\/026_Une-approche-systemique-de-categorisation-et-de-modelisation-des-exigences_front.png\",\"contentUrl\":\"https:\/\/www.istegroup.com\/wp-content\/uploads\/2025\/01\/026_Une-approche-systemique-de-categorisation-et-de-modelisation-des-exigences_front.png\",\"width\":598,\"height\":897,\"caption\":\"Livre scientifique - Une approche syst\u00e9mique de cat\u00e9gorisation et de mod\u00e9lisation des exigences\"},{\"@type\":\"BreadcrumbList\",\"@id\":\"https:\/\/www.istegroup.com\/produit\/une-approche-systemique-de-categorisation-et-de-modelisation-des-exigences\/#breadcrumb\",\"itemListElement\":[{\"@type\":\"ListItem\",\"position\":1,\"name\":\"Home\",\"item\":\"https:\/\/www.istegroup.com\/\"},{\"@type\":\"ListItem\",\"position\":2,\"name\":\"Shop\",\"item\":\"https:\/\/www.istegroup.com\/fr\/nouveautes\/\"},{\"@type\":\"ListItem\",\"position\":3,\"name\":\"Une approche syst\u00e9mique de cat\u00e9gorisation et de mod\u00e9lisation des exigences\"}]},{\"@type\":\"WebSite\",\"@id\":\"https:\/\/www.istegroup.com\/#website\",\"url\":\"https:\/\/www.istegroup.com\/\",\"name\":\"ISTE Group\",\"description\":\"\u00c9diteur des Sciences\",\"potentialAction\":[{\"@type\":\"SearchAction\",\"target\":{\"@type\":\"EntryPoint\",\"urlTemplate\":\"https:\/\/www.istegroup.com\/?s={search_term_string}\"},\"query-input\":{\"@type\":\"PropertyValueSpecification\",\"valueRequired\":true,\"valueName\":\"search_term_string\"}}],\"inLanguage\":\"fr-FR\"}]}<\/script>\n<!-- \/ Yoast SEO plugin. -->","yoast_head_json":{"title":"Une approche syst\u00e9mique de cat\u00e9gorisation et de mod\u00e9lisation des exigences - ISTE Group","description":"Cet ouvrage r\u00e9volutionne l\u2019approche traditionnelle en proposant une m\u00e9thode syst\u00e9mique innovante pour la cat\u00e9gorisation et la mod\u00e9lisation des exigences du logiciel.","robots":{"index":"index","follow":"follow","max-snippet":"max-snippet:-1","max-image-preview":"max-image-preview:large","max-video-preview":"max-video-preview:-1"},"canonical":"https:\/\/www.istegroup.com\/produit\/une-approche-systemique-de-categorisation-et-de-modelisation-des-exigences\/","og_locale":"fr_FR","og_type":"article","og_title":"Une approche syst\u00e9mique de cat\u00e9gorisation et de mod\u00e9lisation des exigences - ISTE Group","og_description":"Cet ouvrage r\u00e9volutionne l\u2019approche traditionnelle en proposant une m\u00e9thode syst\u00e9mique innovante pour la cat\u00e9gorisation et la mod\u00e9lisation des exigences du logiciel.","og_url":"https:\/\/www.istegroup.com\/produit\/une-approche-systemique-de-categorisation-et-de-modelisation-des-exigences\/","og_site_name":"ISTE Group","article_modified_time":"2025-04-16T10:46:51+00:00","og_image":[{"width":598,"height":897,"url":"https:\/\/www.istegroup.com\/wp-content\/uploads\/2025\/01\/026_Une-approche-systemique-de-categorisation-et-de-modelisation-des-exigences_front.png","type":"image\/png"}],"twitter_card":"summary_large_image","twitter_misc":{"Est. reading time":"2 minutes"},"schema":{"@context":"https:\/\/schema.org","@graph":[{"@type":"WebPage","@id":"https:\/\/www.istegroup.com\/produit\/une-approche-systemique-de-categorisation-et-de-modelisation-des-exigences\/","url":"https:\/\/www.istegroup.com\/produit\/une-approche-systemique-de-categorisation-et-de-modelisation-des-exigences\/","name":"Une approche syst\u00e9mique de cat\u00e9gorisation et de mod\u00e9lisation des exigences - ISTE Group","isPartOf":{"@id":"https:\/\/www.istegroup.com\/#website"},"primaryImageOfPage":{"@id":"https:\/\/www.istegroup.com\/produit\/une-approche-systemique-de-categorisation-et-de-modelisation-des-exigences\/#primaryimage"},"image":{"@id":"https:\/\/www.istegroup.com\/produit\/une-approche-systemique-de-categorisation-et-de-modelisation-des-exigences\/#primaryimage"},"thumbnailUrl":"https:\/\/www.istegroup.com\/wp-content\/uploads\/2025\/01\/026_Une-approche-systemique-de-categorisation-et-de-modelisation-des-exigences_front.png","datePublished":"2025-01-08T10:23:58+00:00","dateModified":"2025-04-16T10:46:51+00:00","description":"Cet ouvrage r\u00e9volutionne l\u2019approche traditionnelle en proposant une m\u00e9thode syst\u00e9mique innovante pour la cat\u00e9gorisation et la mod\u00e9lisation des exigences du logiciel.","breadcrumb":{"@id":"https:\/\/www.istegroup.com\/produit\/une-approche-systemique-de-categorisation-et-de-modelisation-des-exigences\/#breadcrumb"},"inLanguage":"fr-FR","potentialAction":[{"@type":"ReadAction","target":["https:\/\/www.istegroup.com\/produit\/une-approche-systemique-de-categorisation-et-de-modelisation-des-exigences\/"]}]},{"@type":"ImageObject","inLanguage":"fr-FR","@id":"https:\/\/www.istegroup.com\/produit\/une-approche-systemique-de-categorisation-et-de-modelisation-des-exigences\/#primaryimage","url":"https:\/\/www.istegroup.com\/wp-content\/uploads\/2025\/01\/026_Une-approche-systemique-de-categorisation-et-de-modelisation-des-exigences_front.png","contentUrl":"https:\/\/www.istegroup.com\/wp-content\/uploads\/2025\/01\/026_Une-approche-systemique-de-categorisation-et-de-modelisation-des-exigences_front.png","width":598,"height":897,"caption":"Livre scientifique - Une approche syst\u00e9mique de cat\u00e9gorisation et de mod\u00e9lisation des exigences"},{"@type":"BreadcrumbList","@id":"https:\/\/www.istegroup.com\/produit\/une-approche-systemique-de-categorisation-et-de-modelisation-des-exigences\/#breadcrumb","itemListElement":[{"@type":"ListItem","position":1,"name":"Home","item":"https:\/\/www.istegroup.com\/"},{"@type":"ListItem","position":2,"name":"Shop","item":"https:\/\/www.istegroup.com\/fr\/nouveautes\/"},{"@type":"ListItem","position":3,"name":"Une approche syst\u00e9mique de cat\u00e9gorisation et de mod\u00e9lisation des exigences"}]},{"@type":"WebSite","@id":"https:\/\/www.istegroup.com\/#website","url":"https:\/\/www.istegroup.com\/","name":"ISTE Group","description":"\u00c9diteur des Sciences","potentialAction":[{"@type":"SearchAction","target":{"@type":"EntryPoint","urlTemplate":"https:\/\/www.istegroup.com\/?s={search_term_string}"},"query-input":{"@type":"PropertyValueSpecification","valueRequired":true,"valueName":"search_term_string"}}],"inLanguage":"fr-FR"}]}},"_links":{"self":[{"href":"https:\/\/www.istegroup.com\/fr\/wp-json\/wp\/v2\/product\/59126","targetHints":{"allow":["GET"]}}],"collection":[{"href":"https:\/\/www.istegroup.com\/fr\/wp-json\/wp\/v2\/product"}],"about":[{"href":"https:\/\/www.istegroup.com\/fr\/wp-json\/wp\/v2\/types\/product"}],"wp:featuredmedia":[{"embeddable":true,"href":"https:\/\/www.istegroup.com\/fr\/wp-json\/wp\/v2\/media\/59134"}],"wp:attachment":[{"href":"https:\/\/www.istegroup.com\/fr\/wp-json\/wp\/v2\/media?parent=59126"}],"wp:term":[{"taxonomy":"product_brand","embeddable":true,"href":"https:\/\/www.istegroup.com\/fr\/wp-json\/wp\/v2\/product_brand?post=59126"},{"taxonomy":"product_cat","embeddable":true,"href":"https:\/\/www.istegroup.com\/fr\/wp-json\/wp\/v2\/product_cat?post=59126"},{"taxonomy":"product_tag","embeddable":true,"href":"https:\/\/www.istegroup.com\/fr\/wp-json\/wp\/v2\/product_tag?post=59126"}],"curies":[{"name":"wp","href":"https:\/\/api.w.org\/{rel}","templated":true}]}}