{"id":59106,"date":"2025-01-08T09:53:21","date_gmt":"2025-01-08T09:53:21","guid":{"rendered":"https:\/\/www.istegroup.com\/?post_type=product&#038;p=59106"},"modified":"2026-04-14T09:47:29","modified_gmt":"2026-04-14T08:47:29","slug":"tourisme-technologies-et-consommation-a-lere-du-5-0","status":"publish","type":"product","link":"https:\/\/www.istegroup.com\/fr\/produit\/tourisme-technologies-et-consommation-a-lere-du-5-0\/","title":{"rendered":"Tourisme, technologies et consommation \u00e0 l\u2019\u00e8re du 5.0"},"content":{"rendered":"<p>L\u2019histoire nous montre que les technologies aident l\u2019homme dans ses activit\u00e9s quotidiennes. Chaque \u00e9volution technologique majeure provoque une r\u00e9volution \u00e9conomique, culturelle et sociale, transformant les modes de vie des citoyens, des organisations professionnelles et les pratiques de consommation. Les technologies num\u00e9riques l\u2019illustrent parfaitement, et le tourisme n\u2019y \u00e9chappe pas. Bient\u00f4t, les technologies de la g\u00e9n\u00e9ration \u00ab X.0 \u00bb (IA, cobots, biotechnologies, etc.) entra\u00eeneront une nouvelle r\u00e9volution sociotechnologique, introduisant l\u2019\u00e8re 5.0.<\/p>\n<p><em>Tourisme, technologies et consommation \u00e0 l\u2019\u00e8re du 5.0<\/em> explore le r\u00f4le et les enjeux des nouvelles technologies dans la \u00ab Soci\u00e9t\u00e9 5.0 \u00bb, qui transforme progressivement les pratiques des professionnels du tourisme et des voyageurs. Face aux d\u00e9fis du changement climatique et du d\u00e9veloppement durable, il examine les opportunit\u00e9s et les limites des technologies bionum\u00e9riques en faveur d\u2019un tourisme plus durable et responsable.<\/p>\n<p>L\u2019ouvrage aide \u00e0 d\u00e9crypter un monde en transition, o\u00f9 les technologies digitales r\u00e9inventeront les exp\u00e9riences de consommation, notamment dans le tourisme, et encourageront des comportements socialement plus responsables.<\/p>","protected":false},"excerpt":{"rendered":"<p>L\u2019histoire nous montre que les technologies aident l\u2019homme dans ses activit\u00e9s quotidiennes. Chaque \u00e9volution technologique majeure provoque une r\u00e9volution \u00e9conomique, culturelle et sociale, transformant les modes de vie des citoyens, des organisations professionnelles et les pratiques de consommation. Les technologies num\u00e9riques l\u2019illustrent parfaitement, et le tourisme n\u2019y \u00e9chappe pas. Bient\u00f4t, les technologies de la g\u00e9n\u00e9ration [&hellip;]<\/p>\n","protected":false},"featured_media":63609,"template":"","meta":{"_acf_changed":false,"_links_to":"","_links_to_target":""},"product_brand":[],"product_cat":[3262,684],"product_tag":[],"class_list":{"0":"post-59106","1":"product","2":"type-product","3":"status-publish","4":"has-post-thumbnail","6":"product_cat-non-classe","7":"product_cat-sciences-socit-et-nouvelles-technologies-188422468","9":"first","10":"instock","11":"shipping-taxable","12":"purchasable","13":"product-type-variable"},"acf":[],"yoast_head":"<!-- This site is optimized with the Yoast SEO plugin v27.2 - https:\/\/yoast.com\/product\/yoast-seo-wordpress\/ -->\n<title>Tourisme, technologies et consommation \u00e0 l\u2019\u00e8re du 5.0 - ISTE Group<\/title>\n<meta name=\"description\" content=\"Tourisme, technologies et consommation \u00e0 l\u2019\u00e8re du 5.0 explore le r\u00f4le et les enjeux des nouvelles technologies dans la \u00ab Soci\u00e9t\u00e9 5.0 \u00bb, qui transforme progressivement les pratiques des professionnels du tourisme et des voyageurs.\" \/>\n<meta name=\"robots\" content=\"index, follow, max-snippet:-1, max-image-preview:large, max-video-preview:-1\" \/>\n<link rel=\"canonical\" href=\"https:\/\/www.istegroup.com\/produit\/tourisme-technologies-et-consommation-a-lere-du-5-0\/\" \/>\n<meta property=\"og:locale\" content=\"fr_FR\" \/>\n<meta property=\"og:type\" content=\"article\" \/>\n<meta property=\"og:title\" content=\"Tourisme, technologies et consommation \u00e0 l\u2019\u00e8re du 5.0 - ISTE Group\" \/>\n<meta property=\"og:description\" content=\"Tourisme, technologies et consommation \u00e0 l\u2019\u00e8re du 5.0 explore le r\u00f4le et les enjeux des nouvelles technologies dans la \u00ab Soci\u00e9t\u00e9 5.0 \u00bb, qui transforme progressivement les pratiques des professionnels du tourisme et des voyageurs.\" \/>\n<meta property=\"og:url\" content=\"https:\/\/www.istegroup.com\/produit\/tourisme-technologies-et-consommation-a-lere-du-5-0\/\" \/>\n<meta property=\"og:site_name\" content=\"ISTE Group\" \/>\n<meta property=\"article:modified_time\" content=\"2026-04-14T08:47:29+00:00\" \/>\n<meta property=\"og:image\" content=\"https:\/\/www.istegroup.com\/wp-content\/uploads\/2025\/01\/024_Tourisme-technologies-et-consommation-a-lere-du-5.0_fnege.jpg\" \/>\n\t<meta property=\"og:image:width\" content=\"596\" \/>\n\t<meta property=\"og:image:height\" content=\"897\" \/>\n\t<meta property=\"og:image:type\" content=\"image\/jpeg\" \/>\n<meta name=\"twitter:card\" content=\"summary_large_image\" \/>\n<meta name=\"twitter:label1\" content=\"Est. reading time\" \/>\n\t<meta name=\"twitter:data1\" content=\"1 minute\" \/>\n<script type=\"application\/ld+json\" class=\"yoast-schema-graph\">{\"@context\":\"https:\/\/schema.org\",\"@graph\":[{\"@type\":\"WebPage\",\"@id\":\"https:\/\/www.istegroup.com\/produit\/tourisme-technologies-et-consommation-a-lere-du-5-0\/\",\"url\":\"https:\/\/www.istegroup.com\/produit\/tourisme-technologies-et-consommation-a-lere-du-5-0\/\",\"name\":\"Tourisme, technologies et consommation \u00e0 l\u2019\u00e8re du 5.0 - ISTE Group\",\"isPartOf\":{\"@id\":\"https:\/\/www.istegroup.com\/#website\"},\"primaryImageOfPage\":{\"@id\":\"https:\/\/www.istegroup.com\/produit\/tourisme-technologies-et-consommation-a-lere-du-5-0\/#primaryimage\"},\"image\":{\"@id\":\"https:\/\/www.istegroup.com\/produit\/tourisme-technologies-et-consommation-a-lere-du-5-0\/#primaryimage\"},\"thumbnailUrl\":\"https:\/\/www.istegroup.com\/wp-content\/uploads\/2025\/01\/024_Tourisme-technologies-et-consommation-a-lere-du-5.0_fnege.jpg\",\"datePublished\":\"2025-01-08T09:53:21+00:00\",\"dateModified\":\"2026-04-14T08:47:29+00:00\",\"description\":\"Tourisme, technologies et consommation \u00e0 l\u2019\u00e8re du 5.0 explore le r\u00f4le et les enjeux des nouvelles technologies dans la \u00ab Soci\u00e9t\u00e9 5.0 \u00bb, qui transforme progressivement les pratiques des professionnels du tourisme et des voyageurs.\",\"breadcrumb\":{\"@id\":\"https:\/\/www.istegroup.com\/produit\/tourisme-technologies-et-consommation-a-lere-du-5-0\/#breadcrumb\"},\"inLanguage\":\"fr-FR\",\"potentialAction\":[{\"@type\":\"ReadAction\",\"target\":[\"https:\/\/www.istegroup.com\/produit\/tourisme-technologies-et-consommation-a-lere-du-5-0\/\"]}]},{\"@type\":\"ImageObject\",\"inLanguage\":\"fr-FR\",\"@id\":\"https:\/\/www.istegroup.com\/produit\/tourisme-technologies-et-consommation-a-lere-du-5-0\/#primaryimage\",\"url\":\"https:\/\/www.istegroup.com\/wp-content\/uploads\/2025\/01\/024_Tourisme-technologies-et-consommation-a-lere-du-5.0_fnege.jpg\",\"contentUrl\":\"https:\/\/www.istegroup.com\/wp-content\/uploads\/2025\/01\/024_Tourisme-technologies-et-consommation-a-lere-du-5.0_fnege.jpg\",\"width\":596,\"height\":897},{\"@type\":\"BreadcrumbList\",\"@id\":\"https:\/\/www.istegroup.com\/produit\/tourisme-technologies-et-consommation-a-lere-du-5-0\/#breadcrumb\",\"itemListElement\":[{\"@type\":\"ListItem\",\"position\":1,\"name\":\"Home\",\"item\":\"https:\/\/www.istegroup.com\/\"},{\"@type\":\"ListItem\",\"position\":2,\"name\":\"Shop\",\"item\":\"https:\/\/www.istegroup.com\/fr\/nouveautes\/\"},{\"@type\":\"ListItem\",\"position\":3,\"name\":\"Tourisme, technologies et consommation \u00e0 l\u2019\u00e8re du 5.0\"}]},{\"@type\":\"WebSite\",\"@id\":\"https:\/\/www.istegroup.com\/#website\",\"url\":\"https:\/\/www.istegroup.com\/\",\"name\":\"ISTE Group\",\"description\":\"\u00c9diteur des Sciences\",\"potentialAction\":[{\"@type\":\"SearchAction\",\"target\":{\"@type\":\"EntryPoint\",\"urlTemplate\":\"https:\/\/www.istegroup.com\/?s={search_term_string}\"},\"query-input\":{\"@type\":\"PropertyValueSpecification\",\"valueRequired\":true,\"valueName\":\"search_term_string\"}}],\"inLanguage\":\"fr-FR\"}]}<\/script>\n<!-- \/ Yoast SEO plugin. -->","yoast_head_json":{"title":"Tourisme, technologies et consommation \u00e0 l\u2019\u00e8re du 5.0 - ISTE Group","description":"Tourisme, technologies et consommation \u00e0 l\u2019\u00e8re du 5.0 explore le r\u00f4le et les enjeux des nouvelles technologies dans la \u00ab Soci\u00e9t\u00e9 5.0 \u00bb, qui transforme progressivement les pratiques des professionnels du tourisme et des voyageurs.","robots":{"index":"index","follow":"follow","max-snippet":"max-snippet:-1","max-image-preview":"max-image-preview:large","max-video-preview":"max-video-preview:-1"},"canonical":"https:\/\/www.istegroup.com\/produit\/tourisme-technologies-et-consommation-a-lere-du-5-0\/","og_locale":"fr_FR","og_type":"article","og_title":"Tourisme, technologies et consommation \u00e0 l\u2019\u00e8re du 5.0 - ISTE Group","og_description":"Tourisme, technologies et consommation \u00e0 l\u2019\u00e8re du 5.0 explore le r\u00f4le et les enjeux des nouvelles technologies dans la \u00ab Soci\u00e9t\u00e9 5.0 \u00bb, qui transforme progressivement les pratiques des professionnels du tourisme et des voyageurs.","og_url":"https:\/\/www.istegroup.com\/produit\/tourisme-technologies-et-consommation-a-lere-du-5-0\/","og_site_name":"ISTE Group","article_modified_time":"2026-04-14T08:47:29+00:00","og_image":[{"width":596,"height":897,"url":"https:\/\/www.istegroup.com\/wp-content\/uploads\/2025\/01\/024_Tourisme-technologies-et-consommation-a-lere-du-5.0_fnege.jpg","type":"image\/jpeg"}],"twitter_card":"summary_large_image","twitter_misc":{"Est. reading time":"1 minute"},"schema":{"@context":"https:\/\/schema.org","@graph":[{"@type":"WebPage","@id":"https:\/\/www.istegroup.com\/produit\/tourisme-technologies-et-consommation-a-lere-du-5-0\/","url":"https:\/\/www.istegroup.com\/produit\/tourisme-technologies-et-consommation-a-lere-du-5-0\/","name":"Tourisme, technologies et consommation \u00e0 l\u2019\u00e8re du 5.0 - ISTE Group","isPartOf":{"@id":"https:\/\/www.istegroup.com\/#website"},"primaryImageOfPage":{"@id":"https:\/\/www.istegroup.com\/produit\/tourisme-technologies-et-consommation-a-lere-du-5-0\/#primaryimage"},"image":{"@id":"https:\/\/www.istegroup.com\/produit\/tourisme-technologies-et-consommation-a-lere-du-5-0\/#primaryimage"},"thumbnailUrl":"https:\/\/www.istegroup.com\/wp-content\/uploads\/2025\/01\/024_Tourisme-technologies-et-consommation-a-lere-du-5.0_fnege.jpg","datePublished":"2025-01-08T09:53:21+00:00","dateModified":"2026-04-14T08:47:29+00:00","description":"Tourisme, technologies et consommation \u00e0 l\u2019\u00e8re du 5.0 explore le r\u00f4le et les enjeux des nouvelles technologies dans la \u00ab Soci\u00e9t\u00e9 5.0 \u00bb, qui transforme progressivement les pratiques des professionnels du tourisme et des voyageurs.","breadcrumb":{"@id":"https:\/\/www.istegroup.com\/produit\/tourisme-technologies-et-consommation-a-lere-du-5-0\/#breadcrumb"},"inLanguage":"fr-FR","potentialAction":[{"@type":"ReadAction","target":["https:\/\/www.istegroup.com\/produit\/tourisme-technologies-et-consommation-a-lere-du-5-0\/"]}]},{"@type":"ImageObject","inLanguage":"fr-FR","@id":"https:\/\/www.istegroup.com\/produit\/tourisme-technologies-et-consommation-a-lere-du-5-0\/#primaryimage","url":"https:\/\/www.istegroup.com\/wp-content\/uploads\/2025\/01\/024_Tourisme-technologies-et-consommation-a-lere-du-5.0_fnege.jpg","contentUrl":"https:\/\/www.istegroup.com\/wp-content\/uploads\/2025\/01\/024_Tourisme-technologies-et-consommation-a-lere-du-5.0_fnege.jpg","width":596,"height":897},{"@type":"BreadcrumbList","@id":"https:\/\/www.istegroup.com\/produit\/tourisme-technologies-et-consommation-a-lere-du-5-0\/#breadcrumb","itemListElement":[{"@type":"ListItem","position":1,"name":"Home","item":"https:\/\/www.istegroup.com\/"},{"@type":"ListItem","position":2,"name":"Shop","item":"https:\/\/www.istegroup.com\/fr\/nouveautes\/"},{"@type":"ListItem","position":3,"name":"Tourisme, technologies et consommation \u00e0 l\u2019\u00e8re du 5.0"}]},{"@type":"WebSite","@id":"https:\/\/www.istegroup.com\/#website","url":"https:\/\/www.istegroup.com\/","name":"ISTE Group","description":"\u00c9diteur des Sciences","potentialAction":[{"@type":"SearchAction","target":{"@type":"EntryPoint","urlTemplate":"https:\/\/www.istegroup.com\/?s={search_term_string}"},"query-input":{"@type":"PropertyValueSpecification","valueRequired":true,"valueName":"search_term_string"}}],"inLanguage":"fr-FR"}]}},"_links":{"self":[{"href":"https:\/\/www.istegroup.com\/fr\/wp-json\/wp\/v2\/product\/59106","targetHints":{"allow":["GET"]}}],"collection":[{"href":"https:\/\/www.istegroup.com\/fr\/wp-json\/wp\/v2\/product"}],"about":[{"href":"https:\/\/www.istegroup.com\/fr\/wp-json\/wp\/v2\/types\/product"}],"wp:featuredmedia":[{"embeddable":true,"href":"https:\/\/www.istegroup.com\/fr\/wp-json\/wp\/v2\/media\/63609"}],"wp:attachment":[{"href":"https:\/\/www.istegroup.com\/fr\/wp-json\/wp\/v2\/media?parent=59106"}],"wp:term":[{"taxonomy":"product_brand","embeddable":true,"href":"https:\/\/www.istegroup.com\/fr\/wp-json\/wp\/v2\/product_brand?post=59106"},{"taxonomy":"product_cat","embeddable":true,"href":"https:\/\/www.istegroup.com\/fr\/wp-json\/wp\/v2\/product_cat?post=59106"},{"taxonomy":"product_tag","embeddable":true,"href":"https:\/\/www.istegroup.com\/fr\/wp-json\/wp\/v2\/product_tag?post=59106"}],"curies":[{"name":"wp","href":"https:\/\/api.w.org\/{rel}","templated":true}]}}