{"id":59050,"date":"2025-01-21T12:30:35","date_gmt":"2025-01-21T12:30:35","guid":{"rendered":"https:\/\/www.istegroup.com\/?post_type=product&#038;p=59050"},"modified":"2026-03-25T11:07:09","modified_gmt":"2026-03-25T11:07:09","slug":"vieillissement-des-polymeres-industriels-2","status":"publish","type":"product","link":"https:\/\/www.istegroup.com\/fr\/produit\/vieillissement-des-polymeres-industriels-2\/","title":{"rendered":"Vieillissement des polym\u00e8res industriels 2"},"content":{"rendered":"<p>Permettant, par exemple, d\u2019all\u00e9ger les mat\u00e9riaux structurels ou les emballages alimentaires, les polym\u00e8res et composites sont omnipr\u00e9sents dans notre quotidien. Leurs performances d\u00e9pendent non seulement de leur structure chimique, de leur synth\u00e8se, de leur architecturation et du proc\u00e9d\u00e9 de mise en forme, mais elles \u00e9voluent \u00e9galement dans le temps sous l\u2019effet de processus qui modifient, parfois lentement mais de fa\u00e7on irr\u00e9versible, la structure du mat\u00e9riau.<\/p>\n<p>Les utilisateurs doivent ainsi s\u2019interroger sur la dur\u00e9e maximale d\u2019utilisation pendant laquelle ces mat\u00e9riaux conservent des niveaux de propri\u00e9t\u00e9s acceptables. Ce questionnement est d\u2019autant plus crucial qu\u2019il r\u00e9pond aux exigences soci\u00e9tales li\u00e9es \u00e0 la limitation des flux de d\u00e9chets en fin de vie et \u00e0 la pr\u00e9servation des ressources n\u00e9cessaires \u00e0 leur \u00e9laboration.<\/p>\n<p>Pour r\u00e9pondre \u00e0 ces enjeux, <em>Vieillissement des polym\u00e8res industriels 2<\/em> propose aux concepteurs des outils pour analyser les m\u00e9canismes de d\u00e9gradation d\u2019un mat\u00e9riau dans des conditions d\u2019utilisation donn\u00e9es, \u00e9laborer des mod\u00e8les permettant de pr\u00e9dire la vitesse de cette d\u00e9gradation et comprendre l\u2019effet des ph\u00e9nom\u00e8nes se produisant \u00e0 l\u2019\u00e9chelle mol\u00e9culaire sur les propri\u00e9t\u00e9s macroscopiques du mat\u00e9riau.<\/p>","protected":false},"excerpt":{"rendered":"<p>Permettant, par exemple, d\u2019all\u00e9ger les mat\u00e9riaux structurels ou les emballages alimentaires, les polym\u00e8res et composites sont omnipr\u00e9sents dans notre quotidien. Leurs performances d\u00e9pendent non seulement de leur structure chimique, de leur synth\u00e8se, de leur architecturation et du proc\u00e9d\u00e9 de mise en forme, mais elles \u00e9voluent \u00e9galement dans le temps sous l\u2019effet de processus qui modifient, [&hellip;]<\/p>\n","protected":false},"featured_media":59056,"template":"","meta":{"_acf_changed":false,"_links_to":"","_links_to_target":""},"product_brand":[],"product_cat":[4289],"product_tag":[],"class_list":{"0":"post-59050","1":"product","2":"type-product","3":"status-publish","4":"has-post-thumbnail","6":"product_cat-sciences","8":"first","9":"instock","10":"shipping-taxable","11":"purchasable","12":"product-type-variable"},"acf":[],"yoast_head":"<!-- This site is optimized with the Yoast SEO plugin v27.2 - https:\/\/yoast.com\/product\/yoast-seo-wordpress\/ -->\n<title>Vieillissement des polym\u00e8res industriels 2 - ISTE Group<\/title>\n<meta name=\"description\" content=\"Vieillissement des polym\u00e8res industriels 2 propose aux concepteurs des outils pour analyser les m\u00e9canismes de d\u00e9gradation d\u2019un mat\u00e9riau dans des conditions d\u2019utilisation donn\u00e9es, \u00e9laborer des mod\u00e8les permettant de pr\u00e9dire la vitesse de cette d\u00e9gradation et comprendre l\u2019effet des ph\u00e9nom\u00e8nes se produisant \u00e0 l\u2019\u00e9chelle mol\u00e9culaire sur les propri\u00e9t\u00e9s macroscopiques du mat\u00e9riau.\" \/>\n<meta name=\"robots\" content=\"index, follow, max-snippet:-1, max-image-preview:large, max-video-preview:-1\" \/>\n<link rel=\"canonical\" href=\"https:\/\/www.istegroup.com\/produit\/vieillissement-des-polymeres-industriels-2\/\" \/>\n<meta property=\"og:locale\" content=\"fr_FR\" \/>\n<meta property=\"og:type\" content=\"article\" \/>\n<meta property=\"og:title\" content=\"Vieillissement des polym\u00e8res industriels 2 - ISTE Group\" \/>\n<meta property=\"og:description\" content=\"Vieillissement des polym\u00e8res industriels 2 propose aux concepteurs des outils pour analyser les m\u00e9canismes de d\u00e9gradation d\u2019un mat\u00e9riau dans des conditions d\u2019utilisation donn\u00e9es, \u00e9laborer des mod\u00e8les permettant de pr\u00e9dire la vitesse de cette d\u00e9gradation et comprendre l\u2019effet des ph\u00e9nom\u00e8nes se produisant \u00e0 l\u2019\u00e9chelle mol\u00e9culaire sur les propri\u00e9t\u00e9s macroscopiques du mat\u00e9riau.\" \/>\n<meta property=\"og:url\" content=\"https:\/\/www.istegroup.com\/produit\/vieillissement-des-polymeres-industriels-2\/\" \/>\n<meta property=\"og:site_name\" content=\"ISTE Group\" \/>\n<meta property=\"article:modified_time\" content=\"2026-03-25T11:07:09+00:00\" \/>\n<meta property=\"og:image\" content=\"https:\/\/www.istegroup.com\/wp-content\/uploads\/2025\/01\/Vieillissement-des-polymeres-industriels-2.png\" \/>\n\t<meta property=\"og:image:width\" content=\"300\" \/>\n\t<meta property=\"og:image:height\" content=\"450\" \/>\n\t<meta property=\"og:image:type\" content=\"image\/png\" \/>\n<meta name=\"twitter:card\" content=\"summary_large_image\" \/>\n<meta name=\"twitter:label1\" content=\"Est. reading time\" \/>\n\t<meta name=\"twitter:data1\" content=\"2 minutes\" \/>\n<script type=\"application\/ld+json\" class=\"yoast-schema-graph\">{\"@context\":\"https:\/\/schema.org\",\"@graph\":[{\"@type\":\"WebPage\",\"@id\":\"https:\/\/www.istegroup.com\/produit\/vieillissement-des-polymeres-industriels-2\/\",\"url\":\"https:\/\/www.istegroup.com\/produit\/vieillissement-des-polymeres-industriels-2\/\",\"name\":\"Vieillissement des polym\u00e8res industriels 2 - ISTE Group\",\"isPartOf\":{\"@id\":\"https:\/\/www.istegroup.com\/#website\"},\"primaryImageOfPage\":{\"@id\":\"https:\/\/www.istegroup.com\/produit\/vieillissement-des-polymeres-industriels-2\/#primaryimage\"},\"image\":{\"@id\":\"https:\/\/www.istegroup.com\/produit\/vieillissement-des-polymeres-industriels-2\/#primaryimage\"},\"thumbnailUrl\":\"https:\/\/www.istegroup.com\/wp-content\/uploads\/2025\/01\/Vieillissement-des-polymeres-industriels-2.png\",\"datePublished\":\"2025-01-21T12:30:35+00:00\",\"dateModified\":\"2026-03-25T11:07:09+00:00\",\"description\":\"Vieillissement des polym\u00e8res industriels 2 propose aux concepteurs des outils pour analyser les m\u00e9canismes de d\u00e9gradation d\u2019un mat\u00e9riau dans des conditions d\u2019utilisation donn\u00e9es, \u00e9laborer des mod\u00e8les permettant de pr\u00e9dire la vitesse de cette d\u00e9gradation et comprendre l\u2019effet des ph\u00e9nom\u00e8nes se produisant \u00e0 l\u2019\u00e9chelle mol\u00e9culaire sur les propri\u00e9t\u00e9s macroscopiques du mat\u00e9riau.\",\"breadcrumb\":{\"@id\":\"https:\/\/www.istegroup.com\/produit\/vieillissement-des-polymeres-industriels-2\/#breadcrumb\"},\"inLanguage\":\"fr-FR\",\"potentialAction\":[{\"@type\":\"ReadAction\",\"target\":[\"https:\/\/www.istegroup.com\/produit\/vieillissement-des-polymeres-industriels-2\/\"]}]},{\"@type\":\"ImageObject\",\"inLanguage\":\"fr-FR\",\"@id\":\"https:\/\/www.istegroup.com\/produit\/vieillissement-des-polymeres-industriels-2\/#primaryimage\",\"url\":\"https:\/\/www.istegroup.com\/wp-content\/uploads\/2025\/01\/Vieillissement-des-polymeres-industriels-2.png\",\"contentUrl\":\"https:\/\/www.istegroup.com\/wp-content\/uploads\/2025\/01\/Vieillissement-des-polymeres-industriels-2.png\",\"width\":300,\"height\":450,\"caption\":\"Livre scientifique - Vieillissement des polym\u00e8res industriels 2\"},{\"@type\":\"BreadcrumbList\",\"@id\":\"https:\/\/www.istegroup.com\/produit\/vieillissement-des-polymeres-industriels-2\/#breadcrumb\",\"itemListElement\":[{\"@type\":\"ListItem\",\"position\":1,\"name\":\"Home\",\"item\":\"https:\/\/www.istegroup.com\/\"},{\"@type\":\"ListItem\",\"position\":2,\"name\":\"Shop\",\"item\":\"https:\/\/www.istegroup.com\/fr\/nouveautes\/\"},{\"@type\":\"ListItem\",\"position\":3,\"name\":\"Vieillissement des polym\u00e8res industriels 2\"}]},{\"@type\":\"WebSite\",\"@id\":\"https:\/\/www.istegroup.com\/#website\",\"url\":\"https:\/\/www.istegroup.com\/\",\"name\":\"ISTE Group\",\"description\":\"\u00c9diteur des Sciences\",\"potentialAction\":[{\"@type\":\"SearchAction\",\"target\":{\"@type\":\"EntryPoint\",\"urlTemplate\":\"https:\/\/www.istegroup.com\/?s={search_term_string}\"},\"query-input\":{\"@type\":\"PropertyValueSpecification\",\"valueRequired\":true,\"valueName\":\"search_term_string\"}}],\"inLanguage\":\"fr-FR\"}]}<\/script>\n<!-- \/ Yoast SEO plugin. -->","yoast_head_json":{"title":"Vieillissement des polym\u00e8res industriels 2 - ISTE Group","description":"Vieillissement des polym\u00e8res industriels 2 propose aux concepteurs des outils pour analyser les m\u00e9canismes de d\u00e9gradation d\u2019un mat\u00e9riau dans des conditions d\u2019utilisation donn\u00e9es, \u00e9laborer des mod\u00e8les permettant de pr\u00e9dire la vitesse de cette d\u00e9gradation et comprendre l\u2019effet des ph\u00e9nom\u00e8nes se produisant \u00e0 l\u2019\u00e9chelle mol\u00e9culaire sur les propri\u00e9t\u00e9s macroscopiques du mat\u00e9riau.","robots":{"index":"index","follow":"follow","max-snippet":"max-snippet:-1","max-image-preview":"max-image-preview:large","max-video-preview":"max-video-preview:-1"},"canonical":"https:\/\/www.istegroup.com\/produit\/vieillissement-des-polymeres-industriels-2\/","og_locale":"fr_FR","og_type":"article","og_title":"Vieillissement des polym\u00e8res industriels 2 - ISTE Group","og_description":"Vieillissement des polym\u00e8res industriels 2 propose aux concepteurs des outils pour analyser les m\u00e9canismes de d\u00e9gradation d\u2019un mat\u00e9riau dans des conditions d\u2019utilisation donn\u00e9es, \u00e9laborer des mod\u00e8les permettant de pr\u00e9dire la vitesse de cette d\u00e9gradation et comprendre l\u2019effet des ph\u00e9nom\u00e8nes se produisant \u00e0 l\u2019\u00e9chelle mol\u00e9culaire sur les propri\u00e9t\u00e9s macroscopiques du mat\u00e9riau.","og_url":"https:\/\/www.istegroup.com\/produit\/vieillissement-des-polymeres-industriels-2\/","og_site_name":"ISTE Group","article_modified_time":"2026-03-25T11:07:09+00:00","og_image":[{"width":300,"height":450,"url":"https:\/\/www.istegroup.com\/wp-content\/uploads\/2025\/01\/Vieillissement-des-polymeres-industriels-2.png","type":"image\/png"}],"twitter_card":"summary_large_image","twitter_misc":{"Est. reading time":"2 minutes"},"schema":{"@context":"https:\/\/schema.org","@graph":[{"@type":"WebPage","@id":"https:\/\/www.istegroup.com\/produit\/vieillissement-des-polymeres-industriels-2\/","url":"https:\/\/www.istegroup.com\/produit\/vieillissement-des-polymeres-industriels-2\/","name":"Vieillissement des polym\u00e8res industriels 2 - ISTE Group","isPartOf":{"@id":"https:\/\/www.istegroup.com\/#website"},"primaryImageOfPage":{"@id":"https:\/\/www.istegroup.com\/produit\/vieillissement-des-polymeres-industriels-2\/#primaryimage"},"image":{"@id":"https:\/\/www.istegroup.com\/produit\/vieillissement-des-polymeres-industriels-2\/#primaryimage"},"thumbnailUrl":"https:\/\/www.istegroup.com\/wp-content\/uploads\/2025\/01\/Vieillissement-des-polymeres-industriels-2.png","datePublished":"2025-01-21T12:30:35+00:00","dateModified":"2026-03-25T11:07:09+00:00","description":"Vieillissement des polym\u00e8res industriels 2 propose aux concepteurs des outils pour analyser les m\u00e9canismes de d\u00e9gradation d\u2019un mat\u00e9riau dans des conditions d\u2019utilisation donn\u00e9es, \u00e9laborer des mod\u00e8les permettant de pr\u00e9dire la vitesse de cette d\u00e9gradation et comprendre l\u2019effet des ph\u00e9nom\u00e8nes se produisant \u00e0 l\u2019\u00e9chelle mol\u00e9culaire sur les propri\u00e9t\u00e9s macroscopiques du mat\u00e9riau.","breadcrumb":{"@id":"https:\/\/www.istegroup.com\/produit\/vieillissement-des-polymeres-industriels-2\/#breadcrumb"},"inLanguage":"fr-FR","potentialAction":[{"@type":"ReadAction","target":["https:\/\/www.istegroup.com\/produit\/vieillissement-des-polymeres-industriels-2\/"]}]},{"@type":"ImageObject","inLanguage":"fr-FR","@id":"https:\/\/www.istegroup.com\/produit\/vieillissement-des-polymeres-industriels-2\/#primaryimage","url":"https:\/\/www.istegroup.com\/wp-content\/uploads\/2025\/01\/Vieillissement-des-polymeres-industriels-2.png","contentUrl":"https:\/\/www.istegroup.com\/wp-content\/uploads\/2025\/01\/Vieillissement-des-polymeres-industriels-2.png","width":300,"height":450,"caption":"Livre scientifique - Vieillissement des polym\u00e8res industriels 2"},{"@type":"BreadcrumbList","@id":"https:\/\/www.istegroup.com\/produit\/vieillissement-des-polymeres-industriels-2\/#breadcrumb","itemListElement":[{"@type":"ListItem","position":1,"name":"Home","item":"https:\/\/www.istegroup.com\/"},{"@type":"ListItem","position":2,"name":"Shop","item":"https:\/\/www.istegroup.com\/fr\/nouveautes\/"},{"@type":"ListItem","position":3,"name":"Vieillissement des polym\u00e8res industriels 2"}]},{"@type":"WebSite","@id":"https:\/\/www.istegroup.com\/#website","url":"https:\/\/www.istegroup.com\/","name":"ISTE Group","description":"\u00c9diteur des Sciences","potentialAction":[{"@type":"SearchAction","target":{"@type":"EntryPoint","urlTemplate":"https:\/\/www.istegroup.com\/?s={search_term_string}"},"query-input":{"@type":"PropertyValueSpecification","valueRequired":true,"valueName":"search_term_string"}}],"inLanguage":"fr-FR"}]}},"_links":{"self":[{"href":"https:\/\/www.istegroup.com\/fr\/wp-json\/wp\/v2\/product\/59050","targetHints":{"allow":["GET"]}}],"collection":[{"href":"https:\/\/www.istegroup.com\/fr\/wp-json\/wp\/v2\/product"}],"about":[{"href":"https:\/\/www.istegroup.com\/fr\/wp-json\/wp\/v2\/types\/product"}],"wp:featuredmedia":[{"embeddable":true,"href":"https:\/\/www.istegroup.com\/fr\/wp-json\/wp\/v2\/media\/59056"}],"wp:attachment":[{"href":"https:\/\/www.istegroup.com\/fr\/wp-json\/wp\/v2\/media?parent=59050"}],"wp:term":[{"taxonomy":"product_brand","embeddable":true,"href":"https:\/\/www.istegroup.com\/fr\/wp-json\/wp\/v2\/product_brand?post=59050"},{"taxonomy":"product_cat","embeddable":true,"href":"https:\/\/www.istegroup.com\/fr\/wp-json\/wp\/v2\/product_cat?post=59050"},{"taxonomy":"product_tag","embeddable":true,"href":"https:\/\/www.istegroup.com\/fr\/wp-json\/wp\/v2\/product_tag?post=59050"}],"curies":[{"name":"wp","href":"https:\/\/api.w.org\/{rel}","templated":true}]}}