{"id":59030,"date":"2025-01-21T14:10:52","date_gmt":"2025-01-21T14:10:52","guid":{"rendered":"https:\/\/www.istegroup.com\/?post_type=product&#038;p=59030"},"modified":"2025-01-27T12:19:06","modified_gmt":"2025-01-27T12:19:06","slug":"radar-a-penetration-de-sol","status":"publish","type":"product","link":"https:\/\/www.istegroup.com\/fr\/produit\/radar-a-penetration-de-sol\/","title":{"rendered":"Radar \u00e0 p\u00e9n\u00e9tration de sol"},"content":{"rendered":"<p>Cet ouvrage propose une vue d\u2019ensemble des avanc\u00e9es modernes en radar \u00e0 p\u00e9n\u00e9tration de sol (GPR), technologie de nature pluridisciplinaire rassemblant une communaut\u00e9 aussi vaste que diverse. Il traite de la conception et l\u2019optimisation de radars innovants gr\u00e2ce aux antennes et \u00e0 l\u2019\u00e9lectronique associ\u00e9e, aux algorithmes d\u2019imagerie, \u00e0 la diversit\u00e9 m\u00e9thodologique, aux proc\u00e9dures de calibration et au d\u00e9veloppement d\u2019outils pour l\u2019interpr\u00e9tation des donn\u00e9es dans des configurations mono ou multistatiques dans les domaines fr\u00e9quentiel ou transitoire.<\/p>\n<p><em>Radar \u00e0 p\u00e9n\u00e9tration de sol<\/em> pr\u00e9sente des illustrations en g\u00e9nie civil pour le diagnostic des infrastructures de transport et des b\u00e2timents, des relev\u00e9s arch\u00e9ologiques pour la valorisation du patrimoine culturel, la d\u00e9tection de tuyaux et de cavit\u00e9s souterrains, l\u2019estimation de la teneur en eau du sol pour l\u2019agriculture, et la cartographie des racines souterraines des arbres. En plan\u00e9tologie, l\u2019analyse de la structure interne des plan\u00e8tes et d\u2019autres corps c\u00e9lestes \u00e0 l\u2019aide d\u2019ondes \u00e9lectromagn\u00e9tiques est \u00e9galement men\u00e9e.<\/p>","protected":false},"excerpt":{"rendered":"<p>Cet ouvrage propose une vue d\u2019ensemble des avanc\u00e9es modernes en radar \u00e0 p\u00e9n\u00e9tration de sol (GPR), technologie de nature pluridisciplinaire rassemblant une communaut\u00e9 aussi vaste que diverse. Il traite de la conception et l\u2019optimisation de radars innovants gr\u00e2ce aux antennes et \u00e0 l\u2019\u00e9lectronique associ\u00e9e, aux algorithmes d\u2019imagerie, \u00e0 la diversit\u00e9 m\u00e9thodologique, aux proc\u00e9dures de calibration [&hellip;]<\/p>\n","protected":false},"featured_media":59043,"template":"","meta":{"_acf_changed":false,"_links_to":"","_links_to_target":""},"product_brand":[],"product_cat":[4289],"product_tag":[],"class_list":{"0":"post-59030","1":"product","2":"type-product","3":"status-publish","4":"has-post-thumbnail","6":"product_cat-sciences","8":"first","9":"instock","10":"shipping-taxable","11":"purchasable","12":"product-type-variable"},"acf":[],"yoast_head":"<!-- This site is optimized with the Yoast SEO plugin v27.2 - https:\/\/yoast.com\/product\/yoast-seo-wordpress\/ -->\n<title>Radar \u00e0 p\u00e9n\u00e9tration de sol - ISTE Group<\/title>\n<meta name=\"description\" content=\"Cet ouvrage propose une vue d\u2019ensemble des avanc\u00e9es modernes en radar \u00e0 p\u00e9n\u00e9tration de sol (GPR), technologie de nature pluridisciplinaire rassemblant une communaut\u00e9 aussi vaste que diverse.\" \/>\n<meta name=\"robots\" content=\"index, follow, max-snippet:-1, max-image-preview:large, max-video-preview:-1\" \/>\n<link rel=\"canonical\" href=\"https:\/\/www.istegroup.com\/produit\/radar-a-penetration-de-sol\/\" \/>\n<meta property=\"og:locale\" content=\"fr_FR\" \/>\n<meta property=\"og:type\" content=\"article\" \/>\n<meta property=\"og:title\" content=\"Radar \u00e0 p\u00e9n\u00e9tration de sol - ISTE Group\" \/>\n<meta property=\"og:description\" content=\"Cet ouvrage propose une vue d\u2019ensemble des avanc\u00e9es modernes en radar \u00e0 p\u00e9n\u00e9tration de sol (GPR), technologie de nature pluridisciplinaire rassemblant une communaut\u00e9 aussi vaste que diverse.\" \/>\n<meta property=\"og:url\" content=\"https:\/\/www.istegroup.com\/produit\/radar-a-penetration-de-sol\/\" \/>\n<meta property=\"og:site_name\" content=\"ISTE Group\" \/>\n<meta property=\"article:modified_time\" content=\"2025-01-27T12:19:06+00:00\" \/>\n<meta property=\"og:image\" content=\"https:\/\/www.istegroup.com\/wp-content\/uploads\/2025\/01\/Radar-a-penetration-de-sol.png\" \/>\n\t<meta property=\"og:image:width\" content=\"300\" \/>\n\t<meta property=\"og:image:height\" content=\"450\" \/>\n\t<meta property=\"og:image:type\" content=\"image\/png\" \/>\n<meta name=\"twitter:card\" content=\"summary_large_image\" \/>\n<meta name=\"twitter:label1\" content=\"Est. reading time\" \/>\n\t<meta name=\"twitter:data1\" content=\"1 minute\" \/>\n<script type=\"application\/ld+json\" class=\"yoast-schema-graph\">{\"@context\":\"https:\/\/schema.org\",\"@graph\":[{\"@type\":\"WebPage\",\"@id\":\"https:\/\/www.istegroup.com\/produit\/radar-a-penetration-de-sol\/\",\"url\":\"https:\/\/www.istegroup.com\/produit\/radar-a-penetration-de-sol\/\",\"name\":\"Radar \u00e0 p\u00e9n\u00e9tration de sol - ISTE Group\",\"isPartOf\":{\"@id\":\"https:\/\/www.istegroup.com\/#website\"},\"primaryImageOfPage\":{\"@id\":\"https:\/\/www.istegroup.com\/produit\/radar-a-penetration-de-sol\/#primaryimage\"},\"image\":{\"@id\":\"https:\/\/www.istegroup.com\/produit\/radar-a-penetration-de-sol\/#primaryimage\"},\"thumbnailUrl\":\"https:\/\/www.istegroup.com\/wp-content\/uploads\/2025\/01\/Radar-a-penetration-de-sol.png\",\"datePublished\":\"2025-01-21T14:10:52+00:00\",\"dateModified\":\"2025-01-27T12:19:06+00:00\",\"description\":\"Cet ouvrage propose une vue d\u2019ensemble des avanc\u00e9es modernes en radar \u00e0 p\u00e9n\u00e9tration de sol (GPR), technologie de nature pluridisciplinaire rassemblant une communaut\u00e9 aussi vaste que diverse.\",\"breadcrumb\":{\"@id\":\"https:\/\/www.istegroup.com\/produit\/radar-a-penetration-de-sol\/#breadcrumb\"},\"inLanguage\":\"fr-FR\",\"potentialAction\":[{\"@type\":\"ReadAction\",\"target\":[\"https:\/\/www.istegroup.com\/produit\/radar-a-penetration-de-sol\/\"]}]},{\"@type\":\"ImageObject\",\"inLanguage\":\"fr-FR\",\"@id\":\"https:\/\/www.istegroup.com\/produit\/radar-a-penetration-de-sol\/#primaryimage\",\"url\":\"https:\/\/www.istegroup.com\/wp-content\/uploads\/2025\/01\/Radar-a-penetration-de-sol.png\",\"contentUrl\":\"https:\/\/www.istegroup.com\/wp-content\/uploads\/2025\/01\/Radar-a-penetration-de-sol.png\",\"width\":300,\"height\":450,\"caption\":\"Livre scientifique - Radar \u00e0 p\u00e9n\u00e9tration de sol\"},{\"@type\":\"BreadcrumbList\",\"@id\":\"https:\/\/www.istegroup.com\/produit\/radar-a-penetration-de-sol\/#breadcrumb\",\"itemListElement\":[{\"@type\":\"ListItem\",\"position\":1,\"name\":\"Home\",\"item\":\"https:\/\/www.istegroup.com\/\"},{\"@type\":\"ListItem\",\"position\":2,\"name\":\"Shop\",\"item\":\"https:\/\/www.istegroup.com\/fr\/nouveautes\/\"},{\"@type\":\"ListItem\",\"position\":3,\"name\":\"Radar \u00e0 p\u00e9n\u00e9tration de sol\"}]},{\"@type\":\"WebSite\",\"@id\":\"https:\/\/www.istegroup.com\/#website\",\"url\":\"https:\/\/www.istegroup.com\/\",\"name\":\"ISTE Group\",\"description\":\"\u00c9diteur des Sciences\",\"potentialAction\":[{\"@type\":\"SearchAction\",\"target\":{\"@type\":\"EntryPoint\",\"urlTemplate\":\"https:\/\/www.istegroup.com\/?s={search_term_string}\"},\"query-input\":{\"@type\":\"PropertyValueSpecification\",\"valueRequired\":true,\"valueName\":\"search_term_string\"}}],\"inLanguage\":\"fr-FR\"}]}<\/script>\n<!-- \/ Yoast SEO plugin. -->","yoast_head_json":{"title":"Radar \u00e0 p\u00e9n\u00e9tration de sol - ISTE Group","description":"Cet ouvrage propose une vue d\u2019ensemble des avanc\u00e9es modernes en radar \u00e0 p\u00e9n\u00e9tration de sol (GPR), technologie de nature pluridisciplinaire rassemblant une communaut\u00e9 aussi vaste que diverse.","robots":{"index":"index","follow":"follow","max-snippet":"max-snippet:-1","max-image-preview":"max-image-preview:large","max-video-preview":"max-video-preview:-1"},"canonical":"https:\/\/www.istegroup.com\/produit\/radar-a-penetration-de-sol\/","og_locale":"fr_FR","og_type":"article","og_title":"Radar \u00e0 p\u00e9n\u00e9tration de sol - ISTE Group","og_description":"Cet ouvrage propose une vue d\u2019ensemble des avanc\u00e9es modernes en radar \u00e0 p\u00e9n\u00e9tration de sol (GPR), technologie de nature pluridisciplinaire rassemblant une communaut\u00e9 aussi vaste que diverse.","og_url":"https:\/\/www.istegroup.com\/produit\/radar-a-penetration-de-sol\/","og_site_name":"ISTE Group","article_modified_time":"2025-01-27T12:19:06+00:00","og_image":[{"width":300,"height":450,"url":"https:\/\/www.istegroup.com\/wp-content\/uploads\/2025\/01\/Radar-a-penetration-de-sol.png","type":"image\/png"}],"twitter_card":"summary_large_image","twitter_misc":{"Est. reading time":"1 minute"},"schema":{"@context":"https:\/\/schema.org","@graph":[{"@type":"WebPage","@id":"https:\/\/www.istegroup.com\/produit\/radar-a-penetration-de-sol\/","url":"https:\/\/www.istegroup.com\/produit\/radar-a-penetration-de-sol\/","name":"Radar \u00e0 p\u00e9n\u00e9tration de sol - ISTE Group","isPartOf":{"@id":"https:\/\/www.istegroup.com\/#website"},"primaryImageOfPage":{"@id":"https:\/\/www.istegroup.com\/produit\/radar-a-penetration-de-sol\/#primaryimage"},"image":{"@id":"https:\/\/www.istegroup.com\/produit\/radar-a-penetration-de-sol\/#primaryimage"},"thumbnailUrl":"https:\/\/www.istegroup.com\/wp-content\/uploads\/2025\/01\/Radar-a-penetration-de-sol.png","datePublished":"2025-01-21T14:10:52+00:00","dateModified":"2025-01-27T12:19:06+00:00","description":"Cet ouvrage propose une vue d\u2019ensemble des avanc\u00e9es modernes en radar \u00e0 p\u00e9n\u00e9tration de sol (GPR), technologie de nature pluridisciplinaire rassemblant une communaut\u00e9 aussi vaste que diverse.","breadcrumb":{"@id":"https:\/\/www.istegroup.com\/produit\/radar-a-penetration-de-sol\/#breadcrumb"},"inLanguage":"fr-FR","potentialAction":[{"@type":"ReadAction","target":["https:\/\/www.istegroup.com\/produit\/radar-a-penetration-de-sol\/"]}]},{"@type":"ImageObject","inLanguage":"fr-FR","@id":"https:\/\/www.istegroup.com\/produit\/radar-a-penetration-de-sol\/#primaryimage","url":"https:\/\/www.istegroup.com\/wp-content\/uploads\/2025\/01\/Radar-a-penetration-de-sol.png","contentUrl":"https:\/\/www.istegroup.com\/wp-content\/uploads\/2025\/01\/Radar-a-penetration-de-sol.png","width":300,"height":450,"caption":"Livre scientifique - Radar \u00e0 p\u00e9n\u00e9tration de sol"},{"@type":"BreadcrumbList","@id":"https:\/\/www.istegroup.com\/produit\/radar-a-penetration-de-sol\/#breadcrumb","itemListElement":[{"@type":"ListItem","position":1,"name":"Home","item":"https:\/\/www.istegroup.com\/"},{"@type":"ListItem","position":2,"name":"Shop","item":"https:\/\/www.istegroup.com\/fr\/nouveautes\/"},{"@type":"ListItem","position":3,"name":"Radar \u00e0 p\u00e9n\u00e9tration de sol"}]},{"@type":"WebSite","@id":"https:\/\/www.istegroup.com\/#website","url":"https:\/\/www.istegroup.com\/","name":"ISTE Group","description":"\u00c9diteur des Sciences","potentialAction":[{"@type":"SearchAction","target":{"@type":"EntryPoint","urlTemplate":"https:\/\/www.istegroup.com\/?s={search_term_string}"},"query-input":{"@type":"PropertyValueSpecification","valueRequired":true,"valueName":"search_term_string"}}],"inLanguage":"fr-FR"}]}},"_links":{"self":[{"href":"https:\/\/www.istegroup.com\/fr\/wp-json\/wp\/v2\/product\/59030","targetHints":{"allow":["GET"]}}],"collection":[{"href":"https:\/\/www.istegroup.com\/fr\/wp-json\/wp\/v2\/product"}],"about":[{"href":"https:\/\/www.istegroup.com\/fr\/wp-json\/wp\/v2\/types\/product"}],"wp:featuredmedia":[{"embeddable":true,"href":"https:\/\/www.istegroup.com\/fr\/wp-json\/wp\/v2\/media\/59043"}],"wp:attachment":[{"href":"https:\/\/www.istegroup.com\/fr\/wp-json\/wp\/v2\/media?parent=59030"}],"wp:term":[{"taxonomy":"product_brand","embeddable":true,"href":"https:\/\/www.istegroup.com\/fr\/wp-json\/wp\/v2\/product_brand?post=59030"},{"taxonomy":"product_cat","embeddable":true,"href":"https:\/\/www.istegroup.com\/fr\/wp-json\/wp\/v2\/product_cat?post=59030"},{"taxonomy":"product_tag","embeddable":true,"href":"https:\/\/www.istegroup.com\/fr\/wp-json\/wp\/v2\/product_tag?post=59030"}],"curies":[{"name":"wp","href":"https:\/\/api.w.org\/{rel}","templated":true}]}}