{"id":587,"date":"2017-07-28T15:17:38","date_gmt":"2017-07-28T13:17:38","guid":{"rendered":"https:\/\/iste.yhello.co\/product\/simulation-spatiale-a-base-dagents-avec-netlogo-1\/"},"modified":"2024-01-03T13:40:59","modified_gmt":"2024-01-03T13:40:59","slug":"simulation-spatiale-a-base-dagents-avec-netlogo-1","status":"publish","type":"product","link":"https:\/\/www.istegroup.com\/fr\/produit\/simulation-spatiale-a-base-dagents-avec-netlogo-1\/","title":{"rendered":"Simulation spatiale \u00e0 base d\u2019agents avec NetLogo 1"},"content":{"rendered":"<p>La simulation spatiale \u00e0 base d\u2019agents a connu un essor consid\u00e9rable au sein de la communaut\u00e9 scientifique, mais \u00e9galement aupr\u00e8s de nombreuses disciplines de sciences sociales. Les mod\u00e8les agents sont tout aussi bien des outils de compr\u00e9hension, de prospection et de sc\u00e9narisation, que des m\u00e9dias de l\u2019\u00e9change interdisciplinaire.<\/p>\n<p>Proposant une approche m\u00e9thodologique au travers d\u2019un exemple fil rouge inspir\u00e9e d\u2019une probl\u00e9matique r\u00e9elle en \u00e9pid\u00e9miologie, cet ouvrage \u00e9tudie la mod\u00e9lisation \u00e0 base d&rsquo;agents des ph\u00e9nom\u00e8nes spatialis\u00e9s ainsi que les possibilit\u00e9s d\u2019exploration de mod\u00e8les agent offertes par la plateforme NetLogo (mod\u00e8les agr\u00e9g\u00e9s, syst\u00e8mes dynamiques, syst\u00e8mes multi-acteurs). Guide p\u00e9dagogique, il s\u2019appuie sur des techniques reconnues de mod\u00e9lisation et de prospection via des m\u00e9thodes d\u2019exploration et de sc\u00e9narisation par simulation participative.<\/p>\n","protected":false},"excerpt":{"rendered":"<p>La simulation spatiale \u00e0 base d\u2019agents a connu un essor consid\u00e9rable au sein de la communaut\u00e9 scientifique, mais \u00e9galement aupr\u00e8s de nombreuses disciplines de sciences sociales. Les mod\u00e8les agents sont tout aussi bien des outils de compr\u00e9hension, de prospection et de sc\u00e9narisation, que des m\u00e9dias de l\u2019\u00e9change interdisciplinaire. Proposant une approche m\u00e9thodologique au travers d\u2019un [&hellip;]<\/p>\n","protected":false},"featured_media":588,"template":"","meta":{"_acf_changed":false,"_links_to":"","_links_to_target":""},"product_brand":[],"product_cat":[707],"product_tag":[89,2255,90,31,196,197,198,199,21,200,22,201,203,204,63,25,172,209,2256,2257,92,212,38,192,145,28,2258,2260,2259,93],"class_list":{"0":"post-587","1":"product","2":"type-product","3":"status-publish","4":"has-post-thumbnail","6":"product_cat-systmes-dinformation-web-et-socit-12506570","7":"product_tag-arnaud-banos","8":"product_tag-base-agents","9":"product_tag-christophe-lang","10":"product_tag-ebook","11":"product_tag-ebooks","12":"product_tag-iste","13":"product_tag-iste-edition","14":"product_tag-iste-editions","15":"product_tag-iste-group","16":"product_tag-isteedition","17":"product_tag-istegroup","18":"product_tag-kindle","19":"product_tag-liseuse","20":"product_tag-livre","21":"product_tag-livre-electronique","22":"product_tag-livre-numerique","23":"product_tag-livre-scientifique","24":"product_tag-livres-scientifiques","25":"product_tag-modelisation-a-base-dagents","26":"product_tag-netlogo-1","27":"product_tag-nicolas-marilleau","28":"product_tag-ouvrage","29":"product_tag-ouvrage-numerique","30":"product_tag-ouvrage-science","31":"product_tag-ouvrage-scientifique","32":"product_tag-ouvrage-scientifique-francais","33":"product_tag-phenomenes-spatiales","34":"product_tag-scenarisation","35":"product_tag-sciences-sociales","36":"product_tag-simulation-spatiale","38":"first","39":"instock","40":"shipping-taxable","41":"purchasable","42":"product-type-variable"},"acf":[],"yoast_head":"<!-- This site is optimized with the Yoast SEO plugin v27.2 - https:\/\/yoast.com\/product\/yoast-seo-wordpress\/ -->\n<title>Simulation spatiale \u00e0 base d\u2019agents avec NetLogo 1 - ISTE Group<\/title>\n<meta name=\"robots\" content=\"index, follow, max-snippet:-1, max-image-preview:large, max-video-preview:-1\" \/>\n<link rel=\"canonical\" href=\"https:\/\/www.istegroup.com\/en\/produit\/simulation-spatiale-a-base-dagents-avec-netlogo-1\/\" \/>\n<meta property=\"og:locale\" content=\"fr_FR\" \/>\n<meta property=\"og:type\" content=\"article\" \/>\n<meta property=\"og:title\" content=\"Simulation spatiale \u00e0 base d\u2019agents avec NetLogo 1 - ISTE Group\" \/>\n<meta property=\"og:description\" content=\"La simulation spatiale \u00e0 base d\u2019agents a connu un essor consid\u00e9rable au sein de la communaut\u00e9 scientifique, mais \u00e9galement aupr\u00e8s de nombreuses disciplines de sciences sociales. Les mod\u00e8les agents sont tout aussi bien des outils de compr\u00e9hension, de prospection et de sc\u00e9narisation, que des m\u00e9dias de l\u2019\u00e9change interdisciplinaire. Proposant une approche m\u00e9thodologique au travers d\u2019un [&hellip;]\" \/>\n<meta property=\"og:url\" content=\"https:\/\/www.istegroup.com\/en\/produit\/simulation-spatiale-a-base-dagents-avec-netlogo-1\/\" \/>\n<meta property=\"og:site_name\" content=\"ISTE Group\" \/>\n<meta property=\"article:modified_time\" content=\"2024-01-03T13:40:59+00:00\" \/>\n<meta property=\"og:image\" content=\"https:\/\/www.istegroup.com\/wp-content\/uploads\/2017\/07\/1158088732_405999080-1.jpg\" \/>\n\t<meta property=\"og:image:width\" content=\"300\" \/>\n\t<meta property=\"og:image:height\" content=\"452\" \/>\n\t<meta property=\"og:image:type\" content=\"image\/jpeg\" \/>\n<meta name=\"twitter:card\" content=\"summary_large_image\" \/>\n<meta name=\"twitter:label1\" content=\"Est. reading time\" \/>\n\t<meta name=\"twitter:data1\" content=\"1 minute\" \/>\n<script type=\"application\/ld+json\" class=\"yoast-schema-graph\">{\"@context\":\"https:\/\/schema.org\",\"@graph\":[{\"@type\":\"WebPage\",\"@id\":\"https:\/\/www.istegroup.com\/en\/produit\/simulation-spatiale-a-base-dagents-avec-netlogo-1\/\",\"url\":\"https:\/\/www.istegroup.com\/en\/produit\/simulation-spatiale-a-base-dagents-avec-netlogo-1\/\",\"name\":\"Simulation spatiale \u00e0 base d\u2019agents avec NetLogo 1 - ISTE Group\",\"isPartOf\":{\"@id\":\"https:\/\/www.istegroup.com\/#website\"},\"primaryImageOfPage\":{\"@id\":\"https:\/\/www.istegroup.com\/en\/produit\/simulation-spatiale-a-base-dagents-avec-netlogo-1\/#primaryimage\"},\"image\":{\"@id\":\"https:\/\/www.istegroup.com\/en\/produit\/simulation-spatiale-a-base-dagents-avec-netlogo-1\/#primaryimage\"},\"thumbnailUrl\":\"https:\/\/www.istegroup.com\/wp-content\/uploads\/2017\/07\/1158088732_405999080-1.jpg\",\"datePublished\":\"2017-07-28T13:17:38+00:00\",\"dateModified\":\"2024-01-03T13:40:59+00:00\",\"breadcrumb\":{\"@id\":\"https:\/\/www.istegroup.com\/en\/produit\/simulation-spatiale-a-base-dagents-avec-netlogo-1\/#breadcrumb\"},\"inLanguage\":\"fr-FR\",\"potentialAction\":[{\"@type\":\"ReadAction\",\"target\":[\"https:\/\/www.istegroup.com\/en\/produit\/simulation-spatiale-a-base-dagents-avec-netlogo-1\/\"]}]},{\"@type\":\"ImageObject\",\"inLanguage\":\"fr-FR\",\"@id\":\"https:\/\/www.istegroup.com\/en\/produit\/simulation-spatiale-a-base-dagents-avec-netlogo-1\/#primaryimage\",\"url\":\"https:\/\/www.istegroup.com\/wp-content\/uploads\/2017\/07\/1158088732_405999080-1.jpg\",\"contentUrl\":\"https:\/\/www.istegroup.com\/wp-content\/uploads\/2017\/07\/1158088732_405999080-1.jpg\",\"width\":300,\"height\":452,\"caption\":\"Introduction et bases\"},{\"@type\":\"BreadcrumbList\",\"@id\":\"https:\/\/www.istegroup.com\/en\/produit\/simulation-spatiale-a-base-dagents-avec-netlogo-1\/#breadcrumb\",\"itemListElement\":[{\"@type\":\"ListItem\",\"position\":1,\"name\":\"Home\",\"item\":\"https:\/\/www.istegroup.com\/\"},{\"@type\":\"ListItem\",\"position\":2,\"name\":\"Shop\",\"item\":\"https:\/\/www.istegroup.com\/fr\/nouveautes\/\"},{\"@type\":\"ListItem\",\"position\":3,\"name\":\"Simulation spatiale \u00e0 base d\u2019agents avec NetLogo 1\"}]},{\"@type\":\"WebSite\",\"@id\":\"https:\/\/www.istegroup.com\/#website\",\"url\":\"https:\/\/www.istegroup.com\/\",\"name\":\"ISTE Group\",\"description\":\"\u00c9diteur des Sciences\",\"potentialAction\":[{\"@type\":\"SearchAction\",\"target\":{\"@type\":\"EntryPoint\",\"urlTemplate\":\"https:\/\/www.istegroup.com\/?s={search_term_string}\"},\"query-input\":{\"@type\":\"PropertyValueSpecification\",\"valueRequired\":true,\"valueName\":\"search_term_string\"}}],\"inLanguage\":\"fr-FR\"}]}<\/script>\n<!-- \/ Yoast SEO plugin. -->","yoast_head_json":{"title":"Simulation spatiale \u00e0 base d\u2019agents avec NetLogo 1 - ISTE Group","robots":{"index":"index","follow":"follow","max-snippet":"max-snippet:-1","max-image-preview":"max-image-preview:large","max-video-preview":"max-video-preview:-1"},"canonical":"https:\/\/www.istegroup.com\/en\/produit\/simulation-spatiale-a-base-dagents-avec-netlogo-1\/","og_locale":"fr_FR","og_type":"article","og_title":"Simulation spatiale \u00e0 base d\u2019agents avec NetLogo 1 - ISTE Group","og_description":"La simulation spatiale \u00e0 base d\u2019agents a connu un essor consid\u00e9rable au sein de la communaut\u00e9 scientifique, mais \u00e9galement aupr\u00e8s de nombreuses disciplines de sciences sociales. Les mod\u00e8les agents sont tout aussi bien des outils de compr\u00e9hension, de prospection et de sc\u00e9narisation, que des m\u00e9dias de l\u2019\u00e9change interdisciplinaire. Proposant une approche m\u00e9thodologique au travers d\u2019un [&hellip;]","og_url":"https:\/\/www.istegroup.com\/en\/produit\/simulation-spatiale-a-base-dagents-avec-netlogo-1\/","og_site_name":"ISTE Group","article_modified_time":"2024-01-03T13:40:59+00:00","og_image":[{"width":300,"height":452,"url":"https:\/\/www.istegroup.com\/wp-content\/uploads\/2017\/07\/1158088732_405999080-1.jpg","type":"image\/jpeg"}],"twitter_card":"summary_large_image","twitter_misc":{"Est. reading time":"1 minute"},"schema":{"@context":"https:\/\/schema.org","@graph":[{"@type":"WebPage","@id":"https:\/\/www.istegroup.com\/en\/produit\/simulation-spatiale-a-base-dagents-avec-netlogo-1\/","url":"https:\/\/www.istegroup.com\/en\/produit\/simulation-spatiale-a-base-dagents-avec-netlogo-1\/","name":"Simulation spatiale \u00e0 base d\u2019agents avec NetLogo 1 - ISTE Group","isPartOf":{"@id":"https:\/\/www.istegroup.com\/#website"},"primaryImageOfPage":{"@id":"https:\/\/www.istegroup.com\/en\/produit\/simulation-spatiale-a-base-dagents-avec-netlogo-1\/#primaryimage"},"image":{"@id":"https:\/\/www.istegroup.com\/en\/produit\/simulation-spatiale-a-base-dagents-avec-netlogo-1\/#primaryimage"},"thumbnailUrl":"https:\/\/www.istegroup.com\/wp-content\/uploads\/2017\/07\/1158088732_405999080-1.jpg","datePublished":"2017-07-28T13:17:38+00:00","dateModified":"2024-01-03T13:40:59+00:00","breadcrumb":{"@id":"https:\/\/www.istegroup.com\/en\/produit\/simulation-spatiale-a-base-dagents-avec-netlogo-1\/#breadcrumb"},"inLanguage":"fr-FR","potentialAction":[{"@type":"ReadAction","target":["https:\/\/www.istegroup.com\/en\/produit\/simulation-spatiale-a-base-dagents-avec-netlogo-1\/"]}]},{"@type":"ImageObject","inLanguage":"fr-FR","@id":"https:\/\/www.istegroup.com\/en\/produit\/simulation-spatiale-a-base-dagents-avec-netlogo-1\/#primaryimage","url":"https:\/\/www.istegroup.com\/wp-content\/uploads\/2017\/07\/1158088732_405999080-1.jpg","contentUrl":"https:\/\/www.istegroup.com\/wp-content\/uploads\/2017\/07\/1158088732_405999080-1.jpg","width":300,"height":452,"caption":"Introduction et bases"},{"@type":"BreadcrumbList","@id":"https:\/\/www.istegroup.com\/en\/produit\/simulation-spatiale-a-base-dagents-avec-netlogo-1\/#breadcrumb","itemListElement":[{"@type":"ListItem","position":1,"name":"Home","item":"https:\/\/www.istegroup.com\/"},{"@type":"ListItem","position":2,"name":"Shop","item":"https:\/\/www.istegroup.com\/fr\/nouveautes\/"},{"@type":"ListItem","position":3,"name":"Simulation spatiale \u00e0 base d\u2019agents avec NetLogo 1"}]},{"@type":"WebSite","@id":"https:\/\/www.istegroup.com\/#website","url":"https:\/\/www.istegroup.com\/","name":"ISTE Group","description":"\u00c9diteur des Sciences","potentialAction":[{"@type":"SearchAction","target":{"@type":"EntryPoint","urlTemplate":"https:\/\/www.istegroup.com\/?s={search_term_string}"},"query-input":{"@type":"PropertyValueSpecification","valueRequired":true,"valueName":"search_term_string"}}],"inLanguage":"fr-FR"}]}},"_links":{"self":[{"href":"https:\/\/www.istegroup.com\/fr\/wp-json\/wp\/v2\/product\/587","targetHints":{"allow":["GET"]}}],"collection":[{"href":"https:\/\/www.istegroup.com\/fr\/wp-json\/wp\/v2\/product"}],"about":[{"href":"https:\/\/www.istegroup.com\/fr\/wp-json\/wp\/v2\/types\/product"}],"wp:featuredmedia":[{"embeddable":true,"href":"https:\/\/www.istegroup.com\/fr\/wp-json\/wp\/v2\/media\/588"}],"wp:attachment":[{"href":"https:\/\/www.istegroup.com\/fr\/wp-json\/wp\/v2\/media?parent=587"}],"wp:term":[{"taxonomy":"product_brand","embeddable":true,"href":"https:\/\/www.istegroup.com\/fr\/wp-json\/wp\/v2\/product_brand?post=587"},{"taxonomy":"product_cat","embeddable":true,"href":"https:\/\/www.istegroup.com\/fr\/wp-json\/wp\/v2\/product_cat?post=587"},{"taxonomy":"product_tag","embeddable":true,"href":"https:\/\/www.istegroup.com\/fr\/wp-json\/wp\/v2\/product_tag?post=587"}],"curies":[{"name":"wp","href":"https:\/\/api.w.org\/{rel}","templated":true}]}}