{"id":585,"date":"2017-07-28T15:17:34","date_gmt":"2017-07-28T13:17:34","guid":{"rendered":"https:\/\/iste.yhello.co\/product\/simulateur-de-conduite\/"},"modified":"2024-01-03T13:40:58","modified_gmt":"2024-01-03T13:40:58","slug":"simulateur-de-conduite","status":"publish","type":"product","link":"https:\/\/www.istegroup.com\/fr\/produit\/simulateur-de-conduite\/","title":{"rendered":"Simulateur de conduite"},"content":{"rendered":"<p>Un simulateur de conduite est un outil de formation et d\u2019entrainement qui reproduit dans un contexte artificiel une situation de conduite r\u00e9elle d&rsquo;un v\u00e9hicule automobile. Le nombre des utilisateurs ayant recours \u00e0 ce type d&rsquo;outil ne cesse d&rsquo;augmenter.<\/p>\n<p>L&rsquo;objectif premier des constructeurs automobiles est de tester l&rsquo;interaction v\u00e9hicule-conducteur afin d&rsquo;\u00e9valuer l&rsquo;impact sur la conduite de nouveaux dispositifs int\u00e9gr\u00e9s au v\u00e9hicule et les r\u00e9actions de ces dispositifs aux diff\u00e9rentes man\u0153uvres du conducteur.<\/p>\n<p>Pendant la conduite d&rsquo;un v\u00e9hicule automobile ou d\u2019un deux-roues motoris\u00e9, les sources d&rsquo;informations qui permettent au conducteur de suivre une piste donn\u00e9e et de contr\u00f4ler son v\u00e9hicule sont vari\u00e9es.<\/p>\n<p>L&rsquo;objectif de la simulation de conduite est donc de fournir une illusion de mouvement propre, en coh\u00e9rence avec les informations r\u00e9elles, sur un v\u00e9hicule enti\u00e8rement virtuel, \u00e0 l&rsquo;exception des organes de commande (guidon, acc\u00e9l\u00e9rateur, frein, etc.). Cette illusion est un ph\u00e9nom\u00e8ne complexe qui met en jeu les capteurs proprioceptifs de l&rsquo;\u00eatre humain, et notamment les syst\u00e8mes visuel, kinesth\u00e9sique et vestibulaire.<\/p>\n","protected":false},"excerpt":{"rendered":"<p>Un simulateur de conduite est un outil de formation et d\u2019entrainement qui reproduit dans un contexte artificiel une situation de conduite r\u00e9elle d&rsquo;un v\u00e9hicule automobile. Le nombre des utilisateurs ayant recours \u00e0 ce type d&rsquo;outil ne cesse d&rsquo;augmenter. L&rsquo;objectif premier des constructeurs automobiles est de tester l&rsquo;interaction v\u00e9hicule-conducteur afin d&rsquo;\u00e9valuer l&rsquo;impact sur la conduite de [&hellip;]<\/p>\n","protected":false},"featured_media":586,"template":"","meta":{"_acf_changed":false,"_links_to":"","_links_to_target":""},"product_brand":[],"product_cat":[708],"product_tag":[2247,31,196,2248,197,198,199,21,200,22,201,2249,203,204,63,25,172,209,212,38,192,145,28,2250,2251,2252,2253,2254,331],"class_list":{"0":"post-585","1":"product","2":"type-product","3":"status-publish","4":"has-post-thumbnail","6":"product_cat-systmes-et-gnie-industriel-11476925","7":"product_tag-application-aux-motocycles","8":"product_tag-ebook","9":"product_tag-ebooks","10":"product_tag-hichem-arioui","11":"product_tag-iste","12":"product_tag-iste-edition","13":"product_tag-iste-editions","14":"product_tag-iste-group","15":"product_tag-isteedition","16":"product_tag-istegroup","17":"product_tag-kindle","18":"product_tag-lamri-nehaoua","19":"product_tag-liseuse","20":"product_tag-livre","21":"product_tag-livre-electronique","22":"product_tag-livre-numerique","23":"product_tag-livre-scientifique","24":"product_tag-livres-scientifiques","25":"product_tag-ouvrage","26":"product_tag-ouvrage-numerique","27":"product_tag-ouvrage-science","28":"product_tag-ouvrage-scientifique","29":"product_tag-ouvrage-scientifique-francais","30":"product_tag-simulateur-automobile","31":"product_tag-simulateur-de-conduite","32":"product_tag-simulateur-de-deux-roues","33":"product_tag-simulateur-de-moto","34":"product_tag-simulateur-de-motocycle","35":"product_tag-transports","37":"first","38":"instock","39":"shipping-taxable","40":"purchasable","41":"product-type-variable"},"acf":[],"yoast_head":"<!-- This site is optimized with the Yoast SEO plugin v27.2 - https:\/\/yoast.com\/product\/yoast-seo-wordpress\/ -->\n<title>Simulateur de conduite - ISTE Group<\/title>\n<meta name=\"robots\" content=\"index, follow, max-snippet:-1, max-image-preview:large, max-video-preview:-1\" \/>\n<link rel=\"canonical\" href=\"https:\/\/www.istegroup.com\/fr\/produit\/simulateur-de-conduite\/\" \/>\n<meta property=\"og:locale\" content=\"fr_FR\" \/>\n<meta property=\"og:type\" content=\"article\" \/>\n<meta property=\"og:title\" content=\"Simulateur de conduite - ISTE Group\" \/>\n<meta property=\"og:description\" content=\"Un simulateur de conduite est un outil de formation et d\u2019entrainement qui reproduit dans un contexte artificiel une situation de conduite r\u00e9elle d&rsquo;un v\u00e9hicule automobile. Le nombre des utilisateurs ayant recours \u00e0 ce type d&rsquo;outil ne cesse d&rsquo;augmenter. L&rsquo;objectif premier des constructeurs automobiles est de tester l&rsquo;interaction v\u00e9hicule-conducteur afin d&rsquo;\u00e9valuer l&rsquo;impact sur la conduite de [&hellip;]\" \/>\n<meta property=\"og:url\" content=\"https:\/\/www.istegroup.com\/fr\/produit\/simulateur-de-conduite\/\" \/>\n<meta property=\"og:site_name\" content=\"ISTE Group\" \/>\n<meta property=\"article:modified_time\" content=\"2024-01-03T13:40:58+00:00\" \/>\n<meta property=\"og:image\" content=\"https:\/\/www.istegroup.com\/wp-content\/uploads\/2017\/07\/540505473_251545361-1.jpg\" \/>\n\t<meta property=\"og:image:width\" content=\"300\" \/>\n\t<meta property=\"og:image:height\" content=\"452\" \/>\n\t<meta property=\"og:image:type\" content=\"image\/jpeg\" \/>\n<meta name=\"twitter:card\" content=\"summary_large_image\" \/>\n<meta name=\"twitter:label1\" content=\"Est. reading time\" \/>\n\t<meta name=\"twitter:data1\" content=\"1 minute\" \/>\n<script type=\"application\/ld+json\" class=\"yoast-schema-graph\">{\"@context\":\"https:\/\/schema.org\",\"@graph\":[{\"@type\":\"WebPage\",\"@id\":\"https:\/\/www.istegroup.com\/fr\/produit\/simulateur-de-conduite\/\",\"url\":\"https:\/\/www.istegroup.com\/fr\/produit\/simulateur-de-conduite\/\",\"name\":\"Simulateur de conduite - ISTE Group\",\"isPartOf\":{\"@id\":\"https:\/\/www.istegroup.com\/#website\"},\"primaryImageOfPage\":{\"@id\":\"https:\/\/www.istegroup.com\/fr\/produit\/simulateur-de-conduite\/#primaryimage\"},\"image\":{\"@id\":\"https:\/\/www.istegroup.com\/fr\/produit\/simulateur-de-conduite\/#primaryimage\"},\"thumbnailUrl\":\"https:\/\/www.istegroup.com\/wp-content\/uploads\/2017\/07\/540505473_251545361-1.jpg\",\"datePublished\":\"2017-07-28T13:17:34+00:00\",\"dateModified\":\"2024-01-03T13:40:58+00:00\",\"breadcrumb\":{\"@id\":\"https:\/\/www.istegroup.com\/fr\/produit\/simulateur-de-conduite\/#breadcrumb\"},\"inLanguage\":\"fr-FR\",\"potentialAction\":[{\"@type\":\"ReadAction\",\"target\":[\"https:\/\/www.istegroup.com\/fr\/produit\/simulateur-de-conduite\/\"]}]},{\"@type\":\"ImageObject\",\"inLanguage\":\"fr-FR\",\"@id\":\"https:\/\/www.istegroup.com\/fr\/produit\/simulateur-de-conduite\/#primaryimage\",\"url\":\"https:\/\/www.istegroup.com\/wp-content\/uploads\/2017\/07\/540505473_251545361-1.jpg\",\"contentUrl\":\"https:\/\/www.istegroup.com\/wp-content\/uploads\/2017\/07\/540505473_251545361-1.jpg\",\"width\":300,\"height\":452,\"caption\":\"Application aux motocycles\"},{\"@type\":\"BreadcrumbList\",\"@id\":\"https:\/\/www.istegroup.com\/fr\/produit\/simulateur-de-conduite\/#breadcrumb\",\"itemListElement\":[{\"@type\":\"ListItem\",\"position\":1,\"name\":\"Home\",\"item\":\"https:\/\/www.istegroup.com\/\"},{\"@type\":\"ListItem\",\"position\":2,\"name\":\"Shop\",\"item\":\"https:\/\/www.istegroup.com\/fr\/nouveautes\/\"},{\"@type\":\"ListItem\",\"position\":3,\"name\":\"Simulateur de conduite\"}]},{\"@type\":\"WebSite\",\"@id\":\"https:\/\/www.istegroup.com\/#website\",\"url\":\"https:\/\/www.istegroup.com\/\",\"name\":\"ISTE Group\",\"description\":\"\u00c9diteur des Sciences\",\"potentialAction\":[{\"@type\":\"SearchAction\",\"target\":{\"@type\":\"EntryPoint\",\"urlTemplate\":\"https:\/\/www.istegroup.com\/?s={search_term_string}\"},\"query-input\":{\"@type\":\"PropertyValueSpecification\",\"valueRequired\":true,\"valueName\":\"search_term_string\"}}],\"inLanguage\":\"fr-FR\"}]}<\/script>\n<!-- \/ Yoast SEO plugin. -->","yoast_head_json":{"title":"Simulateur de conduite - ISTE Group","robots":{"index":"index","follow":"follow","max-snippet":"max-snippet:-1","max-image-preview":"max-image-preview:large","max-video-preview":"max-video-preview:-1"},"canonical":"https:\/\/www.istegroup.com\/fr\/produit\/simulateur-de-conduite\/","og_locale":"fr_FR","og_type":"article","og_title":"Simulateur de conduite - ISTE Group","og_description":"Un simulateur de conduite est un outil de formation et d\u2019entrainement qui reproduit dans un contexte artificiel une situation de conduite r\u00e9elle d&rsquo;un v\u00e9hicule automobile. Le nombre des utilisateurs ayant recours \u00e0 ce type d&rsquo;outil ne cesse d&rsquo;augmenter. L&rsquo;objectif premier des constructeurs automobiles est de tester l&rsquo;interaction v\u00e9hicule-conducteur afin d&rsquo;\u00e9valuer l&rsquo;impact sur la conduite de [&hellip;]","og_url":"https:\/\/www.istegroup.com\/fr\/produit\/simulateur-de-conduite\/","og_site_name":"ISTE Group","article_modified_time":"2024-01-03T13:40:58+00:00","og_image":[{"width":300,"height":452,"url":"https:\/\/www.istegroup.com\/wp-content\/uploads\/2017\/07\/540505473_251545361-1.jpg","type":"image\/jpeg"}],"twitter_card":"summary_large_image","twitter_misc":{"Est. reading time":"1 minute"},"schema":{"@context":"https:\/\/schema.org","@graph":[{"@type":"WebPage","@id":"https:\/\/www.istegroup.com\/fr\/produit\/simulateur-de-conduite\/","url":"https:\/\/www.istegroup.com\/fr\/produit\/simulateur-de-conduite\/","name":"Simulateur de conduite - ISTE Group","isPartOf":{"@id":"https:\/\/www.istegroup.com\/#website"},"primaryImageOfPage":{"@id":"https:\/\/www.istegroup.com\/fr\/produit\/simulateur-de-conduite\/#primaryimage"},"image":{"@id":"https:\/\/www.istegroup.com\/fr\/produit\/simulateur-de-conduite\/#primaryimage"},"thumbnailUrl":"https:\/\/www.istegroup.com\/wp-content\/uploads\/2017\/07\/540505473_251545361-1.jpg","datePublished":"2017-07-28T13:17:34+00:00","dateModified":"2024-01-03T13:40:58+00:00","breadcrumb":{"@id":"https:\/\/www.istegroup.com\/fr\/produit\/simulateur-de-conduite\/#breadcrumb"},"inLanguage":"fr-FR","potentialAction":[{"@type":"ReadAction","target":["https:\/\/www.istegroup.com\/fr\/produit\/simulateur-de-conduite\/"]}]},{"@type":"ImageObject","inLanguage":"fr-FR","@id":"https:\/\/www.istegroup.com\/fr\/produit\/simulateur-de-conduite\/#primaryimage","url":"https:\/\/www.istegroup.com\/wp-content\/uploads\/2017\/07\/540505473_251545361-1.jpg","contentUrl":"https:\/\/www.istegroup.com\/wp-content\/uploads\/2017\/07\/540505473_251545361-1.jpg","width":300,"height":452,"caption":"Application aux motocycles"},{"@type":"BreadcrumbList","@id":"https:\/\/www.istegroup.com\/fr\/produit\/simulateur-de-conduite\/#breadcrumb","itemListElement":[{"@type":"ListItem","position":1,"name":"Home","item":"https:\/\/www.istegroup.com\/"},{"@type":"ListItem","position":2,"name":"Shop","item":"https:\/\/www.istegroup.com\/fr\/nouveautes\/"},{"@type":"ListItem","position":3,"name":"Simulateur de conduite"}]},{"@type":"WebSite","@id":"https:\/\/www.istegroup.com\/#website","url":"https:\/\/www.istegroup.com\/","name":"ISTE Group","description":"\u00c9diteur des Sciences","potentialAction":[{"@type":"SearchAction","target":{"@type":"EntryPoint","urlTemplate":"https:\/\/www.istegroup.com\/?s={search_term_string}"},"query-input":{"@type":"PropertyValueSpecification","valueRequired":true,"valueName":"search_term_string"}}],"inLanguage":"fr-FR"}]}},"_links":{"self":[{"href":"https:\/\/www.istegroup.com\/fr\/wp-json\/wp\/v2\/product\/585","targetHints":{"allow":["GET"]}}],"collection":[{"href":"https:\/\/www.istegroup.com\/fr\/wp-json\/wp\/v2\/product"}],"about":[{"href":"https:\/\/www.istegroup.com\/fr\/wp-json\/wp\/v2\/types\/product"}],"wp:featuredmedia":[{"embeddable":true,"href":"https:\/\/www.istegroup.com\/fr\/wp-json\/wp\/v2\/media\/586"}],"wp:attachment":[{"href":"https:\/\/www.istegroup.com\/fr\/wp-json\/wp\/v2\/media?parent=585"}],"wp:term":[{"taxonomy":"product_brand","embeddable":true,"href":"https:\/\/www.istegroup.com\/fr\/wp-json\/wp\/v2\/product_brand?post=585"},{"taxonomy":"product_cat","embeddable":true,"href":"https:\/\/www.istegroup.com\/fr\/wp-json\/wp\/v2\/product_cat?post=585"},{"taxonomy":"product_tag","embeddable":true,"href":"https:\/\/www.istegroup.com\/fr\/wp-json\/wp\/v2\/product_tag?post=585"}],"curies":[{"name":"wp","href":"https:\/\/api.w.org\/{rel}","templated":true}]}}