{"id":58466,"date":"2024-11-06T11:21:13","date_gmt":"2024-11-06T11:21:13","guid":{"rendered":"https:\/\/www.istegroup.com\/?post_type=product&#038;p=58466"},"modified":"2025-07-09T15:52:14","modified_gmt":"2025-07-09T14:52:14","slug":"les-metaphores-pour-leducation","status":"publish","type":"product","link":"https:\/\/www.istegroup.com\/fr\/produit\/les-metaphores-pour-leducation\/","title":{"rendered":"Les m\u00e9taphores pour l\u2019\u00e9ducation"},"content":{"rendered":"<p>Les m\u00e9taphores ne sont pas de simples outils linguistiques ; elles vont bien au-del\u00e0. En s\u2019appuyant sur ce qui est connu pour \u00e9clairer l\u2019inconnu, elles fa\u00e7onnent la compr\u00e9hension et influencent profond\u00e9ment les dynamiques d\u2019apprentissage, ce qui les rend ainsi particuli\u00e8rement pertinentes en \u00e9ducation.<\/p>\n<p><em>Les m\u00e9taphores pour l\u2019\u00e9ducation<\/em> explore cette th\u00e9matique en profondeur, offrant un panorama complet et \u00e9clairant sur le r\u00f4le et le statut des m\u00e9taphores dans le champ \u00e9ducatif. Cet ouvrage examine comment des m\u00e9taphores mod\u00e8lent les approches p\u00e9dagogiques et les conceptions de l\u2019enseignement, influencent les processus d\u2019apprentissage et de d\u00e9veloppement conceptuel et impactent l\u2019\u00e9valuation, la diff\u00e9renciation p\u00e9dagogique et l\u2019identit\u00e9 professionnelle des enseignants. En outre, il montre comment les m\u00e9taphores peuvent apporter de puissants outils de r\u00e9flexion et de transformation dans les pratiques \u00e9ducatives.<\/p>\n<p>S\u2019adressant aux enseignants, aux \u00e9tudiants, aux chercheurs en \u00e9ducation et aux passionn\u00e9s, cet ouvrage offre des perspectives in\u00e9dites et stimulantes sur la contribution des m\u00e9taphores \u00e0 l\u2019apprentissage et \u00e0 l\u2019enseignement.<\/p>\n","protected":false},"excerpt":{"rendered":"<p>Les m\u00e9taphores ne sont pas de simples outils linguistiques ; elles vont bien au-del\u00e0. En s\u2019appuyant sur ce qui est connu pour \u00e9clairer l\u2019inconnu, elles fa\u00e7onnent la compr\u00e9hension et influencent profond\u00e9ment les dynamiques d\u2019apprentissage, ce qui les rend ainsi particuli\u00e8rement pertinentes en \u00e9ducation. Les m\u00e9taphores pour l\u2019\u00e9ducation explore cette th\u00e9matique en profondeur, offrant un panorama [&hellip;]<\/p>\n","protected":false},"featured_media":58472,"template":"","meta":{"_acf_changed":false,"_links_to":"","_links_to_target":""},"product_brand":[],"product_cat":[4289],"product_tag":[],"class_list":{"0":"post-58466","1":"product","2":"type-product","3":"status-publish","4":"has-post-thumbnail","6":"product_cat-sciences","8":"first","9":"instock","10":"shipping-taxable","11":"purchasable","12":"product-type-variable"},"acf":[],"yoast_head":"<!-- This site is optimized with the Yoast SEO plugin v27.2 - https:\/\/yoast.com\/product\/yoast-seo-wordpress\/ -->\n<title>Les m\u00e9taphores pour l\u2019\u00e9ducation - ISTE Group<\/title>\n<meta name=\"description\" content=\"Les m\u00e9taphores pour l\u2019\u00e9ducation explore cette th\u00e9matique en profondeur, offrant un panorama complet et \u00e9clairant sur le r\u00f4le et le statut des m\u00e9taphores dans le champ \u00e9ducatif.\" \/>\n<meta name=\"robots\" content=\"index, follow, max-snippet:-1, max-image-preview:large, max-video-preview:-1\" \/>\n<link rel=\"canonical\" href=\"https:\/\/www.istegroup.com\/produit\/les-metaphores-pour-leducation\/\" \/>\n<meta property=\"og:locale\" content=\"fr_FR\" \/>\n<meta property=\"og:type\" content=\"article\" \/>\n<meta property=\"og:title\" content=\"Les m\u00e9taphores pour l\u2019\u00e9ducation - ISTE Group\" \/>\n<meta property=\"og:description\" content=\"Les m\u00e9taphores pour l\u2019\u00e9ducation explore cette th\u00e9matique en profondeur, offrant un panorama complet et \u00e9clairant sur le r\u00f4le et le statut des m\u00e9taphores dans le champ \u00e9ducatif.\" \/>\n<meta property=\"og:url\" content=\"https:\/\/www.istegroup.com\/produit\/les-metaphores-pour-leducation\/\" \/>\n<meta property=\"og:site_name\" content=\"ISTE Group\" \/>\n<meta property=\"article:modified_time\" content=\"2025-07-09T14:52:14+00:00\" \/>\n<meta property=\"og:image\" content=\"https:\/\/www.istegroup.com\/wp-content\/uploads\/2024\/11\/Les-metaphores-pour-leducation.png\" \/>\n\t<meta property=\"og:image:width\" content=\"300\" \/>\n\t<meta property=\"og:image:height\" content=\"450\" \/>\n\t<meta property=\"og:image:type\" content=\"image\/png\" \/>\n<meta name=\"twitter:card\" content=\"summary_large_image\" \/>\n<meta name=\"twitter:label1\" content=\"Est. reading time\" \/>\n\t<meta name=\"twitter:data1\" content=\"1 minute\" \/>\n<script type=\"application\/ld+json\" class=\"yoast-schema-graph\">{\"@context\":\"https:\/\/schema.org\",\"@graph\":[{\"@type\":\"WebPage\",\"@id\":\"https:\/\/www.istegroup.com\/produit\/les-metaphores-pour-leducation\/\",\"url\":\"https:\/\/www.istegroup.com\/produit\/les-metaphores-pour-leducation\/\",\"name\":\"Les m\u00e9taphores pour l\u2019\u00e9ducation - ISTE Group\",\"isPartOf\":{\"@id\":\"https:\/\/www.istegroup.com\/#website\"},\"primaryImageOfPage\":{\"@id\":\"https:\/\/www.istegroup.com\/produit\/les-metaphores-pour-leducation\/#primaryimage\"},\"image\":{\"@id\":\"https:\/\/www.istegroup.com\/produit\/les-metaphores-pour-leducation\/#primaryimage\"},\"thumbnailUrl\":\"https:\/\/www.istegroup.com\/wp-content\/uploads\/2024\/11\/Les-metaphores-pour-leducation.png\",\"datePublished\":\"2024-11-06T11:21:13+00:00\",\"dateModified\":\"2025-07-09T14:52:14+00:00\",\"description\":\"Les m\u00e9taphores pour l\u2019\u00e9ducation explore cette th\u00e9matique en profondeur, offrant un panorama complet et \u00e9clairant sur le r\u00f4le et le statut des m\u00e9taphores dans le champ \u00e9ducatif.\",\"breadcrumb\":{\"@id\":\"https:\/\/www.istegroup.com\/produit\/les-metaphores-pour-leducation\/#breadcrumb\"},\"inLanguage\":\"fr-FR\",\"potentialAction\":[{\"@type\":\"ReadAction\",\"target\":[\"https:\/\/www.istegroup.com\/produit\/les-metaphores-pour-leducation\/\"]}]},{\"@type\":\"ImageObject\",\"inLanguage\":\"fr-FR\",\"@id\":\"https:\/\/www.istegroup.com\/produit\/les-metaphores-pour-leducation\/#primaryimage\",\"url\":\"https:\/\/www.istegroup.com\/wp-content\/uploads\/2024\/11\/Les-metaphores-pour-leducation.png\",\"contentUrl\":\"https:\/\/www.istegroup.com\/wp-content\/uploads\/2024\/11\/Les-metaphores-pour-leducation.png\",\"width\":300,\"height\":450,\"caption\":\"Livre scientifique - Les m\u00e9taphores pour l\u2019\u00e9ducation\"},{\"@type\":\"BreadcrumbList\",\"@id\":\"https:\/\/www.istegroup.com\/produit\/les-metaphores-pour-leducation\/#breadcrumb\",\"itemListElement\":[{\"@type\":\"ListItem\",\"position\":1,\"name\":\"Home\",\"item\":\"https:\/\/www.istegroup.com\/\"},{\"@type\":\"ListItem\",\"position\":2,\"name\":\"Shop\",\"item\":\"https:\/\/www.istegroup.com\/fr\/nouveautes\/\"},{\"@type\":\"ListItem\",\"position\":3,\"name\":\"Les m\u00e9taphores pour l\u2019\u00e9ducation\"}]},{\"@type\":\"WebSite\",\"@id\":\"https:\/\/www.istegroup.com\/#website\",\"url\":\"https:\/\/www.istegroup.com\/\",\"name\":\"ISTE Group\",\"description\":\"\u00c9diteur des Sciences\",\"potentialAction\":[{\"@type\":\"SearchAction\",\"target\":{\"@type\":\"EntryPoint\",\"urlTemplate\":\"https:\/\/www.istegroup.com\/?s={search_term_string}\"},\"query-input\":{\"@type\":\"PropertyValueSpecification\",\"valueRequired\":true,\"valueName\":\"search_term_string\"}}],\"inLanguage\":\"fr-FR\"}]}<\/script>\n<!-- \/ Yoast SEO plugin. -->","yoast_head_json":{"title":"Les m\u00e9taphores pour l\u2019\u00e9ducation - ISTE Group","description":"Les m\u00e9taphores pour l\u2019\u00e9ducation explore cette th\u00e9matique en profondeur, offrant un panorama complet et \u00e9clairant sur le r\u00f4le et le statut des m\u00e9taphores dans le champ \u00e9ducatif.","robots":{"index":"index","follow":"follow","max-snippet":"max-snippet:-1","max-image-preview":"max-image-preview:large","max-video-preview":"max-video-preview:-1"},"canonical":"https:\/\/www.istegroup.com\/produit\/les-metaphores-pour-leducation\/","og_locale":"fr_FR","og_type":"article","og_title":"Les m\u00e9taphores pour l\u2019\u00e9ducation - ISTE Group","og_description":"Les m\u00e9taphores pour l\u2019\u00e9ducation explore cette th\u00e9matique en profondeur, offrant un panorama complet et \u00e9clairant sur le r\u00f4le et le statut des m\u00e9taphores dans le champ \u00e9ducatif.","og_url":"https:\/\/www.istegroup.com\/produit\/les-metaphores-pour-leducation\/","og_site_name":"ISTE Group","article_modified_time":"2025-07-09T14:52:14+00:00","og_image":[{"width":300,"height":450,"url":"https:\/\/www.istegroup.com\/wp-content\/uploads\/2024\/11\/Les-metaphores-pour-leducation.png","type":"image\/png"}],"twitter_card":"summary_large_image","twitter_misc":{"Est. reading time":"1 minute"},"schema":{"@context":"https:\/\/schema.org","@graph":[{"@type":"WebPage","@id":"https:\/\/www.istegroup.com\/produit\/les-metaphores-pour-leducation\/","url":"https:\/\/www.istegroup.com\/produit\/les-metaphores-pour-leducation\/","name":"Les m\u00e9taphores pour l\u2019\u00e9ducation - ISTE Group","isPartOf":{"@id":"https:\/\/www.istegroup.com\/#website"},"primaryImageOfPage":{"@id":"https:\/\/www.istegroup.com\/produit\/les-metaphores-pour-leducation\/#primaryimage"},"image":{"@id":"https:\/\/www.istegroup.com\/produit\/les-metaphores-pour-leducation\/#primaryimage"},"thumbnailUrl":"https:\/\/www.istegroup.com\/wp-content\/uploads\/2024\/11\/Les-metaphores-pour-leducation.png","datePublished":"2024-11-06T11:21:13+00:00","dateModified":"2025-07-09T14:52:14+00:00","description":"Les m\u00e9taphores pour l\u2019\u00e9ducation explore cette th\u00e9matique en profondeur, offrant un panorama complet et \u00e9clairant sur le r\u00f4le et le statut des m\u00e9taphores dans le champ \u00e9ducatif.","breadcrumb":{"@id":"https:\/\/www.istegroup.com\/produit\/les-metaphores-pour-leducation\/#breadcrumb"},"inLanguage":"fr-FR","potentialAction":[{"@type":"ReadAction","target":["https:\/\/www.istegroup.com\/produit\/les-metaphores-pour-leducation\/"]}]},{"@type":"ImageObject","inLanguage":"fr-FR","@id":"https:\/\/www.istegroup.com\/produit\/les-metaphores-pour-leducation\/#primaryimage","url":"https:\/\/www.istegroup.com\/wp-content\/uploads\/2024\/11\/Les-metaphores-pour-leducation.png","contentUrl":"https:\/\/www.istegroup.com\/wp-content\/uploads\/2024\/11\/Les-metaphores-pour-leducation.png","width":300,"height":450,"caption":"Livre scientifique - Les m\u00e9taphores pour l\u2019\u00e9ducation"},{"@type":"BreadcrumbList","@id":"https:\/\/www.istegroup.com\/produit\/les-metaphores-pour-leducation\/#breadcrumb","itemListElement":[{"@type":"ListItem","position":1,"name":"Home","item":"https:\/\/www.istegroup.com\/"},{"@type":"ListItem","position":2,"name":"Shop","item":"https:\/\/www.istegroup.com\/fr\/nouveautes\/"},{"@type":"ListItem","position":3,"name":"Les m\u00e9taphores pour l\u2019\u00e9ducation"}]},{"@type":"WebSite","@id":"https:\/\/www.istegroup.com\/#website","url":"https:\/\/www.istegroup.com\/","name":"ISTE Group","description":"\u00c9diteur des Sciences","potentialAction":[{"@type":"SearchAction","target":{"@type":"EntryPoint","urlTemplate":"https:\/\/www.istegroup.com\/?s={search_term_string}"},"query-input":{"@type":"PropertyValueSpecification","valueRequired":true,"valueName":"search_term_string"}}],"inLanguage":"fr-FR"}]}},"_links":{"self":[{"href":"https:\/\/www.istegroup.com\/fr\/wp-json\/wp\/v2\/product\/58466","targetHints":{"allow":["GET"]}}],"collection":[{"href":"https:\/\/www.istegroup.com\/fr\/wp-json\/wp\/v2\/product"}],"about":[{"href":"https:\/\/www.istegroup.com\/fr\/wp-json\/wp\/v2\/types\/product"}],"wp:featuredmedia":[{"embeddable":true,"href":"https:\/\/www.istegroup.com\/fr\/wp-json\/wp\/v2\/media\/58472"}],"wp:attachment":[{"href":"https:\/\/www.istegroup.com\/fr\/wp-json\/wp\/v2\/media?parent=58466"}],"wp:term":[{"taxonomy":"product_brand","embeddable":true,"href":"https:\/\/www.istegroup.com\/fr\/wp-json\/wp\/v2\/product_brand?post=58466"},{"taxonomy":"product_cat","embeddable":true,"href":"https:\/\/www.istegroup.com\/fr\/wp-json\/wp\/v2\/product_cat?post=58466"},{"taxonomy":"product_tag","embeddable":true,"href":"https:\/\/www.istegroup.com\/fr\/wp-json\/wp\/v2\/product_tag?post=58466"}],"curies":[{"name":"wp","href":"https:\/\/api.w.org\/{rel}","templated":true}]}}