{"id":58453,"date":"2024-11-06T10:32:02","date_gmt":"2024-11-06T10:32:02","guid":{"rendered":"https:\/\/www.istegroup.com\/?post_type=product&#038;p=58453"},"modified":"2025-01-03T10:52:21","modified_gmt":"2025-01-03T10:52:21","slug":"les-premiers-pas-de-la-vie","status":"publish","type":"product","link":"https:\/\/www.istegroup.com\/fr\/produit\/les-premiers-pas-de-la-vie\/","title":{"rendered":"Les premiers pas de la vie"},"content":{"rendered":"<p>Les \u00e9tudes sur l\u2019origine de la vie ont pour objectif de comprendre sa nature en explorant ses premi\u00e8res manifestations et ses complexit\u00e9s.<\/p>\n<p><em>Les premiers pas de la vie<\/em> traite, dans un premier temps, de l\u2019habitabilit\u00e9 de l\u2019Univers et de la logique derri\u00e8re la chimie pr\u00e9biotique et ses mod\u00e8les possibles et probables. L&rsquo;ouvrage analyse ensuite le probl\u00e8me de la chiralit\u00e9, le r\u00f4le des min\u00e9raux dans la biogen\u00e8se et les environnements biog\u00e9niquement fertiles ainsi que la d\u00e9limitation de l\u2019espace \u00e9volutif obtenue par les membranes. Il explore \u00e9galement l\u2019\u00e9volution des codes, la structure de LUCA et ses protom\u00e9tabolismes, et la signification des biomorphes biologiques existants, illustr\u00e9s par les viro\u00efdes. Ces sujets sont strictement trait\u00e9s dans le contexte de l\u2019\u00e9volution de l\u2019information et de la complexit\u00e9.<\/p>\n<p>Cet ouvrage propose un aper\u00e7u large de ce domaine de recherche et un regard approfondi sur les opinions et les r\u00e9sultats obtenus par certains chercheurs actifs dans ce sujet philosophiquement fascinant.<\/p>\n","protected":false},"excerpt":{"rendered":"<p>Les \u00e9tudes sur l\u2019origine de la vie ont pour objectif de comprendre sa nature en explorant ses premi\u00e8res manifestations et ses complexit\u00e9s. Les premiers pas de la vie traite, dans un premier temps, de l\u2019habitabilit\u00e9 de l\u2019Univers et de la logique derri\u00e8re la chimie pr\u00e9biotique et ses mod\u00e8les possibles et probables. L&rsquo;ouvrage analyse ensuite le [&hellip;]<\/p>\n","protected":false},"featured_media":58464,"template":"","meta":{"_acf_changed":false,"_links_to":"","_links_to_target":""},"product_brand":[],"product_cat":[4289],"product_tag":[],"class_list":{"0":"post-58453","1":"product","2":"type-product","3":"status-publish","4":"has-post-thumbnail","6":"product_cat-sciences","8":"first","9":"instock","10":"shipping-taxable","11":"purchasable","12":"product-type-variable"},"acf":[],"yoast_head":"<!-- This site is optimized with the Yoast SEO plugin v27.2 - https:\/\/yoast.com\/product\/yoast-seo-wordpress\/ -->\n<title>Les premiers pas de la vie - ISTE Group<\/title>\n<meta name=\"description\" content=\"Les premiers pas de la vie traite, dans un premier temps, de l\u2019habitabilit\u00e9 de l\u2019Univers et de la logique derri\u00e8re la chimie pr\u00e9biotique et ses mod\u00e8les possibles et probables.\" \/>\n<meta name=\"robots\" content=\"index, follow, max-snippet:-1, max-image-preview:large, max-video-preview:-1\" \/>\n<link rel=\"canonical\" href=\"https:\/\/www.istegroup.com\/produit\/les-premiers-pas-de-la-vie\/\" \/>\n<meta property=\"og:locale\" content=\"fr_FR\" \/>\n<meta property=\"og:type\" content=\"article\" \/>\n<meta property=\"og:title\" content=\"Les premiers pas de la vie - ISTE Group\" \/>\n<meta property=\"og:description\" content=\"Les premiers pas de la vie traite, dans un premier temps, de l\u2019habitabilit\u00e9 de l\u2019Univers et de la logique derri\u00e8re la chimie pr\u00e9biotique et ses mod\u00e8les possibles et probables.\" \/>\n<meta property=\"og:url\" content=\"https:\/\/www.istegroup.com\/produit\/les-premiers-pas-de-la-vie\/\" \/>\n<meta property=\"og:site_name\" content=\"ISTE Group\" \/>\n<meta property=\"article:modified_time\" content=\"2025-01-03T10:52:21+00:00\" \/>\n<meta property=\"og:image\" content=\"https:\/\/www.istegroup.com\/wp-content\/uploads\/2024\/11\/Les-premiers-pas-de-la-vie.png\" \/>\n\t<meta property=\"og:image:width\" content=\"300\" \/>\n\t<meta property=\"og:image:height\" content=\"450\" \/>\n\t<meta property=\"og:image:type\" content=\"image\/png\" \/>\n<meta name=\"twitter:card\" content=\"summary_large_image\" \/>\n<meta name=\"twitter:label1\" content=\"Est. reading time\" \/>\n\t<meta name=\"twitter:data1\" content=\"1 minute\" \/>\n<script type=\"application\/ld+json\" class=\"yoast-schema-graph\">{\"@context\":\"https:\/\/schema.org\",\"@graph\":[{\"@type\":\"WebPage\",\"@id\":\"https:\/\/www.istegroup.com\/produit\/les-premiers-pas-de-la-vie\/\",\"url\":\"https:\/\/www.istegroup.com\/produit\/les-premiers-pas-de-la-vie\/\",\"name\":\"Les premiers pas de la vie - ISTE Group\",\"isPartOf\":{\"@id\":\"https:\/\/www.istegroup.com\/#website\"},\"primaryImageOfPage\":{\"@id\":\"https:\/\/www.istegroup.com\/produit\/les-premiers-pas-de-la-vie\/#primaryimage\"},\"image\":{\"@id\":\"https:\/\/www.istegroup.com\/produit\/les-premiers-pas-de-la-vie\/#primaryimage\"},\"thumbnailUrl\":\"https:\/\/www.istegroup.com\/wp-content\/uploads\/2024\/11\/Les-premiers-pas-de-la-vie.png\",\"datePublished\":\"2024-11-06T10:32:02+00:00\",\"dateModified\":\"2025-01-03T10:52:21+00:00\",\"description\":\"Les premiers pas de la vie traite, dans un premier temps, de l\u2019habitabilit\u00e9 de l\u2019Univers et de la logique derri\u00e8re la chimie pr\u00e9biotique et ses mod\u00e8les possibles et probables.\",\"breadcrumb\":{\"@id\":\"https:\/\/www.istegroup.com\/produit\/les-premiers-pas-de-la-vie\/#breadcrumb\"},\"inLanguage\":\"fr-FR\",\"potentialAction\":[{\"@type\":\"ReadAction\",\"target\":[\"https:\/\/www.istegroup.com\/produit\/les-premiers-pas-de-la-vie\/\"]}]},{\"@type\":\"ImageObject\",\"inLanguage\":\"fr-FR\",\"@id\":\"https:\/\/www.istegroup.com\/produit\/les-premiers-pas-de-la-vie\/#primaryimage\",\"url\":\"https:\/\/www.istegroup.com\/wp-content\/uploads\/2024\/11\/Les-premiers-pas-de-la-vie.png\",\"contentUrl\":\"https:\/\/www.istegroup.com\/wp-content\/uploads\/2024\/11\/Les-premiers-pas-de-la-vie.png\",\"width\":300,\"height\":450,\"caption\":\"Livre scientifique - Les premiers pas de la vie\"},{\"@type\":\"BreadcrumbList\",\"@id\":\"https:\/\/www.istegroup.com\/produit\/les-premiers-pas-de-la-vie\/#breadcrumb\",\"itemListElement\":[{\"@type\":\"ListItem\",\"position\":1,\"name\":\"Home\",\"item\":\"https:\/\/www.istegroup.com\/\"},{\"@type\":\"ListItem\",\"position\":2,\"name\":\"Shop\",\"item\":\"https:\/\/www.istegroup.com\/fr\/nouveautes\/\"},{\"@type\":\"ListItem\",\"position\":3,\"name\":\"Les premiers pas de la vie\"}]},{\"@type\":\"WebSite\",\"@id\":\"https:\/\/www.istegroup.com\/#website\",\"url\":\"https:\/\/www.istegroup.com\/\",\"name\":\"ISTE Group\",\"description\":\"\u00c9diteur des Sciences\",\"potentialAction\":[{\"@type\":\"SearchAction\",\"target\":{\"@type\":\"EntryPoint\",\"urlTemplate\":\"https:\/\/www.istegroup.com\/?s={search_term_string}\"},\"query-input\":{\"@type\":\"PropertyValueSpecification\",\"valueRequired\":true,\"valueName\":\"search_term_string\"}}],\"inLanguage\":\"fr-FR\"}]}<\/script>\n<!-- \/ Yoast SEO plugin. -->","yoast_head_json":{"title":"Les premiers pas de la vie - ISTE Group","description":"Les premiers pas de la vie traite, dans un premier temps, de l\u2019habitabilit\u00e9 de l\u2019Univers et de la logique derri\u00e8re la chimie pr\u00e9biotique et ses mod\u00e8les possibles et probables.","robots":{"index":"index","follow":"follow","max-snippet":"max-snippet:-1","max-image-preview":"max-image-preview:large","max-video-preview":"max-video-preview:-1"},"canonical":"https:\/\/www.istegroup.com\/produit\/les-premiers-pas-de-la-vie\/","og_locale":"fr_FR","og_type":"article","og_title":"Les premiers pas de la vie - ISTE Group","og_description":"Les premiers pas de la vie traite, dans un premier temps, de l\u2019habitabilit\u00e9 de l\u2019Univers et de la logique derri\u00e8re la chimie pr\u00e9biotique et ses mod\u00e8les possibles et probables.","og_url":"https:\/\/www.istegroup.com\/produit\/les-premiers-pas-de-la-vie\/","og_site_name":"ISTE Group","article_modified_time":"2025-01-03T10:52:21+00:00","og_image":[{"width":300,"height":450,"url":"https:\/\/www.istegroup.com\/wp-content\/uploads\/2024\/11\/Les-premiers-pas-de-la-vie.png","type":"image\/png"}],"twitter_card":"summary_large_image","twitter_misc":{"Est. reading time":"1 minute"},"schema":{"@context":"https:\/\/schema.org","@graph":[{"@type":"WebPage","@id":"https:\/\/www.istegroup.com\/produit\/les-premiers-pas-de-la-vie\/","url":"https:\/\/www.istegroup.com\/produit\/les-premiers-pas-de-la-vie\/","name":"Les premiers pas de la vie - ISTE Group","isPartOf":{"@id":"https:\/\/www.istegroup.com\/#website"},"primaryImageOfPage":{"@id":"https:\/\/www.istegroup.com\/produit\/les-premiers-pas-de-la-vie\/#primaryimage"},"image":{"@id":"https:\/\/www.istegroup.com\/produit\/les-premiers-pas-de-la-vie\/#primaryimage"},"thumbnailUrl":"https:\/\/www.istegroup.com\/wp-content\/uploads\/2024\/11\/Les-premiers-pas-de-la-vie.png","datePublished":"2024-11-06T10:32:02+00:00","dateModified":"2025-01-03T10:52:21+00:00","description":"Les premiers pas de la vie traite, dans un premier temps, de l\u2019habitabilit\u00e9 de l\u2019Univers et de la logique derri\u00e8re la chimie pr\u00e9biotique et ses mod\u00e8les possibles et probables.","breadcrumb":{"@id":"https:\/\/www.istegroup.com\/produit\/les-premiers-pas-de-la-vie\/#breadcrumb"},"inLanguage":"fr-FR","potentialAction":[{"@type":"ReadAction","target":["https:\/\/www.istegroup.com\/produit\/les-premiers-pas-de-la-vie\/"]}]},{"@type":"ImageObject","inLanguage":"fr-FR","@id":"https:\/\/www.istegroup.com\/produit\/les-premiers-pas-de-la-vie\/#primaryimage","url":"https:\/\/www.istegroup.com\/wp-content\/uploads\/2024\/11\/Les-premiers-pas-de-la-vie.png","contentUrl":"https:\/\/www.istegroup.com\/wp-content\/uploads\/2024\/11\/Les-premiers-pas-de-la-vie.png","width":300,"height":450,"caption":"Livre scientifique - Les premiers pas de la vie"},{"@type":"BreadcrumbList","@id":"https:\/\/www.istegroup.com\/produit\/les-premiers-pas-de-la-vie\/#breadcrumb","itemListElement":[{"@type":"ListItem","position":1,"name":"Home","item":"https:\/\/www.istegroup.com\/"},{"@type":"ListItem","position":2,"name":"Shop","item":"https:\/\/www.istegroup.com\/fr\/nouveautes\/"},{"@type":"ListItem","position":3,"name":"Les premiers pas de la vie"}]},{"@type":"WebSite","@id":"https:\/\/www.istegroup.com\/#website","url":"https:\/\/www.istegroup.com\/","name":"ISTE Group","description":"\u00c9diteur des Sciences","potentialAction":[{"@type":"SearchAction","target":{"@type":"EntryPoint","urlTemplate":"https:\/\/www.istegroup.com\/?s={search_term_string}"},"query-input":{"@type":"PropertyValueSpecification","valueRequired":true,"valueName":"search_term_string"}}],"inLanguage":"fr-FR"}]}},"_links":{"self":[{"href":"https:\/\/www.istegroup.com\/fr\/wp-json\/wp\/v2\/product\/58453","targetHints":{"allow":["GET"]}}],"collection":[{"href":"https:\/\/www.istegroup.com\/fr\/wp-json\/wp\/v2\/product"}],"about":[{"href":"https:\/\/www.istegroup.com\/fr\/wp-json\/wp\/v2\/types\/product"}],"wp:featuredmedia":[{"embeddable":true,"href":"https:\/\/www.istegroup.com\/fr\/wp-json\/wp\/v2\/media\/58464"}],"wp:attachment":[{"href":"https:\/\/www.istegroup.com\/fr\/wp-json\/wp\/v2\/media?parent=58453"}],"wp:term":[{"taxonomy":"product_brand","embeddable":true,"href":"https:\/\/www.istegroup.com\/fr\/wp-json\/wp\/v2\/product_brand?post=58453"},{"taxonomy":"product_cat","embeddable":true,"href":"https:\/\/www.istegroup.com\/fr\/wp-json\/wp\/v2\/product_cat?post=58453"},{"taxonomy":"product_tag","embeddable":true,"href":"https:\/\/www.istegroup.com\/fr\/wp-json\/wp\/v2\/product_tag?post=58453"}],"curies":[{"name":"wp","href":"https:\/\/api.w.org\/{rel}","templated":true}]}}