{"id":58371,"date":"2024-11-01T14:02:25","date_gmt":"2024-11-01T14:02:25","guid":{"rendered":"https:\/\/www.istegroup.com\/?post_type=product&#038;p=58371"},"modified":"2025-07-23T14:31:07","modified_gmt":"2025-07-23T13:31:07","slug":"ethique-et-transition-numerique","status":"publish","type":"product","link":"https:\/\/www.istegroup.com\/fr\/produit\/ethique-et-transition-numerique\/","title":{"rendered":"\u00c9thique et transition num\u00e9rique"},"content":{"rendered":"<p>Cet ouvrage propose une \u00e9tude r\u00e9alis\u00e9e par le chapitre fran\u00e7ais de l\u2019IEEE SMC sur l\u2019\u00e9thique et la transformation num\u00e9rique dans les industries et la soci\u00e9t\u00e9. Fond\u00e9e sur une enqu\u00eate men\u00e9e aupr\u00e8s de chercheurs en technologies de l&rsquo;information et de la communication (TIC) et en intelligence artificielle (IA), ainsi que sur des s\u00e9minaires de pr\u00e9sentation, cette \u00e9tude examine les diff\u00e9rents aspects \u00e0 consid\u00e9rer pour \u00e9valuer les principes \u00e9thiques dans les approches de la transition num\u00e9rique, notamment en ce qui concerne les syst\u00e8mes intelligents.<\/p>\n<p>Pour ce faire, <em>\u00c9thique et transition num\u00e9rique<\/em> pr\u00e9sente les principales technologies et les usages des syst\u00e8mes intelligents. Rassemblant des sp\u00e9cialistes de divers domaines, il explore les diff\u00e9rentes dimensions de l\u2019\u00e9thique \u00e0 prendre en compte dans le d\u00e9veloppement de ces syst\u00e8mes, qu&rsquo;il s&rsquo;agisse des sciences de l&rsquo;ing\u00e9nieur, du droit, de la sociologie ou encore de la philosophie, et se penche sur les d\u00e9fis futurs de l\u2019\u00e9thique dans la transition num\u00e9rique.<\/p>\n<p>&nbsp;<\/p>\n<p><strong>La presse en parle<\/strong><\/p>\n<p>\u00c0 travers une approche pluridisciplinaire, croisant sciences de l\u2019ing\u00e9nieur, droit, sociologie et philosophie,\u00a0<em>\u00c9thique et transition num\u00e9rique<\/em> d\u00e9crypte les technologies cl\u00e9s, leurs usages et les d\u00e9fis \u00e0 venir. C\u2019est un ouvrage essentiel pour comprendre comment concilier innovation et responsabilit\u00e9 dans un monde de plus en plus connect\u00e9. (\u2026)<br \/>\n<a style=\"color: #1e9691;\" href=\"https:\/\/journals.openedition.org\/edc\/18467\"><em>Compte rendu de lecture, Joachim Sch\u00f6pfel, \u00c9tudes de communication, 64 | 2025, 219-222.<\/em><\/a><\/p>\n","protected":false},"excerpt":{"rendered":"<p>Cet ouvrage propose une \u00e9tude r\u00e9alis\u00e9e par le chapitre fran\u00e7ais de l\u2019IEEE SMC sur l\u2019\u00e9thique et la transformation num\u00e9rique dans les industries et la soci\u00e9t\u00e9. Fond\u00e9e sur une enqu\u00eate men\u00e9e aupr\u00e8s de chercheurs en technologies de l&rsquo;information et de la communication (TIC) et en intelligence artificielle (IA), ainsi que sur des s\u00e9minaires de pr\u00e9sentation, cette [&hellip;]<\/p>\n","protected":false},"featured_media":58383,"template":"","meta":{"_acf_changed":false,"_links_to":"","_links_to_target":""},"product_brand":[],"product_cat":[3262],"product_tag":[],"class_list":{"0":"post-58371","1":"product","2":"type-product","3":"status-publish","4":"has-post-thumbnail","6":"product_cat-non-classe","8":"first","9":"instock","10":"shipping-taxable","11":"purchasable","12":"product-type-variable"},"acf":[],"yoast_head":"<!-- This site is optimized with the Yoast SEO plugin v27.2 - https:\/\/yoast.com\/product\/yoast-seo-wordpress\/ -->\n<title>\u00c9thique et transition num\u00e9rique - ISTE Group<\/title>\n<meta name=\"description\" content=\"Cet ouvrage propose une \u00e9tude r\u00e9alis\u00e9e par le chapitre fran\u00e7ais de l\u2019IEEE SMC sur l\u2019\u00e9thique et la transformation num\u00e9rique dans les industries et la soci\u00e9t\u00e9.\" \/>\n<meta name=\"robots\" content=\"index, follow, max-snippet:-1, max-image-preview:large, max-video-preview:-1\" \/>\n<link rel=\"canonical\" href=\"https:\/\/www.istegroup.com\/produit\/ethique-et-transition-numerique\/\" \/>\n<meta property=\"og:locale\" content=\"fr_FR\" \/>\n<meta property=\"og:type\" content=\"article\" \/>\n<meta property=\"og:title\" content=\"\u00c9thique et transition num\u00e9rique - ISTE Group\" \/>\n<meta property=\"og:description\" content=\"Cet ouvrage propose une \u00e9tude r\u00e9alis\u00e9e par le chapitre fran\u00e7ais de l\u2019IEEE SMC sur l\u2019\u00e9thique et la transformation num\u00e9rique dans les industries et la soci\u00e9t\u00e9.\" \/>\n<meta property=\"og:url\" content=\"https:\/\/www.istegroup.com\/produit\/ethique-et-transition-numerique\/\" \/>\n<meta property=\"og:site_name\" content=\"ISTE Group\" \/>\n<meta property=\"article:modified_time\" content=\"2025-07-23T13:31:07+00:00\" \/>\n<meta property=\"og:image\" content=\"https:\/\/www.istegroup.com\/wp-content\/uploads\/2024\/11\/Ethique-et-transition-numerique_front.png\" \/>\n\t<meta property=\"og:image:width\" content=\"598\" \/>\n\t<meta property=\"og:image:height\" content=\"899\" \/>\n\t<meta property=\"og:image:type\" content=\"image\/png\" \/>\n<meta name=\"twitter:card\" content=\"summary_large_image\" \/>\n<meta name=\"twitter:label1\" content=\"Est. reading time\" \/>\n\t<meta name=\"twitter:data1\" content=\"2 minutes\" \/>\n<script type=\"application\/ld+json\" class=\"yoast-schema-graph\">{\"@context\":\"https:\/\/schema.org\",\"@graph\":[{\"@type\":\"WebPage\",\"@id\":\"https:\/\/www.istegroup.com\/produit\/ethique-et-transition-numerique\/\",\"url\":\"https:\/\/www.istegroup.com\/produit\/ethique-et-transition-numerique\/\",\"name\":\"\u00c9thique et transition num\u00e9rique - ISTE Group\",\"isPartOf\":{\"@id\":\"https:\/\/www.istegroup.com\/#website\"},\"primaryImageOfPage\":{\"@id\":\"https:\/\/www.istegroup.com\/produit\/ethique-et-transition-numerique\/#primaryimage\"},\"image\":{\"@id\":\"https:\/\/www.istegroup.com\/produit\/ethique-et-transition-numerique\/#primaryimage\"},\"thumbnailUrl\":\"https:\/\/www.istegroup.com\/wp-content\/uploads\/2024\/11\/Ethique-et-transition-numerique_front.png\",\"datePublished\":\"2024-11-01T14:02:25+00:00\",\"dateModified\":\"2025-07-23T13:31:07+00:00\",\"description\":\"Cet ouvrage propose une \u00e9tude r\u00e9alis\u00e9e par le chapitre fran\u00e7ais de l\u2019IEEE SMC sur l\u2019\u00e9thique et la transformation num\u00e9rique dans les industries et la soci\u00e9t\u00e9.\",\"breadcrumb\":{\"@id\":\"https:\/\/www.istegroup.com\/produit\/ethique-et-transition-numerique\/#breadcrumb\"},\"inLanguage\":\"fr-FR\",\"potentialAction\":[{\"@type\":\"ReadAction\",\"target\":[\"https:\/\/www.istegroup.com\/produit\/ethique-et-transition-numerique\/\"]}]},{\"@type\":\"ImageObject\",\"inLanguage\":\"fr-FR\",\"@id\":\"https:\/\/www.istegroup.com\/produit\/ethique-et-transition-numerique\/#primaryimage\",\"url\":\"https:\/\/www.istegroup.com\/wp-content\/uploads\/2024\/11\/Ethique-et-transition-numerique_front.png\",\"contentUrl\":\"https:\/\/www.istegroup.com\/wp-content\/uploads\/2024\/11\/Ethique-et-transition-numerique_front.png\",\"width\":598,\"height\":899,\"caption\":\"Livre scientifique - \u00c9thique et transition num\u00e9rique\"},{\"@type\":\"BreadcrumbList\",\"@id\":\"https:\/\/www.istegroup.com\/produit\/ethique-et-transition-numerique\/#breadcrumb\",\"itemListElement\":[{\"@type\":\"ListItem\",\"position\":1,\"name\":\"Home\",\"item\":\"https:\/\/www.istegroup.com\/\"},{\"@type\":\"ListItem\",\"position\":2,\"name\":\"Shop\",\"item\":\"https:\/\/www.istegroup.com\/fr\/nouveautes\/\"},{\"@type\":\"ListItem\",\"position\":3,\"name\":\"\u00c9thique et transition num\u00e9rique\"}]},{\"@type\":\"WebSite\",\"@id\":\"https:\/\/www.istegroup.com\/#website\",\"url\":\"https:\/\/www.istegroup.com\/\",\"name\":\"ISTE Group\",\"description\":\"\u00c9diteur des Sciences\",\"potentialAction\":[{\"@type\":\"SearchAction\",\"target\":{\"@type\":\"EntryPoint\",\"urlTemplate\":\"https:\/\/www.istegroup.com\/?s={search_term_string}\"},\"query-input\":{\"@type\":\"PropertyValueSpecification\",\"valueRequired\":true,\"valueName\":\"search_term_string\"}}],\"inLanguage\":\"fr-FR\"}]}<\/script>\n<!-- \/ Yoast SEO plugin. -->","yoast_head_json":{"title":"\u00c9thique et transition num\u00e9rique - ISTE Group","description":"Cet ouvrage propose une \u00e9tude r\u00e9alis\u00e9e par le chapitre fran\u00e7ais de l\u2019IEEE SMC sur l\u2019\u00e9thique et la transformation num\u00e9rique dans les industries et la soci\u00e9t\u00e9.","robots":{"index":"index","follow":"follow","max-snippet":"max-snippet:-1","max-image-preview":"max-image-preview:large","max-video-preview":"max-video-preview:-1"},"canonical":"https:\/\/www.istegroup.com\/produit\/ethique-et-transition-numerique\/","og_locale":"fr_FR","og_type":"article","og_title":"\u00c9thique et transition num\u00e9rique - ISTE Group","og_description":"Cet ouvrage propose une \u00e9tude r\u00e9alis\u00e9e par le chapitre fran\u00e7ais de l\u2019IEEE SMC sur l\u2019\u00e9thique et la transformation num\u00e9rique dans les industries et la soci\u00e9t\u00e9.","og_url":"https:\/\/www.istegroup.com\/produit\/ethique-et-transition-numerique\/","og_site_name":"ISTE Group","article_modified_time":"2025-07-23T13:31:07+00:00","og_image":[{"width":598,"height":899,"url":"https:\/\/www.istegroup.com\/wp-content\/uploads\/2024\/11\/Ethique-et-transition-numerique_front.png","type":"image\/png"}],"twitter_card":"summary_large_image","twitter_misc":{"Est. reading time":"2 minutes"},"schema":{"@context":"https:\/\/schema.org","@graph":[{"@type":"WebPage","@id":"https:\/\/www.istegroup.com\/produit\/ethique-et-transition-numerique\/","url":"https:\/\/www.istegroup.com\/produit\/ethique-et-transition-numerique\/","name":"\u00c9thique et transition num\u00e9rique - ISTE Group","isPartOf":{"@id":"https:\/\/www.istegroup.com\/#website"},"primaryImageOfPage":{"@id":"https:\/\/www.istegroup.com\/produit\/ethique-et-transition-numerique\/#primaryimage"},"image":{"@id":"https:\/\/www.istegroup.com\/produit\/ethique-et-transition-numerique\/#primaryimage"},"thumbnailUrl":"https:\/\/www.istegroup.com\/wp-content\/uploads\/2024\/11\/Ethique-et-transition-numerique_front.png","datePublished":"2024-11-01T14:02:25+00:00","dateModified":"2025-07-23T13:31:07+00:00","description":"Cet ouvrage propose une \u00e9tude r\u00e9alis\u00e9e par le chapitre fran\u00e7ais de l\u2019IEEE SMC sur l\u2019\u00e9thique et la transformation num\u00e9rique dans les industries et la soci\u00e9t\u00e9.","breadcrumb":{"@id":"https:\/\/www.istegroup.com\/produit\/ethique-et-transition-numerique\/#breadcrumb"},"inLanguage":"fr-FR","potentialAction":[{"@type":"ReadAction","target":["https:\/\/www.istegroup.com\/produit\/ethique-et-transition-numerique\/"]}]},{"@type":"ImageObject","inLanguage":"fr-FR","@id":"https:\/\/www.istegroup.com\/produit\/ethique-et-transition-numerique\/#primaryimage","url":"https:\/\/www.istegroup.com\/wp-content\/uploads\/2024\/11\/Ethique-et-transition-numerique_front.png","contentUrl":"https:\/\/www.istegroup.com\/wp-content\/uploads\/2024\/11\/Ethique-et-transition-numerique_front.png","width":598,"height":899,"caption":"Livre scientifique - \u00c9thique et transition num\u00e9rique"},{"@type":"BreadcrumbList","@id":"https:\/\/www.istegroup.com\/produit\/ethique-et-transition-numerique\/#breadcrumb","itemListElement":[{"@type":"ListItem","position":1,"name":"Home","item":"https:\/\/www.istegroup.com\/"},{"@type":"ListItem","position":2,"name":"Shop","item":"https:\/\/www.istegroup.com\/fr\/nouveautes\/"},{"@type":"ListItem","position":3,"name":"\u00c9thique et transition num\u00e9rique"}]},{"@type":"WebSite","@id":"https:\/\/www.istegroup.com\/#website","url":"https:\/\/www.istegroup.com\/","name":"ISTE Group","description":"\u00c9diteur des Sciences","potentialAction":[{"@type":"SearchAction","target":{"@type":"EntryPoint","urlTemplate":"https:\/\/www.istegroup.com\/?s={search_term_string}"},"query-input":{"@type":"PropertyValueSpecification","valueRequired":true,"valueName":"search_term_string"}}],"inLanguage":"fr-FR"}]}},"_links":{"self":[{"href":"https:\/\/www.istegroup.com\/fr\/wp-json\/wp\/v2\/product\/58371","targetHints":{"allow":["GET"]}}],"collection":[{"href":"https:\/\/www.istegroup.com\/fr\/wp-json\/wp\/v2\/product"}],"about":[{"href":"https:\/\/www.istegroup.com\/fr\/wp-json\/wp\/v2\/types\/product"}],"wp:featuredmedia":[{"embeddable":true,"href":"https:\/\/www.istegroup.com\/fr\/wp-json\/wp\/v2\/media\/58383"}],"wp:attachment":[{"href":"https:\/\/www.istegroup.com\/fr\/wp-json\/wp\/v2\/media?parent=58371"}],"wp:term":[{"taxonomy":"product_brand","embeddable":true,"href":"https:\/\/www.istegroup.com\/fr\/wp-json\/wp\/v2\/product_brand?post=58371"},{"taxonomy":"product_cat","embeddable":true,"href":"https:\/\/www.istegroup.com\/fr\/wp-json\/wp\/v2\/product_cat?post=58371"},{"taxonomy":"product_tag","embeddable":true,"href":"https:\/\/www.istegroup.com\/fr\/wp-json\/wp\/v2\/product_tag?post=58371"}],"curies":[{"name":"wp","href":"https:\/\/api.w.org\/{rel}","templated":true}]}}