{"id":58362,"date":"2024-11-01T13:47:06","date_gmt":"2024-11-01T13:47:06","guid":{"rendered":"https:\/\/www.istegroup.com\/?post_type=product&#038;p=58362"},"modified":"2025-04-16T11:52:07","modified_gmt":"2025-04-16T10:52:07","slug":"la-prevention-de-la-radicalisation","status":"publish","type":"product","link":"https:\/\/www.istegroup.com\/fr\/produit\/la-prevention-de-la-radicalisation\/","title":{"rendered":"La pr\u00e9vention de la radicalisation"},"content":{"rendered":"<p>Face \u00e0 la menace croissante et persistante de la radicalisation, tant en France qu&rsquo;\u00e0 l&rsquo;\u00e9chelle mondiale, il est crucial d&rsquo;explorer de nouvelles approches de pr\u00e9vention.<\/p>\n<p>Cet ouvrage propose une m\u00e9thode innovante pour comprendre et pr\u00e9venir la radicalisation violente, en mettant l&rsquo;accent sur le d\u00e9veloppement de la responsabilit\u00e9 individuelle par l&rsquo;am\u00e9lioration des comp\u00e9tences psychosociales. Il examine les limites des approches traditionnelles centr\u00e9es sur la s\u00e9curit\u00e9 et la justice, et met en avant des strat\u00e9gies concr\u00e8tes et novatrices ax\u00e9es sur la recherche de solutions, notamment \u00e0 travers des programmes \u00e9ducatifs et de sensibilisation. Cette approche int\u00e9gr\u00e9e et humaniste, qui vise \u00e0 renforcer les comp\u00e9tences \u00e9pist\u00e9miques, \u00e9motionnelles, attentionnelles, relationnelles et axiologiques, repr\u00e9sente une avanc\u00e9e significative dans la pr\u00e9vention primaire des processus de radicalisation violente.<\/p>\n<p>Dans un contexte o\u00f9 la radicalisation continue de menacer la stabilit\u00e9 des soci\u00e9t\u00e9s, il est imp\u00e9ratif de repenser les strat\u00e9gies de pr\u00e9vention. Ce livre offre les cl\u00e9s indispensables de compr\u00e9hension \u00e0 tous ceux qui souhaitent faire face \u00e0 cette menace complexe.<\/p>\n","protected":false},"excerpt":{"rendered":"<p>Face \u00e0 la menace croissante et persistante de la radicalisation, tant en France qu&rsquo;\u00e0 l&rsquo;\u00e9chelle mondiale, il est crucial d&rsquo;explorer de nouvelles approches de pr\u00e9vention. Cet ouvrage propose une m\u00e9thode innovante pour comprendre et pr\u00e9venir la radicalisation violente, en mettant l&rsquo;accent sur le d\u00e9veloppement de la responsabilit\u00e9 individuelle par l&rsquo;am\u00e9lioration des comp\u00e9tences psychosociales. Il examine [&hellip;]<\/p>\n","protected":false},"featured_media":58370,"template":"","meta":{"_acf_changed":false,"_links_to":"","_links_to_target":""},"product_brand":[],"product_cat":[669],"product_tag":[],"class_list":{"0":"post-58362","1":"product","2":"type-product","3":"status-publish","4":"has-post-thumbnail","6":"product_cat-innovation-en-sciences-de-lducation-433942033","8":"first","9":"instock","10":"shipping-taxable","11":"purchasable","12":"product-type-variable"},"acf":[],"yoast_head":"<!-- This site is optimized with the Yoast SEO plugin v27.2 - https:\/\/yoast.com\/product\/yoast-seo-wordpress\/ -->\n<title>La pr\u00e9vention de la radicalisation - ISTE Group<\/title>\n<meta name=\"description\" content=\"Cet ouvrage propose une m\u00e9thode innovante pour comprendre et pr\u00e9venir la radicalisation violente, en mettant l&#039;accent sur le d\u00e9veloppement de la responsabilit\u00e9 individuelle par l&#039;am\u00e9lioration des comp\u00e9tences psychosociales.\" \/>\n<meta name=\"robots\" content=\"index, follow, max-snippet:-1, max-image-preview:large, max-video-preview:-1\" \/>\n<link rel=\"canonical\" href=\"https:\/\/www.istegroup.com\/produit\/la-prevention-de-la-radicalisation\/\" \/>\n<meta property=\"og:locale\" content=\"fr_FR\" \/>\n<meta property=\"og:type\" content=\"article\" \/>\n<meta property=\"og:title\" content=\"La pr\u00e9vention de la radicalisation - ISTE Group\" \/>\n<meta property=\"og:description\" content=\"Cet ouvrage propose une m\u00e9thode innovante pour comprendre et pr\u00e9venir la radicalisation violente, en mettant l&#039;accent sur le d\u00e9veloppement de la responsabilit\u00e9 individuelle par l&#039;am\u00e9lioration des comp\u00e9tences psychosociales.\" \/>\n<meta property=\"og:url\" content=\"https:\/\/www.istegroup.com\/produit\/la-prevention-de-la-radicalisation\/\" \/>\n<meta property=\"og:site_name\" content=\"ISTE Group\" \/>\n<meta property=\"article:modified_time\" content=\"2025-04-16T10:52:07+00:00\" \/>\n<meta property=\"og:image\" content=\"https:\/\/www.istegroup.com\/wp-content\/uploads\/2024\/11\/La-prevention-de-la-radicalisation_front.png\" \/>\n\t<meta property=\"og:image:width\" content=\"597\" \/>\n\t<meta property=\"og:image:height\" content=\"899\" \/>\n\t<meta property=\"og:image:type\" content=\"image\/png\" \/>\n<meta name=\"twitter:card\" content=\"summary_large_image\" \/>\n<meta name=\"twitter:label1\" content=\"Est. reading time\" \/>\n\t<meta name=\"twitter:data1\" content=\"2 minutes\" \/>\n<script type=\"application\/ld+json\" class=\"yoast-schema-graph\">{\"@context\":\"https:\/\/schema.org\",\"@graph\":[{\"@type\":\"WebPage\",\"@id\":\"https:\/\/www.istegroup.com\/produit\/la-prevention-de-la-radicalisation\/\",\"url\":\"https:\/\/www.istegroup.com\/produit\/la-prevention-de-la-radicalisation\/\",\"name\":\"La pr\u00e9vention de la radicalisation - ISTE Group\",\"isPartOf\":{\"@id\":\"https:\/\/www.istegroup.com\/#website\"},\"primaryImageOfPage\":{\"@id\":\"https:\/\/www.istegroup.com\/produit\/la-prevention-de-la-radicalisation\/#primaryimage\"},\"image\":{\"@id\":\"https:\/\/www.istegroup.com\/produit\/la-prevention-de-la-radicalisation\/#primaryimage\"},\"thumbnailUrl\":\"https:\/\/www.istegroup.com\/wp-content\/uploads\/2024\/11\/La-prevention-de-la-radicalisation_front.png\",\"datePublished\":\"2024-11-01T13:47:06+00:00\",\"dateModified\":\"2025-04-16T10:52:07+00:00\",\"description\":\"Cet ouvrage propose une m\u00e9thode innovante pour comprendre et pr\u00e9venir la radicalisation violente, en mettant l'accent sur le d\u00e9veloppement de la responsabilit\u00e9 individuelle par l'am\u00e9lioration des comp\u00e9tences psychosociales.\",\"breadcrumb\":{\"@id\":\"https:\/\/www.istegroup.com\/produit\/la-prevention-de-la-radicalisation\/#breadcrumb\"},\"inLanguage\":\"fr-FR\",\"potentialAction\":[{\"@type\":\"ReadAction\",\"target\":[\"https:\/\/www.istegroup.com\/produit\/la-prevention-de-la-radicalisation\/\"]}]},{\"@type\":\"ImageObject\",\"inLanguage\":\"fr-FR\",\"@id\":\"https:\/\/www.istegroup.com\/produit\/la-prevention-de-la-radicalisation\/#primaryimage\",\"url\":\"https:\/\/www.istegroup.com\/wp-content\/uploads\/2024\/11\/La-prevention-de-la-radicalisation_front.png\",\"contentUrl\":\"https:\/\/www.istegroup.com\/wp-content\/uploads\/2024\/11\/La-prevention-de-la-radicalisation_front.png\",\"width\":597,\"height\":899,\"caption\":\"Livre scientifique - La pr\u00e9vention de la radicalisation\"},{\"@type\":\"BreadcrumbList\",\"@id\":\"https:\/\/www.istegroup.com\/produit\/la-prevention-de-la-radicalisation\/#breadcrumb\",\"itemListElement\":[{\"@type\":\"ListItem\",\"position\":1,\"name\":\"Home\",\"item\":\"https:\/\/www.istegroup.com\/\"},{\"@type\":\"ListItem\",\"position\":2,\"name\":\"Shop\",\"item\":\"https:\/\/www.istegroup.com\/fr\/nouveautes\/\"},{\"@type\":\"ListItem\",\"position\":3,\"name\":\"La pr\u00e9vention de la radicalisation\"}]},{\"@type\":\"WebSite\",\"@id\":\"https:\/\/www.istegroup.com\/#website\",\"url\":\"https:\/\/www.istegroup.com\/\",\"name\":\"ISTE Group\",\"description\":\"\u00c9diteur des Sciences\",\"potentialAction\":[{\"@type\":\"SearchAction\",\"target\":{\"@type\":\"EntryPoint\",\"urlTemplate\":\"https:\/\/www.istegroup.com\/?s={search_term_string}\"},\"query-input\":{\"@type\":\"PropertyValueSpecification\",\"valueRequired\":true,\"valueName\":\"search_term_string\"}}],\"inLanguage\":\"fr-FR\"}]}<\/script>\n<!-- \/ Yoast SEO plugin. -->","yoast_head_json":{"title":"La pr\u00e9vention de la radicalisation - ISTE Group","description":"Cet ouvrage propose une m\u00e9thode innovante pour comprendre et pr\u00e9venir la radicalisation violente, en mettant l'accent sur le d\u00e9veloppement de la responsabilit\u00e9 individuelle par l'am\u00e9lioration des comp\u00e9tences psychosociales.","robots":{"index":"index","follow":"follow","max-snippet":"max-snippet:-1","max-image-preview":"max-image-preview:large","max-video-preview":"max-video-preview:-1"},"canonical":"https:\/\/www.istegroup.com\/produit\/la-prevention-de-la-radicalisation\/","og_locale":"fr_FR","og_type":"article","og_title":"La pr\u00e9vention de la radicalisation - ISTE Group","og_description":"Cet ouvrage propose une m\u00e9thode innovante pour comprendre et pr\u00e9venir la radicalisation violente, en mettant l'accent sur le d\u00e9veloppement de la responsabilit\u00e9 individuelle par l'am\u00e9lioration des comp\u00e9tences psychosociales.","og_url":"https:\/\/www.istegroup.com\/produit\/la-prevention-de-la-radicalisation\/","og_site_name":"ISTE Group","article_modified_time":"2025-04-16T10:52:07+00:00","og_image":[{"width":597,"height":899,"url":"https:\/\/www.istegroup.com\/wp-content\/uploads\/2024\/11\/La-prevention-de-la-radicalisation_front.png","type":"image\/png"}],"twitter_card":"summary_large_image","twitter_misc":{"Est. reading time":"2 minutes"},"schema":{"@context":"https:\/\/schema.org","@graph":[{"@type":"WebPage","@id":"https:\/\/www.istegroup.com\/produit\/la-prevention-de-la-radicalisation\/","url":"https:\/\/www.istegroup.com\/produit\/la-prevention-de-la-radicalisation\/","name":"La pr\u00e9vention de la radicalisation - ISTE Group","isPartOf":{"@id":"https:\/\/www.istegroup.com\/#website"},"primaryImageOfPage":{"@id":"https:\/\/www.istegroup.com\/produit\/la-prevention-de-la-radicalisation\/#primaryimage"},"image":{"@id":"https:\/\/www.istegroup.com\/produit\/la-prevention-de-la-radicalisation\/#primaryimage"},"thumbnailUrl":"https:\/\/www.istegroup.com\/wp-content\/uploads\/2024\/11\/La-prevention-de-la-radicalisation_front.png","datePublished":"2024-11-01T13:47:06+00:00","dateModified":"2025-04-16T10:52:07+00:00","description":"Cet ouvrage propose une m\u00e9thode innovante pour comprendre et pr\u00e9venir la radicalisation violente, en mettant l'accent sur le d\u00e9veloppement de la responsabilit\u00e9 individuelle par l'am\u00e9lioration des comp\u00e9tences psychosociales.","breadcrumb":{"@id":"https:\/\/www.istegroup.com\/produit\/la-prevention-de-la-radicalisation\/#breadcrumb"},"inLanguage":"fr-FR","potentialAction":[{"@type":"ReadAction","target":["https:\/\/www.istegroup.com\/produit\/la-prevention-de-la-radicalisation\/"]}]},{"@type":"ImageObject","inLanguage":"fr-FR","@id":"https:\/\/www.istegroup.com\/produit\/la-prevention-de-la-radicalisation\/#primaryimage","url":"https:\/\/www.istegroup.com\/wp-content\/uploads\/2024\/11\/La-prevention-de-la-radicalisation_front.png","contentUrl":"https:\/\/www.istegroup.com\/wp-content\/uploads\/2024\/11\/La-prevention-de-la-radicalisation_front.png","width":597,"height":899,"caption":"Livre scientifique - La pr\u00e9vention de la radicalisation"},{"@type":"BreadcrumbList","@id":"https:\/\/www.istegroup.com\/produit\/la-prevention-de-la-radicalisation\/#breadcrumb","itemListElement":[{"@type":"ListItem","position":1,"name":"Home","item":"https:\/\/www.istegroup.com\/"},{"@type":"ListItem","position":2,"name":"Shop","item":"https:\/\/www.istegroup.com\/fr\/nouveautes\/"},{"@type":"ListItem","position":3,"name":"La pr\u00e9vention de la radicalisation"}]},{"@type":"WebSite","@id":"https:\/\/www.istegroup.com\/#website","url":"https:\/\/www.istegroup.com\/","name":"ISTE Group","description":"\u00c9diteur des Sciences","potentialAction":[{"@type":"SearchAction","target":{"@type":"EntryPoint","urlTemplate":"https:\/\/www.istegroup.com\/?s={search_term_string}"},"query-input":{"@type":"PropertyValueSpecification","valueRequired":true,"valueName":"search_term_string"}}],"inLanguage":"fr-FR"}]}},"_links":{"self":[{"href":"https:\/\/www.istegroup.com\/fr\/wp-json\/wp\/v2\/product\/58362","targetHints":{"allow":["GET"]}}],"collection":[{"href":"https:\/\/www.istegroup.com\/fr\/wp-json\/wp\/v2\/product"}],"about":[{"href":"https:\/\/www.istegroup.com\/fr\/wp-json\/wp\/v2\/types\/product"}],"wp:featuredmedia":[{"embeddable":true,"href":"https:\/\/www.istegroup.com\/fr\/wp-json\/wp\/v2\/media\/58370"}],"wp:attachment":[{"href":"https:\/\/www.istegroup.com\/fr\/wp-json\/wp\/v2\/media?parent=58362"}],"wp:term":[{"taxonomy":"product_brand","embeddable":true,"href":"https:\/\/www.istegroup.com\/fr\/wp-json\/wp\/v2\/product_brand?post=58362"},{"taxonomy":"product_cat","embeddable":true,"href":"https:\/\/www.istegroup.com\/fr\/wp-json\/wp\/v2\/product_cat?post=58362"},{"taxonomy":"product_tag","embeddable":true,"href":"https:\/\/www.istegroup.com\/fr\/wp-json\/wp\/v2\/product_tag?post=58362"}],"curies":[{"name":"wp","href":"https:\/\/api.w.org\/{rel}","templated":true}]}}