{"id":58355,"date":"2024-11-01T09:38:42","date_gmt":"2024-11-01T09:38:42","guid":{"rendered":"https:\/\/www.istegroup.com\/?post_type=product&#038;p=58355"},"modified":"2025-06-20T14:29:27","modified_gmt":"2025-06-20T13:29:27","slug":"lagilite-touristique-en-temps-de-crises-et-dincertitudes-2","status":"publish","type":"product","link":"https:\/\/www.istegroup.com\/fr\/produit\/lagilite-touristique-en-temps-de-crises-et-dincertitudes-2\/","title":{"rendered":"L\u2019agilit\u00e9 touristique en temps de crises et d\u2019incertitudes 2"},"content":{"rendered":"<p>En p\u00e9riode de crises et d\u2019incertitudes, le tourisme subit de multiples transformations soci\u00e9tales, \u00e9cologiques, technologiques, politiques et bien d\u2019autres. Au-del\u00e0 des ajustements conjoncturels, ces bouleversements exigent une <em>agilit\u00e9<\/em> des territoires touristiques et des organisations, et ce, \u00e0 divers niveaux.<\/p>\n<p><em>L\u2019agilit\u00e9 touristique en temps de crises et d\u2019incertitudes 2<\/em> explore, dans une perspective pluridisciplinaire, l\u2019agilit\u00e9 touristique \u00e0 travers les dimensions de l\u2019attractivit\u00e9, du marketing et de la durabilit\u00e9. Il s\u2019agit d\u2019abord d\u2019analyser l\u2019attitude agile du touriste en tant que consommateur et de d\u00e9crypter un large \u00e9ventail de strat\u00e9gies et de politiques agiles mises en oeuvre par les acteurs et les territoires : communication num\u00e9rique des organismes de gestion des destinations de la C\u00f4te d\u2019Azur, cr\u00e9ativit\u00e9 du secteur thermal fran\u00e7ais, int\u00e9gration des attractions et principaux lieux de la Cha\u00eene des Puys et valorisation du tourisme dans les Hauts-de-France.<\/p>\n<p>L\u2019ouvrage analyse ensuite la durabilit\u00e9 comme enjeu central de l\u2019agilit\u00e9 touristique, qu\u2019il s\u2019agisse de g\u00e9rer de mani\u00e8re flexible les flux de visiteurs dans les grands sites naturels patrimoniaux, de caract\u00e9riser le tourisme de proximit\u00e9, de r\u00e9fl\u00e9chir \u00e0 l\u2019hypermobilit\u00e9 ou d\u2019examiner les mobilit\u00e9s douces.<\/p>\n","protected":false},"excerpt":{"rendered":"<p>En p\u00e9riode de crises et d\u2019incertitudes, le tourisme subit de multiples transformations soci\u00e9tales, \u00e9cologiques, technologiques, politiques et bien d\u2019autres. Au-del\u00e0 des ajustements conjoncturels, ces bouleversements exigent une agilit\u00e9 des territoires touristiques et des organisations, et ce, \u00e0 divers niveaux. L\u2019agilit\u00e9 touristique en temps de crises et d\u2019incertitudes 2 explore, dans une perspective pluridisciplinaire, l\u2019agilit\u00e9 touristique [&hellip;]<\/p>\n","protected":false},"featured_media":58361,"template":"","meta":{"_acf_changed":false,"_links_to":"","_links_to_target":""},"product_brand":[],"product_cat":[3262],"product_tag":[],"class_list":{"0":"post-58355","1":"product","2":"type-product","3":"status-publish","4":"has-post-thumbnail","6":"product_cat-non-classe","8":"first","9":"instock","10":"shipping-taxable","11":"purchasable","12":"product-type-variable"},"acf":[],"yoast_head":"<!-- This site is optimized with the Yoast SEO plugin v27.2 - https:\/\/yoast.com\/product\/yoast-seo-wordpress\/ -->\n<title>L\u2019agilit\u00e9 touristique en temps de crises et d\u2019incertitudes 2 - ISTE Group<\/title>\n<meta name=\"description\" content=\"L\u2019agilit\u00e9 touristique en temps de crises et d\u2019incertitudes 2 explore, dans une perspective pluridisciplinaire, l\u2019agilit\u00e9 touristique \u00e0 travers les dimensions de l\u2019attractivit\u00e9, du marketing et de la durabilit\u00e9.\" \/>\n<meta name=\"robots\" content=\"index, follow, max-snippet:-1, max-image-preview:large, max-video-preview:-1\" \/>\n<link rel=\"canonical\" href=\"https:\/\/www.istegroup.com\/produit\/lagilite-touristique-en-temps-de-crises-et-dincertitudes-2\/\" \/>\n<meta property=\"og:locale\" content=\"fr_FR\" \/>\n<meta property=\"og:type\" content=\"article\" \/>\n<meta property=\"og:title\" content=\"L\u2019agilit\u00e9 touristique en temps de crises et d\u2019incertitudes 2 - ISTE Group\" \/>\n<meta property=\"og:description\" content=\"L\u2019agilit\u00e9 touristique en temps de crises et d\u2019incertitudes 2 explore, dans une perspective pluridisciplinaire, l\u2019agilit\u00e9 touristique \u00e0 travers les dimensions de l\u2019attractivit\u00e9, du marketing et de la durabilit\u00e9.\" \/>\n<meta property=\"og:url\" content=\"https:\/\/www.istegroup.com\/produit\/lagilite-touristique-en-temps-de-crises-et-dincertitudes-2\/\" \/>\n<meta property=\"og:site_name\" content=\"ISTE Group\" \/>\n<meta property=\"article:modified_time\" content=\"2025-06-20T13:29:27+00:00\" \/>\n<meta property=\"og:image\" content=\"https:\/\/www.istegroup.com\/wp-content\/uploads\/2024\/11\/Lagilite-touristique-en-temps-de-crises-et-dincertitudes-2_front.png\" \/>\n\t<meta property=\"og:image:width\" content=\"596\" \/>\n\t<meta property=\"og:image:height\" content=\"901\" \/>\n\t<meta property=\"og:image:type\" content=\"image\/png\" \/>\n<meta name=\"twitter:card\" content=\"summary_large_image\" \/>\n<meta name=\"twitter:label1\" content=\"Est. reading time\" \/>\n\t<meta name=\"twitter:data1\" content=\"2 minutes\" \/>\n<script type=\"application\/ld+json\" class=\"yoast-schema-graph\">{\"@context\":\"https:\/\/schema.org\",\"@graph\":[{\"@type\":\"WebPage\",\"@id\":\"https:\/\/www.istegroup.com\/produit\/lagilite-touristique-en-temps-de-crises-et-dincertitudes-2\/\",\"url\":\"https:\/\/www.istegroup.com\/produit\/lagilite-touristique-en-temps-de-crises-et-dincertitudes-2\/\",\"name\":\"L\u2019agilit\u00e9 touristique en temps de crises et d\u2019incertitudes 2 - ISTE Group\",\"isPartOf\":{\"@id\":\"https:\/\/www.istegroup.com\/#website\"},\"primaryImageOfPage\":{\"@id\":\"https:\/\/www.istegroup.com\/produit\/lagilite-touristique-en-temps-de-crises-et-dincertitudes-2\/#primaryimage\"},\"image\":{\"@id\":\"https:\/\/www.istegroup.com\/produit\/lagilite-touristique-en-temps-de-crises-et-dincertitudes-2\/#primaryimage\"},\"thumbnailUrl\":\"https:\/\/www.istegroup.com\/wp-content\/uploads\/2024\/11\/Lagilite-touristique-en-temps-de-crises-et-dincertitudes-2_front.png\",\"datePublished\":\"2024-11-01T09:38:42+00:00\",\"dateModified\":\"2025-06-20T13:29:27+00:00\",\"description\":\"L\u2019agilit\u00e9 touristique en temps de crises et d\u2019incertitudes 2 explore, dans une perspective pluridisciplinaire, l\u2019agilit\u00e9 touristique \u00e0 travers les dimensions de l\u2019attractivit\u00e9, du marketing et de la durabilit\u00e9.\",\"breadcrumb\":{\"@id\":\"https:\/\/www.istegroup.com\/produit\/lagilite-touristique-en-temps-de-crises-et-dincertitudes-2\/#breadcrumb\"},\"inLanguage\":\"fr-FR\",\"potentialAction\":[{\"@type\":\"ReadAction\",\"target\":[\"https:\/\/www.istegroup.com\/produit\/lagilite-touristique-en-temps-de-crises-et-dincertitudes-2\/\"]}]},{\"@type\":\"ImageObject\",\"inLanguage\":\"fr-FR\",\"@id\":\"https:\/\/www.istegroup.com\/produit\/lagilite-touristique-en-temps-de-crises-et-dincertitudes-2\/#primaryimage\",\"url\":\"https:\/\/www.istegroup.com\/wp-content\/uploads\/2024\/11\/Lagilite-touristique-en-temps-de-crises-et-dincertitudes-2_front.png\",\"contentUrl\":\"https:\/\/www.istegroup.com\/wp-content\/uploads\/2024\/11\/Lagilite-touristique-en-temps-de-crises-et-dincertitudes-2_front.png\",\"width\":596,\"height\":901,\"caption\":\"Livre scientifique - L\u2019agilit\u00e9 touristique en temps de crises et d\u2019incertitudes 2\"},{\"@type\":\"BreadcrumbList\",\"@id\":\"https:\/\/www.istegroup.com\/produit\/lagilite-touristique-en-temps-de-crises-et-dincertitudes-2\/#breadcrumb\",\"itemListElement\":[{\"@type\":\"ListItem\",\"position\":1,\"name\":\"Home\",\"item\":\"https:\/\/www.istegroup.com\/\"},{\"@type\":\"ListItem\",\"position\":2,\"name\":\"Shop\",\"item\":\"https:\/\/www.istegroup.com\/fr\/nouveautes\/\"},{\"@type\":\"ListItem\",\"position\":3,\"name\":\"L\u2019agilit\u00e9 touristique en temps de crises et d\u2019incertitudes 2\"}]},{\"@type\":\"WebSite\",\"@id\":\"https:\/\/www.istegroup.com\/#website\",\"url\":\"https:\/\/www.istegroup.com\/\",\"name\":\"ISTE Group\",\"description\":\"\u00c9diteur des Sciences\",\"potentialAction\":[{\"@type\":\"SearchAction\",\"target\":{\"@type\":\"EntryPoint\",\"urlTemplate\":\"https:\/\/www.istegroup.com\/?s={search_term_string}\"},\"query-input\":{\"@type\":\"PropertyValueSpecification\",\"valueRequired\":true,\"valueName\":\"search_term_string\"}}],\"inLanguage\":\"fr-FR\"}]}<\/script>\n<!-- \/ Yoast SEO plugin. -->","yoast_head_json":{"title":"L\u2019agilit\u00e9 touristique en temps de crises et d\u2019incertitudes 2 - ISTE Group","description":"L\u2019agilit\u00e9 touristique en temps de crises et d\u2019incertitudes 2 explore, dans une perspective pluridisciplinaire, l\u2019agilit\u00e9 touristique \u00e0 travers les dimensions de l\u2019attractivit\u00e9, du marketing et de la durabilit\u00e9.","robots":{"index":"index","follow":"follow","max-snippet":"max-snippet:-1","max-image-preview":"max-image-preview:large","max-video-preview":"max-video-preview:-1"},"canonical":"https:\/\/www.istegroup.com\/produit\/lagilite-touristique-en-temps-de-crises-et-dincertitudes-2\/","og_locale":"fr_FR","og_type":"article","og_title":"L\u2019agilit\u00e9 touristique en temps de crises et d\u2019incertitudes 2 - ISTE Group","og_description":"L\u2019agilit\u00e9 touristique en temps de crises et d\u2019incertitudes 2 explore, dans une perspective pluridisciplinaire, l\u2019agilit\u00e9 touristique \u00e0 travers les dimensions de l\u2019attractivit\u00e9, du marketing et de la durabilit\u00e9.","og_url":"https:\/\/www.istegroup.com\/produit\/lagilite-touristique-en-temps-de-crises-et-dincertitudes-2\/","og_site_name":"ISTE Group","article_modified_time":"2025-06-20T13:29:27+00:00","og_image":[{"width":596,"height":901,"url":"https:\/\/www.istegroup.com\/wp-content\/uploads\/2024\/11\/Lagilite-touristique-en-temps-de-crises-et-dincertitudes-2_front.png","type":"image\/png"}],"twitter_card":"summary_large_image","twitter_misc":{"Est. reading time":"2 minutes"},"schema":{"@context":"https:\/\/schema.org","@graph":[{"@type":"WebPage","@id":"https:\/\/www.istegroup.com\/produit\/lagilite-touristique-en-temps-de-crises-et-dincertitudes-2\/","url":"https:\/\/www.istegroup.com\/produit\/lagilite-touristique-en-temps-de-crises-et-dincertitudes-2\/","name":"L\u2019agilit\u00e9 touristique en temps de crises et d\u2019incertitudes 2 - ISTE Group","isPartOf":{"@id":"https:\/\/www.istegroup.com\/#website"},"primaryImageOfPage":{"@id":"https:\/\/www.istegroup.com\/produit\/lagilite-touristique-en-temps-de-crises-et-dincertitudes-2\/#primaryimage"},"image":{"@id":"https:\/\/www.istegroup.com\/produit\/lagilite-touristique-en-temps-de-crises-et-dincertitudes-2\/#primaryimage"},"thumbnailUrl":"https:\/\/www.istegroup.com\/wp-content\/uploads\/2024\/11\/Lagilite-touristique-en-temps-de-crises-et-dincertitudes-2_front.png","datePublished":"2024-11-01T09:38:42+00:00","dateModified":"2025-06-20T13:29:27+00:00","description":"L\u2019agilit\u00e9 touristique en temps de crises et d\u2019incertitudes 2 explore, dans une perspective pluridisciplinaire, l\u2019agilit\u00e9 touristique \u00e0 travers les dimensions de l\u2019attractivit\u00e9, du marketing et de la durabilit\u00e9.","breadcrumb":{"@id":"https:\/\/www.istegroup.com\/produit\/lagilite-touristique-en-temps-de-crises-et-dincertitudes-2\/#breadcrumb"},"inLanguage":"fr-FR","potentialAction":[{"@type":"ReadAction","target":["https:\/\/www.istegroup.com\/produit\/lagilite-touristique-en-temps-de-crises-et-dincertitudes-2\/"]}]},{"@type":"ImageObject","inLanguage":"fr-FR","@id":"https:\/\/www.istegroup.com\/produit\/lagilite-touristique-en-temps-de-crises-et-dincertitudes-2\/#primaryimage","url":"https:\/\/www.istegroup.com\/wp-content\/uploads\/2024\/11\/Lagilite-touristique-en-temps-de-crises-et-dincertitudes-2_front.png","contentUrl":"https:\/\/www.istegroup.com\/wp-content\/uploads\/2024\/11\/Lagilite-touristique-en-temps-de-crises-et-dincertitudes-2_front.png","width":596,"height":901,"caption":"Livre scientifique - L\u2019agilit\u00e9 touristique en temps de crises et d\u2019incertitudes 2"},{"@type":"BreadcrumbList","@id":"https:\/\/www.istegroup.com\/produit\/lagilite-touristique-en-temps-de-crises-et-dincertitudes-2\/#breadcrumb","itemListElement":[{"@type":"ListItem","position":1,"name":"Home","item":"https:\/\/www.istegroup.com\/"},{"@type":"ListItem","position":2,"name":"Shop","item":"https:\/\/www.istegroup.com\/fr\/nouveautes\/"},{"@type":"ListItem","position":3,"name":"L\u2019agilit\u00e9 touristique en temps de crises et d\u2019incertitudes 2"}]},{"@type":"WebSite","@id":"https:\/\/www.istegroup.com\/#website","url":"https:\/\/www.istegroup.com\/","name":"ISTE Group","description":"\u00c9diteur des Sciences","potentialAction":[{"@type":"SearchAction","target":{"@type":"EntryPoint","urlTemplate":"https:\/\/www.istegroup.com\/?s={search_term_string}"},"query-input":{"@type":"PropertyValueSpecification","valueRequired":true,"valueName":"search_term_string"}}],"inLanguage":"fr-FR"}]}},"_links":{"self":[{"href":"https:\/\/www.istegroup.com\/fr\/wp-json\/wp\/v2\/product\/58355","targetHints":{"allow":["GET"]}}],"collection":[{"href":"https:\/\/www.istegroup.com\/fr\/wp-json\/wp\/v2\/product"}],"about":[{"href":"https:\/\/www.istegroup.com\/fr\/wp-json\/wp\/v2\/types\/product"}],"wp:featuredmedia":[{"embeddable":true,"href":"https:\/\/www.istegroup.com\/fr\/wp-json\/wp\/v2\/media\/58361"}],"wp:attachment":[{"href":"https:\/\/www.istegroup.com\/fr\/wp-json\/wp\/v2\/media?parent=58355"}],"wp:term":[{"taxonomy":"product_brand","embeddable":true,"href":"https:\/\/www.istegroup.com\/fr\/wp-json\/wp\/v2\/product_brand?post=58355"},{"taxonomy":"product_cat","embeddable":true,"href":"https:\/\/www.istegroup.com\/fr\/wp-json\/wp\/v2\/product_cat?post=58355"},{"taxonomy":"product_tag","embeddable":true,"href":"https:\/\/www.istegroup.com\/fr\/wp-json\/wp\/v2\/product_tag?post=58355"}],"curies":[{"name":"wp","href":"https:\/\/api.w.org\/{rel}","templated":true}]}}