{"id":58345,"date":"2024-11-01T13:26:59","date_gmt":"2024-11-01T13:26:59","guid":{"rendered":"https:\/\/www.istegroup.com\/?post_type=product&#038;p=58345"},"modified":"2025-06-20T14:28:38","modified_gmt":"2025-06-20T13:28:38","slug":"lagilite-touristique-en-temps-de-crises-et-dincertitudes-1","status":"publish","type":"product","link":"https:\/\/www.istegroup.com\/fr\/produit\/lagilite-touristique-en-temps-de-crises-et-dincertitudes-1\/","title":{"rendered":"L\u2019agilit\u00e9 touristique en temps de crises et d\u2019incertitudes 1"},"content":{"rendered":"<p>En p\u00e9riode de crises et d\u2019incertitudes, le tourisme subit de multiples transformations soci\u00e9tales, \u00e9cologiques, technologiques, politiques et bien d\u2019autres. Au-del\u00e0 des ajustements conjoncturels, ces bouleversements exigent une agilit\u00e9 des territoires touristiques et des organisations, et ce, \u00e0 divers niveaux.<\/p>\n<p><em>L\u2019agilit\u00e9 touristique en temps de crises et d\u2019incertitudes 1<\/em> propose une approche pluridisciplinaire pour interroger l\u2019agilit\u00e9 touristique sur les th\u00e9matiques d\u2019incertitudes, de technologie et de soci\u00e9t\u00e9. Les premi\u00e8res contributions analysent divers discours autour de la notion de crise majeure, proposant des r\u00e9ponses agiles pour un tourisme diff\u00e9rent, m\u00ealant solutions th\u00e9oriques et pistes de management, tout en abordant la question de la r\u00e9silience d\u2019une destination agile. Des r\u00e9flexions s\u2019articulent autour des comp\u00e9tences num\u00e9riques des entreprises, tandis que les vecteurs agiles liant intelligence artificielle et la qu\u00eate de sens sont \u00e9galement examin\u00e9s.<\/p>\n<p>Enfin, l\u2019approche soci\u00e9tale et sociale de l\u2019agilit\u00e9 touristique met en lumi\u00e8re les enjeux cruciaux des relations entre touristes et habitants, ainsi que la dynamique contemporaine des interactions visiteurs-h\u00f4tes dans le cadre de l\u2019agritourisme.<\/p>\n","protected":false},"excerpt":{"rendered":"<p>En p\u00e9riode de crises et d\u2019incertitudes, le tourisme subit de multiples transformations soci\u00e9tales, \u00e9cologiques, technologiques, politiques et bien d\u2019autres. Au-del\u00e0 des ajustements conjoncturels, ces bouleversements exigent une agilit\u00e9 des territoires touristiques et des organisations, et ce, \u00e0 divers niveaux. L\u2019agilit\u00e9 touristique en temps de crises et d\u2019incertitudes 1 propose une approche pluridisciplinaire pour interroger l\u2019agilit\u00e9 [&hellip;]<\/p>\n","protected":false},"featured_media":58354,"template":"","meta":{"_acf_changed":false,"_links_to":"","_links_to_target":""},"product_brand":[],"product_cat":[684],"product_tag":[],"class_list":{"0":"post-58345","1":"product","2":"type-product","3":"status-publish","4":"has-post-thumbnail","6":"product_cat-sciences-socit-et-nouvelles-technologies-188422468","8":"first","9":"instock","10":"shipping-taxable","11":"purchasable","12":"product-type-variable"},"acf":[],"yoast_head":"<!-- This site is optimized with the Yoast SEO plugin v27.2 - https:\/\/yoast.com\/product\/yoast-seo-wordpress\/ -->\n<title>L\u2019agilit\u00e9 touristique en temps de crises et d\u2019incertitudes 1 - ISTE Group<\/title>\n<meta name=\"description\" content=\"L\u2019agilit\u00e9 touristique en temps de crises et d\u2019incertitudes 1 propose une approche pluridisciplinaire pour interroger l\u2019agilit\u00e9 touristique sur les th\u00e9matiques d\u2019incertitudes, de technologie et de soci\u00e9t\u00e9.\" \/>\n<meta name=\"robots\" content=\"index, follow, max-snippet:-1, max-image-preview:large, max-video-preview:-1\" \/>\n<link rel=\"canonical\" href=\"https:\/\/www.istegroup.com\/produit\/lagilite-touristique-en-temps-de-crises-et-dincertitudes-1\/\" \/>\n<meta property=\"og:locale\" content=\"fr_FR\" \/>\n<meta property=\"og:type\" content=\"article\" \/>\n<meta property=\"og:title\" content=\"L\u2019agilit\u00e9 touristique en temps de crises et d\u2019incertitudes 1 - ISTE Group\" \/>\n<meta property=\"og:description\" content=\"L\u2019agilit\u00e9 touristique en temps de crises et d\u2019incertitudes 1 propose une approche pluridisciplinaire pour interroger l\u2019agilit\u00e9 touristique sur les th\u00e9matiques d\u2019incertitudes, de technologie et de soci\u00e9t\u00e9.\" \/>\n<meta property=\"og:url\" content=\"https:\/\/www.istegroup.com\/produit\/lagilite-touristique-en-temps-de-crises-et-dincertitudes-1\/\" \/>\n<meta property=\"og:site_name\" content=\"ISTE Group\" \/>\n<meta property=\"article:modified_time\" content=\"2025-06-20T13:28:38+00:00\" \/>\n<meta property=\"og:image\" content=\"https:\/\/www.istegroup.com\/wp-content\/uploads\/2023\/11\/Lagilite-touristique-en-temps-de-crises-et-dincertitudes-1_front.png\" \/>\n\t<meta property=\"og:image:width\" content=\"596\" \/>\n\t<meta property=\"og:image:height\" content=\"898\" \/>\n\t<meta property=\"og:image:type\" content=\"image\/png\" \/>\n<meta name=\"twitter:card\" content=\"summary_large_image\" \/>\n<meta name=\"twitter:label1\" content=\"Est. reading time\" \/>\n\t<meta name=\"twitter:data1\" content=\"2 minutes\" \/>\n<script type=\"application\/ld+json\" class=\"yoast-schema-graph\">{\"@context\":\"https:\/\/schema.org\",\"@graph\":[{\"@type\":\"WebPage\",\"@id\":\"https:\/\/www.istegroup.com\/produit\/lagilite-touristique-en-temps-de-crises-et-dincertitudes-1\/\",\"url\":\"https:\/\/www.istegroup.com\/produit\/lagilite-touristique-en-temps-de-crises-et-dincertitudes-1\/\",\"name\":\"L\u2019agilit\u00e9 touristique en temps de crises et d\u2019incertitudes 1 - ISTE Group\",\"isPartOf\":{\"@id\":\"https:\/\/www.istegroup.com\/#website\"},\"primaryImageOfPage\":{\"@id\":\"https:\/\/www.istegroup.com\/produit\/lagilite-touristique-en-temps-de-crises-et-dincertitudes-1\/#primaryimage\"},\"image\":{\"@id\":\"https:\/\/www.istegroup.com\/produit\/lagilite-touristique-en-temps-de-crises-et-dincertitudes-1\/#primaryimage\"},\"thumbnailUrl\":\"https:\/\/www.istegroup.com\/wp-content\/uploads\/2023\/11\/Lagilite-touristique-en-temps-de-crises-et-dincertitudes-1_front.png\",\"datePublished\":\"2024-11-01T13:26:59+00:00\",\"dateModified\":\"2025-06-20T13:28:38+00:00\",\"description\":\"L\u2019agilit\u00e9 touristique en temps de crises et d\u2019incertitudes 1 propose une approche pluridisciplinaire pour interroger l\u2019agilit\u00e9 touristique sur les th\u00e9matiques d\u2019incertitudes, de technologie et de soci\u00e9t\u00e9.\",\"breadcrumb\":{\"@id\":\"https:\/\/www.istegroup.com\/produit\/lagilite-touristique-en-temps-de-crises-et-dincertitudes-1\/#breadcrumb\"},\"inLanguage\":\"fr-FR\",\"potentialAction\":[{\"@type\":\"ReadAction\",\"target\":[\"https:\/\/www.istegroup.com\/produit\/lagilite-touristique-en-temps-de-crises-et-dincertitudes-1\/\"]}]},{\"@type\":\"ImageObject\",\"inLanguage\":\"fr-FR\",\"@id\":\"https:\/\/www.istegroup.com\/produit\/lagilite-touristique-en-temps-de-crises-et-dincertitudes-1\/#primaryimage\",\"url\":\"https:\/\/www.istegroup.com\/wp-content\/uploads\/2023\/11\/Lagilite-touristique-en-temps-de-crises-et-dincertitudes-1_front.png\",\"contentUrl\":\"https:\/\/www.istegroup.com\/wp-content\/uploads\/2023\/11\/Lagilite-touristique-en-temps-de-crises-et-dincertitudes-1_front.png\",\"width\":596,\"height\":898,\"caption\":\"Livre scientifique - L\u2019agilit\u00e9 touristique en temps de crises et d\u2019incertitudes 1\"},{\"@type\":\"BreadcrumbList\",\"@id\":\"https:\/\/www.istegroup.com\/produit\/lagilite-touristique-en-temps-de-crises-et-dincertitudes-1\/#breadcrumb\",\"itemListElement\":[{\"@type\":\"ListItem\",\"position\":1,\"name\":\"Home\",\"item\":\"https:\/\/www.istegroup.com\/\"},{\"@type\":\"ListItem\",\"position\":2,\"name\":\"Shop\",\"item\":\"https:\/\/www.istegroup.com\/fr\/nouveautes\/\"},{\"@type\":\"ListItem\",\"position\":3,\"name\":\"L\u2019agilit\u00e9 touristique en temps de crises et d\u2019incertitudes 1\"}]},{\"@type\":\"WebSite\",\"@id\":\"https:\/\/www.istegroup.com\/#website\",\"url\":\"https:\/\/www.istegroup.com\/\",\"name\":\"ISTE Group\",\"description\":\"\u00c9diteur des Sciences\",\"potentialAction\":[{\"@type\":\"SearchAction\",\"target\":{\"@type\":\"EntryPoint\",\"urlTemplate\":\"https:\/\/www.istegroup.com\/?s={search_term_string}\"},\"query-input\":{\"@type\":\"PropertyValueSpecification\",\"valueRequired\":true,\"valueName\":\"search_term_string\"}}],\"inLanguage\":\"fr-FR\"}]}<\/script>\n<!-- \/ Yoast SEO plugin. -->","yoast_head_json":{"title":"L\u2019agilit\u00e9 touristique en temps de crises et d\u2019incertitudes 1 - ISTE Group","description":"L\u2019agilit\u00e9 touristique en temps de crises et d\u2019incertitudes 1 propose une approche pluridisciplinaire pour interroger l\u2019agilit\u00e9 touristique sur les th\u00e9matiques d\u2019incertitudes, de technologie et de soci\u00e9t\u00e9.","robots":{"index":"index","follow":"follow","max-snippet":"max-snippet:-1","max-image-preview":"max-image-preview:large","max-video-preview":"max-video-preview:-1"},"canonical":"https:\/\/www.istegroup.com\/produit\/lagilite-touristique-en-temps-de-crises-et-dincertitudes-1\/","og_locale":"fr_FR","og_type":"article","og_title":"L\u2019agilit\u00e9 touristique en temps de crises et d\u2019incertitudes 1 - ISTE Group","og_description":"L\u2019agilit\u00e9 touristique en temps de crises et d\u2019incertitudes 1 propose une approche pluridisciplinaire pour interroger l\u2019agilit\u00e9 touristique sur les th\u00e9matiques d\u2019incertitudes, de technologie et de soci\u00e9t\u00e9.","og_url":"https:\/\/www.istegroup.com\/produit\/lagilite-touristique-en-temps-de-crises-et-dincertitudes-1\/","og_site_name":"ISTE Group","article_modified_time":"2025-06-20T13:28:38+00:00","og_image":[{"width":596,"height":898,"url":"https:\/\/www.istegroup.com\/wp-content\/uploads\/2023\/11\/Lagilite-touristique-en-temps-de-crises-et-dincertitudes-1_front.png","type":"image\/png"}],"twitter_card":"summary_large_image","twitter_misc":{"Est. reading time":"2 minutes"},"schema":{"@context":"https:\/\/schema.org","@graph":[{"@type":"WebPage","@id":"https:\/\/www.istegroup.com\/produit\/lagilite-touristique-en-temps-de-crises-et-dincertitudes-1\/","url":"https:\/\/www.istegroup.com\/produit\/lagilite-touristique-en-temps-de-crises-et-dincertitudes-1\/","name":"L\u2019agilit\u00e9 touristique en temps de crises et d\u2019incertitudes 1 - ISTE Group","isPartOf":{"@id":"https:\/\/www.istegroup.com\/#website"},"primaryImageOfPage":{"@id":"https:\/\/www.istegroup.com\/produit\/lagilite-touristique-en-temps-de-crises-et-dincertitudes-1\/#primaryimage"},"image":{"@id":"https:\/\/www.istegroup.com\/produit\/lagilite-touristique-en-temps-de-crises-et-dincertitudes-1\/#primaryimage"},"thumbnailUrl":"https:\/\/www.istegroup.com\/wp-content\/uploads\/2023\/11\/Lagilite-touristique-en-temps-de-crises-et-dincertitudes-1_front.png","datePublished":"2024-11-01T13:26:59+00:00","dateModified":"2025-06-20T13:28:38+00:00","description":"L\u2019agilit\u00e9 touristique en temps de crises et d\u2019incertitudes 1 propose une approche pluridisciplinaire pour interroger l\u2019agilit\u00e9 touristique sur les th\u00e9matiques d\u2019incertitudes, de technologie et de soci\u00e9t\u00e9.","breadcrumb":{"@id":"https:\/\/www.istegroup.com\/produit\/lagilite-touristique-en-temps-de-crises-et-dincertitudes-1\/#breadcrumb"},"inLanguage":"fr-FR","potentialAction":[{"@type":"ReadAction","target":["https:\/\/www.istegroup.com\/produit\/lagilite-touristique-en-temps-de-crises-et-dincertitudes-1\/"]}]},{"@type":"ImageObject","inLanguage":"fr-FR","@id":"https:\/\/www.istegroup.com\/produit\/lagilite-touristique-en-temps-de-crises-et-dincertitudes-1\/#primaryimage","url":"https:\/\/www.istegroup.com\/wp-content\/uploads\/2023\/11\/Lagilite-touristique-en-temps-de-crises-et-dincertitudes-1_front.png","contentUrl":"https:\/\/www.istegroup.com\/wp-content\/uploads\/2023\/11\/Lagilite-touristique-en-temps-de-crises-et-dincertitudes-1_front.png","width":596,"height":898,"caption":"Livre scientifique - L\u2019agilit\u00e9 touristique en temps de crises et d\u2019incertitudes 1"},{"@type":"BreadcrumbList","@id":"https:\/\/www.istegroup.com\/produit\/lagilite-touristique-en-temps-de-crises-et-dincertitudes-1\/#breadcrumb","itemListElement":[{"@type":"ListItem","position":1,"name":"Home","item":"https:\/\/www.istegroup.com\/"},{"@type":"ListItem","position":2,"name":"Shop","item":"https:\/\/www.istegroup.com\/fr\/nouveautes\/"},{"@type":"ListItem","position":3,"name":"L\u2019agilit\u00e9 touristique en temps de crises et d\u2019incertitudes 1"}]},{"@type":"WebSite","@id":"https:\/\/www.istegroup.com\/#website","url":"https:\/\/www.istegroup.com\/","name":"ISTE Group","description":"\u00c9diteur des Sciences","potentialAction":[{"@type":"SearchAction","target":{"@type":"EntryPoint","urlTemplate":"https:\/\/www.istegroup.com\/?s={search_term_string}"},"query-input":{"@type":"PropertyValueSpecification","valueRequired":true,"valueName":"search_term_string"}}],"inLanguage":"fr-FR"}]}},"_links":{"self":[{"href":"https:\/\/www.istegroup.com\/fr\/wp-json\/wp\/v2\/product\/58345","targetHints":{"allow":["GET"]}}],"collection":[{"href":"https:\/\/www.istegroup.com\/fr\/wp-json\/wp\/v2\/product"}],"about":[{"href":"https:\/\/www.istegroup.com\/fr\/wp-json\/wp\/v2\/types\/product"}],"wp:featuredmedia":[{"embeddable":true,"href":"https:\/\/www.istegroup.com\/fr\/wp-json\/wp\/v2\/media\/58354"}],"wp:attachment":[{"href":"https:\/\/www.istegroup.com\/fr\/wp-json\/wp\/v2\/media?parent=58345"}],"wp:term":[{"taxonomy":"product_brand","embeddable":true,"href":"https:\/\/www.istegroup.com\/fr\/wp-json\/wp\/v2\/product_brand?post=58345"},{"taxonomy":"product_cat","embeddable":true,"href":"https:\/\/www.istegroup.com\/fr\/wp-json\/wp\/v2\/product_cat?post=58345"},{"taxonomy":"product_tag","embeddable":true,"href":"https:\/\/www.istegroup.com\/fr\/wp-json\/wp\/v2\/product_tag?post=58345"}],"curies":[{"name":"wp","href":"https:\/\/api.w.org\/{rel}","templated":true}]}}