{"id":58329,"date":"2024-11-02T10:24:03","date_gmt":"2024-11-02T10:24:03","guid":{"rendered":"https:\/\/www.istegroup.com\/?post_type=product&#038;p=58329"},"modified":"2025-12-08T15:39:18","modified_gmt":"2025-12-08T15:39:18","slug":"introduction-a-lelectrodynamique-classique-2","status":"publish","type":"product","link":"https:\/\/www.istegroup.com\/fr\/produit\/introduction-a-lelectrodynamique-classique-2\/","title":{"rendered":"Introduction \u00e0 l\u2019\u00e9lectrodynamique classique 2"},"content":{"rendered":"<p>Depuis Maxwell, la th\u00e9orie \u00e9lectromagn\u00e9tique a progress\u00e9 de fa\u00e7on spectaculaire, notamment dans le domaine des ondes. <em>Introduction \u00e0 l\u2019\u00e9lectrodynamique classique 2<\/em> pr\u00e9sente les notions fondamentales de la th\u00e9orie des champs \u00e9lectromagn\u00e9tiques.<\/p>\n<p>Cet ouvrage traite tout d\u2019abord des potentiels statiques avec sources et pr\u00e9sente en d\u00e9tail les m\u00e9thodes des images et des fonctions de Green. Il analyse \u00e9galement les ph\u00e9nom\u00e8nes d\u2019induction \u00e9lectromagn\u00e9tique et les \u00e9quations de Maxwell. Il examine les ondes \u00e9lectromagn\u00e9tiques dans le vide et leurs propri\u00e9t\u00e9s ainsi que la notion d\u2019\u00e9nergie \u00e9lectromagn\u00e9tique. Enfin, il traite des milieux polaris\u00e9s et magn\u00e9tis\u00e9s, mais aussi des champs \u00e9lectromagn\u00e9tiques et de leur propagation dans les milieux mat\u00e9riels.<\/p>\n<p>Cet ouvrage est destin\u00e9 aux \u00e9tudiants physiciens et math\u00e9maticiens et aux \u00e9l\u00e8ves ing\u00e9nieurs s\u2019int\u00e9ressant aux probl\u00e8mes de la th\u00e9orie \u00e9lectromagn\u00e9tique. L\u2019expos\u00e9 est assorti de nombreuses applications issues des notions th\u00e9oriques pr\u00e9sent\u00e9es.<\/p>\n","protected":false},"excerpt":{"rendered":"<p>Depuis Maxwell, la th\u00e9orie \u00e9lectromagn\u00e9tique a progress\u00e9 de fa\u00e7on spectaculaire, notamment dans le domaine des ondes. Introduction \u00e0 l\u2019\u00e9lectrodynamique classique 2 pr\u00e9sente les notions fondamentales de la th\u00e9orie des champs \u00e9lectromagn\u00e9tiques. Cet ouvrage traite tout d\u2019abord des potentiels statiques avec sources et pr\u00e9sente en d\u00e9tail les m\u00e9thodes des images et des fonctions de Green. Il [&hellip;]<\/p>\n","protected":false},"featured_media":58335,"template":"","meta":{"_acf_changed":false,"_links_to":"","_links_to_target":""},"product_brand":[],"product_cat":[677],"product_tag":[],"class_list":{"0":"post-58329","1":"product","2":"type-product","3":"status-publish","4":"has-post-thumbnail","6":"product_cat-ondes-12506522","8":"first","9":"instock","10":"shipping-taxable","11":"purchasable","12":"product-type-variable"},"acf":[],"yoast_head":"<!-- This site is optimized with the Yoast SEO plugin v27.2 - https:\/\/yoast.com\/product\/yoast-seo-wordpress\/ -->\n<title>Introduction \u00e0 l\u2019\u00e9lectrodynamique classique 2 - ISTE Group<\/title>\n<meta name=\"description\" content=\"Introduction \u00e0 l\u2019\u00e9lectrodynamique classique 2 pr\u00e9sente les notions fondamentales de la th\u00e9orie des champs \u00e9lectromagn\u00e9tiques.\" \/>\n<meta name=\"robots\" content=\"index, follow, max-snippet:-1, max-image-preview:large, max-video-preview:-1\" \/>\n<link rel=\"canonical\" href=\"https:\/\/www.istegroup.com\/produit\/introduction-a-lelectrodynamique-classique-2\/\" \/>\n<meta property=\"og:locale\" content=\"fr_FR\" \/>\n<meta property=\"og:type\" content=\"article\" \/>\n<meta property=\"og:title\" content=\"Introduction \u00e0 l\u2019\u00e9lectrodynamique classique 2 - ISTE Group\" \/>\n<meta property=\"og:description\" content=\"Introduction \u00e0 l\u2019\u00e9lectrodynamique classique 2 pr\u00e9sente les notions fondamentales de la th\u00e9orie des champs \u00e9lectromagn\u00e9tiques.\" \/>\n<meta property=\"og:url\" content=\"https:\/\/www.istegroup.com\/produit\/introduction-a-lelectrodynamique-classique-2\/\" \/>\n<meta property=\"og:site_name\" content=\"ISTE Group\" \/>\n<meta property=\"article:modified_time\" content=\"2025-12-08T15:39:18+00:00\" \/>\n<meta property=\"og:image\" content=\"https:\/\/www.istegroup.com\/wp-content\/uploads\/2024\/11\/007_Introduction-a-lelectrodynamique-classique-2_front.png\" \/>\n\t<meta property=\"og:image:width\" content=\"595\" \/>\n\t<meta property=\"og:image:height\" content=\"897\" \/>\n\t<meta property=\"og:image:type\" content=\"image\/png\" \/>\n<meta name=\"twitter:card\" content=\"summary_large_image\" \/>\n<meta name=\"twitter:label1\" content=\"Est. reading time\" \/>\n\t<meta name=\"twitter:data1\" content=\"1 minute\" \/>\n<script type=\"application\/ld+json\" class=\"yoast-schema-graph\">{\"@context\":\"https:\/\/schema.org\",\"@graph\":[{\"@type\":\"WebPage\",\"@id\":\"https:\/\/www.istegroup.com\/produit\/introduction-a-lelectrodynamique-classique-2\/\",\"url\":\"https:\/\/www.istegroup.com\/produit\/introduction-a-lelectrodynamique-classique-2\/\",\"name\":\"Introduction \u00e0 l\u2019\u00e9lectrodynamique classique 2 - ISTE Group\",\"isPartOf\":{\"@id\":\"https:\/\/www.istegroup.com\/#website\"},\"primaryImageOfPage\":{\"@id\":\"https:\/\/www.istegroup.com\/produit\/introduction-a-lelectrodynamique-classique-2\/#primaryimage\"},\"image\":{\"@id\":\"https:\/\/www.istegroup.com\/produit\/introduction-a-lelectrodynamique-classique-2\/#primaryimage\"},\"thumbnailUrl\":\"https:\/\/www.istegroup.com\/wp-content\/uploads\/2024\/11\/007_Introduction-a-lelectrodynamique-classique-2_front.png\",\"datePublished\":\"2024-11-02T10:24:03+00:00\",\"dateModified\":\"2025-12-08T15:39:18+00:00\",\"description\":\"Introduction \u00e0 l\u2019\u00e9lectrodynamique classique 2 pr\u00e9sente les notions fondamentales de la th\u00e9orie des champs \u00e9lectromagn\u00e9tiques.\",\"breadcrumb\":{\"@id\":\"https:\/\/www.istegroup.com\/produit\/introduction-a-lelectrodynamique-classique-2\/#breadcrumb\"},\"inLanguage\":\"fr-FR\",\"potentialAction\":[{\"@type\":\"ReadAction\",\"target\":[\"https:\/\/www.istegroup.com\/produit\/introduction-a-lelectrodynamique-classique-2\/\"]}]},{\"@type\":\"ImageObject\",\"inLanguage\":\"fr-FR\",\"@id\":\"https:\/\/www.istegroup.com\/produit\/introduction-a-lelectrodynamique-classique-2\/#primaryimage\",\"url\":\"https:\/\/www.istegroup.com\/wp-content\/uploads\/2024\/11\/007_Introduction-a-lelectrodynamique-classique-2_front.png\",\"contentUrl\":\"https:\/\/www.istegroup.com\/wp-content\/uploads\/2024\/11\/007_Introduction-a-lelectrodynamique-classique-2_front.png\",\"width\":595,\"height\":897,\"caption\":\"Livre scientifique - Introduction \u00e0 l\u2019\u00e9lectrodynamique classique 2\"},{\"@type\":\"BreadcrumbList\",\"@id\":\"https:\/\/www.istegroup.com\/produit\/introduction-a-lelectrodynamique-classique-2\/#breadcrumb\",\"itemListElement\":[{\"@type\":\"ListItem\",\"position\":1,\"name\":\"Home\",\"item\":\"https:\/\/www.istegroup.com\/\"},{\"@type\":\"ListItem\",\"position\":2,\"name\":\"Shop\",\"item\":\"https:\/\/www.istegroup.com\/fr\/nouveautes\/\"},{\"@type\":\"ListItem\",\"position\":3,\"name\":\"Introduction \u00e0 l\u2019\u00e9lectrodynamique classique 2\"}]},{\"@type\":\"WebSite\",\"@id\":\"https:\/\/www.istegroup.com\/#website\",\"url\":\"https:\/\/www.istegroup.com\/\",\"name\":\"ISTE Group\",\"description\":\"\u00c9diteur des Sciences\",\"potentialAction\":[{\"@type\":\"SearchAction\",\"target\":{\"@type\":\"EntryPoint\",\"urlTemplate\":\"https:\/\/www.istegroup.com\/?s={search_term_string}\"},\"query-input\":{\"@type\":\"PropertyValueSpecification\",\"valueRequired\":true,\"valueName\":\"search_term_string\"}}],\"inLanguage\":\"fr-FR\"}]}<\/script>\n<!-- \/ Yoast SEO plugin. -->","yoast_head_json":{"title":"Introduction \u00e0 l\u2019\u00e9lectrodynamique classique 2 - ISTE Group","description":"Introduction \u00e0 l\u2019\u00e9lectrodynamique classique 2 pr\u00e9sente les notions fondamentales de la th\u00e9orie des champs \u00e9lectromagn\u00e9tiques.","robots":{"index":"index","follow":"follow","max-snippet":"max-snippet:-1","max-image-preview":"max-image-preview:large","max-video-preview":"max-video-preview:-1"},"canonical":"https:\/\/www.istegroup.com\/produit\/introduction-a-lelectrodynamique-classique-2\/","og_locale":"fr_FR","og_type":"article","og_title":"Introduction \u00e0 l\u2019\u00e9lectrodynamique classique 2 - ISTE Group","og_description":"Introduction \u00e0 l\u2019\u00e9lectrodynamique classique 2 pr\u00e9sente les notions fondamentales de la th\u00e9orie des champs \u00e9lectromagn\u00e9tiques.","og_url":"https:\/\/www.istegroup.com\/produit\/introduction-a-lelectrodynamique-classique-2\/","og_site_name":"ISTE Group","article_modified_time":"2025-12-08T15:39:18+00:00","og_image":[{"width":595,"height":897,"url":"https:\/\/www.istegroup.com\/wp-content\/uploads\/2024\/11\/007_Introduction-a-lelectrodynamique-classique-2_front.png","type":"image\/png"}],"twitter_card":"summary_large_image","twitter_misc":{"Est. reading time":"1 minute"},"schema":{"@context":"https:\/\/schema.org","@graph":[{"@type":"WebPage","@id":"https:\/\/www.istegroup.com\/produit\/introduction-a-lelectrodynamique-classique-2\/","url":"https:\/\/www.istegroup.com\/produit\/introduction-a-lelectrodynamique-classique-2\/","name":"Introduction \u00e0 l\u2019\u00e9lectrodynamique classique 2 - ISTE Group","isPartOf":{"@id":"https:\/\/www.istegroup.com\/#website"},"primaryImageOfPage":{"@id":"https:\/\/www.istegroup.com\/produit\/introduction-a-lelectrodynamique-classique-2\/#primaryimage"},"image":{"@id":"https:\/\/www.istegroup.com\/produit\/introduction-a-lelectrodynamique-classique-2\/#primaryimage"},"thumbnailUrl":"https:\/\/www.istegroup.com\/wp-content\/uploads\/2024\/11\/007_Introduction-a-lelectrodynamique-classique-2_front.png","datePublished":"2024-11-02T10:24:03+00:00","dateModified":"2025-12-08T15:39:18+00:00","description":"Introduction \u00e0 l\u2019\u00e9lectrodynamique classique 2 pr\u00e9sente les notions fondamentales de la th\u00e9orie des champs \u00e9lectromagn\u00e9tiques.","breadcrumb":{"@id":"https:\/\/www.istegroup.com\/produit\/introduction-a-lelectrodynamique-classique-2\/#breadcrumb"},"inLanguage":"fr-FR","potentialAction":[{"@type":"ReadAction","target":["https:\/\/www.istegroup.com\/produit\/introduction-a-lelectrodynamique-classique-2\/"]}]},{"@type":"ImageObject","inLanguage":"fr-FR","@id":"https:\/\/www.istegroup.com\/produit\/introduction-a-lelectrodynamique-classique-2\/#primaryimage","url":"https:\/\/www.istegroup.com\/wp-content\/uploads\/2024\/11\/007_Introduction-a-lelectrodynamique-classique-2_front.png","contentUrl":"https:\/\/www.istegroup.com\/wp-content\/uploads\/2024\/11\/007_Introduction-a-lelectrodynamique-classique-2_front.png","width":595,"height":897,"caption":"Livre scientifique - Introduction \u00e0 l\u2019\u00e9lectrodynamique classique 2"},{"@type":"BreadcrumbList","@id":"https:\/\/www.istegroup.com\/produit\/introduction-a-lelectrodynamique-classique-2\/#breadcrumb","itemListElement":[{"@type":"ListItem","position":1,"name":"Home","item":"https:\/\/www.istegroup.com\/"},{"@type":"ListItem","position":2,"name":"Shop","item":"https:\/\/www.istegroup.com\/fr\/nouveautes\/"},{"@type":"ListItem","position":3,"name":"Introduction \u00e0 l\u2019\u00e9lectrodynamique classique 2"}]},{"@type":"WebSite","@id":"https:\/\/www.istegroup.com\/#website","url":"https:\/\/www.istegroup.com\/","name":"ISTE Group","description":"\u00c9diteur des Sciences","potentialAction":[{"@type":"SearchAction","target":{"@type":"EntryPoint","urlTemplate":"https:\/\/www.istegroup.com\/?s={search_term_string}"},"query-input":{"@type":"PropertyValueSpecification","valueRequired":true,"valueName":"search_term_string"}}],"inLanguage":"fr-FR"}]}},"_links":{"self":[{"href":"https:\/\/www.istegroup.com\/fr\/wp-json\/wp\/v2\/product\/58329","targetHints":{"allow":["GET"]}}],"collection":[{"href":"https:\/\/www.istegroup.com\/fr\/wp-json\/wp\/v2\/product"}],"about":[{"href":"https:\/\/www.istegroup.com\/fr\/wp-json\/wp\/v2\/types\/product"}],"wp:featuredmedia":[{"embeddable":true,"href":"https:\/\/www.istegroup.com\/fr\/wp-json\/wp\/v2\/media\/58335"}],"wp:attachment":[{"href":"https:\/\/www.istegroup.com\/fr\/wp-json\/wp\/v2\/media?parent=58329"}],"wp:term":[{"taxonomy":"product_brand","embeddable":true,"href":"https:\/\/www.istegroup.com\/fr\/wp-json\/wp\/v2\/product_brand?post=58329"},{"taxonomy":"product_cat","embeddable":true,"href":"https:\/\/www.istegroup.com\/fr\/wp-json\/wp\/v2\/product_cat?post=58329"},{"taxonomy":"product_tag","embeddable":true,"href":"https:\/\/www.istegroup.com\/fr\/wp-json\/wp\/v2\/product_tag?post=58329"}],"curies":[{"name":"wp","href":"https:\/\/api.w.org\/{rel}","templated":true}]}}