{"id":58252,"date":"2024-10-29T12:15:20","date_gmt":"2024-10-29T12:15:20","guid":{"rendered":"https:\/\/www.istegroup.com\/?post_type=product&#038;p=58252"},"modified":"2024-12-03T11:58:38","modified_gmt":"2024-12-03T11:58:38","slug":"composants-et-circuits-analogiques-2","status":"publish","type":"product","link":"https:\/\/www.istegroup.com\/fr\/produit\/composants-et-circuits-analogiques-2\/","title":{"rendered":"Composants et circuits analogiques 2"},"content":{"rendered":"<p>La micro-\u00e9lectronique couvre un large \u00e9ventail de domaines, allant du mat\u00e9riau \u00e0 l\u2019architecture des syst\u00e8mes, en passant par les processus, le dispositif et le circuit. Depuis deux d\u00e9cennies, on parle aussi de nano\u00e9lectronique. La mod\u00e9lisation et les simulations aff\u00e9rentes sont devenues, dans la d\u00e9cennie 1980, un outil indispensable dans le domaine de la fabrication des syst\u00e8mes int\u00e9gr\u00e9s. Ces simulations, devenues assez robustes, ont permis de r\u00e9duire drastiquement les co\u00fbts de recherche et d\u00e9veloppement.<\/p>\n<p>Cet ouvrage compl\u00e8te le volume d\u00e9di\u00e9 aux mod\u00e8les compacts. Ces mod\u00e8les \u2013 sous forme de biblioth\u00e8ques contenant des param\u00e8tres \u00e9lectriques mod\u00e9lis\u00e9s et souvent obtenus parall\u00e8lement par des mesures \u2013 sont utilis\u00e9s pour la simulation de circuits analogiques, en particulier pour l\u2019amplificateur op\u00e9rationnel, consid\u00e9r\u00e9 comme le navire amiral de ces simulations.<\/p>\n","protected":false},"excerpt":{"rendered":"<p>La micro-\u00e9lectronique couvre un large \u00e9ventail de domaines, allant du mat\u00e9riau \u00e0 l\u2019architecture des syst\u00e8mes, en passant par les processus, le dispositif et le circuit. Depuis deux d\u00e9cennies, on parle aussi de nano\u00e9lectronique. La mod\u00e9lisation et les simulations aff\u00e9rentes sont devenues, dans la d\u00e9cennie 1980, un outil indispensable dans le domaine de la fabrication des [&hellip;]<\/p>\n","protected":false},"featured_media":58261,"template":"","meta":{"_acf_changed":false,"_links_to":"","_links_to_target":""},"product_brand":[],"product_cat":[659],"product_tag":[],"class_list":{"0":"post-58252","1":"product","2":"type-product","3":"status-publish","4":"has-post-thumbnail","6":"product_cat-electronique-11476903","8":"first","9":"instock","10":"shipping-taxable","11":"purchasable","12":"product-type-variable"},"acf":[],"yoast_head":"<!-- This site is optimized with the Yoast SEO plugin v27.2 - https:\/\/yoast.com\/product\/yoast-seo-wordpress\/ -->\n<title>Composants et circuits analogiques 2 - ISTE Group<\/title>\n<meta name=\"description\" content=\"Cet ouvrage compl\u00e8te le volume d\u00e9di\u00e9 aux mod\u00e8les compacts. Cesmod\u00e8les \u2013 sous forme de biblioth\u00e8ques contenant des param\u00e8tres\u00e9lectriques mod\u00e9lis\u00e9s et souvent obtenus parall\u00e8lement par desmesures \u2013 sont utilis\u00e9s pour la simulation de circuits analogiques, enparticulier pour l\u2019amplificateur op\u00e9rationnel, consid\u00e9r\u00e9 comme le navireamiral de ces simulations.\" \/>\n<meta name=\"robots\" content=\"index, follow, max-snippet:-1, max-image-preview:large, max-video-preview:-1\" \/>\n<link rel=\"canonical\" href=\"https:\/\/www.istegroup.com\/produit\/composants-et-circuits-analogiques-2\/\" \/>\n<meta property=\"og:locale\" content=\"fr_FR\" \/>\n<meta property=\"og:type\" content=\"article\" \/>\n<meta property=\"og:title\" content=\"Composants et circuits analogiques 2 - ISTE Group\" \/>\n<meta property=\"og:description\" content=\"Cet ouvrage compl\u00e8te le volume d\u00e9di\u00e9 aux mod\u00e8les compacts. Cesmod\u00e8les \u2013 sous forme de biblioth\u00e8ques contenant des param\u00e8tres\u00e9lectriques mod\u00e9lis\u00e9s et souvent obtenus parall\u00e8lement par desmesures \u2013 sont utilis\u00e9s pour la simulation de circuits analogiques, enparticulier pour l\u2019amplificateur op\u00e9rationnel, consid\u00e9r\u00e9 comme le navireamiral de ces simulations.\" \/>\n<meta property=\"og:url\" content=\"https:\/\/www.istegroup.com\/produit\/composants-et-circuits-analogiques-2\/\" \/>\n<meta property=\"og:site_name\" content=\"ISTE Group\" \/>\n<meta property=\"article:modified_time\" content=\"2024-12-03T11:58:38+00:00\" \/>\n<meta property=\"og:image\" content=\"https:\/\/www.istegroup.com\/wp-content\/uploads\/2024\/10\/Composants-et-circuits-analogiques-2.png\" \/>\n\t<meta property=\"og:image:width\" content=\"597\" \/>\n\t<meta property=\"og:image:height\" content=\"900\" \/>\n\t<meta property=\"og:image:type\" content=\"image\/png\" \/>\n<meta name=\"twitter:card\" content=\"summary_large_image\" \/>\n<meta name=\"twitter:label1\" content=\"Est. reading time\" \/>\n\t<meta name=\"twitter:data1\" content=\"1 minute\" \/>\n<script type=\"application\/ld+json\" class=\"yoast-schema-graph\">{\"@context\":\"https:\/\/schema.org\",\"@graph\":[{\"@type\":\"WebPage\",\"@id\":\"https:\/\/www.istegroup.com\/produit\/composants-et-circuits-analogiques-2\/\",\"url\":\"https:\/\/www.istegroup.com\/produit\/composants-et-circuits-analogiques-2\/\",\"name\":\"Composants et circuits analogiques 2 - ISTE Group\",\"isPartOf\":{\"@id\":\"https:\/\/www.istegroup.com\/#website\"},\"primaryImageOfPage\":{\"@id\":\"https:\/\/www.istegroup.com\/produit\/composants-et-circuits-analogiques-2\/#primaryimage\"},\"image\":{\"@id\":\"https:\/\/www.istegroup.com\/produit\/composants-et-circuits-analogiques-2\/#primaryimage\"},\"thumbnailUrl\":\"https:\/\/www.istegroup.com\/wp-content\/uploads\/2024\/10\/Composants-et-circuits-analogiques-2.png\",\"datePublished\":\"2024-10-29T12:15:20+00:00\",\"dateModified\":\"2024-12-03T11:58:38+00:00\",\"description\":\"Cet ouvrage compl\u00e8te le volume d\u00e9di\u00e9 aux mod\u00e8les compacts. Cesmod\u00e8les \u2013 sous forme de biblioth\u00e8ques contenant des param\u00e8tres\u00e9lectriques mod\u00e9lis\u00e9s et souvent obtenus parall\u00e8lement par desmesures \u2013 sont utilis\u00e9s pour la simulation de circuits analogiques, enparticulier pour l\u2019amplificateur op\u00e9rationnel, consid\u00e9r\u00e9 comme le navireamiral de ces simulations.\",\"breadcrumb\":{\"@id\":\"https:\/\/www.istegroup.com\/produit\/composants-et-circuits-analogiques-2\/#breadcrumb\"},\"inLanguage\":\"fr-FR\",\"potentialAction\":[{\"@type\":\"ReadAction\",\"target\":[\"https:\/\/www.istegroup.com\/produit\/composants-et-circuits-analogiques-2\/\"]}]},{\"@type\":\"ImageObject\",\"inLanguage\":\"fr-FR\",\"@id\":\"https:\/\/www.istegroup.com\/produit\/composants-et-circuits-analogiques-2\/#primaryimage\",\"url\":\"https:\/\/www.istegroup.com\/wp-content\/uploads\/2024\/10\/Composants-et-circuits-analogiques-2.png\",\"contentUrl\":\"https:\/\/www.istegroup.com\/wp-content\/uploads\/2024\/10\/Composants-et-circuits-analogiques-2.png\",\"width\":597,\"height\":900,\"caption\":\"Livre scientifique - Composants et circuits analogiques 2\"},{\"@type\":\"BreadcrumbList\",\"@id\":\"https:\/\/www.istegroup.com\/produit\/composants-et-circuits-analogiques-2\/#breadcrumb\",\"itemListElement\":[{\"@type\":\"ListItem\",\"position\":1,\"name\":\"Home\",\"item\":\"https:\/\/www.istegroup.com\/\"},{\"@type\":\"ListItem\",\"position\":2,\"name\":\"Shop\",\"item\":\"https:\/\/www.istegroup.com\/fr\/nouveautes\/\"},{\"@type\":\"ListItem\",\"position\":3,\"name\":\"Composants et circuits analogiques 2\"}]},{\"@type\":\"WebSite\",\"@id\":\"https:\/\/www.istegroup.com\/#website\",\"url\":\"https:\/\/www.istegroup.com\/\",\"name\":\"ISTE Group\",\"description\":\"\u00c9diteur des Sciences\",\"potentialAction\":[{\"@type\":\"SearchAction\",\"target\":{\"@type\":\"EntryPoint\",\"urlTemplate\":\"https:\/\/www.istegroup.com\/?s={search_term_string}\"},\"query-input\":{\"@type\":\"PropertyValueSpecification\",\"valueRequired\":true,\"valueName\":\"search_term_string\"}}],\"inLanguage\":\"fr-FR\"}]}<\/script>\n<!-- \/ Yoast SEO plugin. -->","yoast_head_json":{"title":"Composants et circuits analogiques 2 - ISTE Group","description":"Cet ouvrage compl\u00e8te le volume d\u00e9di\u00e9 aux mod\u00e8les compacts. Cesmod\u00e8les \u2013 sous forme de biblioth\u00e8ques contenant des param\u00e8tres\u00e9lectriques mod\u00e9lis\u00e9s et souvent obtenus parall\u00e8lement par desmesures \u2013 sont utilis\u00e9s pour la simulation de circuits analogiques, enparticulier pour l\u2019amplificateur op\u00e9rationnel, consid\u00e9r\u00e9 comme le navireamiral de ces simulations.","robots":{"index":"index","follow":"follow","max-snippet":"max-snippet:-1","max-image-preview":"max-image-preview:large","max-video-preview":"max-video-preview:-1"},"canonical":"https:\/\/www.istegroup.com\/produit\/composants-et-circuits-analogiques-2\/","og_locale":"fr_FR","og_type":"article","og_title":"Composants et circuits analogiques 2 - ISTE Group","og_description":"Cet ouvrage compl\u00e8te le volume d\u00e9di\u00e9 aux mod\u00e8les compacts. Cesmod\u00e8les \u2013 sous forme de biblioth\u00e8ques contenant des param\u00e8tres\u00e9lectriques mod\u00e9lis\u00e9s et souvent obtenus parall\u00e8lement par desmesures \u2013 sont utilis\u00e9s pour la simulation de circuits analogiques, enparticulier pour l\u2019amplificateur op\u00e9rationnel, consid\u00e9r\u00e9 comme le navireamiral de ces simulations.","og_url":"https:\/\/www.istegroup.com\/produit\/composants-et-circuits-analogiques-2\/","og_site_name":"ISTE Group","article_modified_time":"2024-12-03T11:58:38+00:00","og_image":[{"width":597,"height":900,"url":"https:\/\/www.istegroup.com\/wp-content\/uploads\/2024\/10\/Composants-et-circuits-analogiques-2.png","type":"image\/png"}],"twitter_card":"summary_large_image","twitter_misc":{"Est. reading time":"1 minute"},"schema":{"@context":"https:\/\/schema.org","@graph":[{"@type":"WebPage","@id":"https:\/\/www.istegroup.com\/produit\/composants-et-circuits-analogiques-2\/","url":"https:\/\/www.istegroup.com\/produit\/composants-et-circuits-analogiques-2\/","name":"Composants et circuits analogiques 2 - ISTE Group","isPartOf":{"@id":"https:\/\/www.istegroup.com\/#website"},"primaryImageOfPage":{"@id":"https:\/\/www.istegroup.com\/produit\/composants-et-circuits-analogiques-2\/#primaryimage"},"image":{"@id":"https:\/\/www.istegroup.com\/produit\/composants-et-circuits-analogiques-2\/#primaryimage"},"thumbnailUrl":"https:\/\/www.istegroup.com\/wp-content\/uploads\/2024\/10\/Composants-et-circuits-analogiques-2.png","datePublished":"2024-10-29T12:15:20+00:00","dateModified":"2024-12-03T11:58:38+00:00","description":"Cet ouvrage compl\u00e8te le volume d\u00e9di\u00e9 aux mod\u00e8les compacts. Cesmod\u00e8les \u2013 sous forme de biblioth\u00e8ques contenant des param\u00e8tres\u00e9lectriques mod\u00e9lis\u00e9s et souvent obtenus parall\u00e8lement par desmesures \u2013 sont utilis\u00e9s pour la simulation de circuits analogiques, enparticulier pour l\u2019amplificateur op\u00e9rationnel, consid\u00e9r\u00e9 comme le navireamiral de ces simulations.","breadcrumb":{"@id":"https:\/\/www.istegroup.com\/produit\/composants-et-circuits-analogiques-2\/#breadcrumb"},"inLanguage":"fr-FR","potentialAction":[{"@type":"ReadAction","target":["https:\/\/www.istegroup.com\/produit\/composants-et-circuits-analogiques-2\/"]}]},{"@type":"ImageObject","inLanguage":"fr-FR","@id":"https:\/\/www.istegroup.com\/produit\/composants-et-circuits-analogiques-2\/#primaryimage","url":"https:\/\/www.istegroup.com\/wp-content\/uploads\/2024\/10\/Composants-et-circuits-analogiques-2.png","contentUrl":"https:\/\/www.istegroup.com\/wp-content\/uploads\/2024\/10\/Composants-et-circuits-analogiques-2.png","width":597,"height":900,"caption":"Livre scientifique - Composants et circuits analogiques 2"},{"@type":"BreadcrumbList","@id":"https:\/\/www.istegroup.com\/produit\/composants-et-circuits-analogiques-2\/#breadcrumb","itemListElement":[{"@type":"ListItem","position":1,"name":"Home","item":"https:\/\/www.istegroup.com\/"},{"@type":"ListItem","position":2,"name":"Shop","item":"https:\/\/www.istegroup.com\/fr\/nouveautes\/"},{"@type":"ListItem","position":3,"name":"Composants et circuits analogiques 2"}]},{"@type":"WebSite","@id":"https:\/\/www.istegroup.com\/#website","url":"https:\/\/www.istegroup.com\/","name":"ISTE Group","description":"\u00c9diteur des Sciences","potentialAction":[{"@type":"SearchAction","target":{"@type":"EntryPoint","urlTemplate":"https:\/\/www.istegroup.com\/?s={search_term_string}"},"query-input":{"@type":"PropertyValueSpecification","valueRequired":true,"valueName":"search_term_string"}}],"inLanguage":"fr-FR"}]}},"_links":{"self":[{"href":"https:\/\/www.istegroup.com\/fr\/wp-json\/wp\/v2\/product\/58252","targetHints":{"allow":["GET"]}}],"collection":[{"href":"https:\/\/www.istegroup.com\/fr\/wp-json\/wp\/v2\/product"}],"about":[{"href":"https:\/\/www.istegroup.com\/fr\/wp-json\/wp\/v2\/types\/product"}],"wp:featuredmedia":[{"embeddable":true,"href":"https:\/\/www.istegroup.com\/fr\/wp-json\/wp\/v2\/media\/58261"}],"wp:attachment":[{"href":"https:\/\/www.istegroup.com\/fr\/wp-json\/wp\/v2\/media?parent=58252"}],"wp:term":[{"taxonomy":"product_brand","embeddable":true,"href":"https:\/\/www.istegroup.com\/fr\/wp-json\/wp\/v2\/product_brand?post=58252"},{"taxonomy":"product_cat","embeddable":true,"href":"https:\/\/www.istegroup.com\/fr\/wp-json\/wp\/v2\/product_cat?post=58252"},{"taxonomy":"product_tag","embeddable":true,"href":"https:\/\/www.istegroup.com\/fr\/wp-json\/wp\/v2\/product_tag?post=58252"}],"curies":[{"name":"wp","href":"https:\/\/api.w.org\/{rel}","templated":true}]}}