{"id":58241,"date":"2024-10-29T11:58:02","date_gmt":"2024-10-29T11:58:02","guid":{"rendered":"https:\/\/www.istegroup.com\/?post_type=product&#038;p=58241"},"modified":"2024-12-03T11:58:48","modified_gmt":"2024-12-03T11:58:48","slug":"composants-et-circuits-analogiques-1","status":"publish","type":"product","link":"https:\/\/www.istegroup.com\/fr\/produit\/composants-et-circuits-analogiques-1\/","title":{"rendered":"Composants et circuits analogiques 1"},"content":{"rendered":"<p>La micro-\u00e9lectronique couvre un large \u00e9ventail de domaines, allant du mat\u00e9riau \u00e0 l\u2019architecture des syst\u00e8mes, en passant par les processus, le dispositif et le circuit. Depuis deux d\u00e9cennies, le terme de nano\u00e9lectronique s\u2019est impos\u00e9, aussi bien dans les industries que dans les entit\u00e9s publiques concern\u00e9es. En micro-\u00e9lectronique, la mod\u00e9lisation des diffusions (proc\u00e9d\u00e9) et du comportement \u00e9lectrique des composants (dispositif) est devenue fiable pour l\u2019industrie d\u00e8s les ann\u00e9es 1980. Cependant, avec la r\u00e9duction de la taille des appareils, les simulations unidimensionnelles ne sont plus adapt\u00e9es.<\/p>\n<p><em>Composants et circuits analogiques 1<\/em> se concentre sur des \u00e9quations ma\u00eetresses, notamment l\u2019\u00e9quation de Boltzmann et certaines de ses d\u00e9rivations, comme le mod\u00e8le DDM (<em>Drift Diffusion Model<\/em>). Il explore \u00e9galement les proc\u00e9dures de Monte-Carlo, des approches stochastiques et statistiques particuli\u00e8rement adapt\u00e9es au paradigme du r\u00e9tr\u00e9cissement dimensionnel.<\/p>\n<p>D\u2019un point de vue pratique, cet ouvrage propose des programmes informatiques simples pour initier \u00e0 l\u2019analyse num\u00e9rique. Ces programmes peuvent servir de base pour des simulateurs permettant de r\u00e9aliser des exp\u00e9riences num\u00e9riques et d\u2019\u00e9tendre ces algorithmes dans de nouvelles directions, y compris pour l\u2019analyse de circuits analogiques.<\/p>\n","protected":false},"excerpt":{"rendered":"<p>La micro-\u00e9lectronique couvre un large \u00e9ventail de domaines, allant du mat\u00e9riau \u00e0 l\u2019architecture des syst\u00e8mes, en passant par les processus, le dispositif et le circuit. Depuis deux d\u00e9cennies, le terme de nano\u00e9lectronique s\u2019est impos\u00e9, aussi bien dans les industries que dans les entit\u00e9s publiques concern\u00e9es. En micro-\u00e9lectronique, la mod\u00e9lisation des diffusions (proc\u00e9d\u00e9) et du comportement [&hellip;]<\/p>\n","protected":false},"featured_media":58251,"template":"","meta":{"_acf_changed":false,"_links_to":"","_links_to_target":""},"product_brand":[],"product_cat":[659],"product_tag":[],"class_list":{"0":"post-58241","1":"product","2":"type-product","3":"status-publish","4":"has-post-thumbnail","6":"product_cat-electronique-11476903","8":"first","9":"instock","10":"shipping-taxable","11":"purchasable","12":"product-type-variable"},"acf":[],"yoast_head":"<!-- This site is optimized with the Yoast SEO plugin v27.2 - https:\/\/yoast.com\/product\/yoast-seo-wordpress\/ -->\n<title>Composants et circuits analogiques 1 - ISTE Group<\/title>\n<meta name=\"description\" content=\"Composants et circuits analogiques 1 se concentre sur des \u00e9quations ma\u00eetresses, notamment l\u2019\u00e9quation de Boltzmann et certaines de ses d\u00e9rivations, comme le mod\u00e8le DDM (Drift Diffusion Model).\" \/>\n<meta name=\"robots\" content=\"index, follow, max-snippet:-1, max-image-preview:large, max-video-preview:-1\" \/>\n<link rel=\"canonical\" href=\"https:\/\/www.istegroup.com\/produit\/composants-et-circuits-analogiques-1\/\" \/>\n<meta property=\"og:locale\" content=\"fr_FR\" \/>\n<meta property=\"og:type\" content=\"article\" \/>\n<meta property=\"og:title\" content=\"Composants et circuits analogiques 1 - ISTE Group\" \/>\n<meta property=\"og:description\" content=\"Composants et circuits analogiques 1 se concentre sur des \u00e9quations ma\u00eetresses, notamment l\u2019\u00e9quation de Boltzmann et certaines de ses d\u00e9rivations, comme le mod\u00e8le DDM (Drift Diffusion Model).\" \/>\n<meta property=\"og:url\" content=\"https:\/\/www.istegroup.com\/produit\/composants-et-circuits-analogiques-1\/\" \/>\n<meta property=\"og:site_name\" content=\"ISTE Group\" \/>\n<meta property=\"article:modified_time\" content=\"2024-12-03T11:58:48+00:00\" \/>\n<meta property=\"og:image\" content=\"https:\/\/www.istegroup.com\/wp-content\/uploads\/2024\/10\/Composants-et-circuits-analogiques-1.png\" \/>\n\t<meta property=\"og:image:width\" content=\"597\" \/>\n\t<meta property=\"og:image:height\" content=\"899\" \/>\n\t<meta property=\"og:image:type\" content=\"image\/png\" \/>\n<meta name=\"twitter:card\" content=\"summary_large_image\" \/>\n<meta name=\"twitter:label1\" content=\"Est. reading time\" \/>\n\t<meta name=\"twitter:data1\" content=\"2 minutes\" \/>\n<script type=\"application\/ld+json\" class=\"yoast-schema-graph\">{\"@context\":\"https:\/\/schema.org\",\"@graph\":[{\"@type\":\"WebPage\",\"@id\":\"https:\/\/www.istegroup.com\/produit\/composants-et-circuits-analogiques-1\/\",\"url\":\"https:\/\/www.istegroup.com\/produit\/composants-et-circuits-analogiques-1\/\",\"name\":\"Composants et circuits analogiques 1 - ISTE Group\",\"isPartOf\":{\"@id\":\"https:\/\/www.istegroup.com\/#website\"},\"primaryImageOfPage\":{\"@id\":\"https:\/\/www.istegroup.com\/produit\/composants-et-circuits-analogiques-1\/#primaryimage\"},\"image\":{\"@id\":\"https:\/\/www.istegroup.com\/produit\/composants-et-circuits-analogiques-1\/#primaryimage\"},\"thumbnailUrl\":\"https:\/\/www.istegroup.com\/wp-content\/uploads\/2024\/10\/Composants-et-circuits-analogiques-1.png\",\"datePublished\":\"2024-10-29T11:58:02+00:00\",\"dateModified\":\"2024-12-03T11:58:48+00:00\",\"description\":\"Composants et circuits analogiques 1 se concentre sur des \u00e9quations ma\u00eetresses, notamment l\u2019\u00e9quation de Boltzmann et certaines de ses d\u00e9rivations, comme le mod\u00e8le DDM (Drift Diffusion Model).\",\"breadcrumb\":{\"@id\":\"https:\/\/www.istegroup.com\/produit\/composants-et-circuits-analogiques-1\/#breadcrumb\"},\"inLanguage\":\"fr-FR\",\"potentialAction\":[{\"@type\":\"ReadAction\",\"target\":[\"https:\/\/www.istegroup.com\/produit\/composants-et-circuits-analogiques-1\/\"]}]},{\"@type\":\"ImageObject\",\"inLanguage\":\"fr-FR\",\"@id\":\"https:\/\/www.istegroup.com\/produit\/composants-et-circuits-analogiques-1\/#primaryimage\",\"url\":\"https:\/\/www.istegroup.com\/wp-content\/uploads\/2024\/10\/Composants-et-circuits-analogiques-1.png\",\"contentUrl\":\"https:\/\/www.istegroup.com\/wp-content\/uploads\/2024\/10\/Composants-et-circuits-analogiques-1.png\",\"width\":597,\"height\":899,\"caption\":\"Livre scientifique - Composants et circuits analogiques 1\"},{\"@type\":\"BreadcrumbList\",\"@id\":\"https:\/\/www.istegroup.com\/produit\/composants-et-circuits-analogiques-1\/#breadcrumb\",\"itemListElement\":[{\"@type\":\"ListItem\",\"position\":1,\"name\":\"Home\",\"item\":\"https:\/\/www.istegroup.com\/\"},{\"@type\":\"ListItem\",\"position\":2,\"name\":\"Shop\",\"item\":\"https:\/\/www.istegroup.com\/fr\/nouveautes\/\"},{\"@type\":\"ListItem\",\"position\":3,\"name\":\"Composants et circuits analogiques 1\"}]},{\"@type\":\"WebSite\",\"@id\":\"https:\/\/www.istegroup.com\/#website\",\"url\":\"https:\/\/www.istegroup.com\/\",\"name\":\"ISTE Group\",\"description\":\"\u00c9diteur des Sciences\",\"potentialAction\":[{\"@type\":\"SearchAction\",\"target\":{\"@type\":\"EntryPoint\",\"urlTemplate\":\"https:\/\/www.istegroup.com\/?s={search_term_string}\"},\"query-input\":{\"@type\":\"PropertyValueSpecification\",\"valueRequired\":true,\"valueName\":\"search_term_string\"}}],\"inLanguage\":\"fr-FR\"}]}<\/script>\n<!-- \/ Yoast SEO plugin. -->","yoast_head_json":{"title":"Composants et circuits analogiques 1 - ISTE Group","description":"Composants et circuits analogiques 1 se concentre sur des \u00e9quations ma\u00eetresses, notamment l\u2019\u00e9quation de Boltzmann et certaines de ses d\u00e9rivations, comme le mod\u00e8le DDM (Drift Diffusion Model).","robots":{"index":"index","follow":"follow","max-snippet":"max-snippet:-1","max-image-preview":"max-image-preview:large","max-video-preview":"max-video-preview:-1"},"canonical":"https:\/\/www.istegroup.com\/produit\/composants-et-circuits-analogiques-1\/","og_locale":"fr_FR","og_type":"article","og_title":"Composants et circuits analogiques 1 - ISTE Group","og_description":"Composants et circuits analogiques 1 se concentre sur des \u00e9quations ma\u00eetresses, notamment l\u2019\u00e9quation de Boltzmann et certaines de ses d\u00e9rivations, comme le mod\u00e8le DDM (Drift Diffusion Model).","og_url":"https:\/\/www.istegroup.com\/produit\/composants-et-circuits-analogiques-1\/","og_site_name":"ISTE Group","article_modified_time":"2024-12-03T11:58:48+00:00","og_image":[{"width":597,"height":899,"url":"https:\/\/www.istegroup.com\/wp-content\/uploads\/2024\/10\/Composants-et-circuits-analogiques-1.png","type":"image\/png"}],"twitter_card":"summary_large_image","twitter_misc":{"Est. reading time":"2 minutes"},"schema":{"@context":"https:\/\/schema.org","@graph":[{"@type":"WebPage","@id":"https:\/\/www.istegroup.com\/produit\/composants-et-circuits-analogiques-1\/","url":"https:\/\/www.istegroup.com\/produit\/composants-et-circuits-analogiques-1\/","name":"Composants et circuits analogiques 1 - ISTE Group","isPartOf":{"@id":"https:\/\/www.istegroup.com\/#website"},"primaryImageOfPage":{"@id":"https:\/\/www.istegroup.com\/produit\/composants-et-circuits-analogiques-1\/#primaryimage"},"image":{"@id":"https:\/\/www.istegroup.com\/produit\/composants-et-circuits-analogiques-1\/#primaryimage"},"thumbnailUrl":"https:\/\/www.istegroup.com\/wp-content\/uploads\/2024\/10\/Composants-et-circuits-analogiques-1.png","datePublished":"2024-10-29T11:58:02+00:00","dateModified":"2024-12-03T11:58:48+00:00","description":"Composants et circuits analogiques 1 se concentre sur des \u00e9quations ma\u00eetresses, notamment l\u2019\u00e9quation de Boltzmann et certaines de ses d\u00e9rivations, comme le mod\u00e8le DDM (Drift Diffusion Model).","breadcrumb":{"@id":"https:\/\/www.istegroup.com\/produit\/composants-et-circuits-analogiques-1\/#breadcrumb"},"inLanguage":"fr-FR","potentialAction":[{"@type":"ReadAction","target":["https:\/\/www.istegroup.com\/produit\/composants-et-circuits-analogiques-1\/"]}]},{"@type":"ImageObject","inLanguage":"fr-FR","@id":"https:\/\/www.istegroup.com\/produit\/composants-et-circuits-analogiques-1\/#primaryimage","url":"https:\/\/www.istegroup.com\/wp-content\/uploads\/2024\/10\/Composants-et-circuits-analogiques-1.png","contentUrl":"https:\/\/www.istegroup.com\/wp-content\/uploads\/2024\/10\/Composants-et-circuits-analogiques-1.png","width":597,"height":899,"caption":"Livre scientifique - Composants et circuits analogiques 1"},{"@type":"BreadcrumbList","@id":"https:\/\/www.istegroup.com\/produit\/composants-et-circuits-analogiques-1\/#breadcrumb","itemListElement":[{"@type":"ListItem","position":1,"name":"Home","item":"https:\/\/www.istegroup.com\/"},{"@type":"ListItem","position":2,"name":"Shop","item":"https:\/\/www.istegroup.com\/fr\/nouveautes\/"},{"@type":"ListItem","position":3,"name":"Composants et circuits analogiques 1"}]},{"@type":"WebSite","@id":"https:\/\/www.istegroup.com\/#website","url":"https:\/\/www.istegroup.com\/","name":"ISTE Group","description":"\u00c9diteur des Sciences","potentialAction":[{"@type":"SearchAction","target":{"@type":"EntryPoint","urlTemplate":"https:\/\/www.istegroup.com\/?s={search_term_string}"},"query-input":{"@type":"PropertyValueSpecification","valueRequired":true,"valueName":"search_term_string"}}],"inLanguage":"fr-FR"}]}},"_links":{"self":[{"href":"https:\/\/www.istegroup.com\/fr\/wp-json\/wp\/v2\/product\/58241","targetHints":{"allow":["GET"]}}],"collection":[{"href":"https:\/\/www.istegroup.com\/fr\/wp-json\/wp\/v2\/product"}],"about":[{"href":"https:\/\/www.istegroup.com\/fr\/wp-json\/wp\/v2\/types\/product"}],"wp:featuredmedia":[{"embeddable":true,"href":"https:\/\/www.istegroup.com\/fr\/wp-json\/wp\/v2\/media\/58251"}],"wp:attachment":[{"href":"https:\/\/www.istegroup.com\/fr\/wp-json\/wp\/v2\/media?parent=58241"}],"wp:term":[{"taxonomy":"product_brand","embeddable":true,"href":"https:\/\/www.istegroup.com\/fr\/wp-json\/wp\/v2\/product_brand?post=58241"},{"taxonomy":"product_cat","embeddable":true,"href":"https:\/\/www.istegroup.com\/fr\/wp-json\/wp\/v2\/product_cat?post=58241"},{"taxonomy":"product_tag","embeddable":true,"href":"https:\/\/www.istegroup.com\/fr\/wp-json\/wp\/v2\/product_tag?post=58241"}],"curies":[{"name":"wp","href":"https:\/\/api.w.org\/{rel}","templated":true}]}}