{"id":58234,"date":"2024-10-29T11:45:01","date_gmt":"2024-10-29T11:45:01","guid":{"rendered":"https:\/\/www.istegroup.com\/?post_type=product&#038;p=58234"},"modified":"2025-02-17T10:48:07","modified_gmt":"2025-02-17T10:48:07","slug":"algues-et-sante","status":"publish","type":"product","link":"https:\/\/www.istegroup.com\/fr\/produit\/algues-et-sante\/","title":{"rendered":"Algues et sant\u00e9"},"content":{"rendered":"<p><em>Algues et sant\u00e9<\/em> retrace l\u2019emploi des algues en m\u00e9decine traditionnelle asiatique (chinoise, japonaise, etc.), dans les domaines pr\u00e9ventifs et curatifs. Les aspects historiques, mais \u00e9galement actuels sont trait\u00e9s puisque les algues sont toujours utilis\u00e9es de mani\u00e8re empirique par la m\u00e9decine populaire de ces pays.<\/p>\n<p>La premi\u00e8re partie de cet ouvrage se focalise sur l\u2019ethnom\u00e9decine int\u00e9grant les algues dans sa pratique th\u00e9rapeutique. La seconde partie s\u2019int\u00e9resse aux mol\u00e9cules issues des algues, dont les fuco\u00efdanes, alginates, carragh\u00e9nanes, polyph\u00e9nols, et pour lesquelles des activit\u00e9s th\u00e9rapeutiques <em>in vitro<\/em> ou <em>in vivo<\/em> ont \u00e9t\u00e9 d\u00e9crites dans la litt\u00e9rature scientifique. Ces activit\u00e9s vari\u00e9es (antitumorales, antivirales, antibact\u00e9riennes, antithrombotiques, anti-inflammatoires, etc.) repr\u00e9sentent un int\u00e9r\u00eat majeur en mati\u00e8re de sant\u00e9 humaine.<\/p>\n<p>Toutefois, le d\u00e9veloppement de nouveaux m\u00e9dicaments \u00e0 base de mol\u00e9cules algales peine pourtant \u00e0 se faire. Un point sur les verrous scientifiques, technologiques et \u00e9conomiques qui peuvent expliquer la lenteur d\u2019un tel d\u00e9veloppement est \u00e9galement pr\u00e9sent\u00e9.<\/p>\n","protected":false},"excerpt":{"rendered":"<p>Algues et sant\u00e9 retrace l\u2019emploi des algues en m\u00e9decine traditionnelle asiatique (chinoise, japonaise, etc.), dans les domaines pr\u00e9ventifs et curatifs. Les aspects historiques, mais \u00e9galement actuels sont trait\u00e9s puisque les algues sont toujours utilis\u00e9es de mani\u00e8re empirique par la m\u00e9decine populaire de ces pays. La premi\u00e8re partie de cet ouvrage se focalise sur l\u2019ethnom\u00e9decine int\u00e9grant [&hellip;]<\/p>\n","protected":false},"featured_media":58240,"template":"","meta":{"_acf_changed":false,"_links_to":"","_links_to_target":""},"product_brand":[],"product_cat":[654],"product_tag":[],"class_list":{"0":"post-58234","1":"product","2":"type-product","3":"status-publish","4":"has-post-thumbnail","6":"product_cat-agronomie-et-science-des-aliments","8":"first","9":"instock","10":"shipping-taxable","11":"purchasable","12":"product-type-variable"},"acf":[],"yoast_head":"<!-- This site is optimized with the Yoast SEO plugin v27.2 - https:\/\/yoast.com\/product\/yoast-seo-wordpress\/ -->\n<title>Algues et sant\u00e9 - ISTE Group<\/title>\n<meta name=\"description\" content=\"Algues et sant\u00e9 retrace l\u2019emploi des algues en m\u00e9decine traditionnelle asiatique (chinoise, japonaise, etc.), dans les domaines pr\u00e9ventifs et curatifs.\" \/>\n<meta name=\"robots\" content=\"index, follow, max-snippet:-1, max-image-preview:large, max-video-preview:-1\" \/>\n<link rel=\"canonical\" href=\"https:\/\/www.istegroup.com\/produit\/algues-et-sante\/\" \/>\n<meta property=\"og:locale\" content=\"fr_FR\" \/>\n<meta property=\"og:type\" content=\"article\" \/>\n<meta property=\"og:title\" content=\"Algues et sant\u00e9 - ISTE Group\" \/>\n<meta property=\"og:description\" content=\"Algues et sant\u00e9 retrace l\u2019emploi des algues en m\u00e9decine traditionnelle asiatique (chinoise, japonaise, etc.), dans les domaines pr\u00e9ventifs et curatifs.\" \/>\n<meta property=\"og:url\" content=\"https:\/\/www.istegroup.com\/produit\/algues-et-sante\/\" \/>\n<meta property=\"og:site_name\" content=\"ISTE Group\" \/>\n<meta property=\"article:modified_time\" content=\"2025-02-17T10:48:07+00:00\" \/>\n<meta property=\"og:image\" content=\"https:\/\/www.istegroup.com\/wp-content\/uploads\/2024\/10\/Algues-et-sante_Fleurence.png\" \/>\n\t<meta property=\"og:image:width\" content=\"596\" \/>\n\t<meta property=\"og:image:height\" content=\"899\" \/>\n\t<meta property=\"og:image:type\" content=\"image\/png\" \/>\n<meta name=\"twitter:card\" content=\"summary_large_image\" \/>\n<meta name=\"twitter:label1\" content=\"Est. reading time\" \/>\n\t<meta name=\"twitter:data1\" content=\"1 minute\" \/>\n<script type=\"application\/ld+json\" class=\"yoast-schema-graph\">{\"@context\":\"https:\/\/schema.org\",\"@graph\":[{\"@type\":\"WebPage\",\"@id\":\"https:\/\/www.istegroup.com\/produit\/algues-et-sante\/\",\"url\":\"https:\/\/www.istegroup.com\/produit\/algues-et-sante\/\",\"name\":\"Algues et sant\u00e9 - ISTE Group\",\"isPartOf\":{\"@id\":\"https:\/\/www.istegroup.com\/#website\"},\"primaryImageOfPage\":{\"@id\":\"https:\/\/www.istegroup.com\/produit\/algues-et-sante\/#primaryimage\"},\"image\":{\"@id\":\"https:\/\/www.istegroup.com\/produit\/algues-et-sante\/#primaryimage\"},\"thumbnailUrl\":\"https:\/\/www.istegroup.com\/wp-content\/uploads\/2024\/10\/Algues-et-sante_Fleurence.png\",\"datePublished\":\"2024-10-29T11:45:01+00:00\",\"dateModified\":\"2025-02-17T10:48:07+00:00\",\"description\":\"Algues et sant\u00e9 retrace l\u2019emploi des algues en m\u00e9decine traditionnelle asiatique (chinoise, japonaise, etc.), dans les domaines pr\u00e9ventifs et curatifs.\",\"breadcrumb\":{\"@id\":\"https:\/\/www.istegroup.com\/produit\/algues-et-sante\/#breadcrumb\"},\"inLanguage\":\"fr-FR\",\"potentialAction\":[{\"@type\":\"ReadAction\",\"target\":[\"https:\/\/www.istegroup.com\/produit\/algues-et-sante\/\"]}]},{\"@type\":\"ImageObject\",\"inLanguage\":\"fr-FR\",\"@id\":\"https:\/\/www.istegroup.com\/produit\/algues-et-sante\/#primaryimage\",\"url\":\"https:\/\/www.istegroup.com\/wp-content\/uploads\/2024\/10\/Algues-et-sante_Fleurence.png\",\"contentUrl\":\"https:\/\/www.istegroup.com\/wp-content\/uploads\/2024\/10\/Algues-et-sante_Fleurence.png\",\"width\":596,\"height\":899,\"caption\":\"Livre scientifique - Algues et sant\u00e9\"},{\"@type\":\"BreadcrumbList\",\"@id\":\"https:\/\/www.istegroup.com\/produit\/algues-et-sante\/#breadcrumb\",\"itemListElement\":[{\"@type\":\"ListItem\",\"position\":1,\"name\":\"Home\",\"item\":\"https:\/\/www.istegroup.com\/\"},{\"@type\":\"ListItem\",\"position\":2,\"name\":\"Shop\",\"item\":\"https:\/\/www.istegroup.com\/fr\/nouveautes\/\"},{\"@type\":\"ListItem\",\"position\":3,\"name\":\"Algues et sant\u00e9\"}]},{\"@type\":\"WebSite\",\"@id\":\"https:\/\/www.istegroup.com\/#website\",\"url\":\"https:\/\/www.istegroup.com\/\",\"name\":\"ISTE Group\",\"description\":\"\u00c9diteur des Sciences\",\"potentialAction\":[{\"@type\":\"SearchAction\",\"target\":{\"@type\":\"EntryPoint\",\"urlTemplate\":\"https:\/\/www.istegroup.com\/?s={search_term_string}\"},\"query-input\":{\"@type\":\"PropertyValueSpecification\",\"valueRequired\":true,\"valueName\":\"search_term_string\"}}],\"inLanguage\":\"fr-FR\"}]}<\/script>\n<!-- \/ Yoast SEO plugin. -->","yoast_head_json":{"title":"Algues et sant\u00e9 - ISTE Group","description":"Algues et sant\u00e9 retrace l\u2019emploi des algues en m\u00e9decine traditionnelle asiatique (chinoise, japonaise, etc.), dans les domaines pr\u00e9ventifs et curatifs.","robots":{"index":"index","follow":"follow","max-snippet":"max-snippet:-1","max-image-preview":"max-image-preview:large","max-video-preview":"max-video-preview:-1"},"canonical":"https:\/\/www.istegroup.com\/produit\/algues-et-sante\/","og_locale":"fr_FR","og_type":"article","og_title":"Algues et sant\u00e9 - ISTE Group","og_description":"Algues et sant\u00e9 retrace l\u2019emploi des algues en m\u00e9decine traditionnelle asiatique (chinoise, japonaise, etc.), dans les domaines pr\u00e9ventifs et curatifs.","og_url":"https:\/\/www.istegroup.com\/produit\/algues-et-sante\/","og_site_name":"ISTE Group","article_modified_time":"2025-02-17T10:48:07+00:00","og_image":[{"width":596,"height":899,"url":"https:\/\/www.istegroup.com\/wp-content\/uploads\/2024\/10\/Algues-et-sante_Fleurence.png","type":"image\/png"}],"twitter_card":"summary_large_image","twitter_misc":{"Est. reading time":"1 minute"},"schema":{"@context":"https:\/\/schema.org","@graph":[{"@type":"WebPage","@id":"https:\/\/www.istegroup.com\/produit\/algues-et-sante\/","url":"https:\/\/www.istegroup.com\/produit\/algues-et-sante\/","name":"Algues et sant\u00e9 - ISTE Group","isPartOf":{"@id":"https:\/\/www.istegroup.com\/#website"},"primaryImageOfPage":{"@id":"https:\/\/www.istegroup.com\/produit\/algues-et-sante\/#primaryimage"},"image":{"@id":"https:\/\/www.istegroup.com\/produit\/algues-et-sante\/#primaryimage"},"thumbnailUrl":"https:\/\/www.istegroup.com\/wp-content\/uploads\/2024\/10\/Algues-et-sante_Fleurence.png","datePublished":"2024-10-29T11:45:01+00:00","dateModified":"2025-02-17T10:48:07+00:00","description":"Algues et sant\u00e9 retrace l\u2019emploi des algues en m\u00e9decine traditionnelle asiatique (chinoise, japonaise, etc.), dans les domaines pr\u00e9ventifs et curatifs.","breadcrumb":{"@id":"https:\/\/www.istegroup.com\/produit\/algues-et-sante\/#breadcrumb"},"inLanguage":"fr-FR","potentialAction":[{"@type":"ReadAction","target":["https:\/\/www.istegroup.com\/produit\/algues-et-sante\/"]}]},{"@type":"ImageObject","inLanguage":"fr-FR","@id":"https:\/\/www.istegroup.com\/produit\/algues-et-sante\/#primaryimage","url":"https:\/\/www.istegroup.com\/wp-content\/uploads\/2024\/10\/Algues-et-sante_Fleurence.png","contentUrl":"https:\/\/www.istegroup.com\/wp-content\/uploads\/2024\/10\/Algues-et-sante_Fleurence.png","width":596,"height":899,"caption":"Livre scientifique - Algues et sant\u00e9"},{"@type":"BreadcrumbList","@id":"https:\/\/www.istegroup.com\/produit\/algues-et-sante\/#breadcrumb","itemListElement":[{"@type":"ListItem","position":1,"name":"Home","item":"https:\/\/www.istegroup.com\/"},{"@type":"ListItem","position":2,"name":"Shop","item":"https:\/\/www.istegroup.com\/fr\/nouveautes\/"},{"@type":"ListItem","position":3,"name":"Algues et sant\u00e9"}]},{"@type":"WebSite","@id":"https:\/\/www.istegroup.com\/#website","url":"https:\/\/www.istegroup.com\/","name":"ISTE Group","description":"\u00c9diteur des Sciences","potentialAction":[{"@type":"SearchAction","target":{"@type":"EntryPoint","urlTemplate":"https:\/\/www.istegroup.com\/?s={search_term_string}"},"query-input":{"@type":"PropertyValueSpecification","valueRequired":true,"valueName":"search_term_string"}}],"inLanguage":"fr-FR"}]}},"_links":{"self":[{"href":"https:\/\/www.istegroup.com\/fr\/wp-json\/wp\/v2\/product\/58234","targetHints":{"allow":["GET"]}}],"collection":[{"href":"https:\/\/www.istegroup.com\/fr\/wp-json\/wp\/v2\/product"}],"about":[{"href":"https:\/\/www.istegroup.com\/fr\/wp-json\/wp\/v2\/types\/product"}],"wp:featuredmedia":[{"embeddable":true,"href":"https:\/\/www.istegroup.com\/fr\/wp-json\/wp\/v2\/media\/58240"}],"wp:attachment":[{"href":"https:\/\/www.istegroup.com\/fr\/wp-json\/wp\/v2\/media?parent=58234"}],"wp:term":[{"taxonomy":"product_brand","embeddable":true,"href":"https:\/\/www.istegroup.com\/fr\/wp-json\/wp\/v2\/product_brand?post=58234"},{"taxonomy":"product_cat","embeddable":true,"href":"https:\/\/www.istegroup.com\/fr\/wp-json\/wp\/v2\/product_cat?post=58234"},{"taxonomy":"product_tag","embeddable":true,"href":"https:\/\/www.istegroup.com\/fr\/wp-json\/wp\/v2\/product_tag?post=58234"}],"curies":[{"name":"wp","href":"https:\/\/api.w.org\/{rel}","templated":true}]}}