{"id":58,"date":"2017-07-28T09:59:51","date_gmt":"2017-07-28T07:59:51","guid":{"rendered":"http:\/\/iste.yhello.co\/product\/a-la-recherche-de-la-presupposition\/"},"modified":"2026-02-02T11:32:30","modified_gmt":"2026-02-02T11:32:30","slug":"a-la-recherche-de-la-presupposition","status":"publish","type":"product","link":"https:\/\/www.istegroup.com\/fr\/produit\/a-la-recherche-de-la-presupposition\/","title":{"rendered":"A la recherche de la pr\u00e9supposition"},"content":{"rendered":"<p>L\u2019\u00e9nonc\u00e9 \u00ab O\u00f9 avez-vous mis le corps ? \u00bb pr\u00e9suppose qu\u2019il y a un cadavre et que vous l\u2019avez cach\u00e9. La plupart de nos \u00e9changes langagiers sont ainsi porteurs de pr\u00e9suppositions qui contraignent s\u00e9mantiquement et pragmatiquement nos prises de parole. La conceptualisation de ce ph\u00e9nom\u00e8ne est complexe et n\u00e9cessite de mettre en oeuvre une th\u00e9orie du contenu qui distingue l\u2019objet d\u00e9clar\u00e9 de l\u2019\u00e9nonciation de ce qui est exprim\u00e9 tacitement.<\/p>\n<p>Des mondes antiques aux sciences du langage contemporaines,\u00a0<em>A la recherche de la pr\u00e9supposition<\/em>\u00a0sonde l\u2019histoire des syst\u00e8mes linguistiques, philosophiques et logiques, afin de d\u00e9gager les diff\u00e9rentes th\u00e9orisations de ce concept devenu central au XXe si\u00e8cle dans la philosophie du langage. La premi\u00e8re partie explore la pr\u00e9supposition dans l\u2019analyse linguistique antique, m\u00e9di\u00e9vale et classique. La seconde partie examine, aux XIXe et XXe si\u00e8cles, les diff\u00e9rentes approches pragmatiques, cognitives ou formelles, et pr\u00e9sente les apories et questionnements actuels soulev\u00e9s par la pr\u00e9supposition.<\/p>\n","protected":false},"excerpt":{"rendered":"<p>L\u2019\u00e9nonc\u00e9 \u00ab O\u00f9 avez-vous mis le corps ? \u00bb pr\u00e9suppose qu\u2019il y a un cadavre et que vous l\u2019avez cach\u00e9. La plupart de nos \u00e9changes langagiers sont ainsi porteurs de pr\u00e9suppositions qui contraignent s\u00e9mantiquement et pragmatiquement nos prises de parole. La conceptualisation de ce ph\u00e9nom\u00e8ne est complexe et n\u00e9cessite de mettre en oeuvre une th\u00e9orie [&hellip;]<\/p>\n","protected":false},"featured_media":59,"template":"","meta":{"_acf_changed":false,"_links_to":"","_links_to_target":""},"product_brand":[],"product_cat":[675,682,709],"product_tag":[729,730,731,335,732,31,745,18,19,218,733,20,746,21,734,63,25,172,26,27,38,145,28,29,735,737,736,738,739,743,740,741,742,744],"class_list":{"0":"post-58","1":"product","2":"type-product","3":"status-publish","4":"has-post-thumbnail","6":"product_cat-nouveauts-12519446","7":"product_cat-sciences-cognitives-12506546","8":"product_cat-srie-les-concepts-fondateurs-de-la-philosophie-du-langage-386536712","9":"product_tag-a-la-recherche-de-la-presupposition","10":"product_tag-approche-cognitive","11":"product_tag-beatrice-godart-wendling","12":"product_tag-cnrs","13":"product_tag-conceptualisation","14":"product_tag-ebook","15":"product_tag-echanges-langagiers","16":"product_tag-edition-scientifique","17":"product_tag-editions-francaise","18":"product_tag-editions-ouvrage","19":"product_tag-editions-sciences","20":"product_tag-editions-technique","21":"product_tag-enonciation","22":"product_tag-iste-group","23":"product_tag-layla-raid","24":"product_tag-livre-electronique","25":"product_tag-livre-numerique","26":"product_tag-livre-scientifique","27":"product_tag-livre-scientifique-francais","28":"product_tag-livre-technique-francais","29":"product_tag-ouvrage-numerique","30":"product_tag-ouvrage-scientifique","31":"product_tag-ouvrage-scientifique-francais","32":"product_tag-ouvrage-technique","33":"product_tag-pragmatique","34":"product_tag-presupposition","35":"product_tag-prise-de-parole","36":"product_tag-sciences-cognitives","37":"product_tag-sciences-du-langage","38":"product_tag-semantique","39":"product_tag-systeme-linguistique","40":"product_tag-systeme-logique","41":"product_tag-systeme-philosophique","42":"product_tag-universite-de-picardie","44":"first","45":"instock","46":"shipping-taxable","47":"purchasable","48":"product-type-variable"},"acf":[],"yoast_head":"<!-- This site is optimized with the Yoast SEO plugin v27.2 - https:\/\/yoast.com\/product\/yoast-seo-wordpress\/ -->\n<title>A la recherche de la pr\u00e9supposition - ISTE Group<\/title>\n<meta name=\"description\" content=\"A la recherche de la pr\u00e9supposition\u00a0sonde l\u2019histoire des syst\u00e8mes linguistiques, philosophiques et logiques afin de d\u00e9gager les th\u00e9orisations de ce concept.\" \/>\n<meta name=\"robots\" content=\"index, follow, max-snippet:-1, max-image-preview:large, max-video-preview:-1\" \/>\n<link rel=\"canonical\" href=\"https:\/\/www.istegroup.com\/produit\/a-la-recherche-de-la-presupposition\/\" \/>\n<meta property=\"og:locale\" content=\"fr_FR\" \/>\n<meta property=\"og:type\" content=\"article\" \/>\n<meta property=\"og:title\" content=\"A la recherche de la pr\u00e9supposition - ISTE Group\" \/>\n<meta property=\"og:description\" content=\"A la recherche de la pr\u00e9supposition\u00a0sonde l\u2019histoire des syst\u00e8mes linguistiques, philosophiques et logiques afin de d\u00e9gager les th\u00e9orisations de ce concept.\" \/>\n<meta property=\"og:url\" content=\"https:\/\/www.istegroup.com\/produit\/a-la-recherche-de-la-presupposition\/\" \/>\n<meta property=\"og:site_name\" content=\"ISTE Group\" \/>\n<meta property=\"article:modified_time\" content=\"2026-02-02T11:32:30+00:00\" \/>\n<meta property=\"og:image\" content=\"https:\/\/www.istegroup.com\/wp-content\/uploads\/2017\/07\/17279842568_8217338696-1.jpg\" \/>\n\t<meta property=\"og:image:width\" content=\"1356\" \/>\n\t<meta property=\"og:image:height\" content=\"2048\" \/>\n\t<meta property=\"og:image:type\" content=\"image\/jpeg\" \/>\n<meta name=\"twitter:card\" content=\"summary_large_image\" \/>\n<meta name=\"twitter:label1\" content=\"Est. reading time\" \/>\n\t<meta name=\"twitter:data1\" content=\"1 minute\" \/>\n<script type=\"application\/ld+json\" class=\"yoast-schema-graph\">{\"@context\":\"https:\/\/schema.org\",\"@graph\":[{\"@type\":\"WebPage\",\"@id\":\"https:\/\/www.istegroup.com\/produit\/a-la-recherche-de-la-presupposition\/\",\"url\":\"https:\/\/www.istegroup.com\/produit\/a-la-recherche-de-la-presupposition\/\",\"name\":\"A la recherche de la pr\u00e9supposition - ISTE Group\",\"isPartOf\":{\"@id\":\"https:\/\/www.istegroup.com\/#website\"},\"primaryImageOfPage\":{\"@id\":\"https:\/\/www.istegroup.com\/produit\/a-la-recherche-de-la-presupposition\/#primaryimage\"},\"image\":{\"@id\":\"https:\/\/www.istegroup.com\/produit\/a-la-recherche-de-la-presupposition\/#primaryimage\"},\"thumbnailUrl\":\"https:\/\/www.istegroup.com\/wp-content\/uploads\/2017\/07\/17279842568_8217338696-1.jpg\",\"datePublished\":\"2017-07-28T07:59:51+00:00\",\"dateModified\":\"2026-02-02T11:32:30+00:00\",\"description\":\"A la recherche de la pr\u00e9supposition\u00a0sonde l\u2019histoire des syst\u00e8mes linguistiques, philosophiques et logiques afin de d\u00e9gager les th\u00e9orisations de ce concept.\",\"breadcrumb\":{\"@id\":\"https:\/\/www.istegroup.com\/produit\/a-la-recherche-de-la-presupposition\/#breadcrumb\"},\"inLanguage\":\"fr-FR\",\"potentialAction\":[{\"@type\":\"ReadAction\",\"target\":[\"https:\/\/www.istegroup.com\/produit\/a-la-recherche-de-la-presupposition\/\"]}]},{\"@type\":\"ImageObject\",\"inLanguage\":\"fr-FR\",\"@id\":\"https:\/\/www.istegroup.com\/produit\/a-la-recherche-de-la-presupposition\/#primaryimage\",\"url\":\"https:\/\/www.istegroup.com\/wp-content\/uploads\/2017\/07\/17279842568_8217338696-1.jpg\",\"contentUrl\":\"https:\/\/www.istegroup.com\/wp-content\/uploads\/2017\/07\/17279842568_8217338696-1.jpg\",\"width\":1356,\"height\":2048,\"caption\":\"A la recherche de la pr\u00e9supposition\"},{\"@type\":\"BreadcrumbList\",\"@id\":\"https:\/\/www.istegroup.com\/produit\/a-la-recherche-de-la-presupposition\/#breadcrumb\",\"itemListElement\":[{\"@type\":\"ListItem\",\"position\":1,\"name\":\"Home\",\"item\":\"https:\/\/www.istegroup.com\/\"},{\"@type\":\"ListItem\",\"position\":2,\"name\":\"Shop\",\"item\":\"https:\/\/www.istegroup.com\/fr\/nouveautes\/\"},{\"@type\":\"ListItem\",\"position\":3,\"name\":\"A la recherche de la pr\u00e9supposition\"}]},{\"@type\":\"WebSite\",\"@id\":\"https:\/\/www.istegroup.com\/#website\",\"url\":\"https:\/\/www.istegroup.com\/\",\"name\":\"ISTE Group\",\"description\":\"\u00c9diteur des Sciences\",\"potentialAction\":[{\"@type\":\"SearchAction\",\"target\":{\"@type\":\"EntryPoint\",\"urlTemplate\":\"https:\/\/www.istegroup.com\/?s={search_term_string}\"},\"query-input\":{\"@type\":\"PropertyValueSpecification\",\"valueRequired\":true,\"valueName\":\"search_term_string\"}}],\"inLanguage\":\"fr-FR\"}]}<\/script>\n<!-- \/ Yoast SEO plugin. -->","yoast_head_json":{"title":"A la recherche de la pr\u00e9supposition - ISTE Group","description":"A la recherche de la pr\u00e9supposition\u00a0sonde l\u2019histoire des syst\u00e8mes linguistiques, philosophiques et logiques afin de d\u00e9gager les th\u00e9orisations de ce concept.","robots":{"index":"index","follow":"follow","max-snippet":"max-snippet:-1","max-image-preview":"max-image-preview:large","max-video-preview":"max-video-preview:-1"},"canonical":"https:\/\/www.istegroup.com\/produit\/a-la-recherche-de-la-presupposition\/","og_locale":"fr_FR","og_type":"article","og_title":"A la recherche de la pr\u00e9supposition - ISTE Group","og_description":"A la recherche de la pr\u00e9supposition\u00a0sonde l\u2019histoire des syst\u00e8mes linguistiques, philosophiques et logiques afin de d\u00e9gager les th\u00e9orisations de ce concept.","og_url":"https:\/\/www.istegroup.com\/produit\/a-la-recherche-de-la-presupposition\/","og_site_name":"ISTE Group","article_modified_time":"2026-02-02T11:32:30+00:00","og_image":[{"width":1356,"height":2048,"url":"https:\/\/www.istegroup.com\/wp-content\/uploads\/2017\/07\/17279842568_8217338696-1.jpg","type":"image\/jpeg"}],"twitter_card":"summary_large_image","twitter_misc":{"Est. reading time":"1 minute"},"schema":{"@context":"https:\/\/schema.org","@graph":[{"@type":"WebPage","@id":"https:\/\/www.istegroup.com\/produit\/a-la-recherche-de-la-presupposition\/","url":"https:\/\/www.istegroup.com\/produit\/a-la-recherche-de-la-presupposition\/","name":"A la recherche de la pr\u00e9supposition - ISTE Group","isPartOf":{"@id":"https:\/\/www.istegroup.com\/#website"},"primaryImageOfPage":{"@id":"https:\/\/www.istegroup.com\/produit\/a-la-recherche-de-la-presupposition\/#primaryimage"},"image":{"@id":"https:\/\/www.istegroup.com\/produit\/a-la-recherche-de-la-presupposition\/#primaryimage"},"thumbnailUrl":"https:\/\/www.istegroup.com\/wp-content\/uploads\/2017\/07\/17279842568_8217338696-1.jpg","datePublished":"2017-07-28T07:59:51+00:00","dateModified":"2026-02-02T11:32:30+00:00","description":"A la recherche de la pr\u00e9supposition\u00a0sonde l\u2019histoire des syst\u00e8mes linguistiques, philosophiques et logiques afin de d\u00e9gager les th\u00e9orisations de ce concept.","breadcrumb":{"@id":"https:\/\/www.istegroup.com\/produit\/a-la-recherche-de-la-presupposition\/#breadcrumb"},"inLanguage":"fr-FR","potentialAction":[{"@type":"ReadAction","target":["https:\/\/www.istegroup.com\/produit\/a-la-recherche-de-la-presupposition\/"]}]},{"@type":"ImageObject","inLanguage":"fr-FR","@id":"https:\/\/www.istegroup.com\/produit\/a-la-recherche-de-la-presupposition\/#primaryimage","url":"https:\/\/www.istegroup.com\/wp-content\/uploads\/2017\/07\/17279842568_8217338696-1.jpg","contentUrl":"https:\/\/www.istegroup.com\/wp-content\/uploads\/2017\/07\/17279842568_8217338696-1.jpg","width":1356,"height":2048,"caption":"A la recherche de la pr\u00e9supposition"},{"@type":"BreadcrumbList","@id":"https:\/\/www.istegroup.com\/produit\/a-la-recherche-de-la-presupposition\/#breadcrumb","itemListElement":[{"@type":"ListItem","position":1,"name":"Home","item":"https:\/\/www.istegroup.com\/"},{"@type":"ListItem","position":2,"name":"Shop","item":"https:\/\/www.istegroup.com\/fr\/nouveautes\/"},{"@type":"ListItem","position":3,"name":"A la recherche de la pr\u00e9supposition"}]},{"@type":"WebSite","@id":"https:\/\/www.istegroup.com\/#website","url":"https:\/\/www.istegroup.com\/","name":"ISTE Group","description":"\u00c9diteur des Sciences","potentialAction":[{"@type":"SearchAction","target":{"@type":"EntryPoint","urlTemplate":"https:\/\/www.istegroup.com\/?s={search_term_string}"},"query-input":{"@type":"PropertyValueSpecification","valueRequired":true,"valueName":"search_term_string"}}],"inLanguage":"fr-FR"}]}},"_links":{"self":[{"href":"https:\/\/www.istegroup.com\/fr\/wp-json\/wp\/v2\/product\/58","targetHints":{"allow":["GET"]}}],"collection":[{"href":"https:\/\/www.istegroup.com\/fr\/wp-json\/wp\/v2\/product"}],"about":[{"href":"https:\/\/www.istegroup.com\/fr\/wp-json\/wp\/v2\/types\/product"}],"wp:featuredmedia":[{"embeddable":true,"href":"https:\/\/www.istegroup.com\/fr\/wp-json\/wp\/v2\/media\/59"}],"wp:attachment":[{"href":"https:\/\/www.istegroup.com\/fr\/wp-json\/wp\/v2\/media?parent=58"}],"wp:term":[{"taxonomy":"product_brand","embeddable":true,"href":"https:\/\/www.istegroup.com\/fr\/wp-json\/wp\/v2\/product_brand?post=58"},{"taxonomy":"product_cat","embeddable":true,"href":"https:\/\/www.istegroup.com\/fr\/wp-json\/wp\/v2\/product_cat?post=58"},{"taxonomy":"product_tag","embeddable":true,"href":"https:\/\/www.istegroup.com\/fr\/wp-json\/wp\/v2\/product_tag?post=58"}],"curies":[{"name":"wp","href":"https:\/\/api.w.org\/{rel}","templated":true}]}}