{"id":579,"date":"2017-07-28T15:17:21","date_gmt":"2017-07-28T13:17:21","guid":{"rendered":"https:\/\/iste.yhello.co\/product\/risques-cotiers-et-adaptations-des-societes\/"},"modified":"2024-01-03T13:40:57","modified_gmt":"2024-01-03T13:40:57","slug":"risques-cotiers-et-adaptations-des-societes","status":"publish","type":"product","link":"https:\/\/www.istegroup.com\/fr\/produit\/risques-cotiers-et-adaptations-des-societes\/","title":{"rendered":"Risques c\u00f4tiers et adaptations des soci\u00e9t\u00e9s"},"content":{"rendered":"<p>La s\u00e9rie\u00a0<em>Mer et Oc\u00e9an<\/em>\u00a0propose une approche interdisciplinaire et int\u00e9gr\u00e9e (biologique, physique, chimique) des syst\u00e8mes oc\u00e9aniques : \u00e9tat et fonctionnement des oc\u00e9ans, origine de leur vuln\u00e9rabilit\u00e9, sc\u00e9narios de gestion durable et d\u2019adaptation des soci\u00e9t\u00e9s. Une approche qui permet le passage de cette science fondamentale, bas\u00e9e sur l\u2019analyse des processus, leurs couplages \u00e0 toutes les \u00e9chelles et entre tous les compartiments, \u00e0 une science \u00ab publique \u00bb, finalisable et participative, ouverte aux d\u00e9cideurs et aux gestionnaires.<\/p>\n<p>Sc\u00e9narios climatiques ou socio-\u00e9conomiques, recherche d\u2019indicateurs d\u2019\u00e9tat, conception de strat\u00e9gies ou de mod\u00e8les d\u2019adaptation et d\u00e9veloppement de syst\u00e8mes originaux de surveillance sont autant d\u2019\u00e9l\u00e9ments indissociables de l\u2019\u00e9tude des syst\u00e8mes naturels. Mais pour une gestion durable des environnements marins, ces approches du risque et d\u2019aide \u00e0 la d\u00e9cision doivent \u00eatre compl\u00e9t\u00e9es par une analyse pertinente des al\u00e9as majeurs et une \u00e9valuation pr\u00e9cise des services rendus par ces \u00e9cosyst\u00e8mes.<\/p>\n<p><em>Risques c\u00f4tiers et adaptations des soci\u00e9t\u00e9s<\/em>\u00a0pr\u00e9sente divers exemples et dimensions de risques, qu\u2019ils soient chimiques, biologiques, climatiques ou li\u00e9s aux \u00e9v\u00e9nements extr\u00eames. Il analyse \u00e9galement, par r\u00e9ciprocit\u00e9, la vuln\u00e9rabilit\u00e9 des \u00e9cosyst\u00e8mes, des ressources, du patrimoine et de la sant\u00e9 humaine, d\u00e9voilant ainsi les faiblesses des secteurs \u00e9conomiques et sociaux.<\/p>\n","protected":false},"excerpt":{"rendered":"<p>La s\u00e9rie\u00a0Mer et Oc\u00e9an\u00a0propose une approche interdisciplinaire et int\u00e9gr\u00e9e (biologique, physique, chimique) des syst\u00e8mes oc\u00e9aniques : \u00e9tat et fonctionnement des oc\u00e9ans, origine de leur vuln\u00e9rabilit\u00e9, sc\u00e9narios de gestion durable et d\u2019adaptation des soci\u00e9t\u00e9s. Une approche qui permet le passage de cette science fondamentale, bas\u00e9e sur l\u2019analyse des processus, leurs couplages \u00e0 toutes les \u00e9chelles et [&hellip;]<\/p>\n","protected":false},"featured_media":580,"template":"","meta":{"_acf_changed":false,"_links_to":"","_links_to_target":""},"product_brand":[],"product_cat":[712,705],"product_tag":[2231,927,31,196,329,197,198,199,21,200,22,201,203,204,63,25,172,209,1372,212,38,192,145,28,939,2232,2233],"class_list":{"0":"post-579","1":"product","2":"type-product","3":"status-publish","4":"has-post-thumbnail","6":"product_cat-srie-mer-et-ocan-189825988","7":"product_cat-systme-terre-environnement-27112280","8":"product_tag-adaptations-des-societes","9":"product_tag-andre-monaco","10":"product_tag-ebook","11":"product_tag-ebooks","12":"product_tag-environnement","13":"product_tag-iste","14":"product_tag-iste-edition","15":"product_tag-iste-editions","16":"product_tag-iste-group","17":"product_tag-isteedition","18":"product_tag-istegroup","19":"product_tag-kindle","20":"product_tag-liseuse","21":"product_tag-livre","22":"product_tag-livre-electronique","23":"product_tag-livre-numerique","24":"product_tag-livre-scientifique","25":"product_tag-livres-scientifiques","26":"product_tag-mer-et-ocean","27":"product_tag-ouvrage","28":"product_tag-ouvrage-numerique","29":"product_tag-ouvrage-science","30":"product_tag-ouvrage-scientifique","31":"product_tag-ouvrage-scientifique-francais","32":"product_tag-patrick-prouzet","33":"product_tag-risques-cotiers","34":"product_tag-risques-cotiers-et-adaptations-des-societes","36":"first","37":"instock","38":"shipping-taxable","39":"purchasable","40":"product-type-variable"},"acf":[],"yoast_head":"<!-- This site is optimized with the Yoast SEO plugin v27.2 - https:\/\/yoast.com\/product\/yoast-seo-wordpress\/ -->\n<title>Risques c\u00f4tiers et adaptations des soci\u00e9t\u00e9s - ISTE Group<\/title>\n<meta name=\"description\" content=\"Risques c\u00f4tiers et adaptations des soci\u00e9t\u00e9s\u00a0pr\u00e9sente divers exemples et dimensions de risques, qu\u2019ils soient chimiques, biologiques, climatiques ou li\u00e9s aux \u00e9v\u00e9nements extr\u00eames. Il analyse \u00e9galement, par r\u00e9ciprocit\u00e9, la vuln\u00e9rabilit\u00e9 des \u00e9cosyst\u00e8mes, des ressources, du patrimoine et de la sant\u00e9 humaine, d\u00e9voilant ainsi les faiblesses des secteurs \u00e9conomiques et sociaux.\" \/>\n<meta name=\"robots\" content=\"index, follow, max-snippet:-1, max-image-preview:large, max-video-preview:-1\" \/>\n<link rel=\"canonical\" href=\"https:\/\/www.istegroup.com\/fr\/produit\/risques-cotiers-et-adaptations-des-societes\/\" \/>\n<meta property=\"og:locale\" content=\"fr_FR\" \/>\n<meta property=\"og:type\" content=\"article\" \/>\n<meta property=\"og:title\" content=\"Risques c\u00f4tiers et adaptations des soci\u00e9t\u00e9s - ISTE Group\" \/>\n<meta property=\"og:description\" content=\"Risques c\u00f4tiers et adaptations des soci\u00e9t\u00e9s\u00a0pr\u00e9sente divers exemples et dimensions de risques, qu\u2019ils soient chimiques, biologiques, climatiques ou li\u00e9s aux \u00e9v\u00e9nements extr\u00eames. Il analyse \u00e9galement, par r\u00e9ciprocit\u00e9, la vuln\u00e9rabilit\u00e9 des \u00e9cosyst\u00e8mes, des ressources, du patrimoine et de la sant\u00e9 humaine, d\u00e9voilant ainsi les faiblesses des secteurs \u00e9conomiques et sociaux.\" \/>\n<meta property=\"og:url\" content=\"https:\/\/www.istegroup.com\/fr\/produit\/risques-cotiers-et-adaptations-des-societes\/\" \/>\n<meta property=\"og:site_name\" content=\"ISTE Group\" \/>\n<meta property=\"article:modified_time\" content=\"2024-01-03T13:40:57+00:00\" \/>\n<meta property=\"og:image\" content=\"https:\/\/www.istegroup.com\/wp-content\/uploads\/2017\/07\/939740525_332141805-1.jpg\" \/>\n\t<meta property=\"og:image:width\" content=\"300\" \/>\n\t<meta property=\"og:image:height\" content=\"453\" \/>\n\t<meta property=\"og:image:type\" content=\"image\/jpeg\" \/>\n<meta name=\"twitter:card\" content=\"summary_large_image\" \/>\n<meta name=\"twitter:label1\" content=\"Est. reading time\" \/>\n\t<meta name=\"twitter:data1\" content=\"1 minute\" \/>\n<script type=\"application\/ld+json\" class=\"yoast-schema-graph\">{\"@context\":\"https:\/\/schema.org\",\"@graph\":[{\"@type\":\"WebPage\",\"@id\":\"https:\/\/www.istegroup.com\/fr\/produit\/risques-cotiers-et-adaptations-des-societes\/\",\"url\":\"https:\/\/www.istegroup.com\/fr\/produit\/risques-cotiers-et-adaptations-des-societes\/\",\"name\":\"Risques c\u00f4tiers et adaptations des soci\u00e9t\u00e9s - ISTE Group\",\"isPartOf\":{\"@id\":\"https:\/\/www.istegroup.com\/#website\"},\"primaryImageOfPage\":{\"@id\":\"https:\/\/www.istegroup.com\/fr\/produit\/risques-cotiers-et-adaptations-des-societes\/#primaryimage\"},\"image\":{\"@id\":\"https:\/\/www.istegroup.com\/fr\/produit\/risques-cotiers-et-adaptations-des-societes\/#primaryimage\"},\"thumbnailUrl\":\"https:\/\/www.istegroup.com\/wp-content\/uploads\/2017\/07\/939740525_332141805-1.jpg\",\"datePublished\":\"2017-07-28T13:17:21+00:00\",\"dateModified\":\"2024-01-03T13:40:57+00:00\",\"description\":\"Risques c\u00f4tiers et adaptations des soci\u00e9t\u00e9s\u00a0pr\u00e9sente divers exemples et dimensions de risques, qu\u2019ils soient chimiques, biologiques, climatiques ou li\u00e9s aux \u00e9v\u00e9nements extr\u00eames. Il analyse \u00e9galement, par r\u00e9ciprocit\u00e9, la vuln\u00e9rabilit\u00e9 des \u00e9cosyst\u00e8mes, des ressources, du patrimoine et de la sant\u00e9 humaine, d\u00e9voilant ainsi les faiblesses des secteurs \u00e9conomiques et sociaux.\",\"breadcrumb\":{\"@id\":\"https:\/\/www.istegroup.com\/fr\/produit\/risques-cotiers-et-adaptations-des-societes\/#breadcrumb\"},\"inLanguage\":\"fr-FR\",\"potentialAction\":[{\"@type\":\"ReadAction\",\"target\":[\"https:\/\/www.istegroup.com\/fr\/produit\/risques-cotiers-et-adaptations-des-societes\/\"]}]},{\"@type\":\"ImageObject\",\"inLanguage\":\"fr-FR\",\"@id\":\"https:\/\/www.istegroup.com\/fr\/produit\/risques-cotiers-et-adaptations-des-societes\/#primaryimage\",\"url\":\"https:\/\/www.istegroup.com\/wp-content\/uploads\/2017\/07\/939740525_332141805-1.jpg\",\"contentUrl\":\"https:\/\/www.istegroup.com\/wp-content\/uploads\/2017\/07\/939740525_332141805-1.jpg\",\"width\":300,\"height\":453,\"caption\":\"Risques c\u00f4tiers et adaptations des soci\u00e9t\u00e9s\"},{\"@type\":\"BreadcrumbList\",\"@id\":\"https:\/\/www.istegroup.com\/fr\/produit\/risques-cotiers-et-adaptations-des-societes\/#breadcrumb\",\"itemListElement\":[{\"@type\":\"ListItem\",\"position\":1,\"name\":\"Home\",\"item\":\"https:\/\/www.istegroup.com\/\"},{\"@type\":\"ListItem\",\"position\":2,\"name\":\"Shop\",\"item\":\"https:\/\/www.istegroup.com\/fr\/nouveautes\/\"},{\"@type\":\"ListItem\",\"position\":3,\"name\":\"Risques c\u00f4tiers et adaptations des soci\u00e9t\u00e9s\"}]},{\"@type\":\"WebSite\",\"@id\":\"https:\/\/www.istegroup.com\/#website\",\"url\":\"https:\/\/www.istegroup.com\/\",\"name\":\"ISTE Group\",\"description\":\"\u00c9diteur des Sciences\",\"potentialAction\":[{\"@type\":\"SearchAction\",\"target\":{\"@type\":\"EntryPoint\",\"urlTemplate\":\"https:\/\/www.istegroup.com\/?s={search_term_string}\"},\"query-input\":{\"@type\":\"PropertyValueSpecification\",\"valueRequired\":true,\"valueName\":\"search_term_string\"}}],\"inLanguage\":\"fr-FR\"}]}<\/script>\n<!-- \/ Yoast SEO plugin. -->","yoast_head_json":{"title":"Risques c\u00f4tiers et adaptations des soci\u00e9t\u00e9s - ISTE Group","description":"Risques c\u00f4tiers et adaptations des soci\u00e9t\u00e9s\u00a0pr\u00e9sente divers exemples et dimensions de risques, qu\u2019ils soient chimiques, biologiques, climatiques ou li\u00e9s aux \u00e9v\u00e9nements extr\u00eames. Il analyse \u00e9galement, par r\u00e9ciprocit\u00e9, la vuln\u00e9rabilit\u00e9 des \u00e9cosyst\u00e8mes, des ressources, du patrimoine et de la sant\u00e9 humaine, d\u00e9voilant ainsi les faiblesses des secteurs \u00e9conomiques et sociaux.","robots":{"index":"index","follow":"follow","max-snippet":"max-snippet:-1","max-image-preview":"max-image-preview:large","max-video-preview":"max-video-preview:-1"},"canonical":"https:\/\/www.istegroup.com\/fr\/produit\/risques-cotiers-et-adaptations-des-societes\/","og_locale":"fr_FR","og_type":"article","og_title":"Risques c\u00f4tiers et adaptations des soci\u00e9t\u00e9s - ISTE Group","og_description":"Risques c\u00f4tiers et adaptations des soci\u00e9t\u00e9s\u00a0pr\u00e9sente divers exemples et dimensions de risques, qu\u2019ils soient chimiques, biologiques, climatiques ou li\u00e9s aux \u00e9v\u00e9nements extr\u00eames. Il analyse \u00e9galement, par r\u00e9ciprocit\u00e9, la vuln\u00e9rabilit\u00e9 des \u00e9cosyst\u00e8mes, des ressources, du patrimoine et de la sant\u00e9 humaine, d\u00e9voilant ainsi les faiblesses des secteurs \u00e9conomiques et sociaux.","og_url":"https:\/\/www.istegroup.com\/fr\/produit\/risques-cotiers-et-adaptations-des-societes\/","og_site_name":"ISTE Group","article_modified_time":"2024-01-03T13:40:57+00:00","og_image":[{"width":300,"height":453,"url":"https:\/\/www.istegroup.com\/wp-content\/uploads\/2017\/07\/939740525_332141805-1.jpg","type":"image\/jpeg"}],"twitter_card":"summary_large_image","twitter_misc":{"Est. reading time":"1 minute"},"schema":{"@context":"https:\/\/schema.org","@graph":[{"@type":"WebPage","@id":"https:\/\/www.istegroup.com\/fr\/produit\/risques-cotiers-et-adaptations-des-societes\/","url":"https:\/\/www.istegroup.com\/fr\/produit\/risques-cotiers-et-adaptations-des-societes\/","name":"Risques c\u00f4tiers et adaptations des soci\u00e9t\u00e9s - ISTE Group","isPartOf":{"@id":"https:\/\/www.istegroup.com\/#website"},"primaryImageOfPage":{"@id":"https:\/\/www.istegroup.com\/fr\/produit\/risques-cotiers-et-adaptations-des-societes\/#primaryimage"},"image":{"@id":"https:\/\/www.istegroup.com\/fr\/produit\/risques-cotiers-et-adaptations-des-societes\/#primaryimage"},"thumbnailUrl":"https:\/\/www.istegroup.com\/wp-content\/uploads\/2017\/07\/939740525_332141805-1.jpg","datePublished":"2017-07-28T13:17:21+00:00","dateModified":"2024-01-03T13:40:57+00:00","description":"Risques c\u00f4tiers et adaptations des soci\u00e9t\u00e9s\u00a0pr\u00e9sente divers exemples et dimensions de risques, qu\u2019ils soient chimiques, biologiques, climatiques ou li\u00e9s aux \u00e9v\u00e9nements extr\u00eames. Il analyse \u00e9galement, par r\u00e9ciprocit\u00e9, la vuln\u00e9rabilit\u00e9 des \u00e9cosyst\u00e8mes, des ressources, du patrimoine et de la sant\u00e9 humaine, d\u00e9voilant ainsi les faiblesses des secteurs \u00e9conomiques et sociaux.","breadcrumb":{"@id":"https:\/\/www.istegroup.com\/fr\/produit\/risques-cotiers-et-adaptations-des-societes\/#breadcrumb"},"inLanguage":"fr-FR","potentialAction":[{"@type":"ReadAction","target":["https:\/\/www.istegroup.com\/fr\/produit\/risques-cotiers-et-adaptations-des-societes\/"]}]},{"@type":"ImageObject","inLanguage":"fr-FR","@id":"https:\/\/www.istegroup.com\/fr\/produit\/risques-cotiers-et-adaptations-des-societes\/#primaryimage","url":"https:\/\/www.istegroup.com\/wp-content\/uploads\/2017\/07\/939740525_332141805-1.jpg","contentUrl":"https:\/\/www.istegroup.com\/wp-content\/uploads\/2017\/07\/939740525_332141805-1.jpg","width":300,"height":453,"caption":"Risques c\u00f4tiers et adaptations des soci\u00e9t\u00e9s"},{"@type":"BreadcrumbList","@id":"https:\/\/www.istegroup.com\/fr\/produit\/risques-cotiers-et-adaptations-des-societes\/#breadcrumb","itemListElement":[{"@type":"ListItem","position":1,"name":"Home","item":"https:\/\/www.istegroup.com\/"},{"@type":"ListItem","position":2,"name":"Shop","item":"https:\/\/www.istegroup.com\/fr\/nouveautes\/"},{"@type":"ListItem","position":3,"name":"Risques c\u00f4tiers et adaptations des soci\u00e9t\u00e9s"}]},{"@type":"WebSite","@id":"https:\/\/www.istegroup.com\/#website","url":"https:\/\/www.istegroup.com\/","name":"ISTE Group","description":"\u00c9diteur des Sciences","potentialAction":[{"@type":"SearchAction","target":{"@type":"EntryPoint","urlTemplate":"https:\/\/www.istegroup.com\/?s={search_term_string}"},"query-input":{"@type":"PropertyValueSpecification","valueRequired":true,"valueName":"search_term_string"}}],"inLanguage":"fr-FR"}]}},"_links":{"self":[{"href":"https:\/\/www.istegroup.com\/fr\/wp-json\/wp\/v2\/product\/579","targetHints":{"allow":["GET"]}}],"collection":[{"href":"https:\/\/www.istegroup.com\/fr\/wp-json\/wp\/v2\/product"}],"about":[{"href":"https:\/\/www.istegroup.com\/fr\/wp-json\/wp\/v2\/types\/product"}],"wp:featuredmedia":[{"embeddable":true,"href":"https:\/\/www.istegroup.com\/fr\/wp-json\/wp\/v2\/media\/580"}],"wp:attachment":[{"href":"https:\/\/www.istegroup.com\/fr\/wp-json\/wp\/v2\/media?parent=579"}],"wp:term":[{"taxonomy":"product_brand","embeddable":true,"href":"https:\/\/www.istegroup.com\/fr\/wp-json\/wp\/v2\/product_brand?post=579"},{"taxonomy":"product_cat","embeddable":true,"href":"https:\/\/www.istegroup.com\/fr\/wp-json\/wp\/v2\/product_cat?post=579"},{"taxonomy":"product_tag","embeddable":true,"href":"https:\/\/www.istegroup.com\/fr\/wp-json\/wp\/v2\/product_tag?post=579"}],"curies":[{"name":"wp","href":"https:\/\/api.w.org\/{rel}","templated":true}]}}