{"id":57647,"date":"2024-08-14T11:28:03","date_gmt":"2024-08-14T10:28:03","guid":{"rendered":"https:\/\/www.istegroup.com\/?post_type=product&#038;p=57647"},"modified":"2024-08-21T10:27:52","modified_gmt":"2024-08-21T09:27:52","slug":"physique-nucleaire-2","status":"publish","type":"product","link":"https:\/\/www.istegroup.com\/fr\/produit\/physique-nucleaire-2\/","title":{"rendered":"Physique nucl\u00e9aire 2"},"content":{"rendered":"<p><em>Physique nucl\u00e9aire 2<\/em> explore les applications de divers radio\u00e9l\u00e9ments \u00e0 la datation et \u00e0 l\u2019imagerie de m\u00e9decine nucl\u00e9aire. Ces radio\u00e9l\u00e9ments ont pour origine le mod\u00e8le du Big Bang d\u00e9crit depuis l\u2019observation du d\u00e9calage vers le rouge du spectre des galaxies jusqu\u2019\u00e0 la d\u00e9couverte du fond diffus cosmologique. Dans cet ouvrage, les r\u00e9actions nucl\u00e9aires de nucl\u00e9osynth\u00e8se primordiale, stellaire et explosive sont d\u00e9crites. Les datations au carbone 14, au potassium-argon, \u00e0 l\u2019uraniumthorium et \u00e0 l\u2019uranium-protactinium ainsi que celles aux radiochronom\u00e8tres plomb-210, c\u00e9sium-137 et b\u00e9ryllium-7 y sont \u00e9tudi\u00e9es.<\/p>\n<p>La naissance de la m\u00e9decine nucl\u00e9aire est analys\u00e9e depuis la premi\u00e8re utilisation des radio-isotopes comme traceurs jusqu\u2019au d\u00e9veloppement de la tomographie par \u00e9mission de positons (TEP). La synth\u00e8se des radiopharmaceutiques, leur contr\u00f4le de qualit\u00e9 et les m\u00e9thodes de d\u00e9termination de la puret\u00e9 radiochimique sont \u00e9tudi\u00e9s.Les principes de la TEP et de la tomographie d\u2019\u00e9mission monophotonique (TEMP), les radioisotopes utilis\u00e9s en TEMPS et en TEP et les utilisations des principales scintigraphies en m\u00e9decine nucl\u00e9aire sont examin\u00e9s.<\/p>\n","protected":false},"excerpt":{"rendered":"<p>Physique nucl\u00e9aire 2 explore les applications de divers radio\u00e9l\u00e9ments \u00e0 la datation et \u00e0 l\u2019imagerie de m\u00e9decine nucl\u00e9aire. Ces radio\u00e9l\u00e9ments ont pour origine le mod\u00e8le du Big Bang d\u00e9crit depuis l\u2019observation du d\u00e9calage vers le rouge du spectre des galaxies jusqu\u2019\u00e0 la d\u00e9couverte du fond diffus cosmologique. Dans cet ouvrage, les r\u00e9actions nucl\u00e9aires de nucl\u00e9osynth\u00e8se [&hellip;]<\/p>\n","protected":false},"featured_media":57656,"template":"","meta":{"_acf_changed":false,"_links_to":"","_links_to_target":""},"product_brand":[],"product_cat":[3262],"product_tag":[],"class_list":{"0":"post-57647","1":"product","2":"type-product","3":"status-publish","4":"has-post-thumbnail","6":"product_cat-non-classe","8":"first","9":"instock","10":"shipping-taxable","11":"purchasable","12":"product-type-variable"},"acf":[],"yoast_head":"<!-- This site is optimized with the Yoast SEO plugin v27.2 - https:\/\/yoast.com\/product\/yoast-seo-wordpress\/ -->\n<title>Physique nucl\u00e9aire 2 - ISTE Group<\/title>\n<meta name=\"robots\" content=\"index, follow, max-snippet:-1, max-image-preview:large, max-video-preview:-1\" \/>\n<link rel=\"canonical\" href=\"https:\/\/www.istegroup.com\/produit\/physique-nucleaire-2\/\" \/>\n<meta property=\"og:locale\" content=\"fr_FR\" \/>\n<meta property=\"og:type\" content=\"article\" \/>\n<meta property=\"og:title\" content=\"Physique nucl\u00e9aire 2 - ISTE Group\" \/>\n<meta property=\"og:description\" content=\"Physique nucl\u00e9aire 2 explore les applications de divers radio\u00e9l\u00e9ments \u00e0 la datation et \u00e0 l\u2019imagerie de m\u00e9decine nucl\u00e9aire. Ces radio\u00e9l\u00e9ments ont pour origine le mod\u00e8le du Big Bang d\u00e9crit depuis l\u2019observation du d\u00e9calage vers le rouge du spectre des galaxies jusqu\u2019\u00e0 la d\u00e9couverte du fond diffus cosmologique. Dans cet ouvrage, les r\u00e9actions nucl\u00e9aires de nucl\u00e9osynth\u00e8se [&hellip;]\" \/>\n<meta property=\"og:url\" content=\"https:\/\/www.istegroup.com\/produit\/physique-nucleaire-2\/\" \/>\n<meta property=\"og:site_name\" content=\"ISTE Group\" \/>\n<meta property=\"article:modified_time\" content=\"2024-08-21T09:27:52+00:00\" \/>\n<meta property=\"og:image\" content=\"https:\/\/www.istegroup.com\/wp-content\/uploads\/2024\/08\/Physique-nucleaire-2.png\" \/>\n\t<meta property=\"og:image:width\" content=\"599\" \/>\n\t<meta property=\"og:image:height\" content=\"901\" \/>\n\t<meta property=\"og:image:type\" content=\"image\/png\" \/>\n<meta name=\"twitter:card\" content=\"summary_large_image\" \/>\n<meta name=\"twitter:label1\" content=\"Est. reading time\" \/>\n\t<meta name=\"twitter:data1\" content=\"1 minute\" \/>\n<script type=\"application\/ld+json\" class=\"yoast-schema-graph\">{\"@context\":\"https:\/\/schema.org\",\"@graph\":[{\"@type\":\"WebPage\",\"@id\":\"https:\/\/www.istegroup.com\/produit\/physique-nucleaire-2\/\",\"url\":\"https:\/\/www.istegroup.com\/produit\/physique-nucleaire-2\/\",\"name\":\"Physique nucl\u00e9aire 2 - ISTE Group\",\"isPartOf\":{\"@id\":\"https:\/\/www.istegroup.com\/#website\"},\"primaryImageOfPage\":{\"@id\":\"https:\/\/www.istegroup.com\/produit\/physique-nucleaire-2\/#primaryimage\"},\"image\":{\"@id\":\"https:\/\/www.istegroup.com\/produit\/physique-nucleaire-2\/#primaryimage\"},\"thumbnailUrl\":\"https:\/\/www.istegroup.com\/wp-content\/uploads\/2024\/08\/Physique-nucleaire-2.png\",\"datePublished\":\"2024-08-14T10:28:03+00:00\",\"dateModified\":\"2024-08-21T09:27:52+00:00\",\"breadcrumb\":{\"@id\":\"https:\/\/www.istegroup.com\/produit\/physique-nucleaire-2\/#breadcrumb\"},\"inLanguage\":\"fr-FR\",\"potentialAction\":[{\"@type\":\"ReadAction\",\"target\":[\"https:\/\/www.istegroup.com\/produit\/physique-nucleaire-2\/\"]}]},{\"@type\":\"ImageObject\",\"inLanguage\":\"fr-FR\",\"@id\":\"https:\/\/www.istegroup.com\/produit\/physique-nucleaire-2\/#primaryimage\",\"url\":\"https:\/\/www.istegroup.com\/wp-content\/uploads\/2024\/08\/Physique-nucleaire-2.png\",\"contentUrl\":\"https:\/\/www.istegroup.com\/wp-content\/uploads\/2024\/08\/Physique-nucleaire-2.png\",\"width\":599,\"height\":901,\"caption\":\"Livre scientifique - Physique nucl\u00e9aire 2\"},{\"@type\":\"BreadcrumbList\",\"@id\":\"https:\/\/www.istegroup.com\/produit\/physique-nucleaire-2\/#breadcrumb\",\"itemListElement\":[{\"@type\":\"ListItem\",\"position\":1,\"name\":\"Home\",\"item\":\"https:\/\/www.istegroup.com\/\"},{\"@type\":\"ListItem\",\"position\":2,\"name\":\"Shop\",\"item\":\"https:\/\/www.istegroup.com\/fr\/nouveautes\/\"},{\"@type\":\"ListItem\",\"position\":3,\"name\":\"Physique nucl\u00e9aire 2\"}]},{\"@type\":\"WebSite\",\"@id\":\"https:\/\/www.istegroup.com\/#website\",\"url\":\"https:\/\/www.istegroup.com\/\",\"name\":\"ISTE Group\",\"description\":\"\u00c9diteur des Sciences\",\"potentialAction\":[{\"@type\":\"SearchAction\",\"target\":{\"@type\":\"EntryPoint\",\"urlTemplate\":\"https:\/\/www.istegroup.com\/?s={search_term_string}\"},\"query-input\":{\"@type\":\"PropertyValueSpecification\",\"valueRequired\":true,\"valueName\":\"search_term_string\"}}],\"inLanguage\":\"fr-FR\"}]}<\/script>\n<!-- \/ Yoast SEO plugin. -->","yoast_head_json":{"title":"Physique nucl\u00e9aire 2 - ISTE Group","robots":{"index":"index","follow":"follow","max-snippet":"max-snippet:-1","max-image-preview":"max-image-preview:large","max-video-preview":"max-video-preview:-1"},"canonical":"https:\/\/www.istegroup.com\/produit\/physique-nucleaire-2\/","og_locale":"fr_FR","og_type":"article","og_title":"Physique nucl\u00e9aire 2 - ISTE Group","og_description":"Physique nucl\u00e9aire 2 explore les applications de divers radio\u00e9l\u00e9ments \u00e0 la datation et \u00e0 l\u2019imagerie de m\u00e9decine nucl\u00e9aire. Ces radio\u00e9l\u00e9ments ont pour origine le mod\u00e8le du Big Bang d\u00e9crit depuis l\u2019observation du d\u00e9calage vers le rouge du spectre des galaxies jusqu\u2019\u00e0 la d\u00e9couverte du fond diffus cosmologique. Dans cet ouvrage, les r\u00e9actions nucl\u00e9aires de nucl\u00e9osynth\u00e8se [&hellip;]","og_url":"https:\/\/www.istegroup.com\/produit\/physique-nucleaire-2\/","og_site_name":"ISTE Group","article_modified_time":"2024-08-21T09:27:52+00:00","og_image":[{"width":599,"height":901,"url":"https:\/\/www.istegroup.com\/wp-content\/uploads\/2024\/08\/Physique-nucleaire-2.png","type":"image\/png"}],"twitter_card":"summary_large_image","twitter_misc":{"Est. reading time":"1 minute"},"schema":{"@context":"https:\/\/schema.org","@graph":[{"@type":"WebPage","@id":"https:\/\/www.istegroup.com\/produit\/physique-nucleaire-2\/","url":"https:\/\/www.istegroup.com\/produit\/physique-nucleaire-2\/","name":"Physique nucl\u00e9aire 2 - ISTE Group","isPartOf":{"@id":"https:\/\/www.istegroup.com\/#website"},"primaryImageOfPage":{"@id":"https:\/\/www.istegroup.com\/produit\/physique-nucleaire-2\/#primaryimage"},"image":{"@id":"https:\/\/www.istegroup.com\/produit\/physique-nucleaire-2\/#primaryimage"},"thumbnailUrl":"https:\/\/www.istegroup.com\/wp-content\/uploads\/2024\/08\/Physique-nucleaire-2.png","datePublished":"2024-08-14T10:28:03+00:00","dateModified":"2024-08-21T09:27:52+00:00","breadcrumb":{"@id":"https:\/\/www.istegroup.com\/produit\/physique-nucleaire-2\/#breadcrumb"},"inLanguage":"fr-FR","potentialAction":[{"@type":"ReadAction","target":["https:\/\/www.istegroup.com\/produit\/physique-nucleaire-2\/"]}]},{"@type":"ImageObject","inLanguage":"fr-FR","@id":"https:\/\/www.istegroup.com\/produit\/physique-nucleaire-2\/#primaryimage","url":"https:\/\/www.istegroup.com\/wp-content\/uploads\/2024\/08\/Physique-nucleaire-2.png","contentUrl":"https:\/\/www.istegroup.com\/wp-content\/uploads\/2024\/08\/Physique-nucleaire-2.png","width":599,"height":901,"caption":"Livre scientifique - Physique nucl\u00e9aire 2"},{"@type":"BreadcrumbList","@id":"https:\/\/www.istegroup.com\/produit\/physique-nucleaire-2\/#breadcrumb","itemListElement":[{"@type":"ListItem","position":1,"name":"Home","item":"https:\/\/www.istegroup.com\/"},{"@type":"ListItem","position":2,"name":"Shop","item":"https:\/\/www.istegroup.com\/fr\/nouveautes\/"},{"@type":"ListItem","position":3,"name":"Physique nucl\u00e9aire 2"}]},{"@type":"WebSite","@id":"https:\/\/www.istegroup.com\/#website","url":"https:\/\/www.istegroup.com\/","name":"ISTE Group","description":"\u00c9diteur des Sciences","potentialAction":[{"@type":"SearchAction","target":{"@type":"EntryPoint","urlTemplate":"https:\/\/www.istegroup.com\/?s={search_term_string}"},"query-input":{"@type":"PropertyValueSpecification","valueRequired":true,"valueName":"search_term_string"}}],"inLanguage":"fr-FR"}]}},"_links":{"self":[{"href":"https:\/\/www.istegroup.com\/fr\/wp-json\/wp\/v2\/product\/57647","targetHints":{"allow":["GET"]}}],"collection":[{"href":"https:\/\/www.istegroup.com\/fr\/wp-json\/wp\/v2\/product"}],"about":[{"href":"https:\/\/www.istegroup.com\/fr\/wp-json\/wp\/v2\/types\/product"}],"wp:featuredmedia":[{"embeddable":true,"href":"https:\/\/www.istegroup.com\/fr\/wp-json\/wp\/v2\/media\/57656"}],"wp:attachment":[{"href":"https:\/\/www.istegroup.com\/fr\/wp-json\/wp\/v2\/media?parent=57647"}],"wp:term":[{"taxonomy":"product_brand","embeddable":true,"href":"https:\/\/www.istegroup.com\/fr\/wp-json\/wp\/v2\/product_brand?post=57647"},{"taxonomy":"product_cat","embeddable":true,"href":"https:\/\/www.istegroup.com\/fr\/wp-json\/wp\/v2\/product_cat?post=57647"},{"taxonomy":"product_tag","embeddable":true,"href":"https:\/\/www.istegroup.com\/fr\/wp-json\/wp\/v2\/product_tag?post=57647"}],"curies":[{"name":"wp","href":"https:\/\/api.w.org\/{rel}","templated":true}]}}