{"id":57638,"date":"2024-08-14T11:16:48","date_gmt":"2024-08-14T10:16:48","guid":{"rendered":"https:\/\/www.istegroup.com\/?post_type=product&#038;p=57638"},"modified":"2024-12-10T13:42:19","modified_gmt":"2024-12-10T13:42:19","slug":"la-prospective-en-action","status":"publish","type":"product","link":"https:\/\/www.istegroup.com\/fr\/produit\/la-prospective-en-action\/","title":{"rendered":"La prospective en action"},"content":{"rendered":"<p>Penser l\u2019avenir et le faire advenir, La prospective en action met l\u2019accent sur la dimension op\u00e9rationnelle et pragmatique de la prospective. <em>La prospective en action<\/em> permet d\u2019\u00e9laborer des visions du futur, d\u2019anticiper les \u00e9volutions majeures et de d\u00e9crypter les signaux faibles. Elle contribue \u00e0 mobiliser les acteurs sur des visions partag\u00e9es, \u00e0 influencer les d\u00e9cisions strat\u00e9giques, \u00e0 inspirer l\u2019innovation et la transformation des organisations.<\/p>\n<p>Une vingtaine de contributeurs issus de diff\u00e9rentes organisations publiques et priv\u00e9es partagent leurs expertises. Ce livre, par la diversit\u00e9 des t\u00e9moignages, met en perspective la mise en oeuvre de la prospective en France et \u00e0 l\u2019\u00e9tranger.<\/p>\n<p>Explorant les grandes le\u00e7ons et les questionnements prospectifs \u00e0 venir, cet ouvrage s\u2019adresse \u00e0 tous ceux qui sont convaincus de la n\u00e9cessit\u00e9 d\u2019anticiper et souhaitent construire l\u2019avenir en agissant d\u00e8s aujourd\u2019hui.<\/p>","protected":false},"excerpt":{"rendered":"<p>Penser l\u2019avenir et le faire advenir, La prospective en action met l\u2019accent sur la dimension op\u00e9rationnelle et pragmatique de la prospective. La prospective en action permet d\u2019\u00e9laborer des visions du futur, d\u2019anticiper les \u00e9volutions majeures et de d\u00e9crypter les signaux faibles. Elle contribue \u00e0 mobiliser les acteurs sur des visions partag\u00e9es, \u00e0 influencer les d\u00e9cisions [&hellip;]<\/p>\n","protected":false},"featured_media":57646,"template":"","meta":{"_acf_changed":false,"_links_to":"","_links_to_target":""},"product_brand":[],"product_cat":[670],"product_tag":[],"class_list":{"0":"post-57638","1":"product","2":"type-product","3":"status-publish","4":"has-post-thumbnail","6":"product_cat-innovation-entrepreneuriat-et-gestion-11041751","8":"first","9":"instock","10":"shipping-taxable","11":"purchasable","12":"product-type-variable"},"acf":[],"yoast_head":"<!-- This site is optimized with the Yoast SEO plugin v27.2 - https:\/\/yoast.com\/product\/yoast-seo-wordpress\/ -->\n<title>La prospective en action - ISTE Group<\/title>\n<meta name=\"description\" content=\"Penser l\u2019avenir et le faire advenir, La prospective en action met l\u2019accent sur la dimension op\u00e9rationnelle et pragmatique de la prospective.\" \/>\n<meta name=\"robots\" content=\"index, follow, max-snippet:-1, max-image-preview:large, max-video-preview:-1\" \/>\n<link rel=\"canonical\" href=\"https:\/\/www.istegroup.com\/produit\/la-prospective-en-action\/\" \/>\n<meta property=\"og:locale\" content=\"fr_FR\" \/>\n<meta property=\"og:type\" content=\"article\" \/>\n<meta property=\"og:title\" content=\"La prospective en action - ISTE Group\" \/>\n<meta property=\"og:description\" content=\"Penser l\u2019avenir et le faire advenir, La prospective en action met l\u2019accent sur la dimension op\u00e9rationnelle et pragmatique de la prospective.\" \/>\n<meta property=\"og:url\" content=\"https:\/\/www.istegroup.com\/produit\/la-prospective-en-action\/\" \/>\n<meta property=\"og:site_name\" content=\"ISTE Group\" \/>\n<meta property=\"article:modified_time\" content=\"2024-12-10T13:42:19+00:00\" \/>\n<meta property=\"og:image\" content=\"https:\/\/www.istegroup.com\/wp-content\/uploads\/2024\/08\/La-prospective-en-action.png\" \/>\n\t<meta property=\"og:image:width\" content=\"597\" \/>\n\t<meta property=\"og:image:height\" content=\"900\" \/>\n\t<meta property=\"og:image:type\" content=\"image\/png\" \/>\n<meta name=\"twitter:card\" content=\"summary_large_image\" \/>\n<meta name=\"twitter:label1\" content=\"Est. reading time\" \/>\n\t<meta name=\"twitter:data1\" content=\"1 minute\" \/>\n<script type=\"application\/ld+json\" class=\"yoast-schema-graph\">{\"@context\":\"https:\/\/schema.org\",\"@graph\":[{\"@type\":\"WebPage\",\"@id\":\"https:\/\/www.istegroup.com\/produit\/la-prospective-en-action\/\",\"url\":\"https:\/\/www.istegroup.com\/produit\/la-prospective-en-action\/\",\"name\":\"La prospective en action - ISTE Group\",\"isPartOf\":{\"@id\":\"https:\/\/www.istegroup.com\/#website\"},\"primaryImageOfPage\":{\"@id\":\"https:\/\/www.istegroup.com\/produit\/la-prospective-en-action\/#primaryimage\"},\"image\":{\"@id\":\"https:\/\/www.istegroup.com\/produit\/la-prospective-en-action\/#primaryimage\"},\"thumbnailUrl\":\"https:\/\/www.istegroup.com\/wp-content\/uploads\/2024\/08\/La-prospective-en-action.png\",\"datePublished\":\"2024-08-14T10:16:48+00:00\",\"dateModified\":\"2024-12-10T13:42:19+00:00\",\"description\":\"Penser l\u2019avenir et le faire advenir, La prospective en action met l\u2019accent sur la dimension op\u00e9rationnelle et pragmatique de la prospective.\",\"breadcrumb\":{\"@id\":\"https:\/\/www.istegroup.com\/produit\/la-prospective-en-action\/#breadcrumb\"},\"inLanguage\":\"fr-FR\",\"potentialAction\":[{\"@type\":\"ReadAction\",\"target\":[\"https:\/\/www.istegroup.com\/produit\/la-prospective-en-action\/\"]}]},{\"@type\":\"ImageObject\",\"inLanguage\":\"fr-FR\",\"@id\":\"https:\/\/www.istegroup.com\/produit\/la-prospective-en-action\/#primaryimage\",\"url\":\"https:\/\/www.istegroup.com\/wp-content\/uploads\/2024\/08\/La-prospective-en-action.png\",\"contentUrl\":\"https:\/\/www.istegroup.com\/wp-content\/uploads\/2024\/08\/La-prospective-en-action.png\",\"width\":597,\"height\":900,\"caption\":\"Livre scientifique - La prospective en action\"},{\"@type\":\"BreadcrumbList\",\"@id\":\"https:\/\/www.istegroup.com\/produit\/la-prospective-en-action\/#breadcrumb\",\"itemListElement\":[{\"@type\":\"ListItem\",\"position\":1,\"name\":\"Home\",\"item\":\"https:\/\/www.istegroup.com\/\"},{\"@type\":\"ListItem\",\"position\":2,\"name\":\"Shop\",\"item\":\"https:\/\/www.istegroup.com\/fr\/nouveautes\/\"},{\"@type\":\"ListItem\",\"position\":3,\"name\":\"La prospective en action\"}]},{\"@type\":\"WebSite\",\"@id\":\"https:\/\/www.istegroup.com\/#website\",\"url\":\"https:\/\/www.istegroup.com\/\",\"name\":\"ISTE Group\",\"description\":\"\u00c9diteur des Sciences\",\"potentialAction\":[{\"@type\":\"SearchAction\",\"target\":{\"@type\":\"EntryPoint\",\"urlTemplate\":\"https:\/\/www.istegroup.com\/?s={search_term_string}\"},\"query-input\":{\"@type\":\"PropertyValueSpecification\",\"valueRequired\":true,\"valueName\":\"search_term_string\"}}],\"inLanguage\":\"fr-FR\"}]}<\/script>\n<!-- \/ Yoast SEO plugin. -->","yoast_head_json":{"title":"La prospective en action - ISTE Group","description":"Penser l\u2019avenir et le faire advenir, La prospective en action met l\u2019accent sur la dimension op\u00e9rationnelle et pragmatique de la prospective.","robots":{"index":"index","follow":"follow","max-snippet":"max-snippet:-1","max-image-preview":"max-image-preview:large","max-video-preview":"max-video-preview:-1"},"canonical":"https:\/\/www.istegroup.com\/produit\/la-prospective-en-action\/","og_locale":"fr_FR","og_type":"article","og_title":"La prospective en action - ISTE Group","og_description":"Penser l\u2019avenir et le faire advenir, La prospective en action met l\u2019accent sur la dimension op\u00e9rationnelle et pragmatique de la prospective.","og_url":"https:\/\/www.istegroup.com\/produit\/la-prospective-en-action\/","og_site_name":"ISTE Group","article_modified_time":"2024-12-10T13:42:19+00:00","og_image":[{"width":597,"height":900,"url":"https:\/\/www.istegroup.com\/wp-content\/uploads\/2024\/08\/La-prospective-en-action.png","type":"image\/png"}],"twitter_card":"summary_large_image","twitter_misc":{"Est. reading time":"1 minute"},"schema":{"@context":"https:\/\/schema.org","@graph":[{"@type":"WebPage","@id":"https:\/\/www.istegroup.com\/produit\/la-prospective-en-action\/","url":"https:\/\/www.istegroup.com\/produit\/la-prospective-en-action\/","name":"La prospective en action - ISTE Group","isPartOf":{"@id":"https:\/\/www.istegroup.com\/#website"},"primaryImageOfPage":{"@id":"https:\/\/www.istegroup.com\/produit\/la-prospective-en-action\/#primaryimage"},"image":{"@id":"https:\/\/www.istegroup.com\/produit\/la-prospective-en-action\/#primaryimage"},"thumbnailUrl":"https:\/\/www.istegroup.com\/wp-content\/uploads\/2024\/08\/La-prospective-en-action.png","datePublished":"2024-08-14T10:16:48+00:00","dateModified":"2024-12-10T13:42:19+00:00","description":"Penser l\u2019avenir et le faire advenir, La prospective en action met l\u2019accent sur la dimension op\u00e9rationnelle et pragmatique de la prospective.","breadcrumb":{"@id":"https:\/\/www.istegroup.com\/produit\/la-prospective-en-action\/#breadcrumb"},"inLanguage":"fr-FR","potentialAction":[{"@type":"ReadAction","target":["https:\/\/www.istegroup.com\/produit\/la-prospective-en-action\/"]}]},{"@type":"ImageObject","inLanguage":"fr-FR","@id":"https:\/\/www.istegroup.com\/produit\/la-prospective-en-action\/#primaryimage","url":"https:\/\/www.istegroup.com\/wp-content\/uploads\/2024\/08\/La-prospective-en-action.png","contentUrl":"https:\/\/www.istegroup.com\/wp-content\/uploads\/2024\/08\/La-prospective-en-action.png","width":597,"height":900,"caption":"Livre scientifique - La prospective en action"},{"@type":"BreadcrumbList","@id":"https:\/\/www.istegroup.com\/produit\/la-prospective-en-action\/#breadcrumb","itemListElement":[{"@type":"ListItem","position":1,"name":"Home","item":"https:\/\/www.istegroup.com\/"},{"@type":"ListItem","position":2,"name":"Shop","item":"https:\/\/www.istegroup.com\/fr\/nouveautes\/"},{"@type":"ListItem","position":3,"name":"La prospective en action"}]},{"@type":"WebSite","@id":"https:\/\/www.istegroup.com\/#website","url":"https:\/\/www.istegroup.com\/","name":"ISTE Group","description":"\u00c9diteur des Sciences","potentialAction":[{"@type":"SearchAction","target":{"@type":"EntryPoint","urlTemplate":"https:\/\/www.istegroup.com\/?s={search_term_string}"},"query-input":{"@type":"PropertyValueSpecification","valueRequired":true,"valueName":"search_term_string"}}],"inLanguage":"fr-FR"}]}},"_links":{"self":[{"href":"https:\/\/www.istegroup.com\/fr\/wp-json\/wp\/v2\/product\/57638","targetHints":{"allow":["GET"]}}],"collection":[{"href":"https:\/\/www.istegroup.com\/fr\/wp-json\/wp\/v2\/product"}],"about":[{"href":"https:\/\/www.istegroup.com\/fr\/wp-json\/wp\/v2\/types\/product"}],"wp:featuredmedia":[{"embeddable":true,"href":"https:\/\/www.istegroup.com\/fr\/wp-json\/wp\/v2\/media\/57646"}],"wp:attachment":[{"href":"https:\/\/www.istegroup.com\/fr\/wp-json\/wp\/v2\/media?parent=57638"}],"wp:term":[{"taxonomy":"product_brand","embeddable":true,"href":"https:\/\/www.istegroup.com\/fr\/wp-json\/wp\/v2\/product_brand?post=57638"},{"taxonomy":"product_cat","embeddable":true,"href":"https:\/\/www.istegroup.com\/fr\/wp-json\/wp\/v2\/product_cat?post=57638"},{"taxonomy":"product_tag","embeddable":true,"href":"https:\/\/www.istegroup.com\/fr\/wp-json\/wp\/v2\/product_tag?post=57638"}],"curies":[{"name":"wp","href":"https:\/\/api.w.org\/{rel}","templated":true}]}}