{"id":57601,"date":"2024-08-09T14:39:56","date_gmt":"2024-08-09T13:39:56","guid":{"rendered":"https:\/\/www.istegroup.com\/?post_type=product&#038;p=57601"},"modified":"2024-08-21T10:27:36","modified_gmt":"2024-08-21T09:27:36","slug":"transition-ecologique-et-mutation-technologique","status":"publish","type":"product","link":"https:\/\/www.istegroup.com\/fr\/produit\/transition-ecologique-et-mutation-technologique\/","title":{"rendered":"Transition \u00e9cologique et mutation technologique"},"content":{"rendered":"<p>La transition \u00e9cologique transforme notre monde en r\u00e9ponse \u00e0 une crise \u00e9cologique majeure. Elle s\u2019appuie sur un changement global de la plupart des technologies qui portent l\u2019activit\u00e9 humaine, au point d\u2019entra\u00eener un changement de l\u2019ensemble m\u00eame de notre syst\u00e8me technologique.<\/p>\n<p><em>Transition \u00e9cologique et mutation technologique<\/em> pr\u00e9sente, dans une premi\u00e8re partie, la nature, les formes et la dynamique de la crise \u00e9cologique globale et syst\u00e9mique de l\u2019Anthropoc\u00e8ne. L\u2019ouvrage examine, dans une deuxi\u00e8me partie, les changements, les \u00e9liminations de technologies, l\u2019\u00e9mergence de solutions technologiques nouvelles qui sont les vecteurs de cette mutation dans tous les domaines d\u2019activit\u00e9s. Cet ensemble de transformations est mod\u00e9lis\u00e9 dans la projection d\u2019un nouveau syst\u00e8me technologique global, qui pourrait \u00eatre qualifi\u00e9 de \u00ab quatri\u00e8me r\u00e9volution technologique \u00bb. L\u2019ouvrage propose \u00e9galement une ouverture sur la question du statut du changement technologique dans la transition \u00e9cologique et sur la d\u00e9monstration de la n\u00e9cessit\u00e9 d\u2019une transformation profonde du syst\u00e8me \u00e9conomique et de notre mode de vie.<\/p>\n","protected":false},"excerpt":{"rendered":"<p>La transition \u00e9cologique transforme notre monde en r\u00e9ponse \u00e0 une crise \u00e9cologique majeure. Elle s\u2019appuie sur un changement global de la plupart des technologies qui portent l\u2019activit\u00e9 humaine, au point d\u2019entra\u00eener un changement de l\u2019ensemble m\u00eame de notre syst\u00e8me technologique. Transition \u00e9cologique et mutation technologique pr\u00e9sente, dans une premi\u00e8re partie, la nature, les formes et [&hellip;]<\/p>\n","protected":false},"featured_media":57611,"template":"","meta":{"_acf_changed":false,"_links_to":"","_links_to_target":""},"product_brand":[],"product_cat":[3259],"product_tag":[],"class_list":{"0":"post-57601","1":"product","2":"type-product","3":"status-publish","4":"has-post-thumbnail","6":"product_cat-uncategorized","8":"first","9":"instock","10":"shipping-taxable","11":"purchasable","12":"product-type-variable"},"acf":[],"yoast_head":"<!-- This site is optimized with the Yoast SEO plugin v27.2 - https:\/\/yoast.com\/product\/yoast-seo-wordpress\/ -->\n<title>Transition \u00e9cologique et mutation technologique - ISTE Group<\/title>\n<meta name=\"robots\" content=\"index, follow, max-snippet:-1, max-image-preview:large, max-video-preview:-1\" \/>\n<link rel=\"canonical\" href=\"https:\/\/www.istegroup.com\/produit\/transition-ecologique-et-mutation-technologique\/\" \/>\n<meta property=\"og:locale\" content=\"fr_FR\" \/>\n<meta property=\"og:type\" content=\"article\" \/>\n<meta property=\"og:title\" content=\"Transition \u00e9cologique et mutation technologique - ISTE Group\" \/>\n<meta property=\"og:description\" content=\"La transition \u00e9cologique transforme notre monde en r\u00e9ponse \u00e0 une crise \u00e9cologique majeure. Elle s\u2019appuie sur un changement global de la plupart des technologies qui portent l\u2019activit\u00e9 humaine, au point d\u2019entra\u00eener un changement de l\u2019ensemble m\u00eame de notre syst\u00e8me technologique. Transition \u00e9cologique et mutation technologique pr\u00e9sente, dans une premi\u00e8re partie, la nature, les formes et [&hellip;]\" \/>\n<meta property=\"og:url\" content=\"https:\/\/www.istegroup.com\/produit\/transition-ecologique-et-mutation-technologique\/\" \/>\n<meta property=\"og:site_name\" content=\"ISTE Group\" \/>\n<meta property=\"article:modified_time\" content=\"2024-08-21T09:27:36+00:00\" \/>\n<meta property=\"og:image\" content=\"https:\/\/www.istegroup.com\/wp-content\/uploads\/2024\/08\/Transition-ecologique-et-mutation-technologique.png\" \/>\n\t<meta property=\"og:image:width\" content=\"598\" \/>\n\t<meta property=\"og:image:height\" content=\"900\" \/>\n\t<meta property=\"og:image:type\" content=\"image\/png\" \/>\n<meta name=\"twitter:card\" content=\"summary_large_image\" \/>\n<meta name=\"twitter:label1\" content=\"Est. reading time\" \/>\n\t<meta name=\"twitter:data1\" content=\"1 minute\" \/>\n<script type=\"application\/ld+json\" class=\"yoast-schema-graph\">{\"@context\":\"https:\/\/schema.org\",\"@graph\":[{\"@type\":\"WebPage\",\"@id\":\"https:\/\/www.istegroup.com\/produit\/transition-ecologique-et-mutation-technologique\/\",\"url\":\"https:\/\/www.istegroup.com\/produit\/transition-ecologique-et-mutation-technologique\/\",\"name\":\"Transition \u00e9cologique et mutation technologique - ISTE Group\",\"isPartOf\":{\"@id\":\"https:\/\/www.istegroup.com\/#website\"},\"primaryImageOfPage\":{\"@id\":\"https:\/\/www.istegroup.com\/produit\/transition-ecologique-et-mutation-technologique\/#primaryimage\"},\"image\":{\"@id\":\"https:\/\/www.istegroup.com\/produit\/transition-ecologique-et-mutation-technologique\/#primaryimage\"},\"thumbnailUrl\":\"https:\/\/www.istegroup.com\/wp-content\/uploads\/2024\/08\/Transition-ecologique-et-mutation-technologique.png\",\"datePublished\":\"2024-08-09T13:39:56+00:00\",\"dateModified\":\"2024-08-21T09:27:36+00:00\",\"breadcrumb\":{\"@id\":\"https:\/\/www.istegroup.com\/produit\/transition-ecologique-et-mutation-technologique\/#breadcrumb\"},\"inLanguage\":\"fr-FR\",\"potentialAction\":[{\"@type\":\"ReadAction\",\"target\":[\"https:\/\/www.istegroup.com\/produit\/transition-ecologique-et-mutation-technologique\/\"]}]},{\"@type\":\"ImageObject\",\"inLanguage\":\"fr-FR\",\"@id\":\"https:\/\/www.istegroup.com\/produit\/transition-ecologique-et-mutation-technologique\/#primaryimage\",\"url\":\"https:\/\/www.istegroup.com\/wp-content\/uploads\/2024\/08\/Transition-ecologique-et-mutation-technologique.png\",\"contentUrl\":\"https:\/\/www.istegroup.com\/wp-content\/uploads\/2024\/08\/Transition-ecologique-et-mutation-technologique.png\",\"width\":598,\"height\":900,\"caption\":\"Livre scientifique - Transition \u00e9cologique et mutation technologique\"},{\"@type\":\"BreadcrumbList\",\"@id\":\"https:\/\/www.istegroup.com\/produit\/transition-ecologique-et-mutation-technologique\/#breadcrumb\",\"itemListElement\":[{\"@type\":\"ListItem\",\"position\":1,\"name\":\"Home\",\"item\":\"https:\/\/www.istegroup.com\/\"},{\"@type\":\"ListItem\",\"position\":2,\"name\":\"Shop\",\"item\":\"https:\/\/www.istegroup.com\/fr\/nouveautes\/\"},{\"@type\":\"ListItem\",\"position\":3,\"name\":\"Transition \u00e9cologique et mutation technologique\"}]},{\"@type\":\"WebSite\",\"@id\":\"https:\/\/www.istegroup.com\/#website\",\"url\":\"https:\/\/www.istegroup.com\/\",\"name\":\"ISTE Group\",\"description\":\"\u00c9diteur des Sciences\",\"potentialAction\":[{\"@type\":\"SearchAction\",\"target\":{\"@type\":\"EntryPoint\",\"urlTemplate\":\"https:\/\/www.istegroup.com\/?s={search_term_string}\"},\"query-input\":{\"@type\":\"PropertyValueSpecification\",\"valueRequired\":true,\"valueName\":\"search_term_string\"}}],\"inLanguage\":\"fr-FR\"}]}<\/script>\n<!-- \/ Yoast SEO plugin. -->","yoast_head_json":{"title":"Transition \u00e9cologique et mutation technologique - ISTE Group","robots":{"index":"index","follow":"follow","max-snippet":"max-snippet:-1","max-image-preview":"max-image-preview:large","max-video-preview":"max-video-preview:-1"},"canonical":"https:\/\/www.istegroup.com\/produit\/transition-ecologique-et-mutation-technologique\/","og_locale":"fr_FR","og_type":"article","og_title":"Transition \u00e9cologique et mutation technologique - ISTE Group","og_description":"La transition \u00e9cologique transforme notre monde en r\u00e9ponse \u00e0 une crise \u00e9cologique majeure. Elle s\u2019appuie sur un changement global de la plupart des technologies qui portent l\u2019activit\u00e9 humaine, au point d\u2019entra\u00eener un changement de l\u2019ensemble m\u00eame de notre syst\u00e8me technologique. Transition \u00e9cologique et mutation technologique pr\u00e9sente, dans une premi\u00e8re partie, la nature, les formes et [&hellip;]","og_url":"https:\/\/www.istegroup.com\/produit\/transition-ecologique-et-mutation-technologique\/","og_site_name":"ISTE Group","article_modified_time":"2024-08-21T09:27:36+00:00","og_image":[{"width":598,"height":900,"url":"https:\/\/www.istegroup.com\/wp-content\/uploads\/2024\/08\/Transition-ecologique-et-mutation-technologique.png","type":"image\/png"}],"twitter_card":"summary_large_image","twitter_misc":{"Est. reading time":"1 minute"},"schema":{"@context":"https:\/\/schema.org","@graph":[{"@type":"WebPage","@id":"https:\/\/www.istegroup.com\/produit\/transition-ecologique-et-mutation-technologique\/","url":"https:\/\/www.istegroup.com\/produit\/transition-ecologique-et-mutation-technologique\/","name":"Transition \u00e9cologique et mutation technologique - ISTE Group","isPartOf":{"@id":"https:\/\/www.istegroup.com\/#website"},"primaryImageOfPage":{"@id":"https:\/\/www.istegroup.com\/produit\/transition-ecologique-et-mutation-technologique\/#primaryimage"},"image":{"@id":"https:\/\/www.istegroup.com\/produit\/transition-ecologique-et-mutation-technologique\/#primaryimage"},"thumbnailUrl":"https:\/\/www.istegroup.com\/wp-content\/uploads\/2024\/08\/Transition-ecologique-et-mutation-technologique.png","datePublished":"2024-08-09T13:39:56+00:00","dateModified":"2024-08-21T09:27:36+00:00","breadcrumb":{"@id":"https:\/\/www.istegroup.com\/produit\/transition-ecologique-et-mutation-technologique\/#breadcrumb"},"inLanguage":"fr-FR","potentialAction":[{"@type":"ReadAction","target":["https:\/\/www.istegroup.com\/produit\/transition-ecologique-et-mutation-technologique\/"]}]},{"@type":"ImageObject","inLanguage":"fr-FR","@id":"https:\/\/www.istegroup.com\/produit\/transition-ecologique-et-mutation-technologique\/#primaryimage","url":"https:\/\/www.istegroup.com\/wp-content\/uploads\/2024\/08\/Transition-ecologique-et-mutation-technologique.png","contentUrl":"https:\/\/www.istegroup.com\/wp-content\/uploads\/2024\/08\/Transition-ecologique-et-mutation-technologique.png","width":598,"height":900,"caption":"Livre scientifique - Transition \u00e9cologique et mutation technologique"},{"@type":"BreadcrumbList","@id":"https:\/\/www.istegroup.com\/produit\/transition-ecologique-et-mutation-technologique\/#breadcrumb","itemListElement":[{"@type":"ListItem","position":1,"name":"Home","item":"https:\/\/www.istegroup.com\/"},{"@type":"ListItem","position":2,"name":"Shop","item":"https:\/\/www.istegroup.com\/fr\/nouveautes\/"},{"@type":"ListItem","position":3,"name":"Transition \u00e9cologique et mutation technologique"}]},{"@type":"WebSite","@id":"https:\/\/www.istegroup.com\/#website","url":"https:\/\/www.istegroup.com\/","name":"ISTE Group","description":"\u00c9diteur des Sciences","potentialAction":[{"@type":"SearchAction","target":{"@type":"EntryPoint","urlTemplate":"https:\/\/www.istegroup.com\/?s={search_term_string}"},"query-input":{"@type":"PropertyValueSpecification","valueRequired":true,"valueName":"search_term_string"}}],"inLanguage":"fr-FR"}]}},"_links":{"self":[{"href":"https:\/\/www.istegroup.com\/fr\/wp-json\/wp\/v2\/product\/57601","targetHints":{"allow":["GET"]}}],"collection":[{"href":"https:\/\/www.istegroup.com\/fr\/wp-json\/wp\/v2\/product"}],"about":[{"href":"https:\/\/www.istegroup.com\/fr\/wp-json\/wp\/v2\/types\/product"}],"wp:featuredmedia":[{"embeddable":true,"href":"https:\/\/www.istegroup.com\/fr\/wp-json\/wp\/v2\/media\/57611"}],"wp:attachment":[{"href":"https:\/\/www.istegroup.com\/fr\/wp-json\/wp\/v2\/media?parent=57601"}],"wp:term":[{"taxonomy":"product_brand","embeddable":true,"href":"https:\/\/www.istegroup.com\/fr\/wp-json\/wp\/v2\/product_brand?post=57601"},{"taxonomy":"product_cat","embeddable":true,"href":"https:\/\/www.istegroup.com\/fr\/wp-json\/wp\/v2\/product_cat?post=57601"},{"taxonomy":"product_tag","embeddable":true,"href":"https:\/\/www.istegroup.com\/fr\/wp-json\/wp\/v2\/product_tag?post=57601"}],"curies":[{"name":"wp","href":"https:\/\/api.w.org\/{rel}","templated":true}]}}