{"id":57385,"date":"2024-07-10T10:30:38","date_gmt":"2024-07-10T09:30:38","guid":{"rendered":"https:\/\/www.istegroup.com\/?post_type=product&#038;p=57385"},"modified":"2024-12-20T14:19:26","modified_gmt":"2024-12-20T14:19:26","slug":"la-reutilisation-des-eaux-usees-1","status":"publish","type":"product","link":"https:\/\/www.istegroup.com\/fr\/produit\/la-reutilisation-des-eaux-usees-1\/","title":{"rendered":"La r\u00e9utilisation des eaux us\u00e9es 1"},"content":{"rendered":"<p>La probl\u00e9matique de l\u2019eau est indissociable au d\u00e9veloppement durable dans la mesure o\u00f9 l\u2019eau doit permettre de r\u00e9pondre aux besoins des g\u00e9n\u00e9rations actuelles et futures.<\/p>\n<p>La r\u00e9utilisation des eaux us\u00e9es est un enjeu socio-\u00e9conomique pour le d\u00e9veloppement des services d\u2019eau potable et d\u2019assainissement. Elle pr\u00e9sente l\u2019avantage d\u2019assurer une ressource alternative permettant de limiter les d\u00e9ficits en eau, de pr\u00e9server les ressources naturelles et de pallier aux p\u00e9nuries d\u2019eau engendr\u00e9es par les changements climatiques.<\/p>\n<p><em>La r\u00e9utilisation des eaux us\u00e9es 1<\/em> expose, de mani\u00e8re didactique et compl\u00e8te, les nombreux usages de la r\u00e9utilisation des eaux us\u00e9es, la vari\u00e9t\u00e9 des traitements, leurs performances, leurs conditions d\u2019utilisation, la mani\u00e8re de les combiner, afin de redonner \u00e0 l\u2019eau us\u00e9e, une nouvelle vie. La s\u00e9cheresse est programm\u00e9e, mais les technologies existent.<\/p>","protected":false},"excerpt":{"rendered":"<p>La probl\u00e9matique de l\u2019eau est indissociable au d\u00e9veloppement durable dans la mesure o\u00f9 l\u2019eau doit permettre de r\u00e9pondre aux besoins des g\u00e9n\u00e9rations actuelles et futures. La r\u00e9utilisation des eaux us\u00e9es est un enjeu socio-\u00e9conomique pour le d\u00e9veloppement des services d\u2019eau potable et d\u2019assainissement. Elle pr\u00e9sente l\u2019avantage d\u2019assurer une ressource alternative permettant de limiter les d\u00e9ficits [&hellip;]<\/p>\n","protected":false},"featured_media":57391,"template":"","meta":{"_acf_changed":false,"_links_to":"","_links_to_target":""},"product_brand":[],"product_cat":[658],"product_tag":[],"class_list":{"0":"post-57385","1":"product","2":"type-product","3":"status-publish","4":"has-post-thumbnail","6":"product_cat-ecologie-14419669","8":"first","9":"instock","10":"shipping-taxable","11":"purchasable","12":"product-type-variable"},"acf":[],"yoast_head":"<!-- This site is optimized with the Yoast SEO plugin v27.2 - https:\/\/yoast.com\/product\/yoast-seo-wordpress\/ -->\n<title>La r\u00e9utilisation des eaux us\u00e9es 1 - ISTE Group<\/title>\n<meta name=\"description\" content=\"La r\u00e9utilisation des eaux us\u00e9es 1 expose, de mani\u00e8re didactique et compl\u00e8te, les nombreux usages de la r\u00e9utilisation des eaux us\u00e9es, la vari\u00e9t\u00e9 des traitements, leurs performances, leurs conditions d\u2019utilisation, la mani\u00e8re de les combiner, afin de redonner \u00e0 l\u2019eau us\u00e9e, une nouvelle vie.\" \/>\n<meta name=\"robots\" content=\"index, follow, max-snippet:-1, max-image-preview:large, max-video-preview:-1\" \/>\n<link rel=\"canonical\" href=\"https:\/\/www.istegroup.com\/produit\/la-reutilisation-des-eaux-usees-1\/\" \/>\n<meta property=\"og:locale\" content=\"fr_FR\" \/>\n<meta property=\"og:type\" content=\"article\" \/>\n<meta property=\"og:title\" content=\"La r\u00e9utilisation des eaux us\u00e9es 1 - ISTE Group\" \/>\n<meta property=\"og:description\" content=\"La r\u00e9utilisation des eaux us\u00e9es 1 expose, de mani\u00e8re didactique et compl\u00e8te, les nombreux usages de la r\u00e9utilisation des eaux us\u00e9es, la vari\u00e9t\u00e9 des traitements, leurs performances, leurs conditions d\u2019utilisation, la mani\u00e8re de les combiner, afin de redonner \u00e0 l\u2019eau us\u00e9e, une nouvelle vie.\" \/>\n<meta property=\"og:url\" content=\"https:\/\/www.istegroup.com\/produit\/la-reutilisation-des-eaux-usees-1\/\" \/>\n<meta property=\"og:site_name\" content=\"ISTE Group\" \/>\n<meta property=\"article:modified_time\" content=\"2024-12-20T14:19:26+00:00\" \/>\n<meta property=\"og:image\" content=\"https:\/\/www.istegroup.com\/wp-content\/uploads\/2024\/07\/La-reutilisation-des-eaux-usees-1.png\" \/>\n\t<meta property=\"og:image:width\" content=\"596\" \/>\n\t<meta property=\"og:image:height\" content=\"900\" \/>\n\t<meta property=\"og:image:type\" content=\"image\/png\" \/>\n<meta name=\"twitter:card\" content=\"summary_large_image\" \/>\n<meta name=\"twitter:label1\" content=\"Est. reading time\" \/>\n\t<meta name=\"twitter:data1\" content=\"1 minute\" \/>\n<script type=\"application\/ld+json\" class=\"yoast-schema-graph\">{\"@context\":\"https:\/\/schema.org\",\"@graph\":[{\"@type\":\"WebPage\",\"@id\":\"https:\/\/www.istegroup.com\/produit\/la-reutilisation-des-eaux-usees-1\/\",\"url\":\"https:\/\/www.istegroup.com\/produit\/la-reutilisation-des-eaux-usees-1\/\",\"name\":\"La r\u00e9utilisation des eaux us\u00e9es 1 - ISTE Group\",\"isPartOf\":{\"@id\":\"https:\/\/www.istegroup.com\/#website\"},\"primaryImageOfPage\":{\"@id\":\"https:\/\/www.istegroup.com\/produit\/la-reutilisation-des-eaux-usees-1\/#primaryimage\"},\"image\":{\"@id\":\"https:\/\/www.istegroup.com\/produit\/la-reutilisation-des-eaux-usees-1\/#primaryimage\"},\"thumbnailUrl\":\"https:\/\/www.istegroup.com\/wp-content\/uploads\/2024\/07\/La-reutilisation-des-eaux-usees-1.png\",\"datePublished\":\"2024-07-10T09:30:38+00:00\",\"dateModified\":\"2024-12-20T14:19:26+00:00\",\"description\":\"La r\u00e9utilisation des eaux us\u00e9es 1 expose, de mani\u00e8re didactique et compl\u00e8te, les nombreux usages de la r\u00e9utilisation des eaux us\u00e9es, la vari\u00e9t\u00e9 des traitements, leurs performances, leurs conditions d\u2019utilisation, la mani\u00e8re de les combiner, afin de redonner \u00e0 l\u2019eau us\u00e9e, une nouvelle vie.\",\"breadcrumb\":{\"@id\":\"https:\/\/www.istegroup.com\/produit\/la-reutilisation-des-eaux-usees-1\/#breadcrumb\"},\"inLanguage\":\"fr-FR\",\"potentialAction\":[{\"@type\":\"ReadAction\",\"target\":[\"https:\/\/www.istegroup.com\/produit\/la-reutilisation-des-eaux-usees-1\/\"]}]},{\"@type\":\"ImageObject\",\"inLanguage\":\"fr-FR\",\"@id\":\"https:\/\/www.istegroup.com\/produit\/la-reutilisation-des-eaux-usees-1\/#primaryimage\",\"url\":\"https:\/\/www.istegroup.com\/wp-content\/uploads\/2024\/07\/La-reutilisation-des-eaux-usees-1.png\",\"contentUrl\":\"https:\/\/www.istegroup.com\/wp-content\/uploads\/2024\/07\/La-reutilisation-des-eaux-usees-1.png\",\"width\":596,\"height\":900,\"caption\":\"Livre scientifique - La r\u00e9utilisation des eaux us\u00e9es 1\"},{\"@type\":\"BreadcrumbList\",\"@id\":\"https:\/\/www.istegroup.com\/produit\/la-reutilisation-des-eaux-usees-1\/#breadcrumb\",\"itemListElement\":[{\"@type\":\"ListItem\",\"position\":1,\"name\":\"Home\",\"item\":\"https:\/\/www.istegroup.com\/\"},{\"@type\":\"ListItem\",\"position\":2,\"name\":\"Shop\",\"item\":\"https:\/\/www.istegroup.com\/fr\/nouveautes\/\"},{\"@type\":\"ListItem\",\"position\":3,\"name\":\"La r\u00e9utilisation des eaux us\u00e9es 1\"}]},{\"@type\":\"WebSite\",\"@id\":\"https:\/\/www.istegroup.com\/#website\",\"url\":\"https:\/\/www.istegroup.com\/\",\"name\":\"ISTE Group\",\"description\":\"\u00c9diteur des Sciences\",\"potentialAction\":[{\"@type\":\"SearchAction\",\"target\":{\"@type\":\"EntryPoint\",\"urlTemplate\":\"https:\/\/www.istegroup.com\/?s={search_term_string}\"},\"query-input\":{\"@type\":\"PropertyValueSpecification\",\"valueRequired\":true,\"valueName\":\"search_term_string\"}}],\"inLanguage\":\"fr-FR\"}]}<\/script>\n<!-- \/ Yoast SEO plugin. -->","yoast_head_json":{"title":"La r\u00e9utilisation des eaux us\u00e9es 1 - ISTE Group","description":"La r\u00e9utilisation des eaux us\u00e9es 1 expose, de mani\u00e8re didactique et compl\u00e8te, les nombreux usages de la r\u00e9utilisation des eaux us\u00e9es, la vari\u00e9t\u00e9 des traitements, leurs performances, leurs conditions d\u2019utilisation, la mani\u00e8re de les combiner, afin de redonner \u00e0 l\u2019eau us\u00e9e, une nouvelle vie.","robots":{"index":"index","follow":"follow","max-snippet":"max-snippet:-1","max-image-preview":"max-image-preview:large","max-video-preview":"max-video-preview:-1"},"canonical":"https:\/\/www.istegroup.com\/produit\/la-reutilisation-des-eaux-usees-1\/","og_locale":"fr_FR","og_type":"article","og_title":"La r\u00e9utilisation des eaux us\u00e9es 1 - ISTE Group","og_description":"La r\u00e9utilisation des eaux us\u00e9es 1 expose, de mani\u00e8re didactique et compl\u00e8te, les nombreux usages de la r\u00e9utilisation des eaux us\u00e9es, la vari\u00e9t\u00e9 des traitements, leurs performances, leurs conditions d\u2019utilisation, la mani\u00e8re de les combiner, afin de redonner \u00e0 l\u2019eau us\u00e9e, une nouvelle vie.","og_url":"https:\/\/www.istegroup.com\/produit\/la-reutilisation-des-eaux-usees-1\/","og_site_name":"ISTE Group","article_modified_time":"2024-12-20T14:19:26+00:00","og_image":[{"width":596,"height":900,"url":"https:\/\/www.istegroup.com\/wp-content\/uploads\/2024\/07\/La-reutilisation-des-eaux-usees-1.png","type":"image\/png"}],"twitter_card":"summary_large_image","twitter_misc":{"Est. reading time":"1 minute"},"schema":{"@context":"https:\/\/schema.org","@graph":[{"@type":"WebPage","@id":"https:\/\/www.istegroup.com\/produit\/la-reutilisation-des-eaux-usees-1\/","url":"https:\/\/www.istegroup.com\/produit\/la-reutilisation-des-eaux-usees-1\/","name":"La r\u00e9utilisation des eaux us\u00e9es 1 - ISTE Group","isPartOf":{"@id":"https:\/\/www.istegroup.com\/#website"},"primaryImageOfPage":{"@id":"https:\/\/www.istegroup.com\/produit\/la-reutilisation-des-eaux-usees-1\/#primaryimage"},"image":{"@id":"https:\/\/www.istegroup.com\/produit\/la-reutilisation-des-eaux-usees-1\/#primaryimage"},"thumbnailUrl":"https:\/\/www.istegroup.com\/wp-content\/uploads\/2024\/07\/La-reutilisation-des-eaux-usees-1.png","datePublished":"2024-07-10T09:30:38+00:00","dateModified":"2024-12-20T14:19:26+00:00","description":"La r\u00e9utilisation des eaux us\u00e9es 1 expose, de mani\u00e8re didactique et compl\u00e8te, les nombreux usages de la r\u00e9utilisation des eaux us\u00e9es, la vari\u00e9t\u00e9 des traitements, leurs performances, leurs conditions d\u2019utilisation, la mani\u00e8re de les combiner, afin de redonner \u00e0 l\u2019eau us\u00e9e, une nouvelle vie.","breadcrumb":{"@id":"https:\/\/www.istegroup.com\/produit\/la-reutilisation-des-eaux-usees-1\/#breadcrumb"},"inLanguage":"fr-FR","potentialAction":[{"@type":"ReadAction","target":["https:\/\/www.istegroup.com\/produit\/la-reutilisation-des-eaux-usees-1\/"]}]},{"@type":"ImageObject","inLanguage":"fr-FR","@id":"https:\/\/www.istegroup.com\/produit\/la-reutilisation-des-eaux-usees-1\/#primaryimage","url":"https:\/\/www.istegroup.com\/wp-content\/uploads\/2024\/07\/La-reutilisation-des-eaux-usees-1.png","contentUrl":"https:\/\/www.istegroup.com\/wp-content\/uploads\/2024\/07\/La-reutilisation-des-eaux-usees-1.png","width":596,"height":900,"caption":"Livre scientifique - La r\u00e9utilisation des eaux us\u00e9es 1"},{"@type":"BreadcrumbList","@id":"https:\/\/www.istegroup.com\/produit\/la-reutilisation-des-eaux-usees-1\/#breadcrumb","itemListElement":[{"@type":"ListItem","position":1,"name":"Home","item":"https:\/\/www.istegroup.com\/"},{"@type":"ListItem","position":2,"name":"Shop","item":"https:\/\/www.istegroup.com\/fr\/nouveautes\/"},{"@type":"ListItem","position":3,"name":"La r\u00e9utilisation des eaux us\u00e9es 1"}]},{"@type":"WebSite","@id":"https:\/\/www.istegroup.com\/#website","url":"https:\/\/www.istegroup.com\/","name":"ISTE Group","description":"\u00c9diteur des Sciences","potentialAction":[{"@type":"SearchAction","target":{"@type":"EntryPoint","urlTemplate":"https:\/\/www.istegroup.com\/?s={search_term_string}"},"query-input":{"@type":"PropertyValueSpecification","valueRequired":true,"valueName":"search_term_string"}}],"inLanguage":"fr-FR"}]}},"_links":{"self":[{"href":"https:\/\/www.istegroup.com\/fr\/wp-json\/wp\/v2\/product\/57385","targetHints":{"allow":["GET"]}}],"collection":[{"href":"https:\/\/www.istegroup.com\/fr\/wp-json\/wp\/v2\/product"}],"about":[{"href":"https:\/\/www.istegroup.com\/fr\/wp-json\/wp\/v2\/types\/product"}],"wp:featuredmedia":[{"embeddable":true,"href":"https:\/\/www.istegroup.com\/fr\/wp-json\/wp\/v2\/media\/57391"}],"wp:attachment":[{"href":"https:\/\/www.istegroup.com\/fr\/wp-json\/wp\/v2\/media?parent=57385"}],"wp:term":[{"taxonomy":"product_brand","embeddable":true,"href":"https:\/\/www.istegroup.com\/fr\/wp-json\/wp\/v2\/product_brand?post=57385"},{"taxonomy":"product_cat","embeddable":true,"href":"https:\/\/www.istegroup.com\/fr\/wp-json\/wp\/v2\/product_cat?post=57385"},{"taxonomy":"product_tag","embeddable":true,"href":"https:\/\/www.istegroup.com\/fr\/wp-json\/wp\/v2\/product_tag?post=57385"}],"curies":[{"name":"wp","href":"https:\/\/api.w.org\/{rel}","templated":true}]}}