{"id":57378,"date":"2024-07-10T10:19:18","date_gmt":"2024-07-10T09:19:18","guid":{"rendered":"https:\/\/www.istegroup.com\/?post_type=product&#038;p=57378"},"modified":"2025-02-17T10:42:52","modified_gmt":"2025-02-17T10:42:52","slug":"rheologie-comportement-physique-et-mecanique-de-materiaux-4","status":"publish","type":"product","link":"https:\/\/www.istegroup.com\/fr\/produit\/rheologie-comportement-physique-et-mecanique-de-materiaux-4\/","title":{"rendered":"Rh\u00e9ologie, comportement physique et m\u00e9canique de mat\u00e9riaux 4"},"content":{"rendered":"<p>Cet ouvrage, \u00e0 l\u2019aide de nombreux cas concrets et exemples, \u00e9tudie les mat\u00e9riaux m\u00e9talliques et composites et leurs propri\u00e9t\u00e9s m\u00e9caniques en raideur et r\u00e9sistance.<\/p>\n<p>Il analyse la substitution de produits m\u00e9talliques et de bois par des composites comportant des fibres et apportant des propri\u00e9t\u00e9s m\u00e9caniques directionnelles d\u2019un grand int\u00e9r\u00eat. Il \u00e9tudie divers essais de caract\u00e9risation du couple fibres-liant en couches et axes d\u2019orthotropie. Il pr\u00e9sente des m\u00e9thodes permettant d\u2019obtenir des matrices de rigidit\u00e9 et de souplesse, des contraintes et d\u00e9formations maximales et des enveloppes de rupture. Enfin, il d\u00e9crit divers stratifi\u00e9s, tels que les plaques en membrane et en flexion, la torsion des tubulaires, le battement, le flambement, le vrillage ou encore les sandwichs.<\/p>\n<p>Cet ouvrage s\u2019adresse aux acteurs de la recherche investis dans le domaine de la m\u00e9canique des milieux d\u00e9formables, aux enseignants et \u00e9tudiants, ainsi qu\u2019aux bureaux d\u2019\u00e9tudes et secteurs de fabrication d\u2019industriels.<\/p>\n","protected":false},"excerpt":{"rendered":"<p>Cet ouvrage, \u00e0 l\u2019aide de nombreux cas concrets et exemples, \u00e9tudie les mat\u00e9riaux m\u00e9talliques et composites et leurs propri\u00e9t\u00e9s m\u00e9caniques en raideur et r\u00e9sistance. Il analyse la substitution de produits m\u00e9talliques et de bois par des composites comportant des fibres et apportant des propri\u00e9t\u00e9s m\u00e9caniques directionnelles d\u2019un grand int\u00e9r\u00eat. Il \u00e9tudie divers essais de caract\u00e9risation [&hellip;]<\/p>\n","protected":false},"featured_media":57384,"template":"","meta":{"_acf_changed":false,"_links_to":"","_links_to_target":""},"product_brand":[],"product_cat":[664],"product_tag":[],"class_list":{"0":"post-57378","1":"product","2":"type-product","3":"status-publish","4":"has-post-thumbnail","6":"product_cat-gnie-mcanique-et-mcanique-des-solides-12506462","8":"first","9":"instock","10":"shipping-taxable","11":"purchasable","12":"product-type-variable"},"acf":[],"yoast_head":"<!-- This site is optimized with the Yoast SEO plugin v27.2 - https:\/\/yoast.com\/product\/yoast-seo-wordpress\/ -->\n<title>Rh\u00e9ologie, comportement physique et m\u00e9canique de mat\u00e9riaux 4 - ISTE Group<\/title>\n<meta name=\"description\" content=\"Cet ouvrage, \u00e0 l\u2019aide de nombreux cas concrets et exemples, \u00e9tudie les mat\u00e9riaux m\u00e9talliques et composites et leurs propri\u00e9t\u00e9s m\u00e9caniques en raideur et r\u00e9sistance.\" \/>\n<meta name=\"robots\" content=\"index, follow, max-snippet:-1, max-image-preview:large, max-video-preview:-1\" \/>\n<link rel=\"canonical\" href=\"https:\/\/www.istegroup.com\/produit\/rheologie-comportement-physique-et-mecanique-de-materiaux-4\/\" \/>\n<meta property=\"og:locale\" content=\"fr_FR\" \/>\n<meta property=\"og:type\" content=\"article\" \/>\n<meta property=\"og:title\" content=\"Rh\u00e9ologie, comportement physique et m\u00e9canique de mat\u00e9riaux 4 - ISTE Group\" \/>\n<meta property=\"og:description\" content=\"Cet ouvrage, \u00e0 l\u2019aide de nombreux cas concrets et exemples, \u00e9tudie les mat\u00e9riaux m\u00e9talliques et composites et leurs propri\u00e9t\u00e9s m\u00e9caniques en raideur et r\u00e9sistance.\" \/>\n<meta property=\"og:url\" content=\"https:\/\/www.istegroup.com\/produit\/rheologie-comportement-physique-et-mecanique-de-materiaux-4\/\" \/>\n<meta property=\"og:site_name\" content=\"ISTE Group\" \/>\n<meta property=\"article:modified_time\" content=\"2025-02-17T10:42:52+00:00\" \/>\n<meta property=\"og:image\" content=\"https:\/\/www.istegroup.com\/wp-content\/uploads\/2024\/07\/Rheologie-comportement-physique-et-mecanique-de-materiaux-4.png\" \/>\n\t<meta property=\"og:image:width\" content=\"598\" \/>\n\t<meta property=\"og:image:height\" content=\"901\" \/>\n\t<meta property=\"og:image:type\" content=\"image\/png\" \/>\n<meta name=\"twitter:card\" content=\"summary_large_image\" \/>\n<meta name=\"twitter:label1\" content=\"Est. reading time\" \/>\n\t<meta name=\"twitter:data1\" content=\"1 minute\" \/>\n<script type=\"application\/ld+json\" class=\"yoast-schema-graph\">{\"@context\":\"https:\/\/schema.org\",\"@graph\":[{\"@type\":\"WebPage\",\"@id\":\"https:\/\/www.istegroup.com\/produit\/rheologie-comportement-physique-et-mecanique-de-materiaux-4\/\",\"url\":\"https:\/\/www.istegroup.com\/produit\/rheologie-comportement-physique-et-mecanique-de-materiaux-4\/\",\"name\":\"Rh\u00e9ologie, comportement physique et m\u00e9canique de mat\u00e9riaux 4 - ISTE Group\",\"isPartOf\":{\"@id\":\"https:\/\/www.istegroup.com\/#website\"},\"primaryImageOfPage\":{\"@id\":\"https:\/\/www.istegroup.com\/produit\/rheologie-comportement-physique-et-mecanique-de-materiaux-4\/#primaryimage\"},\"image\":{\"@id\":\"https:\/\/www.istegroup.com\/produit\/rheologie-comportement-physique-et-mecanique-de-materiaux-4\/#primaryimage\"},\"thumbnailUrl\":\"https:\/\/www.istegroup.com\/wp-content\/uploads\/2024\/07\/Rheologie-comportement-physique-et-mecanique-de-materiaux-4.png\",\"datePublished\":\"2024-07-10T09:19:18+00:00\",\"dateModified\":\"2025-02-17T10:42:52+00:00\",\"description\":\"Cet ouvrage, \u00e0 l\u2019aide de nombreux cas concrets et exemples, \u00e9tudie les mat\u00e9riaux m\u00e9talliques et composites et leurs propri\u00e9t\u00e9s m\u00e9caniques en raideur et r\u00e9sistance.\",\"breadcrumb\":{\"@id\":\"https:\/\/www.istegroup.com\/produit\/rheologie-comportement-physique-et-mecanique-de-materiaux-4\/#breadcrumb\"},\"inLanguage\":\"fr-FR\",\"potentialAction\":[{\"@type\":\"ReadAction\",\"target\":[\"https:\/\/www.istegroup.com\/produit\/rheologie-comportement-physique-et-mecanique-de-materiaux-4\/\"]}]},{\"@type\":\"ImageObject\",\"inLanguage\":\"fr-FR\",\"@id\":\"https:\/\/www.istegroup.com\/produit\/rheologie-comportement-physique-et-mecanique-de-materiaux-4\/#primaryimage\",\"url\":\"https:\/\/www.istegroup.com\/wp-content\/uploads\/2024\/07\/Rheologie-comportement-physique-et-mecanique-de-materiaux-4.png\",\"contentUrl\":\"https:\/\/www.istegroup.com\/wp-content\/uploads\/2024\/07\/Rheologie-comportement-physique-et-mecanique-de-materiaux-4.png\",\"width\":598,\"height\":901,\"caption\":\"Livre scientifique - Rh\u00e9ologie, comportement physique et m\u00e9canique de mat\u00e9riaux 4\"},{\"@type\":\"BreadcrumbList\",\"@id\":\"https:\/\/www.istegroup.com\/produit\/rheologie-comportement-physique-et-mecanique-de-materiaux-4\/#breadcrumb\",\"itemListElement\":[{\"@type\":\"ListItem\",\"position\":1,\"name\":\"Home\",\"item\":\"https:\/\/www.istegroup.com\/\"},{\"@type\":\"ListItem\",\"position\":2,\"name\":\"Shop\",\"item\":\"https:\/\/www.istegroup.com\/fr\/nouveautes\/\"},{\"@type\":\"ListItem\",\"position\":3,\"name\":\"Rh\u00e9ologie, comportement physique et m\u00e9canique de mat\u00e9riaux 4\"}]},{\"@type\":\"WebSite\",\"@id\":\"https:\/\/www.istegroup.com\/#website\",\"url\":\"https:\/\/www.istegroup.com\/\",\"name\":\"ISTE Group\",\"description\":\"\u00c9diteur des Sciences\",\"potentialAction\":[{\"@type\":\"SearchAction\",\"target\":{\"@type\":\"EntryPoint\",\"urlTemplate\":\"https:\/\/www.istegroup.com\/?s={search_term_string}\"},\"query-input\":{\"@type\":\"PropertyValueSpecification\",\"valueRequired\":true,\"valueName\":\"search_term_string\"}}],\"inLanguage\":\"fr-FR\"}]}<\/script>\n<!-- \/ Yoast SEO plugin. -->","yoast_head_json":{"title":"Rh\u00e9ologie, comportement physique et m\u00e9canique de mat\u00e9riaux 4 - ISTE Group","description":"Cet ouvrage, \u00e0 l\u2019aide de nombreux cas concrets et exemples, \u00e9tudie les mat\u00e9riaux m\u00e9talliques et composites et leurs propri\u00e9t\u00e9s m\u00e9caniques en raideur et r\u00e9sistance.","robots":{"index":"index","follow":"follow","max-snippet":"max-snippet:-1","max-image-preview":"max-image-preview:large","max-video-preview":"max-video-preview:-1"},"canonical":"https:\/\/www.istegroup.com\/produit\/rheologie-comportement-physique-et-mecanique-de-materiaux-4\/","og_locale":"fr_FR","og_type":"article","og_title":"Rh\u00e9ologie, comportement physique et m\u00e9canique de mat\u00e9riaux 4 - ISTE Group","og_description":"Cet ouvrage, \u00e0 l\u2019aide de nombreux cas concrets et exemples, \u00e9tudie les mat\u00e9riaux m\u00e9talliques et composites et leurs propri\u00e9t\u00e9s m\u00e9caniques en raideur et r\u00e9sistance.","og_url":"https:\/\/www.istegroup.com\/produit\/rheologie-comportement-physique-et-mecanique-de-materiaux-4\/","og_site_name":"ISTE Group","article_modified_time":"2025-02-17T10:42:52+00:00","og_image":[{"width":598,"height":901,"url":"https:\/\/www.istegroup.com\/wp-content\/uploads\/2024\/07\/Rheologie-comportement-physique-et-mecanique-de-materiaux-4.png","type":"image\/png"}],"twitter_card":"summary_large_image","twitter_misc":{"Est. reading time":"1 minute"},"schema":{"@context":"https:\/\/schema.org","@graph":[{"@type":"WebPage","@id":"https:\/\/www.istegroup.com\/produit\/rheologie-comportement-physique-et-mecanique-de-materiaux-4\/","url":"https:\/\/www.istegroup.com\/produit\/rheologie-comportement-physique-et-mecanique-de-materiaux-4\/","name":"Rh\u00e9ologie, comportement physique et m\u00e9canique de mat\u00e9riaux 4 - ISTE Group","isPartOf":{"@id":"https:\/\/www.istegroup.com\/#website"},"primaryImageOfPage":{"@id":"https:\/\/www.istegroup.com\/produit\/rheologie-comportement-physique-et-mecanique-de-materiaux-4\/#primaryimage"},"image":{"@id":"https:\/\/www.istegroup.com\/produit\/rheologie-comportement-physique-et-mecanique-de-materiaux-4\/#primaryimage"},"thumbnailUrl":"https:\/\/www.istegroup.com\/wp-content\/uploads\/2024\/07\/Rheologie-comportement-physique-et-mecanique-de-materiaux-4.png","datePublished":"2024-07-10T09:19:18+00:00","dateModified":"2025-02-17T10:42:52+00:00","description":"Cet ouvrage, \u00e0 l\u2019aide de nombreux cas concrets et exemples, \u00e9tudie les mat\u00e9riaux m\u00e9talliques et composites et leurs propri\u00e9t\u00e9s m\u00e9caniques en raideur et r\u00e9sistance.","breadcrumb":{"@id":"https:\/\/www.istegroup.com\/produit\/rheologie-comportement-physique-et-mecanique-de-materiaux-4\/#breadcrumb"},"inLanguage":"fr-FR","potentialAction":[{"@type":"ReadAction","target":["https:\/\/www.istegroup.com\/produit\/rheologie-comportement-physique-et-mecanique-de-materiaux-4\/"]}]},{"@type":"ImageObject","inLanguage":"fr-FR","@id":"https:\/\/www.istegroup.com\/produit\/rheologie-comportement-physique-et-mecanique-de-materiaux-4\/#primaryimage","url":"https:\/\/www.istegroup.com\/wp-content\/uploads\/2024\/07\/Rheologie-comportement-physique-et-mecanique-de-materiaux-4.png","contentUrl":"https:\/\/www.istegroup.com\/wp-content\/uploads\/2024\/07\/Rheologie-comportement-physique-et-mecanique-de-materiaux-4.png","width":598,"height":901,"caption":"Livre scientifique - Rh\u00e9ologie, comportement physique et m\u00e9canique de mat\u00e9riaux 4"},{"@type":"BreadcrumbList","@id":"https:\/\/www.istegroup.com\/produit\/rheologie-comportement-physique-et-mecanique-de-materiaux-4\/#breadcrumb","itemListElement":[{"@type":"ListItem","position":1,"name":"Home","item":"https:\/\/www.istegroup.com\/"},{"@type":"ListItem","position":2,"name":"Shop","item":"https:\/\/www.istegroup.com\/fr\/nouveautes\/"},{"@type":"ListItem","position":3,"name":"Rh\u00e9ologie, comportement physique et m\u00e9canique de mat\u00e9riaux 4"}]},{"@type":"WebSite","@id":"https:\/\/www.istegroup.com\/#website","url":"https:\/\/www.istegroup.com\/","name":"ISTE Group","description":"\u00c9diteur des Sciences","potentialAction":[{"@type":"SearchAction","target":{"@type":"EntryPoint","urlTemplate":"https:\/\/www.istegroup.com\/?s={search_term_string}"},"query-input":{"@type":"PropertyValueSpecification","valueRequired":true,"valueName":"search_term_string"}}],"inLanguage":"fr-FR"}]}},"_links":{"self":[{"href":"https:\/\/www.istegroup.com\/fr\/wp-json\/wp\/v2\/product\/57378","targetHints":{"allow":["GET"]}}],"collection":[{"href":"https:\/\/www.istegroup.com\/fr\/wp-json\/wp\/v2\/product"}],"about":[{"href":"https:\/\/www.istegroup.com\/fr\/wp-json\/wp\/v2\/types\/product"}],"wp:featuredmedia":[{"embeddable":true,"href":"https:\/\/www.istegroup.com\/fr\/wp-json\/wp\/v2\/media\/57384"}],"wp:attachment":[{"href":"https:\/\/www.istegroup.com\/fr\/wp-json\/wp\/v2\/media?parent=57378"}],"wp:term":[{"taxonomy":"product_brand","embeddable":true,"href":"https:\/\/www.istegroup.com\/fr\/wp-json\/wp\/v2\/product_brand?post=57378"},{"taxonomy":"product_cat","embeddable":true,"href":"https:\/\/www.istegroup.com\/fr\/wp-json\/wp\/v2\/product_cat?post=57378"},{"taxonomy":"product_tag","embeddable":true,"href":"https:\/\/www.istegroup.com\/fr\/wp-json\/wp\/v2\/product_tag?post=57378"}],"curies":[{"name":"wp","href":"https:\/\/api.w.org\/{rel}","templated":true}]}}