{"id":57357,"date":"2024-07-10T09:40:33","date_gmt":"2024-07-10T08:40:33","guid":{"rendered":"https:\/\/www.istegroup.com\/?post_type=product&#038;p=57357"},"modified":"2024-07-15T14:50:18","modified_gmt":"2024-07-15T13:50:18","slug":"le-contexte-en-question","status":"publish","type":"product","link":"https:\/\/www.istegroup.com\/fr\/produit\/le-contexte-en-question\/","title":{"rendered":"Le contexte en question"},"content":{"rendered":"<p>Le mot \u00ab contexte \u00bb d\u00e9signe les contenus conceptuels les plus divers. Une classification globale permet de distinguer deux utilisations diff\u00e9rentes de la notion de contexte : la d\u00e9signation de l\u2019ensemble du texte qui entoure un \u00e9l\u00e9ment de la langue et l\u2019ensemble des circonstances dans lesquelles se produit un fait ou un processus.<\/p>\n<p><em>Le contexte en question<\/em> pr\u00e9sente le \u00ab contexte \u00bb sous tous les aspects pertinents pour les th\u00e9ories du langage. Une approche historique est adopt\u00e9e, elle retrace son \u00e9mergence et \u00e9volution de l\u2019Antiquit\u00e9 \u00e0 nos jours.<\/p>\n<p>Les chapitres de cet ouvrage repr\u00e9sentent des disciplines aussi diverses que la philosophie, la philosophie du langage, la linguistique, la linguistique computationnelle ou l\u2019histoire des sciences du langage, et apportent leur point de vue sur l\u2019objet qu\u2019est le contexte. Les objectifs sont d\u2019expliquer l\u2019importance du contexte \u00e0 travers la signification des signes et des \u00e9nonc\u00e9s linguistiques, ainsi que de pr\u00e9senter l\u2019\u00e9volution de cette compr\u00e9hension sur une longue p\u00e9riode historique.<\/p>","protected":false},"excerpt":{"rendered":"<p>Le mot \u00ab contexte \u00bb d\u00e9signe les contenus conceptuels les plus divers. Une classification globale permet de distinguer deux utilisations diff\u00e9rentes de la notion de contexte : la d\u00e9signation de l\u2019ensemble du texte qui entoure un \u00e9l\u00e9ment de la langue et l\u2019ensemble des circonstances dans lesquelles se produit un fait ou un processus. Le contexte [&hellip;]<\/p>\n","protected":false},"featured_media":57366,"template":"","meta":{"_acf_changed":false,"_links_to":"","_links_to_target":""},"product_brand":[],"product_cat":[3262],"product_tag":[],"class_list":{"0":"post-57357","1":"product","2":"type-product","3":"status-publish","4":"has-post-thumbnail","6":"product_cat-non-classe","8":"first","9":"instock","10":"shipping-taxable","11":"purchasable","12":"product-type-variable"},"acf":[],"yoast_head":"<!-- This site is optimized with the Yoast SEO plugin v27.2 - https:\/\/yoast.com\/product\/yoast-seo-wordpress\/ -->\n<title>Le contexte en question - ISTE Group<\/title>\n<meta name=\"robots\" content=\"index, follow, max-snippet:-1, max-image-preview:large, max-video-preview:-1\" \/>\n<link rel=\"canonical\" href=\"https:\/\/www.istegroup.com\/produit\/le-contexte-en-question\/\" \/>\n<meta property=\"og:locale\" content=\"fr_FR\" \/>\n<meta property=\"og:type\" content=\"article\" \/>\n<meta property=\"og:title\" content=\"Le contexte en question - ISTE Group\" \/>\n<meta property=\"og:description\" content=\"Le mot \u00ab contexte \u00bb d\u00e9signe les contenus conceptuels les plus divers. Une classification globale permet de distinguer deux utilisations diff\u00e9rentes de la notion de contexte : la d\u00e9signation de l\u2019ensemble du texte qui entoure un \u00e9l\u00e9ment de la langue et l\u2019ensemble des circonstances dans lesquelles se produit un fait ou un processus. Le contexte [&hellip;]\" \/>\n<meta property=\"og:url\" content=\"https:\/\/www.istegroup.com\/produit\/le-contexte-en-question\/\" \/>\n<meta property=\"og:site_name\" content=\"ISTE Group\" \/>\n<meta property=\"article:modified_time\" content=\"2024-07-15T13:50:18+00:00\" \/>\n<meta property=\"og:image\" content=\"https:\/\/www.istegroup.com\/wp-content\/uploads\/2024\/07\/Le-context-en-question.png\" \/>\n\t<meta property=\"og:image:width\" content=\"598\" \/>\n\t<meta property=\"og:image:height\" content=\"898\" \/>\n\t<meta property=\"og:image:type\" content=\"image\/png\" \/>\n<meta name=\"twitter:card\" content=\"summary_large_image\" \/>\n<meta name=\"twitter:label1\" content=\"Est. reading time\" \/>\n\t<meta name=\"twitter:data1\" content=\"1 minute\" \/>\n<script type=\"application\/ld+json\" class=\"yoast-schema-graph\">{\"@context\":\"https:\/\/schema.org\",\"@graph\":[{\"@type\":\"WebPage\",\"@id\":\"https:\/\/www.istegroup.com\/produit\/le-contexte-en-question\/\",\"url\":\"https:\/\/www.istegroup.com\/produit\/le-contexte-en-question\/\",\"name\":\"Le contexte en question - ISTE Group\",\"isPartOf\":{\"@id\":\"https:\/\/www.istegroup.com\/#website\"},\"primaryImageOfPage\":{\"@id\":\"https:\/\/www.istegroup.com\/produit\/le-contexte-en-question\/#primaryimage\"},\"image\":{\"@id\":\"https:\/\/www.istegroup.com\/produit\/le-contexte-en-question\/#primaryimage\"},\"thumbnailUrl\":\"https:\/\/www.istegroup.com\/wp-content\/uploads\/2024\/07\/Le-context-en-question.png\",\"datePublished\":\"2024-07-10T08:40:33+00:00\",\"dateModified\":\"2024-07-15T13:50:18+00:00\",\"breadcrumb\":{\"@id\":\"https:\/\/www.istegroup.com\/produit\/le-contexte-en-question\/#breadcrumb\"},\"inLanguage\":\"fr-FR\",\"potentialAction\":[{\"@type\":\"ReadAction\",\"target\":[\"https:\/\/www.istegroup.com\/produit\/le-contexte-en-question\/\"]}]},{\"@type\":\"ImageObject\",\"inLanguage\":\"fr-FR\",\"@id\":\"https:\/\/www.istegroup.com\/produit\/le-contexte-en-question\/#primaryimage\",\"url\":\"https:\/\/www.istegroup.com\/wp-content\/uploads\/2024\/07\/Le-context-en-question.png\",\"contentUrl\":\"https:\/\/www.istegroup.com\/wp-content\/uploads\/2024\/07\/Le-context-en-question.png\",\"width\":598,\"height\":898,\"caption\":\"Livre scientifique - Le context en question\"},{\"@type\":\"BreadcrumbList\",\"@id\":\"https:\/\/www.istegroup.com\/produit\/le-contexte-en-question\/#breadcrumb\",\"itemListElement\":[{\"@type\":\"ListItem\",\"position\":1,\"name\":\"Home\",\"item\":\"https:\/\/www.istegroup.com\/\"},{\"@type\":\"ListItem\",\"position\":2,\"name\":\"Shop\",\"item\":\"https:\/\/www.istegroup.com\/fr\/nouveautes\/\"},{\"@type\":\"ListItem\",\"position\":3,\"name\":\"Le contexte en question\"}]},{\"@type\":\"WebSite\",\"@id\":\"https:\/\/www.istegroup.com\/#website\",\"url\":\"https:\/\/www.istegroup.com\/\",\"name\":\"ISTE Group\",\"description\":\"\u00c9diteur des Sciences\",\"potentialAction\":[{\"@type\":\"SearchAction\",\"target\":{\"@type\":\"EntryPoint\",\"urlTemplate\":\"https:\/\/www.istegroup.com\/?s={search_term_string}\"},\"query-input\":{\"@type\":\"PropertyValueSpecification\",\"valueRequired\":true,\"valueName\":\"search_term_string\"}}],\"inLanguage\":\"fr-FR\"}]}<\/script>\n<!-- \/ Yoast SEO plugin. -->","yoast_head_json":{"title":"Le contexte en question - ISTE Group","robots":{"index":"index","follow":"follow","max-snippet":"max-snippet:-1","max-image-preview":"max-image-preview:large","max-video-preview":"max-video-preview:-1"},"canonical":"https:\/\/www.istegroup.com\/produit\/le-contexte-en-question\/","og_locale":"fr_FR","og_type":"article","og_title":"Le contexte en question - ISTE Group","og_description":"Le mot \u00ab contexte \u00bb d\u00e9signe les contenus conceptuels les plus divers. Une classification globale permet de distinguer deux utilisations diff\u00e9rentes de la notion de contexte : la d\u00e9signation de l\u2019ensemble du texte qui entoure un \u00e9l\u00e9ment de la langue et l\u2019ensemble des circonstances dans lesquelles se produit un fait ou un processus. Le contexte [&hellip;]","og_url":"https:\/\/www.istegroup.com\/produit\/le-contexte-en-question\/","og_site_name":"ISTE Group","article_modified_time":"2024-07-15T13:50:18+00:00","og_image":[{"width":598,"height":898,"url":"https:\/\/www.istegroup.com\/wp-content\/uploads\/2024\/07\/Le-context-en-question.png","type":"image\/png"}],"twitter_card":"summary_large_image","twitter_misc":{"Est. reading time":"1 minute"},"schema":{"@context":"https:\/\/schema.org","@graph":[{"@type":"WebPage","@id":"https:\/\/www.istegroup.com\/produit\/le-contexte-en-question\/","url":"https:\/\/www.istegroup.com\/produit\/le-contexte-en-question\/","name":"Le contexte en question - ISTE Group","isPartOf":{"@id":"https:\/\/www.istegroup.com\/#website"},"primaryImageOfPage":{"@id":"https:\/\/www.istegroup.com\/produit\/le-contexte-en-question\/#primaryimage"},"image":{"@id":"https:\/\/www.istegroup.com\/produit\/le-contexte-en-question\/#primaryimage"},"thumbnailUrl":"https:\/\/www.istegroup.com\/wp-content\/uploads\/2024\/07\/Le-context-en-question.png","datePublished":"2024-07-10T08:40:33+00:00","dateModified":"2024-07-15T13:50:18+00:00","breadcrumb":{"@id":"https:\/\/www.istegroup.com\/produit\/le-contexte-en-question\/#breadcrumb"},"inLanguage":"fr-FR","potentialAction":[{"@type":"ReadAction","target":["https:\/\/www.istegroup.com\/produit\/le-contexte-en-question\/"]}]},{"@type":"ImageObject","inLanguage":"fr-FR","@id":"https:\/\/www.istegroup.com\/produit\/le-contexte-en-question\/#primaryimage","url":"https:\/\/www.istegroup.com\/wp-content\/uploads\/2024\/07\/Le-context-en-question.png","contentUrl":"https:\/\/www.istegroup.com\/wp-content\/uploads\/2024\/07\/Le-context-en-question.png","width":598,"height":898,"caption":"Livre scientifique - Le context en question"},{"@type":"BreadcrumbList","@id":"https:\/\/www.istegroup.com\/produit\/le-contexte-en-question\/#breadcrumb","itemListElement":[{"@type":"ListItem","position":1,"name":"Home","item":"https:\/\/www.istegroup.com\/"},{"@type":"ListItem","position":2,"name":"Shop","item":"https:\/\/www.istegroup.com\/fr\/nouveautes\/"},{"@type":"ListItem","position":3,"name":"Le contexte en question"}]},{"@type":"WebSite","@id":"https:\/\/www.istegroup.com\/#website","url":"https:\/\/www.istegroup.com\/","name":"ISTE Group","description":"\u00c9diteur des Sciences","potentialAction":[{"@type":"SearchAction","target":{"@type":"EntryPoint","urlTemplate":"https:\/\/www.istegroup.com\/?s={search_term_string}"},"query-input":{"@type":"PropertyValueSpecification","valueRequired":true,"valueName":"search_term_string"}}],"inLanguage":"fr-FR"}]}},"_links":{"self":[{"href":"https:\/\/www.istegroup.com\/fr\/wp-json\/wp\/v2\/product\/57357","targetHints":{"allow":["GET"]}}],"collection":[{"href":"https:\/\/www.istegroup.com\/fr\/wp-json\/wp\/v2\/product"}],"about":[{"href":"https:\/\/www.istegroup.com\/fr\/wp-json\/wp\/v2\/types\/product"}],"wp:featuredmedia":[{"embeddable":true,"href":"https:\/\/www.istegroup.com\/fr\/wp-json\/wp\/v2\/media\/57366"}],"wp:attachment":[{"href":"https:\/\/www.istegroup.com\/fr\/wp-json\/wp\/v2\/media?parent=57357"}],"wp:term":[{"taxonomy":"product_brand","embeddable":true,"href":"https:\/\/www.istegroup.com\/fr\/wp-json\/wp\/v2\/product_brand?post=57357"},{"taxonomy":"product_cat","embeddable":true,"href":"https:\/\/www.istegroup.com\/fr\/wp-json\/wp\/v2\/product_cat?post=57357"},{"taxonomy":"product_tag","embeddable":true,"href":"https:\/\/www.istegroup.com\/fr\/wp-json\/wp\/v2\/product_tag?post=57357"}],"curies":[{"name":"wp","href":"https:\/\/api.w.org\/{rel}","templated":true}]}}