{"id":57188,"date":"2024-06-25T12:00:37","date_gmt":"2024-06-25T11:00:37","guid":{"rendered":"https:\/\/www.istegroup.com\/?post_type=product&#038;p=57188"},"modified":"2025-01-03T10:55:36","modified_gmt":"2025-01-03T10:55:36","slug":"rayonnement-x-et-structures-de-bragg-artificielles","status":"publish","type":"product","link":"https:\/\/www.istegroup.com\/fr\/produit\/rayonnement-x-et-structures-de-bragg-artificielles\/","title":{"rendered":"Rayonnement X et structures de Bragg artificielles"},"content":{"rendered":"<p>Les structures de Bragg artificielles (SBA) \u00e9tudi\u00e9es dans cet ouvrage ont r\u00e9volutionn\u00e9 l\u2019optique des rayons X. Elles reposent sur des empilements (quasi) p\u00e9riodiques de couches minces \u00e0 l\u2019\u00e9chelle nanom\u00e9trique avec des p\u00e9riodes voisines de la longueur d\u2019onde du rayonnement.<\/p>\n<p><em>Rayonnement X et structures de Bragg artificielles<\/em> pr\u00e9sente les prol\u00e9gom\u00e8nes historiques relatifs aux sources de rayons X et au d\u00e9veloppement initial des SBA. Il analyse la mod\u00e9lisation des caract\u00e9ristiques et des performances des SBA et leur optimisation. Les m\u00e9thodes matricielles et r\u00e9cursives, la th\u00e9orie des ondes coupl\u00e9es et la th\u00e9orie de la diffusion sont expos\u00e9es. Cet ouvrage \u00e9tudie \u00e9galement les SBA comme si\u00e8ges de ph\u00e9nom\u00e8nes particuliers, quantiques, magn\u00e9tooptiques. Il traite de l\u2019application des SBA ainsi que des d\u00e9veloppements prometteurs de la lithographie EUV et de la r\u00e9alisation de nouvelles sources de rayonnement X. Enfin, il pr\u00e9sente les perspectives offertes dans un futur proche par les SBA, en particulier dans le domaine des sources coh\u00e9rentes et du laser X.<\/p>","protected":false},"excerpt":{"rendered":"<p>Les structures de Bragg artificielles (SBA) \u00e9tudi\u00e9es dans cet ouvrage ont r\u00e9volutionn\u00e9 l\u2019optique des rayons X. Elles reposent sur des empilements (quasi) p\u00e9riodiques de couches minces \u00e0 l\u2019\u00e9chelle nanom\u00e9trique avec des p\u00e9riodes voisines de la longueur d\u2019onde du rayonnement. Rayonnement X et structures de Bragg artificielles pr\u00e9sente les prol\u00e9gom\u00e8nes historiques relatifs aux sources de rayons [&hellip;]<\/p>\n","protected":false},"featured_media":57205,"template":"","meta":{"_acf_changed":false,"_links_to":"","_links_to_target":""},"product_brand":[],"product_cat":[4289],"product_tag":[],"class_list":{"0":"post-57188","1":"product","2":"type-product","3":"status-publish","4":"has-post-thumbnail","6":"product_cat-sciences","8":"first","9":"instock","10":"shipping-taxable","11":"purchasable","12":"product-type-variable"},"acf":[],"yoast_head":"<!-- This site is optimized with the Yoast SEO plugin v27.2 - https:\/\/yoast.com\/product\/yoast-seo-wordpress\/ -->\n<title>Rayonnement X et structures de Bragg artificielles - ISTE Group<\/title>\n<meta name=\"description\" content=\"Rayonnement X et structures de Bragg artificielles pr\u00e9sente les prol\u00e9gom\u00e8nes historiques relatifs aux sources de rayons X et au d\u00e9veloppement initial des SBA.\" \/>\n<meta name=\"robots\" content=\"index, follow, max-snippet:-1, max-image-preview:large, max-video-preview:-1\" \/>\n<link rel=\"canonical\" href=\"https:\/\/www.istegroup.com\/produit\/rayonnement-x-et-structures-de-bragg-artificielles\/\" \/>\n<meta property=\"og:locale\" content=\"fr_FR\" \/>\n<meta property=\"og:type\" content=\"article\" \/>\n<meta property=\"og:title\" content=\"Rayonnement X et structures de Bragg artificielles - ISTE Group\" \/>\n<meta property=\"og:description\" content=\"Rayonnement X et structures de Bragg artificielles pr\u00e9sente les prol\u00e9gom\u00e8nes historiques relatifs aux sources de rayons X et au d\u00e9veloppement initial des SBA.\" \/>\n<meta property=\"og:url\" content=\"https:\/\/www.istegroup.com\/produit\/rayonnement-x-et-structures-de-bragg-artificielles\/\" \/>\n<meta property=\"og:site_name\" content=\"ISTE Group\" \/>\n<meta property=\"article:modified_time\" content=\"2025-01-03T10:55:36+00:00\" \/>\n<meta property=\"og:image\" content=\"https:\/\/www.istegroup.com\/wp-content\/uploads\/2023\/06\/Rayonnement-X-et-structures-de-Bragg-artificielles.jpeg\" \/>\n\t<meta property=\"og:image:width\" content=\"300\" \/>\n\t<meta property=\"og:image:height\" content=\"450\" \/>\n\t<meta property=\"og:image:type\" content=\"image\/jpeg\" \/>\n<meta name=\"twitter:card\" content=\"summary_large_image\" \/>\n<meta name=\"twitter:label1\" content=\"Est. reading time\" \/>\n\t<meta name=\"twitter:data1\" content=\"2 minutes\" \/>\n<script type=\"application\/ld+json\" class=\"yoast-schema-graph\">{\"@context\":\"https:\/\/schema.org\",\"@graph\":[{\"@type\":\"WebPage\",\"@id\":\"https:\/\/www.istegroup.com\/produit\/rayonnement-x-et-structures-de-bragg-artificielles\/\",\"url\":\"https:\/\/www.istegroup.com\/produit\/rayonnement-x-et-structures-de-bragg-artificielles\/\",\"name\":\"Rayonnement X et structures de Bragg artificielles - ISTE Group\",\"isPartOf\":{\"@id\":\"https:\/\/www.istegroup.com\/#website\"},\"primaryImageOfPage\":{\"@id\":\"https:\/\/www.istegroup.com\/produit\/rayonnement-x-et-structures-de-bragg-artificielles\/#primaryimage\"},\"image\":{\"@id\":\"https:\/\/www.istegroup.com\/produit\/rayonnement-x-et-structures-de-bragg-artificielles\/#primaryimage\"},\"thumbnailUrl\":\"https:\/\/www.istegroup.com\/wp-content\/uploads\/2023\/06\/Rayonnement-X-et-structures-de-Bragg-artificielles.jpeg\",\"datePublished\":\"2024-06-25T11:00:37+00:00\",\"dateModified\":\"2025-01-03T10:55:36+00:00\",\"description\":\"Rayonnement X et structures de Bragg artificielles pr\u00e9sente les prol\u00e9gom\u00e8nes historiques relatifs aux sources de rayons X et au d\u00e9veloppement initial des SBA.\",\"breadcrumb\":{\"@id\":\"https:\/\/www.istegroup.com\/produit\/rayonnement-x-et-structures-de-bragg-artificielles\/#breadcrumb\"},\"inLanguage\":\"fr-FR\",\"potentialAction\":[{\"@type\":\"ReadAction\",\"target\":[\"https:\/\/www.istegroup.com\/produit\/rayonnement-x-et-structures-de-bragg-artificielles\/\"]}]},{\"@type\":\"ImageObject\",\"inLanguage\":\"fr-FR\",\"@id\":\"https:\/\/www.istegroup.com\/produit\/rayonnement-x-et-structures-de-bragg-artificielles\/#primaryimage\",\"url\":\"https:\/\/www.istegroup.com\/wp-content\/uploads\/2023\/06\/Rayonnement-X-et-structures-de-Bragg-artificielles.jpeg\",\"contentUrl\":\"https:\/\/www.istegroup.com\/wp-content\/uploads\/2023\/06\/Rayonnement-X-et-structures-de-Bragg-artificielles.jpeg\",\"width\":300,\"height\":450,\"caption\":\"Livre scientifique - Rayonnement X et structures de Bragg artificielles\"},{\"@type\":\"BreadcrumbList\",\"@id\":\"https:\/\/www.istegroup.com\/produit\/rayonnement-x-et-structures-de-bragg-artificielles\/#breadcrumb\",\"itemListElement\":[{\"@type\":\"ListItem\",\"position\":1,\"name\":\"Home\",\"item\":\"https:\/\/www.istegroup.com\/\"},{\"@type\":\"ListItem\",\"position\":2,\"name\":\"Shop\",\"item\":\"https:\/\/www.istegroup.com\/fr\/nouveautes\/\"},{\"@type\":\"ListItem\",\"position\":3,\"name\":\"Rayonnement X et structures de Bragg artificielles\"}]},{\"@type\":\"WebSite\",\"@id\":\"https:\/\/www.istegroup.com\/#website\",\"url\":\"https:\/\/www.istegroup.com\/\",\"name\":\"ISTE Group\",\"description\":\"\u00c9diteur des Sciences\",\"potentialAction\":[{\"@type\":\"SearchAction\",\"target\":{\"@type\":\"EntryPoint\",\"urlTemplate\":\"https:\/\/www.istegroup.com\/?s={search_term_string}\"},\"query-input\":{\"@type\":\"PropertyValueSpecification\",\"valueRequired\":true,\"valueName\":\"search_term_string\"}}],\"inLanguage\":\"fr-FR\"}]}<\/script>\n<!-- \/ Yoast SEO plugin. -->","yoast_head_json":{"title":"Rayonnement X et structures de Bragg artificielles - ISTE Group","description":"Rayonnement X et structures de Bragg artificielles pr\u00e9sente les prol\u00e9gom\u00e8nes historiques relatifs aux sources de rayons X et au d\u00e9veloppement initial des SBA.","robots":{"index":"index","follow":"follow","max-snippet":"max-snippet:-1","max-image-preview":"max-image-preview:large","max-video-preview":"max-video-preview:-1"},"canonical":"https:\/\/www.istegroup.com\/produit\/rayonnement-x-et-structures-de-bragg-artificielles\/","og_locale":"fr_FR","og_type":"article","og_title":"Rayonnement X et structures de Bragg artificielles - ISTE Group","og_description":"Rayonnement X et structures de Bragg artificielles pr\u00e9sente les prol\u00e9gom\u00e8nes historiques relatifs aux sources de rayons X et au d\u00e9veloppement initial des SBA.","og_url":"https:\/\/www.istegroup.com\/produit\/rayonnement-x-et-structures-de-bragg-artificielles\/","og_site_name":"ISTE Group","article_modified_time":"2025-01-03T10:55:36+00:00","og_image":[{"width":300,"height":450,"url":"https:\/\/www.istegroup.com\/wp-content\/uploads\/2023\/06\/Rayonnement-X-et-structures-de-Bragg-artificielles.jpeg","type":"image\/jpeg"}],"twitter_card":"summary_large_image","twitter_misc":{"Est. reading time":"2 minutes"},"schema":{"@context":"https:\/\/schema.org","@graph":[{"@type":"WebPage","@id":"https:\/\/www.istegroup.com\/produit\/rayonnement-x-et-structures-de-bragg-artificielles\/","url":"https:\/\/www.istegroup.com\/produit\/rayonnement-x-et-structures-de-bragg-artificielles\/","name":"Rayonnement X et structures de Bragg artificielles - ISTE Group","isPartOf":{"@id":"https:\/\/www.istegroup.com\/#website"},"primaryImageOfPage":{"@id":"https:\/\/www.istegroup.com\/produit\/rayonnement-x-et-structures-de-bragg-artificielles\/#primaryimage"},"image":{"@id":"https:\/\/www.istegroup.com\/produit\/rayonnement-x-et-structures-de-bragg-artificielles\/#primaryimage"},"thumbnailUrl":"https:\/\/www.istegroup.com\/wp-content\/uploads\/2023\/06\/Rayonnement-X-et-structures-de-Bragg-artificielles.jpeg","datePublished":"2024-06-25T11:00:37+00:00","dateModified":"2025-01-03T10:55:36+00:00","description":"Rayonnement X et structures de Bragg artificielles pr\u00e9sente les prol\u00e9gom\u00e8nes historiques relatifs aux sources de rayons X et au d\u00e9veloppement initial des SBA.","breadcrumb":{"@id":"https:\/\/www.istegroup.com\/produit\/rayonnement-x-et-structures-de-bragg-artificielles\/#breadcrumb"},"inLanguage":"fr-FR","potentialAction":[{"@type":"ReadAction","target":["https:\/\/www.istegroup.com\/produit\/rayonnement-x-et-structures-de-bragg-artificielles\/"]}]},{"@type":"ImageObject","inLanguage":"fr-FR","@id":"https:\/\/www.istegroup.com\/produit\/rayonnement-x-et-structures-de-bragg-artificielles\/#primaryimage","url":"https:\/\/www.istegroup.com\/wp-content\/uploads\/2023\/06\/Rayonnement-X-et-structures-de-Bragg-artificielles.jpeg","contentUrl":"https:\/\/www.istegroup.com\/wp-content\/uploads\/2023\/06\/Rayonnement-X-et-structures-de-Bragg-artificielles.jpeg","width":300,"height":450,"caption":"Livre scientifique - Rayonnement X et structures de Bragg artificielles"},{"@type":"BreadcrumbList","@id":"https:\/\/www.istegroup.com\/produit\/rayonnement-x-et-structures-de-bragg-artificielles\/#breadcrumb","itemListElement":[{"@type":"ListItem","position":1,"name":"Home","item":"https:\/\/www.istegroup.com\/"},{"@type":"ListItem","position":2,"name":"Shop","item":"https:\/\/www.istegroup.com\/fr\/nouveautes\/"},{"@type":"ListItem","position":3,"name":"Rayonnement X et structures de Bragg artificielles"}]},{"@type":"WebSite","@id":"https:\/\/www.istegroup.com\/#website","url":"https:\/\/www.istegroup.com\/","name":"ISTE Group","description":"\u00c9diteur des Sciences","potentialAction":[{"@type":"SearchAction","target":{"@type":"EntryPoint","urlTemplate":"https:\/\/www.istegroup.com\/?s={search_term_string}"},"query-input":{"@type":"PropertyValueSpecification","valueRequired":true,"valueName":"search_term_string"}}],"inLanguage":"fr-FR"}]}},"_links":{"self":[{"href":"https:\/\/www.istegroup.com\/fr\/wp-json\/wp\/v2\/product\/57188","targetHints":{"allow":["GET"]}}],"collection":[{"href":"https:\/\/www.istegroup.com\/fr\/wp-json\/wp\/v2\/product"}],"about":[{"href":"https:\/\/www.istegroup.com\/fr\/wp-json\/wp\/v2\/types\/product"}],"wp:featuredmedia":[{"embeddable":true,"href":"https:\/\/www.istegroup.com\/fr\/wp-json\/wp\/v2\/media\/57205"}],"wp:attachment":[{"href":"https:\/\/www.istegroup.com\/fr\/wp-json\/wp\/v2\/media?parent=57188"}],"wp:term":[{"taxonomy":"product_brand","embeddable":true,"href":"https:\/\/www.istegroup.com\/fr\/wp-json\/wp\/v2\/product_brand?post=57188"},{"taxonomy":"product_cat","embeddable":true,"href":"https:\/\/www.istegroup.com\/fr\/wp-json\/wp\/v2\/product_cat?post=57188"},{"taxonomy":"product_tag","embeddable":true,"href":"https:\/\/www.istegroup.com\/fr\/wp-json\/wp\/v2\/product_tag?post=57188"}],"curies":[{"name":"wp","href":"https:\/\/api.w.org\/{rel}","templated":true}]}}