{"id":56578,"date":"2024-05-07T10:09:53","date_gmt":"2024-05-07T09:09:53","guid":{"rendered":"https:\/\/www.istegroup.com\/?post_type=product&#038;p=56578"},"modified":"2025-03-14T10:07:32","modified_gmt":"2025-03-14T10:07:32","slug":"economie-de-la-fonctionnalite","status":"publish","type":"product","link":"https:\/\/www.istegroup.com\/fr\/produit\/economie-de-la-fonctionnalite\/","title":{"rendered":"\u00c9conomie de la fonctionnalit\u00e9"},"content":{"rendered":"<p>L\u2019\u00e9conomie de (la) fonctionnalit\u00e9 est un concept souvent associ\u00e9 \u00e0 la transition \u00e9cologique et au d\u00e9veloppement durable. Il privil\u00e9gie l\u2019usage plut\u00f4t que la vente d\u2019un service ou d\u2019un bien, et tend \u00e0 favoriser la coop\u00e9ration. Ce mod\u00e8le facilite la transition vers un environnement \u00e9conomique et social plus \u00e9cologique et \u00e9quitable.<\/p>\n<p>Cet ouvrage pr\u00e9sente les diff\u00e9rentes approches de l\u2019\u00e9conomie de (la) fonctionnalit\u00e9 et la mani\u00e8re dont les divers acteurs (entreprises, institutions publiques, citoyens) se les approprient par l\u2019innovation. Ces derni\u00e8res, en fonction de leur degr\u00e9 de soutenabilit\u00e9 et de leur ampleur, peuvent avoir d\u2019importants impacts \u00e9conomiques, sociaux et environnementaux. Ainsi, les acteurs de l\u2019innovation doivent \u00eatre accompagn\u00e9s au plus pr\u00e8s, notamment au niveau territorial, pour surmonter les difficult\u00e9s rencontr\u00e9es et b\u00e9n\u00e9ficier des transformations port\u00e9es par le mod\u00e8le socio-\u00e9conomique que sous-tend la fonctionnalit\u00e9.<\/p>","protected":false},"excerpt":{"rendered":"<p>L\u2019\u00e9conomie de (la) fonctionnalit\u00e9 est un concept souvent associ\u00e9 \u00e0 la transition \u00e9cologique et au d\u00e9veloppement durable. Il privil\u00e9gie l\u2019usage plut\u00f4t que la vente d\u2019un service ou d\u2019un bien, et tend \u00e0 favoriser la coop\u00e9ration. Ce mod\u00e8le facilite la transition vers un environnement \u00e9conomique et social plus \u00e9cologique et \u00e9quitable. Cet ouvrage pr\u00e9sente les diff\u00e9rentes [&hellip;]<\/p>\n","protected":false},"featured_media":56587,"template":"","meta":{"_acf_changed":false,"_links_to":"","_links_to_target":""},"product_brand":[],"product_cat":[670],"product_tag":[],"class_list":{"0":"post-56578","1":"product","2":"type-product","3":"status-publish","4":"has-post-thumbnail","6":"product_cat-innovation-entrepreneuriat-et-gestion-11041751","8":"first","9":"instock","10":"shipping-taxable","11":"purchasable","12":"product-type-variable"},"acf":[],"yoast_head":"<!-- This site is optimized with the Yoast SEO plugin v27.2 - https:\/\/yoast.com\/product\/yoast-seo-wordpress\/ -->\n<title>\u00c9conomie de la fonctionnalit\u00e9 - ISTE Group<\/title>\n<meta name=\"description\" content=\"L\u2019\u00e9conomie de (la) fonctionnalit\u00e9 est un concept souvent associ\u00e9 \u00e0 la transition \u00e9cologique et au d\u00e9veloppement durable. Il privil\u00e9gie l\u2019usage plut\u00f4t que la vente d\u2019un service ou d\u2019un bien, et tend \u00e0 favoriser la coop\u00e9ration.\" \/>\n<meta name=\"robots\" content=\"index, follow, max-snippet:-1, max-image-preview:large, max-video-preview:-1\" \/>\n<link rel=\"canonical\" href=\"https:\/\/www.istegroup.com\/produit\/economie-de-la-fonctionnalite\/\" \/>\n<meta property=\"og:locale\" content=\"fr_FR\" \/>\n<meta property=\"og:type\" content=\"article\" \/>\n<meta property=\"og:title\" content=\"\u00c9conomie de la fonctionnalit\u00e9 - ISTE Group\" \/>\n<meta property=\"og:description\" content=\"L\u2019\u00e9conomie de (la) fonctionnalit\u00e9 est un concept souvent associ\u00e9 \u00e0 la transition \u00e9cologique et au d\u00e9veloppement durable. Il privil\u00e9gie l\u2019usage plut\u00f4t que la vente d\u2019un service ou d\u2019un bien, et tend \u00e0 favoriser la coop\u00e9ration.\" \/>\n<meta property=\"og:url\" content=\"https:\/\/www.istegroup.com\/produit\/economie-de-la-fonctionnalite\/\" \/>\n<meta property=\"og:site_name\" content=\"ISTE Group\" \/>\n<meta property=\"article:modified_time\" content=\"2025-03-14T10:07:32+00:00\" \/>\n<meta property=\"og:image\" content=\"https:\/\/www.istegroup.com\/wp-content\/uploads\/2024\/05\/Economie-de-la-fonctionnalite.png\" \/>\n\t<meta property=\"og:image:width\" content=\"597\" \/>\n\t<meta property=\"og:image:height\" content=\"897\" \/>\n\t<meta property=\"og:image:type\" content=\"image\/png\" \/>\n<meta name=\"twitter:card\" content=\"summary_large_image\" \/>\n<meta name=\"twitter:label1\" content=\"Est. reading time\" \/>\n\t<meta name=\"twitter:data1\" content=\"1 minute\" \/>\n<script type=\"application\/ld+json\" class=\"yoast-schema-graph\">{\"@context\":\"https:\/\/schema.org\",\"@graph\":[{\"@type\":\"WebPage\",\"@id\":\"https:\/\/www.istegroup.com\/produit\/economie-de-la-fonctionnalite\/\",\"url\":\"https:\/\/www.istegroup.com\/produit\/economie-de-la-fonctionnalite\/\",\"name\":\"\u00c9conomie de la fonctionnalit\u00e9 - ISTE Group\",\"isPartOf\":{\"@id\":\"https:\/\/www.istegroup.com\/#website\"},\"primaryImageOfPage\":{\"@id\":\"https:\/\/www.istegroup.com\/produit\/economie-de-la-fonctionnalite\/#primaryimage\"},\"image\":{\"@id\":\"https:\/\/www.istegroup.com\/produit\/economie-de-la-fonctionnalite\/#primaryimage\"},\"thumbnailUrl\":\"https:\/\/www.istegroup.com\/wp-content\/uploads\/2024\/05\/Economie-de-la-fonctionnalite.png\",\"datePublished\":\"2024-05-07T09:09:53+00:00\",\"dateModified\":\"2025-03-14T10:07:32+00:00\",\"description\":\"L\u2019\u00e9conomie de (la) fonctionnalit\u00e9 est un concept souvent associ\u00e9 \u00e0 la transition \u00e9cologique et au d\u00e9veloppement durable. Il privil\u00e9gie l\u2019usage plut\u00f4t que la vente d\u2019un service ou d\u2019un bien, et tend \u00e0 favoriser la coop\u00e9ration.\",\"breadcrumb\":{\"@id\":\"https:\/\/www.istegroup.com\/produit\/economie-de-la-fonctionnalite\/#breadcrumb\"},\"inLanguage\":\"fr-FR\",\"potentialAction\":[{\"@type\":\"ReadAction\",\"target\":[\"https:\/\/www.istegroup.com\/produit\/economie-de-la-fonctionnalite\/\"]}]},{\"@type\":\"ImageObject\",\"inLanguage\":\"fr-FR\",\"@id\":\"https:\/\/www.istegroup.com\/produit\/economie-de-la-fonctionnalite\/#primaryimage\",\"url\":\"https:\/\/www.istegroup.com\/wp-content\/uploads\/2024\/05\/Economie-de-la-fonctionnalite.png\",\"contentUrl\":\"https:\/\/www.istegroup.com\/wp-content\/uploads\/2024\/05\/Economie-de-la-fonctionnalite.png\",\"width\":597,\"height\":897,\"caption\":\"Livre scientifique - \u00c9conomie de la fonctionnalit\u00e9\"},{\"@type\":\"BreadcrumbList\",\"@id\":\"https:\/\/www.istegroup.com\/produit\/economie-de-la-fonctionnalite\/#breadcrumb\",\"itemListElement\":[{\"@type\":\"ListItem\",\"position\":1,\"name\":\"Home\",\"item\":\"https:\/\/www.istegroup.com\/\"},{\"@type\":\"ListItem\",\"position\":2,\"name\":\"Shop\",\"item\":\"https:\/\/www.istegroup.com\/fr\/nouveautes\/\"},{\"@type\":\"ListItem\",\"position\":3,\"name\":\"\u00c9conomie de la fonctionnalit\u00e9\"}]},{\"@type\":\"WebSite\",\"@id\":\"https:\/\/www.istegroup.com\/#website\",\"url\":\"https:\/\/www.istegroup.com\/\",\"name\":\"ISTE Group\",\"description\":\"\u00c9diteur des Sciences\",\"potentialAction\":[{\"@type\":\"SearchAction\",\"target\":{\"@type\":\"EntryPoint\",\"urlTemplate\":\"https:\/\/www.istegroup.com\/?s={search_term_string}\"},\"query-input\":{\"@type\":\"PropertyValueSpecification\",\"valueRequired\":true,\"valueName\":\"search_term_string\"}}],\"inLanguage\":\"fr-FR\"}]}<\/script>\n<!-- \/ Yoast SEO plugin. -->","yoast_head_json":{"title":"\u00c9conomie de la fonctionnalit\u00e9 - ISTE Group","description":"L\u2019\u00e9conomie de (la) fonctionnalit\u00e9 est un concept souvent associ\u00e9 \u00e0 la transition \u00e9cologique et au d\u00e9veloppement durable. Il privil\u00e9gie l\u2019usage plut\u00f4t que la vente d\u2019un service ou d\u2019un bien, et tend \u00e0 favoriser la coop\u00e9ration.","robots":{"index":"index","follow":"follow","max-snippet":"max-snippet:-1","max-image-preview":"max-image-preview:large","max-video-preview":"max-video-preview:-1"},"canonical":"https:\/\/www.istegroup.com\/produit\/economie-de-la-fonctionnalite\/","og_locale":"fr_FR","og_type":"article","og_title":"\u00c9conomie de la fonctionnalit\u00e9 - ISTE Group","og_description":"L\u2019\u00e9conomie de (la) fonctionnalit\u00e9 est un concept souvent associ\u00e9 \u00e0 la transition \u00e9cologique et au d\u00e9veloppement durable. Il privil\u00e9gie l\u2019usage plut\u00f4t que la vente d\u2019un service ou d\u2019un bien, et tend \u00e0 favoriser la coop\u00e9ration.","og_url":"https:\/\/www.istegroup.com\/produit\/economie-de-la-fonctionnalite\/","og_site_name":"ISTE Group","article_modified_time":"2025-03-14T10:07:32+00:00","og_image":[{"width":597,"height":897,"url":"https:\/\/www.istegroup.com\/wp-content\/uploads\/2024\/05\/Economie-de-la-fonctionnalite.png","type":"image\/png"}],"twitter_card":"summary_large_image","twitter_misc":{"Est. reading time":"1 minute"},"schema":{"@context":"https:\/\/schema.org","@graph":[{"@type":"WebPage","@id":"https:\/\/www.istegroup.com\/produit\/economie-de-la-fonctionnalite\/","url":"https:\/\/www.istegroup.com\/produit\/economie-de-la-fonctionnalite\/","name":"\u00c9conomie de la fonctionnalit\u00e9 - ISTE Group","isPartOf":{"@id":"https:\/\/www.istegroup.com\/#website"},"primaryImageOfPage":{"@id":"https:\/\/www.istegroup.com\/produit\/economie-de-la-fonctionnalite\/#primaryimage"},"image":{"@id":"https:\/\/www.istegroup.com\/produit\/economie-de-la-fonctionnalite\/#primaryimage"},"thumbnailUrl":"https:\/\/www.istegroup.com\/wp-content\/uploads\/2024\/05\/Economie-de-la-fonctionnalite.png","datePublished":"2024-05-07T09:09:53+00:00","dateModified":"2025-03-14T10:07:32+00:00","description":"L\u2019\u00e9conomie de (la) fonctionnalit\u00e9 est un concept souvent associ\u00e9 \u00e0 la transition \u00e9cologique et au d\u00e9veloppement durable. Il privil\u00e9gie l\u2019usage plut\u00f4t que la vente d\u2019un service ou d\u2019un bien, et tend \u00e0 favoriser la coop\u00e9ration.","breadcrumb":{"@id":"https:\/\/www.istegroup.com\/produit\/economie-de-la-fonctionnalite\/#breadcrumb"},"inLanguage":"fr-FR","potentialAction":[{"@type":"ReadAction","target":["https:\/\/www.istegroup.com\/produit\/economie-de-la-fonctionnalite\/"]}]},{"@type":"ImageObject","inLanguage":"fr-FR","@id":"https:\/\/www.istegroup.com\/produit\/economie-de-la-fonctionnalite\/#primaryimage","url":"https:\/\/www.istegroup.com\/wp-content\/uploads\/2024\/05\/Economie-de-la-fonctionnalite.png","contentUrl":"https:\/\/www.istegroup.com\/wp-content\/uploads\/2024\/05\/Economie-de-la-fonctionnalite.png","width":597,"height":897,"caption":"Livre scientifique - \u00c9conomie de la fonctionnalit\u00e9"},{"@type":"BreadcrumbList","@id":"https:\/\/www.istegroup.com\/produit\/economie-de-la-fonctionnalite\/#breadcrumb","itemListElement":[{"@type":"ListItem","position":1,"name":"Home","item":"https:\/\/www.istegroup.com\/"},{"@type":"ListItem","position":2,"name":"Shop","item":"https:\/\/www.istegroup.com\/fr\/nouveautes\/"},{"@type":"ListItem","position":3,"name":"\u00c9conomie de la fonctionnalit\u00e9"}]},{"@type":"WebSite","@id":"https:\/\/www.istegroup.com\/#website","url":"https:\/\/www.istegroup.com\/","name":"ISTE Group","description":"\u00c9diteur des Sciences","potentialAction":[{"@type":"SearchAction","target":{"@type":"EntryPoint","urlTemplate":"https:\/\/www.istegroup.com\/?s={search_term_string}"},"query-input":{"@type":"PropertyValueSpecification","valueRequired":true,"valueName":"search_term_string"}}],"inLanguage":"fr-FR"}]}},"_links":{"self":[{"href":"https:\/\/www.istegroup.com\/fr\/wp-json\/wp\/v2\/product\/56578","targetHints":{"allow":["GET"]}}],"collection":[{"href":"https:\/\/www.istegroup.com\/fr\/wp-json\/wp\/v2\/product"}],"about":[{"href":"https:\/\/www.istegroup.com\/fr\/wp-json\/wp\/v2\/types\/product"}],"wp:featuredmedia":[{"embeddable":true,"href":"https:\/\/www.istegroup.com\/fr\/wp-json\/wp\/v2\/media\/56587"}],"wp:attachment":[{"href":"https:\/\/www.istegroup.com\/fr\/wp-json\/wp\/v2\/media?parent=56578"}],"wp:term":[{"taxonomy":"product_brand","embeddable":true,"href":"https:\/\/www.istegroup.com\/fr\/wp-json\/wp\/v2\/product_brand?post=56578"},{"taxonomy":"product_cat","embeddable":true,"href":"https:\/\/www.istegroup.com\/fr\/wp-json\/wp\/v2\/product_cat?post=56578"},{"taxonomy":"product_tag","embeddable":true,"href":"https:\/\/www.istegroup.com\/fr\/wp-json\/wp\/v2\/product_tag?post=56578"}],"curies":[{"name":"wp","href":"https:\/\/api.w.org\/{rel}","templated":true}]}}