{"id":565,"date":"2017-07-28T15:04:41","date_gmt":"2017-07-28T13:04:41","guid":{"rendered":"https:\/\/iste.yhello.co\/product\/rayons-x-et-matiere-4\/"},"modified":"2024-01-03T13:40:36","modified_gmt":"2024-01-03T13:40:36","slug":"rayons-x-et-matiere-4","status":"publish","type":"product","link":"https:\/\/www.istegroup.com\/fr\/produit\/rayons-x-et-matiere-4\/","title":{"rendered":"Rayons X et Mati\u00e8re 4"},"content":{"rendered":"<p>P\u00e9dagogiques, les ouvrages\u00a0<em>Rayons X et Mati\u00e8re<\/em>\u00a0proposent une synth\u00e8se compl\u00e8te, aussi bien au niveau des instruments, de la m\u00e9thodologie, des applications ou des travaux dans lesquels l&rsquo;interaction entre les rayons X et la mati\u00e8re condens\u00e9e est mise en \u0153uvre.<\/p>\n<p><em>Rayons X et Mati\u00e8re 4<\/em>\u00a0est fortement ax\u00e9 sur l\u2019utilisation du rayonnement synchrotron, outil puissant tr\u00e8s largement utilis\u00e9 par des communaut\u00e9s scientifiques pluridisciplinaires pour l\u2019exploration de la mati\u00e8re dans de nouvelles directions. Cette quatri\u00e8me \u00e9dition traite de mani\u00e8re g\u00e9n\u00e9rale ou dans le cadre de mises en \u0153uvre tr\u00e8s sp\u00e9cifiques, des sources de rayons X, de la diffraction, de la diffusion, de l\u2019absorption et de la tomographie appliqu\u00e9es \u00e0 des domaines tr\u00e8s vari\u00e9s.<\/p>\n<p>R\u00e9dig\u00e9 par des sp\u00e9cialistes de renom, ce livre est issu des conf\u00e9rences invit\u00e9es qui ont \u00e9t\u00e9 pr\u00e9sent\u00e9es lors du colloque \u00ab Rayons X et mati\u00e8re \u2013 RX2011 \u00bb.<\/p>\n","protected":false},"excerpt":{"rendered":"<p>P\u00e9dagogiques, les ouvrages\u00a0Rayons X et Mati\u00e8re\u00a0proposent une synth\u00e8se compl\u00e8te, aussi bien au niveau des instruments, de la m\u00e9thodologie, des applications ou des travaux dans lesquels l&rsquo;interaction entre les rayons X et la mati\u00e8re condens\u00e9e est mise en \u0153uvre. Rayons X et Mati\u00e8re 4\u00a0est fortement ax\u00e9 sur l\u2019utilisation du rayonnement synchrotron, outil puissant tr\u00e8s largement utilis\u00e9 [&hellip;]<\/p>\n","protected":false},"featured_media":566,"template":"","meta":{"_acf_changed":false,"_links_to":"","_links_to_target":""},"product_brand":[],"product_cat":[680],"product_tag":[2179,31,196,2180,2181,197,198,199,21,200,22,201,203,204,63,25,172,209,2182,212,38,192,145,28,2183,2184,2185,2186,2187,2188,2189,2190,2191,2192,2193,2194,2195],"class_list":{"0":"post-565","1":"product","2":"type-product","3":"status-publish","4":"has-post-thumbnail","6":"product_cat-science-des-matriaux-14420497","7":"product_tag-contaminants-metalliques","8":"product_tag-ebook","9":"product_tag-ebooks","10":"product_tag-guinebretiere","11":"product_tag-ions-oxyde","12":"product_tag-iste","13":"product_tag-iste-edition","14":"product_tag-iste-editions","15":"product_tag-iste-group","16":"product_tag-isteedition","17":"product_tag-istegroup","18":"product_tag-kindle","19":"product_tag-liseuse","20":"product_tag-livre","21":"product_tag-livre-electronique","22":"product_tag-livre-numerique","23":"product_tag-livre-scientifique","24":"product_tag-livres-scientifiques","25":"product_tag-matiere-4","26":"product_tag-ouvrage","27":"product_tag-ouvrage-numerique","28":"product_tag-ouvrage-science","29":"product_tag-ouvrage-scientifique","30":"product_tag-ouvrage-scientifique-francais","31":"product_tag-philippe-goudeau","32":"product_tag-rayonnement-synchrotron","33":"product_tag-rayons-x","34":"product_tag-rayons-x-et-matiere","35":"product_tag-rayons-x-et-matiere-4","36":"product_tag-rene-guinebretiere","37":"product_tag-rx-2011","38":"product_tag-science-des-materiaux","39":"product_tag-sources-de-rayons-x","40":"product_tag-technique-synchrotron","41":"product_tag-textures-de-recristallisation","42":"product_tag-tomographie","43":"product_tag-tomographie-appliquees","45":"first","46":"instock","47":"shipping-taxable","48":"purchasable","49":"product-type-variable"},"acf":[],"yoast_head":"<!-- This site is optimized with the Yoast SEO plugin v27.2 - https:\/\/yoast.com\/product\/yoast-seo-wordpress\/ -->\n<title>Rayons X et Mati\u00e8re 4 - ISTE Group<\/title>\n<meta name=\"description\" content=\"Rayons X et Mati\u00e8re 4\u00a0est fortement ax\u00e9 sur l\u2019utilisation du rayonnement synchrotron, outil puissant tr\u00e8s largement utilis\u00e9 par des communaut\u00e9s scientifiques pluridisciplinaires pour l\u2019exploration de la mati\u00e8re dans de nouvelles directions.\" \/>\n<meta name=\"robots\" content=\"index, follow, max-snippet:-1, max-image-preview:large, max-video-preview:-1\" \/>\n<link rel=\"canonical\" href=\"https:\/\/www.istegroup.com\/fr\/produit\/rayons-x-et-matiere-4\/\" \/>\n<meta property=\"og:locale\" content=\"fr_FR\" \/>\n<meta property=\"og:type\" content=\"article\" \/>\n<meta property=\"og:title\" content=\"Rayons X et Mati\u00e8re 4 - ISTE Group\" \/>\n<meta property=\"og:description\" content=\"Rayons X et Mati\u00e8re 4\u00a0est fortement ax\u00e9 sur l\u2019utilisation du rayonnement synchrotron, outil puissant tr\u00e8s largement utilis\u00e9 par des communaut\u00e9s scientifiques pluridisciplinaires pour l\u2019exploration de la mati\u00e8re dans de nouvelles directions.\" \/>\n<meta property=\"og:url\" content=\"https:\/\/www.istegroup.com\/fr\/produit\/rayons-x-et-matiere-4\/\" \/>\n<meta property=\"og:site_name\" content=\"ISTE Group\" \/>\n<meta property=\"article:modified_time\" content=\"2024-01-03T13:40:36+00:00\" \/>\n<meta property=\"og:image\" content=\"https:\/\/www.istegroup.com\/wp-content\/uploads\/2017\/07\/8011496644_3792047364-1.jpg\" \/>\n\t<meta property=\"og:image:width\" content=\"300\" \/>\n\t<meta property=\"og:image:height\" content=\"454\" \/>\n\t<meta property=\"og:image:type\" content=\"image\/jpeg\" \/>\n<meta name=\"twitter:card\" content=\"summary_large_image\" \/>\n<meta name=\"twitter:label1\" content=\"Est. reading time\" \/>\n\t<meta name=\"twitter:data1\" content=\"1 minute\" \/>\n<script type=\"application\/ld+json\" class=\"yoast-schema-graph\">{\"@context\":\"https:\/\/schema.org\",\"@graph\":[{\"@type\":\"WebPage\",\"@id\":\"https:\/\/www.istegroup.com\/fr\/produit\/rayons-x-et-matiere-4\/\",\"url\":\"https:\/\/www.istegroup.com\/fr\/produit\/rayons-x-et-matiere-4\/\",\"name\":\"Rayons X et Mati\u00e8re 4 - ISTE Group\",\"isPartOf\":{\"@id\":\"https:\/\/www.istegroup.com\/#website\"},\"primaryImageOfPage\":{\"@id\":\"https:\/\/www.istegroup.com\/fr\/produit\/rayons-x-et-matiere-4\/#primaryimage\"},\"image\":{\"@id\":\"https:\/\/www.istegroup.com\/fr\/produit\/rayons-x-et-matiere-4\/#primaryimage\"},\"thumbnailUrl\":\"https:\/\/www.istegroup.com\/wp-content\/uploads\/2017\/07\/8011496644_3792047364-1.jpg\",\"datePublished\":\"2017-07-28T13:04:41+00:00\",\"dateModified\":\"2024-01-03T13:40:36+00:00\",\"description\":\"Rayons X et Mati\u00e8re 4\u00a0est fortement ax\u00e9 sur l\u2019utilisation du rayonnement synchrotron, outil puissant tr\u00e8s largement utilis\u00e9 par des communaut\u00e9s scientifiques pluridisciplinaires pour l\u2019exploration de la mati\u00e8re dans de nouvelles directions.\",\"breadcrumb\":{\"@id\":\"https:\/\/www.istegroup.com\/fr\/produit\/rayons-x-et-matiere-4\/#breadcrumb\"},\"inLanguage\":\"fr-FR\",\"potentialAction\":[{\"@type\":\"ReadAction\",\"target\":[\"https:\/\/www.istegroup.com\/fr\/produit\/rayons-x-et-matiere-4\/\"]}]},{\"@type\":\"ImageObject\",\"inLanguage\":\"fr-FR\",\"@id\":\"https:\/\/www.istegroup.com\/fr\/produit\/rayons-x-et-matiere-4\/#primaryimage\",\"url\":\"https:\/\/www.istegroup.com\/wp-content\/uploads\/2017\/07\/8011496644_3792047364-1.jpg\",\"contentUrl\":\"https:\/\/www.istegroup.com\/wp-content\/uploads\/2017\/07\/8011496644_3792047364-1.jpg\",\"width\":300,\"height\":454,\"caption\":\"RX 2011\"},{\"@type\":\"BreadcrumbList\",\"@id\":\"https:\/\/www.istegroup.com\/fr\/produit\/rayons-x-et-matiere-4\/#breadcrumb\",\"itemListElement\":[{\"@type\":\"ListItem\",\"position\":1,\"name\":\"Home\",\"item\":\"https:\/\/www.istegroup.com\/\"},{\"@type\":\"ListItem\",\"position\":2,\"name\":\"Shop\",\"item\":\"https:\/\/www.istegroup.com\/fr\/nouveautes\/\"},{\"@type\":\"ListItem\",\"position\":3,\"name\":\"Rayons X et Mati\u00e8re 4\"}]},{\"@type\":\"WebSite\",\"@id\":\"https:\/\/www.istegroup.com\/#website\",\"url\":\"https:\/\/www.istegroup.com\/\",\"name\":\"ISTE Group\",\"description\":\"\u00c9diteur des Sciences\",\"potentialAction\":[{\"@type\":\"SearchAction\",\"target\":{\"@type\":\"EntryPoint\",\"urlTemplate\":\"https:\/\/www.istegroup.com\/?s={search_term_string}\"},\"query-input\":{\"@type\":\"PropertyValueSpecification\",\"valueRequired\":true,\"valueName\":\"search_term_string\"}}],\"inLanguage\":\"fr-FR\"}]}<\/script>\n<!-- \/ Yoast SEO plugin. -->","yoast_head_json":{"title":"Rayons X et Mati\u00e8re 4 - ISTE Group","description":"Rayons X et Mati\u00e8re 4\u00a0est fortement ax\u00e9 sur l\u2019utilisation du rayonnement synchrotron, outil puissant tr\u00e8s largement utilis\u00e9 par des communaut\u00e9s scientifiques pluridisciplinaires pour l\u2019exploration de la mati\u00e8re dans de nouvelles directions.","robots":{"index":"index","follow":"follow","max-snippet":"max-snippet:-1","max-image-preview":"max-image-preview:large","max-video-preview":"max-video-preview:-1"},"canonical":"https:\/\/www.istegroup.com\/fr\/produit\/rayons-x-et-matiere-4\/","og_locale":"fr_FR","og_type":"article","og_title":"Rayons X et Mati\u00e8re 4 - ISTE Group","og_description":"Rayons X et Mati\u00e8re 4\u00a0est fortement ax\u00e9 sur l\u2019utilisation du rayonnement synchrotron, outil puissant tr\u00e8s largement utilis\u00e9 par des communaut\u00e9s scientifiques pluridisciplinaires pour l\u2019exploration de la mati\u00e8re dans de nouvelles directions.","og_url":"https:\/\/www.istegroup.com\/fr\/produit\/rayons-x-et-matiere-4\/","og_site_name":"ISTE Group","article_modified_time":"2024-01-03T13:40:36+00:00","og_image":[{"width":300,"height":454,"url":"https:\/\/www.istegroup.com\/wp-content\/uploads\/2017\/07\/8011496644_3792047364-1.jpg","type":"image\/jpeg"}],"twitter_card":"summary_large_image","twitter_misc":{"Est. reading time":"1 minute"},"schema":{"@context":"https:\/\/schema.org","@graph":[{"@type":"WebPage","@id":"https:\/\/www.istegroup.com\/fr\/produit\/rayons-x-et-matiere-4\/","url":"https:\/\/www.istegroup.com\/fr\/produit\/rayons-x-et-matiere-4\/","name":"Rayons X et Mati\u00e8re 4 - ISTE Group","isPartOf":{"@id":"https:\/\/www.istegroup.com\/#website"},"primaryImageOfPage":{"@id":"https:\/\/www.istegroup.com\/fr\/produit\/rayons-x-et-matiere-4\/#primaryimage"},"image":{"@id":"https:\/\/www.istegroup.com\/fr\/produit\/rayons-x-et-matiere-4\/#primaryimage"},"thumbnailUrl":"https:\/\/www.istegroup.com\/wp-content\/uploads\/2017\/07\/8011496644_3792047364-1.jpg","datePublished":"2017-07-28T13:04:41+00:00","dateModified":"2024-01-03T13:40:36+00:00","description":"Rayons X et Mati\u00e8re 4\u00a0est fortement ax\u00e9 sur l\u2019utilisation du rayonnement synchrotron, outil puissant tr\u00e8s largement utilis\u00e9 par des communaut\u00e9s scientifiques pluridisciplinaires pour l\u2019exploration de la mati\u00e8re dans de nouvelles directions.","breadcrumb":{"@id":"https:\/\/www.istegroup.com\/fr\/produit\/rayons-x-et-matiere-4\/#breadcrumb"},"inLanguage":"fr-FR","potentialAction":[{"@type":"ReadAction","target":["https:\/\/www.istegroup.com\/fr\/produit\/rayons-x-et-matiere-4\/"]}]},{"@type":"ImageObject","inLanguage":"fr-FR","@id":"https:\/\/www.istegroup.com\/fr\/produit\/rayons-x-et-matiere-4\/#primaryimage","url":"https:\/\/www.istegroup.com\/wp-content\/uploads\/2017\/07\/8011496644_3792047364-1.jpg","contentUrl":"https:\/\/www.istegroup.com\/wp-content\/uploads\/2017\/07\/8011496644_3792047364-1.jpg","width":300,"height":454,"caption":"RX 2011"},{"@type":"BreadcrumbList","@id":"https:\/\/www.istegroup.com\/fr\/produit\/rayons-x-et-matiere-4\/#breadcrumb","itemListElement":[{"@type":"ListItem","position":1,"name":"Home","item":"https:\/\/www.istegroup.com\/"},{"@type":"ListItem","position":2,"name":"Shop","item":"https:\/\/www.istegroup.com\/fr\/nouveautes\/"},{"@type":"ListItem","position":3,"name":"Rayons X et Mati\u00e8re 4"}]},{"@type":"WebSite","@id":"https:\/\/www.istegroup.com\/#website","url":"https:\/\/www.istegroup.com\/","name":"ISTE Group","description":"\u00c9diteur des Sciences","potentialAction":[{"@type":"SearchAction","target":{"@type":"EntryPoint","urlTemplate":"https:\/\/www.istegroup.com\/?s={search_term_string}"},"query-input":{"@type":"PropertyValueSpecification","valueRequired":true,"valueName":"search_term_string"}}],"inLanguage":"fr-FR"}]}},"_links":{"self":[{"href":"https:\/\/www.istegroup.com\/fr\/wp-json\/wp\/v2\/product\/565","targetHints":{"allow":["GET"]}}],"collection":[{"href":"https:\/\/www.istegroup.com\/fr\/wp-json\/wp\/v2\/product"}],"about":[{"href":"https:\/\/www.istegroup.com\/fr\/wp-json\/wp\/v2\/types\/product"}],"wp:featuredmedia":[{"embeddable":true,"href":"https:\/\/www.istegroup.com\/fr\/wp-json\/wp\/v2\/media\/566"}],"wp:attachment":[{"href":"https:\/\/www.istegroup.com\/fr\/wp-json\/wp\/v2\/media?parent=565"}],"wp:term":[{"taxonomy":"product_brand","embeddable":true,"href":"https:\/\/www.istegroup.com\/fr\/wp-json\/wp\/v2\/product_brand?post=565"},{"taxonomy":"product_cat","embeddable":true,"href":"https:\/\/www.istegroup.com\/fr\/wp-json\/wp\/v2\/product_cat?post=565"},{"taxonomy":"product_tag","embeddable":true,"href":"https:\/\/www.istegroup.com\/fr\/wp-json\/wp\/v2\/product_tag?post=565"}],"curies":[{"name":"wp","href":"https:\/\/api.w.org\/{rel}","templated":true}]}}