{"id":56468,"date":"2024-05-01T11:51:59","date_gmt":"2024-05-01T10:51:59","guid":{"rendered":"https:\/\/www.istegroup.com\/?post_type=product&#038;p=56468"},"modified":"2025-03-14T09:54:43","modified_gmt":"2025-03-14T09:54:43","slug":"biocontrole-des-maladies-des-plantes","status":"publish","type":"product","link":"https:\/\/www.istegroup.com\/fr\/produit\/biocontrole-des-maladies-des-plantes\/","title":{"rendered":"Biocontr\u00f4le des maladies des plantes"},"content":{"rendered":"<p>Dans un contexte d\u2019urgence pour trouver des alternatives aux pesticides\u00a0 chimiques et faire face aux pressions parasitaires induites par le\u00a0 changement climatique, la recherche de nouvelles solutions de\u00a0 protection agro-\u00e9cologique des cultures telles que le biocontr\u00f4le est\u00a0 essentielle. <em>Biocontr\u00f4le des maladies des plantes<\/em> pr\u00e9sente les avanc\u00e9es\u00a0 r\u00e9centes r\u00e9alis\u00e9es en mati\u00e8re de gestion des maladies des plantes et de\u00a0 biocontr\u00f4le.<\/p>\n<p>Cet ouvrage \u00e9tudie la capacit\u00e9 des produits de biocontr\u00f4le \u00e0 limiter les\u00a0 maladies des plantes en utilisant, directement, des peptides\u00a0 antimicrobiens, des m\u00e9canismes de <em>quorum quenching<\/em>, des compos\u00e9s\u00a0 v\u00e9g\u00e9taux ou des d\u00e9chets agro-industriels comme biopesticides, ou,\u00a0 indirectement, <em>via<\/em> la stimulation des d\u00e9fenses des plantes. Il d\u00e9crit\u00a0 \u00e9galement de nouvelles approches bas\u00e9es sur l\u2019utilisation de\u00a0 bact\u00e9riophages ou consid\u00e9rant le pilotage de la composition du\u00a0 microbiote des plantes comme une cible potentielle de strat\u00e9gies de\u00a0 biocontr\u00f4le. La question importante des aspects r\u00e9glementaires\u00a0 accompagnant la mise sur le march\u00e9 des produits de biocontr\u00f4le est\u00a0 \u00e9galement d\u00e9taill\u00e9e, ainsi que les m\u00e9thodes pour \u00e9valuer l\u2019impact de\u00a0 ces nouveaux produits sur l\u2019environnement.<\/p>","protected":false},"excerpt":{"rendered":"<p>Dans un contexte d\u2019urgence pour trouver des alternatives aux pesticides\u00a0 chimiques et faire face aux pressions parasitaires induites par le\u00a0 changement climatique, la recherche de nouvelles solutions de\u00a0 protection agro-\u00e9cologique des cultures telles que le biocontr\u00f4le est\u00a0 essentielle. Biocontr\u00f4le des maladies des plantes pr\u00e9sente les avanc\u00e9es\u00a0 r\u00e9centes r\u00e9alis\u00e9es en mati\u00e8re de gestion des maladies des [&hellip;]<\/p>\n","protected":false},"featured_media":56503,"template":"","meta":{"_acf_changed":false,"_links_to":"","_links_to_target":""},"product_brand":[],"product_cat":[4289],"product_tag":[],"class_list":{"0":"post-56468","1":"product","2":"type-product","3":"status-publish","4":"has-post-thumbnail","6":"product_cat-sciences","8":"first","9":"instock","10":"shipping-taxable","11":"purchasable","12":"product-type-variable"},"acf":[],"yoast_head":"<!-- This site is optimized with the Yoast SEO plugin v27.2 - https:\/\/yoast.com\/product\/yoast-seo-wordpress\/ -->\n<title>Biocontr\u00f4le des maladies des plantes - ISTE Group<\/title>\n<meta name=\"description\" content=\"Cet ouvrage \u00e9tudie la capacit\u00e9 des produits de biocontr\u00f4le \u00e0 limiter les\u00a0 maladies des plantes en utilisant, directement, des peptides\u00a0 antimicrobiens, des m\u00e9canismes de quorum quenching, des compos\u00e9s\u00a0 v\u00e9g\u00e9taux ou des d\u00e9chets agro-industriels comme biopesticides, ou,\u00a0 indirectement, via la stimulation des d\u00e9fenses des plantes.\" \/>\n<meta name=\"robots\" content=\"index, follow, max-snippet:-1, max-image-preview:large, max-video-preview:-1\" \/>\n<link rel=\"canonical\" href=\"https:\/\/www.istegroup.com\/produit\/biocontrole-des-maladies-des-plantes\/\" \/>\n<meta property=\"og:locale\" content=\"fr_FR\" \/>\n<meta property=\"og:type\" content=\"article\" \/>\n<meta property=\"og:title\" content=\"Biocontr\u00f4le des maladies des plantes - ISTE Group\" \/>\n<meta property=\"og:description\" content=\"Cet ouvrage \u00e9tudie la capacit\u00e9 des produits de biocontr\u00f4le \u00e0 limiter les\u00a0 maladies des plantes en utilisant, directement, des peptides\u00a0 antimicrobiens, des m\u00e9canismes de quorum quenching, des compos\u00e9s\u00a0 v\u00e9g\u00e9taux ou des d\u00e9chets agro-industriels comme biopesticides, ou,\u00a0 indirectement, via la stimulation des d\u00e9fenses des plantes.\" \/>\n<meta property=\"og:url\" content=\"https:\/\/www.istegroup.com\/produit\/biocontrole-des-maladies-des-plantes\/\" \/>\n<meta property=\"og:site_name\" content=\"ISTE Group\" \/>\n<meta property=\"article:modified_time\" content=\"2025-03-14T09:54:43+00:00\" \/>\n<meta property=\"og:image\" content=\"https:\/\/www.istegroup.com\/wp-content\/uploads\/2023\/04\/Biocontrole-des-maladies-des-plantes.jpeg\" \/>\n\t<meta property=\"og:image:width\" content=\"300\" \/>\n\t<meta property=\"og:image:height\" content=\"450\" \/>\n\t<meta property=\"og:image:type\" content=\"image\/jpeg\" \/>\n<meta name=\"twitter:card\" content=\"summary_large_image\" \/>\n<meta name=\"twitter:label1\" content=\"Est. reading time\" \/>\n\t<meta name=\"twitter:data1\" content=\"2 minutes\" \/>\n<script type=\"application\/ld+json\" class=\"yoast-schema-graph\">{\"@context\":\"https:\/\/schema.org\",\"@graph\":[{\"@type\":\"WebPage\",\"@id\":\"https:\/\/www.istegroup.com\/produit\/biocontrole-des-maladies-des-plantes\/\",\"url\":\"https:\/\/www.istegroup.com\/produit\/biocontrole-des-maladies-des-plantes\/\",\"name\":\"Biocontr\u00f4le des maladies des plantes - ISTE Group\",\"isPartOf\":{\"@id\":\"https:\/\/www.istegroup.com\/#website\"},\"primaryImageOfPage\":{\"@id\":\"https:\/\/www.istegroup.com\/produit\/biocontrole-des-maladies-des-plantes\/#primaryimage\"},\"image\":{\"@id\":\"https:\/\/www.istegroup.com\/produit\/biocontrole-des-maladies-des-plantes\/#primaryimage\"},\"thumbnailUrl\":\"https:\/\/www.istegroup.com\/wp-content\/uploads\/2023\/04\/Biocontrole-des-maladies-des-plantes.jpeg\",\"datePublished\":\"2024-05-01T10:51:59+00:00\",\"dateModified\":\"2025-03-14T09:54:43+00:00\",\"description\":\"Cet ouvrage \u00e9tudie la capacit\u00e9 des produits de biocontr\u00f4le \u00e0 limiter les\u00a0 maladies des plantes en utilisant, directement, des peptides\u00a0 antimicrobiens, des m\u00e9canismes de quorum quenching, des compos\u00e9s\u00a0 v\u00e9g\u00e9taux ou des d\u00e9chets agro-industriels comme biopesticides, ou,\u00a0 indirectement, via la stimulation des d\u00e9fenses des plantes.\",\"breadcrumb\":{\"@id\":\"https:\/\/www.istegroup.com\/produit\/biocontrole-des-maladies-des-plantes\/#breadcrumb\"},\"inLanguage\":\"fr-FR\",\"potentialAction\":[{\"@type\":\"ReadAction\",\"target\":[\"https:\/\/www.istegroup.com\/produit\/biocontrole-des-maladies-des-plantes\/\"]}]},{\"@type\":\"ImageObject\",\"inLanguage\":\"fr-FR\",\"@id\":\"https:\/\/www.istegroup.com\/produit\/biocontrole-des-maladies-des-plantes\/#primaryimage\",\"url\":\"https:\/\/www.istegroup.com\/wp-content\/uploads\/2023\/04\/Biocontrole-des-maladies-des-plantes.jpeg\",\"contentUrl\":\"https:\/\/www.istegroup.com\/wp-content\/uploads\/2023\/04\/Biocontrole-des-maladies-des-plantes.jpeg\",\"width\":300,\"height\":450,\"caption\":\"Livre scientifique - Biocontr\u00f4le des maladies des plantes\"},{\"@type\":\"BreadcrumbList\",\"@id\":\"https:\/\/www.istegroup.com\/produit\/biocontrole-des-maladies-des-plantes\/#breadcrumb\",\"itemListElement\":[{\"@type\":\"ListItem\",\"position\":1,\"name\":\"Home\",\"item\":\"https:\/\/www.istegroup.com\/\"},{\"@type\":\"ListItem\",\"position\":2,\"name\":\"Shop\",\"item\":\"https:\/\/www.istegroup.com\/fr\/nouveautes\/\"},{\"@type\":\"ListItem\",\"position\":3,\"name\":\"Biocontr\u00f4le des maladies des plantes\"}]},{\"@type\":\"WebSite\",\"@id\":\"https:\/\/www.istegroup.com\/#website\",\"url\":\"https:\/\/www.istegroup.com\/\",\"name\":\"ISTE Group\",\"description\":\"\u00c9diteur des Sciences\",\"potentialAction\":[{\"@type\":\"SearchAction\",\"target\":{\"@type\":\"EntryPoint\",\"urlTemplate\":\"https:\/\/www.istegroup.com\/?s={search_term_string}\"},\"query-input\":{\"@type\":\"PropertyValueSpecification\",\"valueRequired\":true,\"valueName\":\"search_term_string\"}}],\"inLanguage\":\"fr-FR\"}]}<\/script>\n<!-- \/ Yoast SEO plugin. -->","yoast_head_json":{"title":"Biocontr\u00f4le des maladies des plantes - ISTE Group","description":"Cet ouvrage \u00e9tudie la capacit\u00e9 des produits de biocontr\u00f4le \u00e0 limiter les\u00a0 maladies des plantes en utilisant, directement, des peptides\u00a0 antimicrobiens, des m\u00e9canismes de quorum quenching, des compos\u00e9s\u00a0 v\u00e9g\u00e9taux ou des d\u00e9chets agro-industriels comme biopesticides, ou,\u00a0 indirectement, via la stimulation des d\u00e9fenses des plantes.","robots":{"index":"index","follow":"follow","max-snippet":"max-snippet:-1","max-image-preview":"max-image-preview:large","max-video-preview":"max-video-preview:-1"},"canonical":"https:\/\/www.istegroup.com\/produit\/biocontrole-des-maladies-des-plantes\/","og_locale":"fr_FR","og_type":"article","og_title":"Biocontr\u00f4le des maladies des plantes - ISTE Group","og_description":"Cet ouvrage \u00e9tudie la capacit\u00e9 des produits de biocontr\u00f4le \u00e0 limiter les\u00a0 maladies des plantes en utilisant, directement, des peptides\u00a0 antimicrobiens, des m\u00e9canismes de quorum quenching, des compos\u00e9s\u00a0 v\u00e9g\u00e9taux ou des d\u00e9chets agro-industriels comme biopesticides, ou,\u00a0 indirectement, via la stimulation des d\u00e9fenses des plantes.","og_url":"https:\/\/www.istegroup.com\/produit\/biocontrole-des-maladies-des-plantes\/","og_site_name":"ISTE Group","article_modified_time":"2025-03-14T09:54:43+00:00","og_image":[{"width":300,"height":450,"url":"https:\/\/www.istegroup.com\/wp-content\/uploads\/2023\/04\/Biocontrole-des-maladies-des-plantes.jpeg","type":"image\/jpeg"}],"twitter_card":"summary_large_image","twitter_misc":{"Est. reading time":"2 minutes"},"schema":{"@context":"https:\/\/schema.org","@graph":[{"@type":"WebPage","@id":"https:\/\/www.istegroup.com\/produit\/biocontrole-des-maladies-des-plantes\/","url":"https:\/\/www.istegroup.com\/produit\/biocontrole-des-maladies-des-plantes\/","name":"Biocontr\u00f4le des maladies des plantes - ISTE Group","isPartOf":{"@id":"https:\/\/www.istegroup.com\/#website"},"primaryImageOfPage":{"@id":"https:\/\/www.istegroup.com\/produit\/biocontrole-des-maladies-des-plantes\/#primaryimage"},"image":{"@id":"https:\/\/www.istegroup.com\/produit\/biocontrole-des-maladies-des-plantes\/#primaryimage"},"thumbnailUrl":"https:\/\/www.istegroup.com\/wp-content\/uploads\/2023\/04\/Biocontrole-des-maladies-des-plantes.jpeg","datePublished":"2024-05-01T10:51:59+00:00","dateModified":"2025-03-14T09:54:43+00:00","description":"Cet ouvrage \u00e9tudie la capacit\u00e9 des produits de biocontr\u00f4le \u00e0 limiter les\u00a0 maladies des plantes en utilisant, directement, des peptides\u00a0 antimicrobiens, des m\u00e9canismes de quorum quenching, des compos\u00e9s\u00a0 v\u00e9g\u00e9taux ou des d\u00e9chets agro-industriels comme biopesticides, ou,\u00a0 indirectement, via la stimulation des d\u00e9fenses des plantes.","breadcrumb":{"@id":"https:\/\/www.istegroup.com\/produit\/biocontrole-des-maladies-des-plantes\/#breadcrumb"},"inLanguage":"fr-FR","potentialAction":[{"@type":"ReadAction","target":["https:\/\/www.istegroup.com\/produit\/biocontrole-des-maladies-des-plantes\/"]}]},{"@type":"ImageObject","inLanguage":"fr-FR","@id":"https:\/\/www.istegroup.com\/produit\/biocontrole-des-maladies-des-plantes\/#primaryimage","url":"https:\/\/www.istegroup.com\/wp-content\/uploads\/2023\/04\/Biocontrole-des-maladies-des-plantes.jpeg","contentUrl":"https:\/\/www.istegroup.com\/wp-content\/uploads\/2023\/04\/Biocontrole-des-maladies-des-plantes.jpeg","width":300,"height":450,"caption":"Livre scientifique - Biocontr\u00f4le des maladies des plantes"},{"@type":"BreadcrumbList","@id":"https:\/\/www.istegroup.com\/produit\/biocontrole-des-maladies-des-plantes\/#breadcrumb","itemListElement":[{"@type":"ListItem","position":1,"name":"Home","item":"https:\/\/www.istegroup.com\/"},{"@type":"ListItem","position":2,"name":"Shop","item":"https:\/\/www.istegroup.com\/fr\/nouveautes\/"},{"@type":"ListItem","position":3,"name":"Biocontr\u00f4le des maladies des plantes"}]},{"@type":"WebSite","@id":"https:\/\/www.istegroup.com\/#website","url":"https:\/\/www.istegroup.com\/","name":"ISTE Group","description":"\u00c9diteur des Sciences","potentialAction":[{"@type":"SearchAction","target":{"@type":"EntryPoint","urlTemplate":"https:\/\/www.istegroup.com\/?s={search_term_string}"},"query-input":{"@type":"PropertyValueSpecification","valueRequired":true,"valueName":"search_term_string"}}],"inLanguage":"fr-FR"}]}},"_links":{"self":[{"href":"https:\/\/www.istegroup.com\/fr\/wp-json\/wp\/v2\/product\/56468","targetHints":{"allow":["GET"]}}],"collection":[{"href":"https:\/\/www.istegroup.com\/fr\/wp-json\/wp\/v2\/product"}],"about":[{"href":"https:\/\/www.istegroup.com\/fr\/wp-json\/wp\/v2\/types\/product"}],"wp:featuredmedia":[{"embeddable":true,"href":"https:\/\/www.istegroup.com\/fr\/wp-json\/wp\/v2\/media\/56503"}],"wp:attachment":[{"href":"https:\/\/www.istegroup.com\/fr\/wp-json\/wp\/v2\/media?parent=56468"}],"wp:term":[{"taxonomy":"product_brand","embeddable":true,"href":"https:\/\/www.istegroup.com\/fr\/wp-json\/wp\/v2\/product_brand?post=56468"},{"taxonomy":"product_cat","embeddable":true,"href":"https:\/\/www.istegroup.com\/fr\/wp-json\/wp\/v2\/product_cat?post=56468"},{"taxonomy":"product_tag","embeddable":true,"href":"https:\/\/www.istegroup.com\/fr\/wp-json\/wp\/v2\/product_tag?post=56468"}],"curies":[{"name":"wp","href":"https:\/\/api.w.org\/{rel}","templated":true}]}}