{"id":56160,"date":"2024-03-20T14:54:38","date_gmt":"2024-03-20T14:54:38","guid":{"rendered":"https:\/\/www.istegroup.com\/?post_type=product&#038;p=56160"},"modified":"2025-11-26T10:02:28","modified_gmt":"2025-11-26T10:02:28","slug":"incertitudes-et-intelligence-artificielle","status":"publish","type":"product","link":"https:\/\/www.istegroup.com\/fr\/produit\/incertitudes-et-intelligence-artificielle\/","title":{"rendered":"Incertitudes et intelligence artificielle"},"content":{"rendered":"<p>L\u2019informatique, gr\u00e2ce \u00e0 l\u2019intelligence artificielle (IA), d\u00e9veloppe une communication totale entre tous les syst\u00e8mes informatis\u00e9s. L\u2019IA est la repr\u00e9sentation de l\u2019intelligence humaine reposant sur la cr\u00e9ation et l\u2019application d\u2019algorithmes dans un environnement informatique pr\u00e9cis afin que celle-ci mette \u00e0 l\u2019oeuvre un comportement humain. Ce type de technologie n\u00e9cessite des syst\u00e8mes informatiques, des donn\u00e9es avec des syst\u00e8mes de gestion et des algorithmes avanc\u00e9s utilisables par l\u2019IA.<\/p>\n<p>S\u2019agissant de la m\u00e9canique, l\u2019intelligence artificielle offre plusieurs possibilit\u00e9s au niveau de la construction, de la maintenance pr\u00e9dictive, de la surveillance des installations ainsi qu\u2019en robotique, fabrication additive, mat\u00e9riaux, commande vibratoire, agro-composite, etc. <em>Incertitudes et intelligence artificielle<\/em> dresse le panorama des techniques utilis\u00e9es et d\u00e9velopp\u00e9es en m\u00e9canique, chacune est illustr\u00e9e par des exemples concrets et didactiques. L\u2019ouvrage s\u2019adresse aux \u00e9tudiants et constitue \u00e9galement un support pr\u00e9cieux pour les ing\u00e9nieurs en activit\u00e9 et pour les enseignants chercheurs.<\/p>","protected":false},"excerpt":{"rendered":"<p>L\u2019informatique, gr\u00e2ce \u00e0 l\u2019intelligence artificielle (IA), d\u00e9veloppe une communication totale entre tous les syst\u00e8mes informatis\u00e9s. L\u2019IA est la repr\u00e9sentation de l\u2019intelligence humaine reposant sur la cr\u00e9ation et l\u2019application d\u2019algorithmes dans un environnement informatique pr\u00e9cis afin que celle-ci mette \u00e0 l\u2019oeuvre un comportement humain. Ce type de technologie n\u00e9cessite des syst\u00e8mes informatiques, des donn\u00e9es avec des [&hellip;]<\/p>\n","protected":false},"featured_media":56170,"template":"","meta":{"_acf_changed":false,"_links_to":"","_links_to_target":""},"product_brand":[],"product_cat":[664],"product_tag":[],"class_list":{"0":"post-56160","1":"product","2":"type-product","3":"status-publish","4":"has-post-thumbnail","6":"product_cat-gnie-mcanique-et-mcanique-des-solides-12506462","8":"first","9":"instock","10":"shipping-taxable","11":"purchasable","12":"product-type-variable"},"acf":[],"yoast_head":"<!-- This site is optimized with the Yoast SEO plugin v27.2 - https:\/\/yoast.com\/product\/yoast-seo-wordpress\/ -->\n<title>Incertitudes et intelligence artificielle - ISTE Group<\/title>\n<meta name=\"description\" content=\"ncertitudes et intelligence artificielle dresse le panorama des techniques utilis\u00e9es et d\u00e9velopp\u00e9es en m\u00e9canique, chacune est illustr\u00e9e par des exemples concrets et didactiques.\" \/>\n<meta name=\"robots\" content=\"index, follow, max-snippet:-1, max-image-preview:large, max-video-preview:-1\" \/>\n<link rel=\"canonical\" href=\"https:\/\/www.istegroup.com\/en\/produit\/incertitudes-et-intelligence-artificielle\/\" \/>\n<meta property=\"og:locale\" content=\"fr_FR\" \/>\n<meta property=\"og:type\" content=\"article\" \/>\n<meta property=\"og:title\" content=\"Incertitudes et intelligence artificielle - ISTE Group\" \/>\n<meta property=\"og:description\" content=\"ncertitudes et intelligence artificielle dresse le panorama des techniques utilis\u00e9es et d\u00e9velopp\u00e9es en m\u00e9canique, chacune est illustr\u00e9e par des exemples concrets et didactiques.\" \/>\n<meta property=\"og:url\" content=\"https:\/\/www.istegroup.com\/en\/produit\/incertitudes-et-intelligence-artificielle\/\" \/>\n<meta property=\"og:site_name\" content=\"ISTE Group\" \/>\n<meta property=\"article:modified_time\" content=\"2025-11-26T10:02:28+00:00\" \/>\n<meta property=\"og:image\" content=\"https:\/\/www.istegroup.com\/wp-content\/uploads\/2024\/03\/Incertitudes-et-intelligence-artificielle.png\" \/>\n\t<meta property=\"og:image:width\" content=\"600\" \/>\n\t<meta property=\"og:image:height\" content=\"900\" \/>\n\t<meta property=\"og:image:type\" content=\"image\/png\" \/>\n<meta name=\"twitter:card\" content=\"summary_large_image\" \/>\n<meta name=\"twitter:label1\" content=\"Est. reading time\" \/>\n\t<meta name=\"twitter:data1\" content=\"1 minute\" \/>\n<script type=\"application\/ld+json\" class=\"yoast-schema-graph\">{\"@context\":\"https:\/\/schema.org\",\"@graph\":[{\"@type\":\"WebPage\",\"@id\":\"https:\/\/www.istegroup.com\/en\/produit\/incertitudes-et-intelligence-artificielle\/\",\"url\":\"https:\/\/www.istegroup.com\/en\/produit\/incertitudes-et-intelligence-artificielle\/\",\"name\":\"Incertitudes et intelligence artificielle - ISTE Group\",\"isPartOf\":{\"@id\":\"https:\/\/www.istegroup.com\/#website\"},\"primaryImageOfPage\":{\"@id\":\"https:\/\/www.istegroup.com\/en\/produit\/incertitudes-et-intelligence-artificielle\/#primaryimage\"},\"image\":{\"@id\":\"https:\/\/www.istegroup.com\/en\/produit\/incertitudes-et-intelligence-artificielle\/#primaryimage\"},\"thumbnailUrl\":\"https:\/\/www.istegroup.com\/wp-content\/uploads\/2024\/03\/Incertitudes-et-intelligence-artificielle.png\",\"datePublished\":\"2024-03-20T14:54:38+00:00\",\"dateModified\":\"2025-11-26T10:02:28+00:00\",\"description\":\"ncertitudes et intelligence artificielle dresse le panorama des techniques utilis\u00e9es et d\u00e9velopp\u00e9es en m\u00e9canique, chacune est illustr\u00e9e par des exemples concrets et didactiques.\",\"breadcrumb\":{\"@id\":\"https:\/\/www.istegroup.com\/en\/produit\/incertitudes-et-intelligence-artificielle\/#breadcrumb\"},\"inLanguage\":\"fr-FR\",\"potentialAction\":[{\"@type\":\"ReadAction\",\"target\":[\"https:\/\/www.istegroup.com\/en\/produit\/incertitudes-et-intelligence-artificielle\/\"]}]},{\"@type\":\"ImageObject\",\"inLanguage\":\"fr-FR\",\"@id\":\"https:\/\/www.istegroup.com\/en\/produit\/incertitudes-et-intelligence-artificielle\/#primaryimage\",\"url\":\"https:\/\/www.istegroup.com\/wp-content\/uploads\/2024\/03\/Incertitudes-et-intelligence-artificielle.png\",\"contentUrl\":\"https:\/\/www.istegroup.com\/wp-content\/uploads\/2024\/03\/Incertitudes-et-intelligence-artificielle.png\",\"width\":600,\"height\":900,\"caption\":\"Livre scientifique - Incertitudes et intelligence artificielle\"},{\"@type\":\"BreadcrumbList\",\"@id\":\"https:\/\/www.istegroup.com\/en\/produit\/incertitudes-et-intelligence-artificielle\/#breadcrumb\",\"itemListElement\":[{\"@type\":\"ListItem\",\"position\":1,\"name\":\"Home\",\"item\":\"https:\/\/www.istegroup.com\/\"},{\"@type\":\"ListItem\",\"position\":2,\"name\":\"Shop\",\"item\":\"https:\/\/www.istegroup.com\/fr\/nouveautes\/\"},{\"@type\":\"ListItem\",\"position\":3,\"name\":\"Incertitudes et intelligence artificielle\"}]},{\"@type\":\"WebSite\",\"@id\":\"https:\/\/www.istegroup.com\/#website\",\"url\":\"https:\/\/www.istegroup.com\/\",\"name\":\"ISTE Group\",\"description\":\"\u00c9diteur des Sciences\",\"potentialAction\":[{\"@type\":\"SearchAction\",\"target\":{\"@type\":\"EntryPoint\",\"urlTemplate\":\"https:\/\/www.istegroup.com\/?s={search_term_string}\"},\"query-input\":{\"@type\":\"PropertyValueSpecification\",\"valueRequired\":true,\"valueName\":\"search_term_string\"}}],\"inLanguage\":\"fr-FR\"}]}<\/script>\n<!-- \/ Yoast SEO plugin. -->","yoast_head_json":{"title":"Incertitudes et intelligence artificielle - ISTE Group","description":"ncertitudes et intelligence artificielle dresse le panorama des techniques utilis\u00e9es et d\u00e9velopp\u00e9es en m\u00e9canique, chacune est illustr\u00e9e par des exemples concrets et didactiques.","robots":{"index":"index","follow":"follow","max-snippet":"max-snippet:-1","max-image-preview":"max-image-preview:large","max-video-preview":"max-video-preview:-1"},"canonical":"https:\/\/www.istegroup.com\/en\/produit\/incertitudes-et-intelligence-artificielle\/","og_locale":"fr_FR","og_type":"article","og_title":"Incertitudes et intelligence artificielle - ISTE Group","og_description":"ncertitudes et intelligence artificielle dresse le panorama des techniques utilis\u00e9es et d\u00e9velopp\u00e9es en m\u00e9canique, chacune est illustr\u00e9e par des exemples concrets et didactiques.","og_url":"https:\/\/www.istegroup.com\/en\/produit\/incertitudes-et-intelligence-artificielle\/","og_site_name":"ISTE Group","article_modified_time":"2025-11-26T10:02:28+00:00","og_image":[{"width":600,"height":900,"url":"https:\/\/www.istegroup.com\/wp-content\/uploads\/2024\/03\/Incertitudes-et-intelligence-artificielle.png","type":"image\/png"}],"twitter_card":"summary_large_image","twitter_misc":{"Est. reading time":"1 minute"},"schema":{"@context":"https:\/\/schema.org","@graph":[{"@type":"WebPage","@id":"https:\/\/www.istegroup.com\/en\/produit\/incertitudes-et-intelligence-artificielle\/","url":"https:\/\/www.istegroup.com\/en\/produit\/incertitudes-et-intelligence-artificielle\/","name":"Incertitudes et intelligence artificielle - ISTE Group","isPartOf":{"@id":"https:\/\/www.istegroup.com\/#website"},"primaryImageOfPage":{"@id":"https:\/\/www.istegroup.com\/en\/produit\/incertitudes-et-intelligence-artificielle\/#primaryimage"},"image":{"@id":"https:\/\/www.istegroup.com\/en\/produit\/incertitudes-et-intelligence-artificielle\/#primaryimage"},"thumbnailUrl":"https:\/\/www.istegroup.com\/wp-content\/uploads\/2024\/03\/Incertitudes-et-intelligence-artificielle.png","datePublished":"2024-03-20T14:54:38+00:00","dateModified":"2025-11-26T10:02:28+00:00","description":"ncertitudes et intelligence artificielle dresse le panorama des techniques utilis\u00e9es et d\u00e9velopp\u00e9es en m\u00e9canique, chacune est illustr\u00e9e par des exemples concrets et didactiques.","breadcrumb":{"@id":"https:\/\/www.istegroup.com\/en\/produit\/incertitudes-et-intelligence-artificielle\/#breadcrumb"},"inLanguage":"fr-FR","potentialAction":[{"@type":"ReadAction","target":["https:\/\/www.istegroup.com\/en\/produit\/incertitudes-et-intelligence-artificielle\/"]}]},{"@type":"ImageObject","inLanguage":"fr-FR","@id":"https:\/\/www.istegroup.com\/en\/produit\/incertitudes-et-intelligence-artificielle\/#primaryimage","url":"https:\/\/www.istegroup.com\/wp-content\/uploads\/2024\/03\/Incertitudes-et-intelligence-artificielle.png","contentUrl":"https:\/\/www.istegroup.com\/wp-content\/uploads\/2024\/03\/Incertitudes-et-intelligence-artificielle.png","width":600,"height":900,"caption":"Livre scientifique - Incertitudes et intelligence artificielle"},{"@type":"BreadcrumbList","@id":"https:\/\/www.istegroup.com\/en\/produit\/incertitudes-et-intelligence-artificielle\/#breadcrumb","itemListElement":[{"@type":"ListItem","position":1,"name":"Home","item":"https:\/\/www.istegroup.com\/"},{"@type":"ListItem","position":2,"name":"Shop","item":"https:\/\/www.istegroup.com\/fr\/nouveautes\/"},{"@type":"ListItem","position":3,"name":"Incertitudes et intelligence artificielle"}]},{"@type":"WebSite","@id":"https:\/\/www.istegroup.com\/#website","url":"https:\/\/www.istegroup.com\/","name":"ISTE Group","description":"\u00c9diteur des Sciences","potentialAction":[{"@type":"SearchAction","target":{"@type":"EntryPoint","urlTemplate":"https:\/\/www.istegroup.com\/?s={search_term_string}"},"query-input":{"@type":"PropertyValueSpecification","valueRequired":true,"valueName":"search_term_string"}}],"inLanguage":"fr-FR"}]}},"_links":{"self":[{"href":"https:\/\/www.istegroup.com\/fr\/wp-json\/wp\/v2\/product\/56160","targetHints":{"allow":["GET"]}}],"collection":[{"href":"https:\/\/www.istegroup.com\/fr\/wp-json\/wp\/v2\/product"}],"about":[{"href":"https:\/\/www.istegroup.com\/fr\/wp-json\/wp\/v2\/types\/product"}],"wp:featuredmedia":[{"embeddable":true,"href":"https:\/\/www.istegroup.com\/fr\/wp-json\/wp\/v2\/media\/56170"}],"wp:attachment":[{"href":"https:\/\/www.istegroup.com\/fr\/wp-json\/wp\/v2\/media?parent=56160"}],"wp:term":[{"taxonomy":"product_brand","embeddable":true,"href":"https:\/\/www.istegroup.com\/fr\/wp-json\/wp\/v2\/product_brand?post=56160"},{"taxonomy":"product_cat","embeddable":true,"href":"https:\/\/www.istegroup.com\/fr\/wp-json\/wp\/v2\/product_cat?post=56160"},{"taxonomy":"product_tag","embeddable":true,"href":"https:\/\/www.istegroup.com\/fr\/wp-json\/wp\/v2\/product_tag?post=56160"}],"curies":[{"name":"wp","href":"https:\/\/api.w.org\/{rel}","templated":true}]}}