{"id":56132,"date":"2024-03-20T11:20:01","date_gmt":"2024-03-20T11:20:01","guid":{"rendered":"https:\/\/www.istegroup.com\/?post_type=product&#038;p=56132"},"modified":"2024-12-10T13:45:00","modified_gmt":"2024-12-10T13:45:00","slug":"pesticides","status":"publish","type":"product","link":"https:\/\/www.istegroup.com\/fr\/produit\/pesticides\/","title":{"rendered":"Pesticides"},"content":{"rendered":"<p>L\u2019usage des pesticides fait l\u2019objet d\u2019un intense d\u00e9bat public. Que ce soit sur le plan m\u00e9diatique, juridique, terminologique ou politique, le sujet migre d\u2019un univers strictement agricole vers un probl\u00e8me de soci\u00e9t\u00e9 global.<\/p>\n<p>Au vu de la complexit\u00e9 des enjeux actuels et \u00e0 venir, <em>Pesticides<\/em> se veut un espace favorisant des dialogues et des d\u00e9bats pluridisciplinaires sur les produits phytosanitaires au sein des sciences humaines et sociales. Il pr\u00e9sente des r\u00e9flexions sur l\u2019activit\u00e9 discursive et argumentative des diff\u00e9rents acteurs et ar\u00e8nes du d\u00e9bat, sur l\u2019\u00e9laboration et la mise \u00e0 l\u2019\u00e9preuve du consensus par des controverses et des contre-discours. L\u2019ouvrage questionne ainsi les pratiques scientifiques et communicationnelles des acteurs \u00e9conomiques et industriels (influence et lobbying), les pratiques agricoles en mati\u00e8re d\u2019exposition aux pesticides ou encore les proc\u00e9dures en justice et les initiatives juridiques des pouvoirs locaux ou des instances associatives. Ces travaux cherchent aussi \u00e0 mettre en lumi\u00e8re la m\u00e9diatisation des enjeux sanitaires et environnementaux autour de ces objets.<\/p>","protected":false},"excerpt":{"rendered":"<p>L\u2019usage des pesticides fait l\u2019objet d\u2019un intense d\u00e9bat public. Que ce soit sur le plan m\u00e9diatique, juridique, terminologique ou politique, le sujet migre d\u2019un univers strictement agricole vers un probl\u00e8me de soci\u00e9t\u00e9 global. Au vu de la complexit\u00e9 des enjeux actuels et \u00e0 venir, Pesticides se veut un espace favorisant des dialogues et des d\u00e9bats [&hellip;]<\/p>\n","protected":false},"featured_media":56146,"template":"","meta":{"_acf_changed":false,"_links_to":"","_links_to_target":""},"product_brand":[],"product_cat":[684],"product_tag":[],"class_list":{"0":"post-56132","1":"product","2":"type-product","3":"status-publish","4":"has-post-thumbnail","6":"product_cat-sciences-socit-et-nouvelles-technologies-188422468","8":"first","9":"instock","10":"shipping-taxable","11":"purchasable","12":"product-type-variable"},"acf":[],"yoast_head":"<!-- This site is optimized with the Yoast SEO plugin v27.2 - https:\/\/yoast.com\/product\/yoast-seo-wordpress\/ -->\n<title>Pesticides - ISTE Group<\/title>\n<meta name=\"description\" content=\"Au vu de la complexit\u00e9 des enjeux actuels et \u00e0 venir, Pesticides se veut un espace favorisant des dialogues et des d\u00e9bats pluridisciplinaires sur les produits phytosanitaires au sein des sciences humaines et sociales.\" \/>\n<meta name=\"robots\" content=\"index, follow, max-snippet:-1, max-image-preview:large, max-video-preview:-1\" \/>\n<link rel=\"canonical\" href=\"https:\/\/www.istegroup.com\/produit\/pesticides\/\" \/>\n<meta property=\"og:locale\" content=\"fr_FR\" \/>\n<meta property=\"og:type\" content=\"article\" \/>\n<meta property=\"og:title\" content=\"Pesticides - ISTE Group\" \/>\n<meta property=\"og:description\" content=\"Au vu de la complexit\u00e9 des enjeux actuels et \u00e0 venir, Pesticides se veut un espace favorisant des dialogues et des d\u00e9bats pluridisciplinaires sur les produits phytosanitaires au sein des sciences humaines et sociales.\" \/>\n<meta property=\"og:url\" content=\"https:\/\/www.istegroup.com\/produit\/pesticides\/\" \/>\n<meta property=\"og:site_name\" content=\"ISTE Group\" \/>\n<meta property=\"article:modified_time\" content=\"2024-12-10T13:45:00+00:00\" \/>\n<meta property=\"og:image\" content=\"https:\/\/www.istegroup.com\/wp-content\/uploads\/2024\/03\/Pesticides.png\" \/>\n\t<meta property=\"og:image:width\" content=\"599\" \/>\n\t<meta property=\"og:image:height\" content=\"905\" \/>\n\t<meta property=\"og:image:type\" content=\"image\/png\" \/>\n<meta name=\"twitter:card\" content=\"summary_large_image\" \/>\n<meta name=\"twitter:label1\" content=\"Est. reading time\" \/>\n\t<meta name=\"twitter:data1\" content=\"2 minutes\" \/>\n<script type=\"application\/ld+json\" class=\"yoast-schema-graph\">{\"@context\":\"https:\/\/schema.org\",\"@graph\":[{\"@type\":\"WebPage\",\"@id\":\"https:\/\/www.istegroup.com\/produit\/pesticides\/\",\"url\":\"https:\/\/www.istegroup.com\/produit\/pesticides\/\",\"name\":\"Pesticides - ISTE Group\",\"isPartOf\":{\"@id\":\"https:\/\/www.istegroup.com\/#website\"},\"primaryImageOfPage\":{\"@id\":\"https:\/\/www.istegroup.com\/produit\/pesticides\/#primaryimage\"},\"image\":{\"@id\":\"https:\/\/www.istegroup.com\/produit\/pesticides\/#primaryimage\"},\"thumbnailUrl\":\"https:\/\/www.istegroup.com\/wp-content\/uploads\/2024\/03\/Pesticides.png\",\"datePublished\":\"2024-03-20T11:20:01+00:00\",\"dateModified\":\"2024-12-10T13:45:00+00:00\",\"description\":\"Au vu de la complexit\u00e9 des enjeux actuels et \u00e0 venir, Pesticides se veut un espace favorisant des dialogues et des d\u00e9bats pluridisciplinaires sur les produits phytosanitaires au sein des sciences humaines et sociales.\",\"breadcrumb\":{\"@id\":\"https:\/\/www.istegroup.com\/produit\/pesticides\/#breadcrumb\"},\"inLanguage\":\"fr-FR\",\"potentialAction\":[{\"@type\":\"ReadAction\",\"target\":[\"https:\/\/www.istegroup.com\/produit\/pesticides\/\"]}]},{\"@type\":\"ImageObject\",\"inLanguage\":\"fr-FR\",\"@id\":\"https:\/\/www.istegroup.com\/produit\/pesticides\/#primaryimage\",\"url\":\"https:\/\/www.istegroup.com\/wp-content\/uploads\/2024\/03\/Pesticides.png\",\"contentUrl\":\"https:\/\/www.istegroup.com\/wp-content\/uploads\/2024\/03\/Pesticides.png\",\"width\":599,\"height\":905,\"caption\":\"Livre scientifique - Pesticides\"},{\"@type\":\"BreadcrumbList\",\"@id\":\"https:\/\/www.istegroup.com\/produit\/pesticides\/#breadcrumb\",\"itemListElement\":[{\"@type\":\"ListItem\",\"position\":1,\"name\":\"Home\",\"item\":\"https:\/\/www.istegroup.com\/\"},{\"@type\":\"ListItem\",\"position\":2,\"name\":\"Shop\",\"item\":\"https:\/\/www.istegroup.com\/fr\/nouveautes\/\"},{\"@type\":\"ListItem\",\"position\":3,\"name\":\"Pesticides\"}]},{\"@type\":\"WebSite\",\"@id\":\"https:\/\/www.istegroup.com\/#website\",\"url\":\"https:\/\/www.istegroup.com\/\",\"name\":\"ISTE Group\",\"description\":\"\u00c9diteur des Sciences\",\"potentialAction\":[{\"@type\":\"SearchAction\",\"target\":{\"@type\":\"EntryPoint\",\"urlTemplate\":\"https:\/\/www.istegroup.com\/?s={search_term_string}\"},\"query-input\":{\"@type\":\"PropertyValueSpecification\",\"valueRequired\":true,\"valueName\":\"search_term_string\"}}],\"inLanguage\":\"fr-FR\"}]}<\/script>\n<!-- \/ Yoast SEO plugin. -->","yoast_head_json":{"title":"Pesticides - ISTE Group","description":"Au vu de la complexit\u00e9 des enjeux actuels et \u00e0 venir, Pesticides se veut un espace favorisant des dialogues et des d\u00e9bats pluridisciplinaires sur les produits phytosanitaires au sein des sciences humaines et sociales.","robots":{"index":"index","follow":"follow","max-snippet":"max-snippet:-1","max-image-preview":"max-image-preview:large","max-video-preview":"max-video-preview:-1"},"canonical":"https:\/\/www.istegroup.com\/produit\/pesticides\/","og_locale":"fr_FR","og_type":"article","og_title":"Pesticides - ISTE Group","og_description":"Au vu de la complexit\u00e9 des enjeux actuels et \u00e0 venir, Pesticides se veut un espace favorisant des dialogues et des d\u00e9bats pluridisciplinaires sur les produits phytosanitaires au sein des sciences humaines et sociales.","og_url":"https:\/\/www.istegroup.com\/produit\/pesticides\/","og_site_name":"ISTE Group","article_modified_time":"2024-12-10T13:45:00+00:00","og_image":[{"width":599,"height":905,"url":"https:\/\/www.istegroup.com\/wp-content\/uploads\/2024\/03\/Pesticides.png","type":"image\/png"}],"twitter_card":"summary_large_image","twitter_misc":{"Est. reading time":"2 minutes"},"schema":{"@context":"https:\/\/schema.org","@graph":[{"@type":"WebPage","@id":"https:\/\/www.istegroup.com\/produit\/pesticides\/","url":"https:\/\/www.istegroup.com\/produit\/pesticides\/","name":"Pesticides - ISTE Group","isPartOf":{"@id":"https:\/\/www.istegroup.com\/#website"},"primaryImageOfPage":{"@id":"https:\/\/www.istegroup.com\/produit\/pesticides\/#primaryimage"},"image":{"@id":"https:\/\/www.istegroup.com\/produit\/pesticides\/#primaryimage"},"thumbnailUrl":"https:\/\/www.istegroup.com\/wp-content\/uploads\/2024\/03\/Pesticides.png","datePublished":"2024-03-20T11:20:01+00:00","dateModified":"2024-12-10T13:45:00+00:00","description":"Au vu de la complexit\u00e9 des enjeux actuels et \u00e0 venir, Pesticides se veut un espace favorisant des dialogues et des d\u00e9bats pluridisciplinaires sur les produits phytosanitaires au sein des sciences humaines et sociales.","breadcrumb":{"@id":"https:\/\/www.istegroup.com\/produit\/pesticides\/#breadcrumb"},"inLanguage":"fr-FR","potentialAction":[{"@type":"ReadAction","target":["https:\/\/www.istegroup.com\/produit\/pesticides\/"]}]},{"@type":"ImageObject","inLanguage":"fr-FR","@id":"https:\/\/www.istegroup.com\/produit\/pesticides\/#primaryimage","url":"https:\/\/www.istegroup.com\/wp-content\/uploads\/2024\/03\/Pesticides.png","contentUrl":"https:\/\/www.istegroup.com\/wp-content\/uploads\/2024\/03\/Pesticides.png","width":599,"height":905,"caption":"Livre scientifique - Pesticides"},{"@type":"BreadcrumbList","@id":"https:\/\/www.istegroup.com\/produit\/pesticides\/#breadcrumb","itemListElement":[{"@type":"ListItem","position":1,"name":"Home","item":"https:\/\/www.istegroup.com\/"},{"@type":"ListItem","position":2,"name":"Shop","item":"https:\/\/www.istegroup.com\/fr\/nouveautes\/"},{"@type":"ListItem","position":3,"name":"Pesticides"}]},{"@type":"WebSite","@id":"https:\/\/www.istegroup.com\/#website","url":"https:\/\/www.istegroup.com\/","name":"ISTE Group","description":"\u00c9diteur des Sciences","potentialAction":[{"@type":"SearchAction","target":{"@type":"EntryPoint","urlTemplate":"https:\/\/www.istegroup.com\/?s={search_term_string}"},"query-input":{"@type":"PropertyValueSpecification","valueRequired":true,"valueName":"search_term_string"}}],"inLanguage":"fr-FR"}]}},"_links":{"self":[{"href":"https:\/\/www.istegroup.com\/fr\/wp-json\/wp\/v2\/product\/56132","targetHints":{"allow":["GET"]}}],"collection":[{"href":"https:\/\/www.istegroup.com\/fr\/wp-json\/wp\/v2\/product"}],"about":[{"href":"https:\/\/www.istegroup.com\/fr\/wp-json\/wp\/v2\/types\/product"}],"wp:featuredmedia":[{"embeddable":true,"href":"https:\/\/www.istegroup.com\/fr\/wp-json\/wp\/v2\/media\/56146"}],"wp:attachment":[{"href":"https:\/\/www.istegroup.com\/fr\/wp-json\/wp\/v2\/media?parent=56132"}],"wp:term":[{"taxonomy":"product_brand","embeddable":true,"href":"https:\/\/www.istegroup.com\/fr\/wp-json\/wp\/v2\/product_brand?post=56132"},{"taxonomy":"product_cat","embeddable":true,"href":"https:\/\/www.istegroup.com\/fr\/wp-json\/wp\/v2\/product_cat?post=56132"},{"taxonomy":"product_tag","embeddable":true,"href":"https:\/\/www.istegroup.com\/fr\/wp-json\/wp\/v2\/product_tag?post=56132"}],"curies":[{"name":"wp","href":"https:\/\/api.w.org\/{rel}","templated":true}]}}