{"id":56124,"date":"2024-03-20T11:06:48","date_gmt":"2024-03-20T11:06:48","guid":{"rendered":"https:\/\/www.istegroup.com\/?post_type=product&#038;p=56124"},"modified":"2024-06-12T10:27:06","modified_gmt":"2024-06-12T09:27:06","slug":"data-analytics-automatisees","status":"publish","type":"product","link":"https:\/\/www.istegroup.com\/fr\/produit\/data-analytics-automatisees\/","title":{"rendered":"Data analytics automatis\u00e9es"},"content":{"rendered":"<p>L\u2019esprit humain est dot\u00e9 d\u2019une facult\u00e9 remarquable de synth\u00e8se cr\u00e9ative entre l\u2019intuition et la raison, cette alchimie mentale est la source du g\u00e9nie.<\/p>\n<p>Une nouvelle synergie se profile entre l\u2019ing\u00e9niosit\u00e9 humaine et la capacit\u00e9 de calcul des mod\u00e8les de l\u2019IA g\u00e9n\u00e9rative, <em>Data analytics automatis\u00e9es<\/em> s\u2019int\u00e9resse \u00e0 cette collaboration fructueuse entre les deux pour lib\u00e9rer le plein potentiel de l\u2019analyse des donn\u00e9es. Ensemble, \u00e9thique humaine et productivit\u00e9 algorithmique deviennent un alliage plus fort que la somme de ses parties. L\u2019avenir appartient \u00e0 cette symbiose entre le coeur et l\u2019esprit, entre l\u2019humain et la machine. Si nous parvenons \u00e0 allier nos forces de mani\u00e8re harmonieuse, la d\u00e9couverte de nouveaux horizons analytiques ne sera qu\u2019une question de temps.<\/p>\n<p>L\u2019ouvrage expose les bases de ce partenariat prometteur o\u00f9 chacun apporte sa contribution \u00e0 une oeuvre commune d\u2019une port\u00e9e consid\u00e9rable. L\u2019histoire se forge actuellement sous nos yeux. Il est de notre responsabilit\u00e9 de l\u2019\u00e9crire avec sagesse et de poursuivre collectivement l\u2019id\u00e9al du progr\u00e8s de l\u2019intelligence augment\u00e9e.<\/p>","protected":false},"excerpt":{"rendered":"<p>L\u2019esprit humain est dot\u00e9 d\u2019une facult\u00e9 remarquable de synth\u00e8se cr\u00e9ative entre l\u2019intuition et la raison, cette alchimie mentale est la source du g\u00e9nie. Une nouvelle synergie se profile entre l\u2019ing\u00e9niosit\u00e9 humaine et la capacit\u00e9 de calcul des mod\u00e8les de l\u2019IA g\u00e9n\u00e9rative, Data analytics automatis\u00e9es s\u2019int\u00e9resse \u00e0 cette collaboration fructueuse entre les deux pour lib\u00e9rer le [&hellip;]<\/p>\n","protected":false},"featured_media":56131,"template":"","meta":{"_acf_changed":false,"_links_to":"","_links_to_target":""},"product_brand":[],"product_cat":[707],"product_tag":[],"class_list":{"0":"post-56124","1":"product","2":"type-product","3":"status-publish","4":"has-post-thumbnail","6":"product_cat-systmes-dinformation-web-et-socit-12506570","8":"first","9":"instock","10":"shipping-taxable","11":"purchasable","12":"product-type-variable"},"acf":[],"yoast_head":"<!-- This site is optimized with the Yoast SEO plugin v27.2 - https:\/\/yoast.com\/product\/yoast-seo-wordpress\/ -->\n<title>Data analytics automatis\u00e9es - ISTE Group<\/title>\n<meta name=\"description\" content=\"Une nouvelle synergie se profile entre l\u2019ing\u00e9niosit\u00e9 humaine et la capacit\u00e9 de calcul des mod\u00e8les de l\u2019IA g\u00e9n\u00e9rative, Data analytics automatis\u00e9es s\u2019int\u00e9resse \u00e0 cette collaboration fructueuse entre les deux pour lib\u00e9rer le plein potentiel de l\u2019analyse des donn\u00e9es.\" \/>\n<meta name=\"robots\" content=\"index, follow, max-snippet:-1, max-image-preview:large, max-video-preview:-1\" \/>\n<link rel=\"canonical\" href=\"https:\/\/www.istegroup.com\/fr\/produit\/data-analytics-automatisees\/\" \/>\n<meta property=\"og:locale\" content=\"fr_FR\" \/>\n<meta property=\"og:type\" content=\"article\" \/>\n<meta property=\"og:title\" content=\"Data analytics automatis\u00e9es - ISTE Group\" \/>\n<meta property=\"og:description\" content=\"Une nouvelle synergie se profile entre l\u2019ing\u00e9niosit\u00e9 humaine et la capacit\u00e9 de calcul des mod\u00e8les de l\u2019IA g\u00e9n\u00e9rative, Data analytics automatis\u00e9es s\u2019int\u00e9resse \u00e0 cette collaboration fructueuse entre les deux pour lib\u00e9rer le plein potentiel de l\u2019analyse des donn\u00e9es.\" \/>\n<meta property=\"og:url\" content=\"https:\/\/www.istegroup.com\/fr\/produit\/data-analytics-automatisees\/\" \/>\n<meta property=\"og:site_name\" content=\"ISTE Group\" \/>\n<meta property=\"article:modified_time\" content=\"2024-06-12T09:27:06+00:00\" \/>\n<meta property=\"og:image\" content=\"https:\/\/www.istegroup.com\/wp-content\/uploads\/2024\/03\/Data-analytics-automatisees.png\" \/>\n\t<meta property=\"og:image:width\" content=\"597\" \/>\n\t<meta property=\"og:image:height\" content=\"900\" \/>\n\t<meta property=\"og:image:type\" content=\"image\/png\" \/>\n<meta name=\"twitter:card\" content=\"summary_large_image\" \/>\n<meta name=\"twitter:label1\" content=\"Est. reading time\" \/>\n\t<meta name=\"twitter:data1\" content=\"1 minute\" \/>\n<script type=\"application\/ld+json\" class=\"yoast-schema-graph\">{\"@context\":\"https:\/\/schema.org\",\"@graph\":[{\"@type\":\"WebPage\",\"@id\":\"https:\/\/www.istegroup.com\/fr\/produit\/data-analytics-automatisees\/\",\"url\":\"https:\/\/www.istegroup.com\/fr\/produit\/data-analytics-automatisees\/\",\"name\":\"Data analytics automatis\u00e9es - ISTE Group\",\"isPartOf\":{\"@id\":\"https:\/\/www.istegroup.com\/#website\"},\"primaryImageOfPage\":{\"@id\":\"https:\/\/www.istegroup.com\/fr\/produit\/data-analytics-automatisees\/#primaryimage\"},\"image\":{\"@id\":\"https:\/\/www.istegroup.com\/fr\/produit\/data-analytics-automatisees\/#primaryimage\"},\"thumbnailUrl\":\"https:\/\/www.istegroup.com\/wp-content\/uploads\/2024\/03\/Data-analytics-automatisees.png\",\"datePublished\":\"2024-03-20T11:06:48+00:00\",\"dateModified\":\"2024-06-12T09:27:06+00:00\",\"description\":\"Une nouvelle synergie se profile entre l\u2019ing\u00e9niosit\u00e9 humaine et la capacit\u00e9 de calcul des mod\u00e8les de l\u2019IA g\u00e9n\u00e9rative, Data analytics automatis\u00e9es s\u2019int\u00e9resse \u00e0 cette collaboration fructueuse entre les deux pour lib\u00e9rer le plein potentiel de l\u2019analyse des donn\u00e9es.\",\"breadcrumb\":{\"@id\":\"https:\/\/www.istegroup.com\/fr\/produit\/data-analytics-automatisees\/#breadcrumb\"},\"inLanguage\":\"fr-FR\",\"potentialAction\":[{\"@type\":\"ReadAction\",\"target\":[\"https:\/\/www.istegroup.com\/fr\/produit\/data-analytics-automatisees\/\"]}]},{\"@type\":\"ImageObject\",\"inLanguage\":\"fr-FR\",\"@id\":\"https:\/\/www.istegroup.com\/fr\/produit\/data-analytics-automatisees\/#primaryimage\",\"url\":\"https:\/\/www.istegroup.com\/wp-content\/uploads\/2024\/03\/Data-analytics-automatisees.png\",\"contentUrl\":\"https:\/\/www.istegroup.com\/wp-content\/uploads\/2024\/03\/Data-analytics-automatisees.png\",\"width\":597,\"height\":900,\"caption\":\"Livre scientifique - Data analytics automatis\u00e9es\"},{\"@type\":\"BreadcrumbList\",\"@id\":\"https:\/\/www.istegroup.com\/fr\/produit\/data-analytics-automatisees\/#breadcrumb\",\"itemListElement\":[{\"@type\":\"ListItem\",\"position\":1,\"name\":\"Home\",\"item\":\"https:\/\/www.istegroup.com\/\"},{\"@type\":\"ListItem\",\"position\":2,\"name\":\"Shop\",\"item\":\"https:\/\/www.istegroup.com\/fr\/nouveautes\/\"},{\"@type\":\"ListItem\",\"position\":3,\"name\":\"Data analytics automatis\u00e9es\"}]},{\"@type\":\"WebSite\",\"@id\":\"https:\/\/www.istegroup.com\/#website\",\"url\":\"https:\/\/www.istegroup.com\/\",\"name\":\"ISTE Group\",\"description\":\"\u00c9diteur des Sciences\",\"potentialAction\":[{\"@type\":\"SearchAction\",\"target\":{\"@type\":\"EntryPoint\",\"urlTemplate\":\"https:\/\/www.istegroup.com\/?s={search_term_string}\"},\"query-input\":{\"@type\":\"PropertyValueSpecification\",\"valueRequired\":true,\"valueName\":\"search_term_string\"}}],\"inLanguage\":\"fr-FR\"}]}<\/script>\n<!-- \/ Yoast SEO plugin. -->","yoast_head_json":{"title":"Data analytics automatis\u00e9es - ISTE Group","description":"Une nouvelle synergie se profile entre l\u2019ing\u00e9niosit\u00e9 humaine et la capacit\u00e9 de calcul des mod\u00e8les de l\u2019IA g\u00e9n\u00e9rative, Data analytics automatis\u00e9es s\u2019int\u00e9resse \u00e0 cette collaboration fructueuse entre les deux pour lib\u00e9rer le plein potentiel de l\u2019analyse des donn\u00e9es.","robots":{"index":"index","follow":"follow","max-snippet":"max-snippet:-1","max-image-preview":"max-image-preview:large","max-video-preview":"max-video-preview:-1"},"canonical":"https:\/\/www.istegroup.com\/fr\/produit\/data-analytics-automatisees\/","og_locale":"fr_FR","og_type":"article","og_title":"Data analytics automatis\u00e9es - ISTE Group","og_description":"Une nouvelle synergie se profile entre l\u2019ing\u00e9niosit\u00e9 humaine et la capacit\u00e9 de calcul des mod\u00e8les de l\u2019IA g\u00e9n\u00e9rative, Data analytics automatis\u00e9es s\u2019int\u00e9resse \u00e0 cette collaboration fructueuse entre les deux pour lib\u00e9rer le plein potentiel de l\u2019analyse des donn\u00e9es.","og_url":"https:\/\/www.istegroup.com\/fr\/produit\/data-analytics-automatisees\/","og_site_name":"ISTE Group","article_modified_time":"2024-06-12T09:27:06+00:00","og_image":[{"width":597,"height":900,"url":"https:\/\/www.istegroup.com\/wp-content\/uploads\/2024\/03\/Data-analytics-automatisees.png","type":"image\/png"}],"twitter_card":"summary_large_image","twitter_misc":{"Est. reading time":"1 minute"},"schema":{"@context":"https:\/\/schema.org","@graph":[{"@type":"WebPage","@id":"https:\/\/www.istegroup.com\/fr\/produit\/data-analytics-automatisees\/","url":"https:\/\/www.istegroup.com\/fr\/produit\/data-analytics-automatisees\/","name":"Data analytics automatis\u00e9es - ISTE Group","isPartOf":{"@id":"https:\/\/www.istegroup.com\/#website"},"primaryImageOfPage":{"@id":"https:\/\/www.istegroup.com\/fr\/produit\/data-analytics-automatisees\/#primaryimage"},"image":{"@id":"https:\/\/www.istegroup.com\/fr\/produit\/data-analytics-automatisees\/#primaryimage"},"thumbnailUrl":"https:\/\/www.istegroup.com\/wp-content\/uploads\/2024\/03\/Data-analytics-automatisees.png","datePublished":"2024-03-20T11:06:48+00:00","dateModified":"2024-06-12T09:27:06+00:00","description":"Une nouvelle synergie se profile entre l\u2019ing\u00e9niosit\u00e9 humaine et la capacit\u00e9 de calcul des mod\u00e8les de l\u2019IA g\u00e9n\u00e9rative, Data analytics automatis\u00e9es s\u2019int\u00e9resse \u00e0 cette collaboration fructueuse entre les deux pour lib\u00e9rer le plein potentiel de l\u2019analyse des donn\u00e9es.","breadcrumb":{"@id":"https:\/\/www.istegroup.com\/fr\/produit\/data-analytics-automatisees\/#breadcrumb"},"inLanguage":"fr-FR","potentialAction":[{"@type":"ReadAction","target":["https:\/\/www.istegroup.com\/fr\/produit\/data-analytics-automatisees\/"]}]},{"@type":"ImageObject","inLanguage":"fr-FR","@id":"https:\/\/www.istegroup.com\/fr\/produit\/data-analytics-automatisees\/#primaryimage","url":"https:\/\/www.istegroup.com\/wp-content\/uploads\/2024\/03\/Data-analytics-automatisees.png","contentUrl":"https:\/\/www.istegroup.com\/wp-content\/uploads\/2024\/03\/Data-analytics-automatisees.png","width":597,"height":900,"caption":"Livre scientifique - Data analytics automatis\u00e9es"},{"@type":"BreadcrumbList","@id":"https:\/\/www.istegroup.com\/fr\/produit\/data-analytics-automatisees\/#breadcrumb","itemListElement":[{"@type":"ListItem","position":1,"name":"Home","item":"https:\/\/www.istegroup.com\/"},{"@type":"ListItem","position":2,"name":"Shop","item":"https:\/\/www.istegroup.com\/fr\/nouveautes\/"},{"@type":"ListItem","position":3,"name":"Data analytics automatis\u00e9es"}]},{"@type":"WebSite","@id":"https:\/\/www.istegroup.com\/#website","url":"https:\/\/www.istegroup.com\/","name":"ISTE Group","description":"\u00c9diteur des Sciences","potentialAction":[{"@type":"SearchAction","target":{"@type":"EntryPoint","urlTemplate":"https:\/\/www.istegroup.com\/?s={search_term_string}"},"query-input":{"@type":"PropertyValueSpecification","valueRequired":true,"valueName":"search_term_string"}}],"inLanguage":"fr-FR"}]}},"_links":{"self":[{"href":"https:\/\/www.istegroup.com\/fr\/wp-json\/wp\/v2\/product\/56124","targetHints":{"allow":["GET"]}}],"collection":[{"href":"https:\/\/www.istegroup.com\/fr\/wp-json\/wp\/v2\/product"}],"about":[{"href":"https:\/\/www.istegroup.com\/fr\/wp-json\/wp\/v2\/types\/product"}],"wp:featuredmedia":[{"embeddable":true,"href":"https:\/\/www.istegroup.com\/fr\/wp-json\/wp\/v2\/media\/56131"}],"wp:attachment":[{"href":"https:\/\/www.istegroup.com\/fr\/wp-json\/wp\/v2\/media?parent=56124"}],"wp:term":[{"taxonomy":"product_brand","embeddable":true,"href":"https:\/\/www.istegroup.com\/fr\/wp-json\/wp\/v2\/product_brand?post=56124"},{"taxonomy":"product_cat","embeddable":true,"href":"https:\/\/www.istegroup.com\/fr\/wp-json\/wp\/v2\/product_cat?post=56124"},{"taxonomy":"product_tag","embeddable":true,"href":"https:\/\/www.istegroup.com\/fr\/wp-json\/wp\/v2\/product_tag?post=56124"}],"curies":[{"name":"wp","href":"https:\/\/api.w.org\/{rel}","templated":true}]}}