{"id":561,"date":"2017-05-10T15:04:32","date_gmt":"2017-05-10T13:04:32","guid":{"rendered":"https:\/\/iste.yhello.co\/product\/propulsion-compressible-et-approche-numerique-en-mecanique-des-fluides\/"},"modified":"2024-01-03T13:40:36","modified_gmt":"2024-01-03T13:40:36","slug":"propulsion-compressible-et-approche-numerique-en-mecanique-des-fluides","status":"publish","type":"product","link":"https:\/\/www.istegroup.com\/fr\/produit\/propulsion-compressible-et-approche-numerique-en-mecanique-des-fluides\/","title":{"rendered":"Propulsion compressible et approche num\u00e9rique en m\u00e9canique des fluides"},"content":{"rendered":"<p>Avec la r\u00e9volution industrielle, la m\u00e9canique des fluides s\u2019est impos\u00e9e comme une discipline centrale. Cet ouvrage explore la diversit\u00e9 des approches de cette discipline.<\/p>\n<p>Le fluide est devenu incontournable dans toutes les industries de haute technologie : a\u00e9ronautique, a\u00e9rospatiale, automobile, etc.\u00a0<em>Propulsion compressible et approche num\u00e9rique en m\u00e9canique des fluides<\/em>\u00a0analyse le traitement de probl\u00e8mes complexes \u00e0 travers des exemples d\u2019application en milieu industriel.<\/p>\n<p>La probl\u00e9matique des fluides visqueux est trait\u00e9e sous un angle analytique ainsi que la thermodynamique combin\u00e9e \u00e0 la m\u00e9canique, l\u2019occurrence d\u2019irr\u00e9versibilit\u00e9s locales, l\u2019approche num\u00e9rique, la mod\u00e9lisation et la simulation. L\u2019\u00e9valuation des performances d\u2019une \u00e9olienne Darrieus \u00e0 pales droites par des calculs num\u00e9riques est l\u2019une des applications \u00e9tudi\u00e9es.<\/p>\n<p>La r\u00e9solution des probl\u00e8mes est assise sur des rappels fondamentaux \u2013 principes de base et \u00e9quations g\u00e9n\u00e9rales \u2013 dans la perspective de l\u2019accessibilit\u00e9 \u00e0 un large public.<\/p>\n","protected":false},"excerpt":{"rendered":"<p>Avec la r\u00e9volution industrielle, la m\u00e9canique des fluides s\u2019est impos\u00e9e comme une discipline centrale. Cet ouvrage explore la diversit\u00e9 des approches de cette discipline. Le fluide est devenu incontournable dans toutes les industries de haute technologie : a\u00e9ronautique, a\u00e9rospatiale, automobile, etc.\u00a0Propulsion compressible et approche num\u00e9rique en m\u00e9canique des fluides\u00a0analyse le traitement de probl\u00e8mes complexes \u00e0 [&hellip;]<\/p>\n","protected":false},"featured_media":562,"template":"","meta":{"_acf_changed":false,"_links_to":"","_links_to_target":""},"product_brand":[],"product_cat":[664,675,697],"product_tag":[152,18,20,21,22,26,27,154,153,38,28,155,156],"class_list":{"0":"post-561","1":"product","2":"type-product","3":"status-publish","4":"has-post-thumbnail","6":"product_cat-gnie-mcanique-et-mcanique-des-solides-12506462","7":"product_cat-nouveauts-12519446","8":"product_cat-srie-ingnierie-mathmatique-et-mcanique-406324433","9":"product_tag-abdelkhalak-el-hami","10":"product_tag-edition-scientifique","11":"product_tag-editions-technique","12":"product_tag-iste-group","13":"product_tag-istegroup","14":"product_tag-livre-scientifique-francais","15":"product_tag-livre-technique-francais","16":"product_tag-mecanique-des-fluides","17":"product_tag-michel-ledoux","18":"product_tag-ouvrage-numerique","19":"product_tag-ouvrage-scientifique-francais","20":"product_tag-propulsion-compressible","21":"product_tag-propulsion-compressible-et-approche-numerique-en-mecanique-des-fluides","23":"first","24":"instock","25":"shipping-taxable","26":"purchasable","27":"product-type-variable"},"acf":[],"yoast_head":"<!-- This site is optimized with the Yoast SEO plugin v27.2 - https:\/\/yoast.com\/product\/yoast-seo-wordpress\/ -->\n<title>Propulsion compressible et approche num\u00e9rique en m\u00e9canique des fluides - ISTE Group<\/title>\n<meta name=\"description\" content=\"Propulsion compressible et approche num\u00e9rique en m\u00e9canique des fluides\u00a0analyse le traitement de probl\u00e8mes complexes \u00e0 travers des exemples d\u2019application.\" \/>\n<meta name=\"robots\" content=\"index, follow, max-snippet:-1, max-image-preview:large, max-video-preview:-1\" \/>\n<link rel=\"canonical\" href=\"https:\/\/www.istegroup.com\/en\/produit\/propulsion-compressible-et-approche-numerique-en-mecanique-des-fluides\/\" \/>\n<meta property=\"og:locale\" content=\"fr_FR\" \/>\n<meta property=\"og:type\" content=\"article\" \/>\n<meta property=\"og:title\" content=\"Propulsion compressible et approche num\u00e9rique en m\u00e9canique des fluides - ISTE Group\" \/>\n<meta property=\"og:description\" content=\"Propulsion compressible et approche num\u00e9rique en m\u00e9canique des fluides\u00a0analyse le traitement de probl\u00e8mes complexes \u00e0 travers des exemples d\u2019application.\" \/>\n<meta property=\"og:url\" content=\"https:\/\/www.istegroup.com\/en\/produit\/propulsion-compressible-et-approche-numerique-en-mecanique-des-fluides\/\" \/>\n<meta property=\"og:site_name\" content=\"ISTE Group\" \/>\n<meta property=\"article:modified_time\" content=\"2024-01-03T13:40:36+00:00\" \/>\n<meta property=\"og:image\" content=\"https:\/\/www.istegroup.com\/wp-content\/uploads\/2017\/07\/20534188881_9223728913-1-scaled.jpg\" \/>\n\t<meta property=\"og:image:width\" content=\"1703\" \/>\n\t<meta property=\"og:image:height\" content=\"2560\" \/>\n\t<meta property=\"og:image:type\" content=\"image\/jpeg\" \/>\n<meta name=\"twitter:card\" content=\"summary_large_image\" \/>\n<meta name=\"twitter:label1\" content=\"Est. reading time\" \/>\n\t<meta name=\"twitter:data1\" content=\"1 minute\" \/>\n<script type=\"application\/ld+json\" class=\"yoast-schema-graph\">{\"@context\":\"https:\/\/schema.org\",\"@graph\":[{\"@type\":\"WebPage\",\"@id\":\"https:\/\/www.istegroup.com\/en\/produit\/propulsion-compressible-et-approche-numerique-en-mecanique-des-fluides\/\",\"url\":\"https:\/\/www.istegroup.com\/en\/produit\/propulsion-compressible-et-approche-numerique-en-mecanique-des-fluides\/\",\"name\":\"Propulsion compressible et approche num\u00e9rique en m\u00e9canique des fluides - ISTE Group\",\"isPartOf\":{\"@id\":\"https:\/\/www.istegroup.com\/#website\"},\"primaryImageOfPage\":{\"@id\":\"https:\/\/www.istegroup.com\/en\/produit\/propulsion-compressible-et-approche-numerique-en-mecanique-des-fluides\/#primaryimage\"},\"image\":{\"@id\":\"https:\/\/www.istegroup.com\/en\/produit\/propulsion-compressible-et-approche-numerique-en-mecanique-des-fluides\/#primaryimage\"},\"thumbnailUrl\":\"https:\/\/www.istegroup.com\/wp-content\/uploads\/2017\/07\/20534188881_9223728913-1-scaled.jpg\",\"datePublished\":\"2017-05-10T13:04:32+00:00\",\"dateModified\":\"2024-01-03T13:40:36+00:00\",\"description\":\"Propulsion compressible et approche num\u00e9rique en m\u00e9canique des fluides\u00a0analyse le traitement de probl\u00e8mes complexes \u00e0 travers des exemples d\u2019application.\",\"breadcrumb\":{\"@id\":\"https:\/\/www.istegroup.com\/en\/produit\/propulsion-compressible-et-approche-numerique-en-mecanique-des-fluides\/#breadcrumb\"},\"inLanguage\":\"fr-FR\",\"potentialAction\":[{\"@type\":\"ReadAction\",\"target\":[\"https:\/\/www.istegroup.com\/en\/produit\/propulsion-compressible-et-approche-numerique-en-mecanique-des-fluides\/\"]}]},{\"@type\":\"ImageObject\",\"inLanguage\":\"fr-FR\",\"@id\":\"https:\/\/www.istegroup.com\/en\/produit\/propulsion-compressible-et-approche-numerique-en-mecanique-des-fluides\/#primaryimage\",\"url\":\"https:\/\/www.istegroup.com\/wp-content\/uploads\/2017\/07\/20534188881_9223728913-1-scaled.jpg\",\"contentUrl\":\"https:\/\/www.istegroup.com\/wp-content\/uploads\/2017\/07\/20534188881_9223728913-1-scaled.jpg\",\"width\":1703,\"height\":2560,\"caption\":\"Propulsion compressible et approche num\u00e9rique en m\u00e9canique des fluides\"},{\"@type\":\"BreadcrumbList\",\"@id\":\"https:\/\/www.istegroup.com\/en\/produit\/propulsion-compressible-et-approche-numerique-en-mecanique-des-fluides\/#breadcrumb\",\"itemListElement\":[{\"@type\":\"ListItem\",\"position\":1,\"name\":\"Home\",\"item\":\"https:\/\/www.istegroup.com\/\"},{\"@type\":\"ListItem\",\"position\":2,\"name\":\"Shop\",\"item\":\"https:\/\/www.istegroup.com\/fr\/nouveautes\/\"},{\"@type\":\"ListItem\",\"position\":3,\"name\":\"Propulsion compressible et approche num\u00e9rique en m\u00e9canique des fluides\"}]},{\"@type\":\"WebSite\",\"@id\":\"https:\/\/www.istegroup.com\/#website\",\"url\":\"https:\/\/www.istegroup.com\/\",\"name\":\"ISTE Group\",\"description\":\"\u00c9diteur des Sciences\",\"potentialAction\":[{\"@type\":\"SearchAction\",\"target\":{\"@type\":\"EntryPoint\",\"urlTemplate\":\"https:\/\/www.istegroup.com\/?s={search_term_string}\"},\"query-input\":{\"@type\":\"PropertyValueSpecification\",\"valueRequired\":true,\"valueName\":\"search_term_string\"}}],\"inLanguage\":\"fr-FR\"}]}<\/script>\n<!-- \/ Yoast SEO plugin. -->","yoast_head_json":{"title":"Propulsion compressible et approche num\u00e9rique en m\u00e9canique des fluides - ISTE Group","description":"Propulsion compressible et approche num\u00e9rique en m\u00e9canique des fluides\u00a0analyse le traitement de probl\u00e8mes complexes \u00e0 travers des exemples d\u2019application.","robots":{"index":"index","follow":"follow","max-snippet":"max-snippet:-1","max-image-preview":"max-image-preview:large","max-video-preview":"max-video-preview:-1"},"canonical":"https:\/\/www.istegroup.com\/en\/produit\/propulsion-compressible-et-approche-numerique-en-mecanique-des-fluides\/","og_locale":"fr_FR","og_type":"article","og_title":"Propulsion compressible et approche num\u00e9rique en m\u00e9canique des fluides - ISTE Group","og_description":"Propulsion compressible et approche num\u00e9rique en m\u00e9canique des fluides\u00a0analyse le traitement de probl\u00e8mes complexes \u00e0 travers des exemples d\u2019application.","og_url":"https:\/\/www.istegroup.com\/en\/produit\/propulsion-compressible-et-approche-numerique-en-mecanique-des-fluides\/","og_site_name":"ISTE Group","article_modified_time":"2024-01-03T13:40:36+00:00","og_image":[{"width":1703,"height":2560,"url":"https:\/\/www.istegroup.com\/wp-content\/uploads\/2017\/07\/20534188881_9223728913-1-scaled.jpg","type":"image\/jpeg"}],"twitter_card":"summary_large_image","twitter_misc":{"Est. reading time":"1 minute"},"schema":{"@context":"https:\/\/schema.org","@graph":[{"@type":"WebPage","@id":"https:\/\/www.istegroup.com\/en\/produit\/propulsion-compressible-et-approche-numerique-en-mecanique-des-fluides\/","url":"https:\/\/www.istegroup.com\/en\/produit\/propulsion-compressible-et-approche-numerique-en-mecanique-des-fluides\/","name":"Propulsion compressible et approche num\u00e9rique en m\u00e9canique des fluides - ISTE Group","isPartOf":{"@id":"https:\/\/www.istegroup.com\/#website"},"primaryImageOfPage":{"@id":"https:\/\/www.istegroup.com\/en\/produit\/propulsion-compressible-et-approche-numerique-en-mecanique-des-fluides\/#primaryimage"},"image":{"@id":"https:\/\/www.istegroup.com\/en\/produit\/propulsion-compressible-et-approche-numerique-en-mecanique-des-fluides\/#primaryimage"},"thumbnailUrl":"https:\/\/www.istegroup.com\/wp-content\/uploads\/2017\/07\/20534188881_9223728913-1-scaled.jpg","datePublished":"2017-05-10T13:04:32+00:00","dateModified":"2024-01-03T13:40:36+00:00","description":"Propulsion compressible et approche num\u00e9rique en m\u00e9canique des fluides\u00a0analyse le traitement de probl\u00e8mes complexes \u00e0 travers des exemples d\u2019application.","breadcrumb":{"@id":"https:\/\/www.istegroup.com\/en\/produit\/propulsion-compressible-et-approche-numerique-en-mecanique-des-fluides\/#breadcrumb"},"inLanguage":"fr-FR","potentialAction":[{"@type":"ReadAction","target":["https:\/\/www.istegroup.com\/en\/produit\/propulsion-compressible-et-approche-numerique-en-mecanique-des-fluides\/"]}]},{"@type":"ImageObject","inLanguage":"fr-FR","@id":"https:\/\/www.istegroup.com\/en\/produit\/propulsion-compressible-et-approche-numerique-en-mecanique-des-fluides\/#primaryimage","url":"https:\/\/www.istegroup.com\/wp-content\/uploads\/2017\/07\/20534188881_9223728913-1-scaled.jpg","contentUrl":"https:\/\/www.istegroup.com\/wp-content\/uploads\/2017\/07\/20534188881_9223728913-1-scaled.jpg","width":1703,"height":2560,"caption":"Propulsion compressible et approche num\u00e9rique en m\u00e9canique des fluides"},{"@type":"BreadcrumbList","@id":"https:\/\/www.istegroup.com\/en\/produit\/propulsion-compressible-et-approche-numerique-en-mecanique-des-fluides\/#breadcrumb","itemListElement":[{"@type":"ListItem","position":1,"name":"Home","item":"https:\/\/www.istegroup.com\/"},{"@type":"ListItem","position":2,"name":"Shop","item":"https:\/\/www.istegroup.com\/fr\/nouveautes\/"},{"@type":"ListItem","position":3,"name":"Propulsion compressible et approche num\u00e9rique en m\u00e9canique des fluides"}]},{"@type":"WebSite","@id":"https:\/\/www.istegroup.com\/#website","url":"https:\/\/www.istegroup.com\/","name":"ISTE Group","description":"\u00c9diteur des Sciences","potentialAction":[{"@type":"SearchAction","target":{"@type":"EntryPoint","urlTemplate":"https:\/\/www.istegroup.com\/?s={search_term_string}"},"query-input":{"@type":"PropertyValueSpecification","valueRequired":true,"valueName":"search_term_string"}}],"inLanguage":"fr-FR"}]}},"_links":{"self":[{"href":"https:\/\/www.istegroup.com\/fr\/wp-json\/wp\/v2\/product\/561","targetHints":{"allow":["GET"]}}],"collection":[{"href":"https:\/\/www.istegroup.com\/fr\/wp-json\/wp\/v2\/product"}],"about":[{"href":"https:\/\/www.istegroup.com\/fr\/wp-json\/wp\/v2\/types\/product"}],"wp:featuredmedia":[{"embeddable":true,"href":"https:\/\/www.istegroup.com\/fr\/wp-json\/wp\/v2\/media\/562"}],"wp:attachment":[{"href":"https:\/\/www.istegroup.com\/fr\/wp-json\/wp\/v2\/media?parent=561"}],"wp:term":[{"taxonomy":"product_brand","embeddable":true,"href":"https:\/\/www.istegroup.com\/fr\/wp-json\/wp\/v2\/product_brand?post=561"},{"taxonomy":"product_cat","embeddable":true,"href":"https:\/\/www.istegroup.com\/fr\/wp-json\/wp\/v2\/product_cat?post=561"},{"taxonomy":"product_tag","embeddable":true,"href":"https:\/\/www.istegroup.com\/fr\/wp-json\/wp\/v2\/product_tag?post=561"}],"curies":[{"name":"wp","href":"https:\/\/api.w.org\/{rel}","templated":true}]}}