{"id":55968,"date":"2024-03-08T11:13:27","date_gmt":"2024-03-08T11:13:27","guid":{"rendered":"https:\/\/www.istegroup.com\/?post_type=product&#038;p=55968"},"modified":"2024-06-12T10:31:19","modified_gmt":"2024-06-12T09:31:19","slug":"spectroscopie-infrarouge-des-atmospheres-planetaires","status":"publish","type":"product","link":"https:\/\/www.istegroup.com\/fr\/produit\/spectroscopie-infrarouge-des-atmospheres-planetaires\/","title":{"rendered":"Spectroscopie infrarouge des atmosph\u00e8res plan\u00e9taires"},"content":{"rendered":"<p>La plan\u00e9tologie, c\u2019est-\u00e0-dire l\u2019\u00e9tude des objets du Syst\u00e8me solaire, a connu une v\u00e9ritable r\u00e9volution gr\u00e2ce \u00e0 l\u2019av\u00e8nement de l\u2019exploration spatiale, mais aussi gr\u00e2ce aux observations depuis les t\u00e9lescopes terrestres. La spectroscopie infrarouge qui analyse le rayonnement infrarouge des astres en fonction de sa longueur d\u2019onde a jou\u00e9 un r\u00f4le majeur dans ce d\u00e9veloppement. Elle est \u00e0 la base de notre connaissance de l\u2019atmosph\u00e8re des plan\u00e8tes du Syst\u00e8me solaire (d\u00e9termination de la structure thermique verticale, identification des constituants atmosph\u00e9riques, d\u00e9termination de leurs profils verticaux, \u00e9tude de leur \u00e9volution en fonction des cycles saisonniers\u2026). Aujourd\u2019hui, elle nous permet aussi d\u2019explorer l\u2019atmosph\u00e8re des exoplan\u00e8tes d\u00e9couvertes il y a une trentaine d\u2019ann\u00e9es.<\/p>\n<p>L\u2019objectif de <em>Spectroscopie infrarouge des atmosph\u00e8res plan\u00e9taires<\/em> est de pr\u00e9senter une \u00e9tude synth\u00e9tique du sujet. S\u2019adressant en priorit\u00e9 aux \u00e9tudiants de plan\u00e9tologie, d\u2019astrophysique et de g\u00e9ophysique, cet ouvrage pourra \u00e9galement int\u00e9resser tous les scientifiques, chercheurs et ing\u00e9nieurs d\u00e9sireux d\u2019approfondir leurs connaissances sur le sujet.<\/p>","protected":false},"excerpt":{"rendered":"<p style=\"text-align: center;\"><strong>Cet ouvrage est uniquement disponible en version \u00e9lectronique.<\/strong><\/p>\n<hr \/>\n","protected":false},"featured_media":55974,"template":"","meta":{"_acf_changed":false,"_links_to":"","_links_to_target":""},"product_brand":[],"product_cat":[3262],"product_tag":[],"class_list":{"0":"post-55968","1":"product","2":"type-product","3":"status-publish","4":"has-post-thumbnail","6":"product_cat-non-classe","8":"first","9":"instock","10":"shipping-taxable","11":"purchasable","12":"product-type-variable"},"acf":[],"yoast_head":"<!-- This site is optimized with the Yoast SEO plugin v27.2 - https:\/\/yoast.com\/product\/yoast-seo-wordpress\/ -->\n<title>Spectroscopie infrarouge des atmosph\u00e8res plan\u00e9taires - ISTE Group<\/title>\n<meta name=\"description\" content=\"L\u2019objectif de Spectroscopie infrarouge des atmosph\u00e8res plan\u00e9taires est de pr\u00e9senter une \u00e9tude synth\u00e9tique du sujet.\" \/>\n<meta name=\"robots\" content=\"index, follow, max-snippet:-1, max-image-preview:large, max-video-preview:-1\" \/>\n<link rel=\"canonical\" href=\"https:\/\/www.istegroup.com\/fr\/produit\/spectroscopie-infrarouge-des-atmospheres-planetaires\/\" \/>\n<meta property=\"og:locale\" content=\"fr_FR\" \/>\n<meta property=\"og:type\" content=\"article\" \/>\n<meta property=\"og:title\" content=\"Spectroscopie infrarouge des atmosph\u00e8res plan\u00e9taires - ISTE Group\" \/>\n<meta property=\"og:description\" content=\"L\u2019objectif de Spectroscopie infrarouge des atmosph\u00e8res plan\u00e9taires est de pr\u00e9senter une \u00e9tude synth\u00e9tique du sujet.\" \/>\n<meta property=\"og:url\" content=\"https:\/\/www.istegroup.com\/fr\/produit\/spectroscopie-infrarouge-des-atmospheres-planetaires\/\" \/>\n<meta property=\"og:site_name\" content=\"ISTE Group\" \/>\n<meta property=\"article:modified_time\" content=\"2024-06-12T09:31:19+00:00\" \/>\n<meta property=\"og:image\" content=\"https:\/\/www.istegroup.com\/wp-content\/uploads\/2024\/03\/Spectroscopie-infrarouge-des-atmospheres-planetaires.png\" \/>\n\t<meta property=\"og:image:width\" content=\"599\" \/>\n\t<meta property=\"og:image:height\" content=\"903\" \/>\n\t<meta property=\"og:image:type\" content=\"image\/png\" \/>\n<meta name=\"twitter:card\" content=\"summary_large_image\" \/>\n<meta name=\"twitter:label1\" content=\"Est. reading time\" \/>\n\t<meta name=\"twitter:data1\" content=\"1 minute\" \/>\n<script type=\"application\/ld+json\" class=\"yoast-schema-graph\">{\"@context\":\"https:\/\/schema.org\",\"@graph\":[{\"@type\":\"WebPage\",\"@id\":\"https:\/\/www.istegroup.com\/fr\/produit\/spectroscopie-infrarouge-des-atmospheres-planetaires\/\",\"url\":\"https:\/\/www.istegroup.com\/fr\/produit\/spectroscopie-infrarouge-des-atmospheres-planetaires\/\",\"name\":\"Spectroscopie infrarouge des atmosph\u00e8res plan\u00e9taires - ISTE Group\",\"isPartOf\":{\"@id\":\"https:\/\/www.istegroup.com\/#website\"},\"primaryImageOfPage\":{\"@id\":\"https:\/\/www.istegroup.com\/fr\/produit\/spectroscopie-infrarouge-des-atmospheres-planetaires\/#primaryimage\"},\"image\":{\"@id\":\"https:\/\/www.istegroup.com\/fr\/produit\/spectroscopie-infrarouge-des-atmospheres-planetaires\/#primaryimage\"},\"thumbnailUrl\":\"https:\/\/www.istegroup.com\/wp-content\/uploads\/2024\/03\/Spectroscopie-infrarouge-des-atmospheres-planetaires.png\",\"datePublished\":\"2024-03-08T11:13:27+00:00\",\"dateModified\":\"2024-06-12T09:31:19+00:00\",\"description\":\"L\u2019objectif de Spectroscopie infrarouge des atmosph\u00e8res plan\u00e9taires est de pr\u00e9senter une \u00e9tude synth\u00e9tique du sujet.\",\"breadcrumb\":{\"@id\":\"https:\/\/www.istegroup.com\/fr\/produit\/spectroscopie-infrarouge-des-atmospheres-planetaires\/#breadcrumb\"},\"inLanguage\":\"fr-FR\",\"potentialAction\":[{\"@type\":\"ReadAction\",\"target\":[\"https:\/\/www.istegroup.com\/fr\/produit\/spectroscopie-infrarouge-des-atmospheres-planetaires\/\"]}]},{\"@type\":\"ImageObject\",\"inLanguage\":\"fr-FR\",\"@id\":\"https:\/\/www.istegroup.com\/fr\/produit\/spectroscopie-infrarouge-des-atmospheres-planetaires\/#primaryimage\",\"url\":\"https:\/\/www.istegroup.com\/wp-content\/uploads\/2024\/03\/Spectroscopie-infrarouge-des-atmospheres-planetaires.png\",\"contentUrl\":\"https:\/\/www.istegroup.com\/wp-content\/uploads\/2024\/03\/Spectroscopie-infrarouge-des-atmospheres-planetaires.png\",\"width\":599,\"height\":903,\"caption\":\"Livre scientifique - Spectroscopie infrarouge des atmosph\u00e8res plan\u00e9taires\"},{\"@type\":\"BreadcrumbList\",\"@id\":\"https:\/\/www.istegroup.com\/fr\/produit\/spectroscopie-infrarouge-des-atmospheres-planetaires\/#breadcrumb\",\"itemListElement\":[{\"@type\":\"ListItem\",\"position\":1,\"name\":\"Home\",\"item\":\"https:\/\/www.istegroup.com\/\"},{\"@type\":\"ListItem\",\"position\":2,\"name\":\"Shop\",\"item\":\"https:\/\/www.istegroup.com\/fr\/nouveautes\/\"},{\"@type\":\"ListItem\",\"position\":3,\"name\":\"Spectroscopie infrarouge des atmosph\u00e8res plan\u00e9taires\"}]},{\"@type\":\"WebSite\",\"@id\":\"https:\/\/www.istegroup.com\/#website\",\"url\":\"https:\/\/www.istegroup.com\/\",\"name\":\"ISTE Group\",\"description\":\"\u00c9diteur des Sciences\",\"potentialAction\":[{\"@type\":\"SearchAction\",\"target\":{\"@type\":\"EntryPoint\",\"urlTemplate\":\"https:\/\/www.istegroup.com\/?s={search_term_string}\"},\"query-input\":{\"@type\":\"PropertyValueSpecification\",\"valueRequired\":true,\"valueName\":\"search_term_string\"}}],\"inLanguage\":\"fr-FR\"}]}<\/script>\n<!-- \/ Yoast SEO plugin. -->","yoast_head_json":{"title":"Spectroscopie infrarouge des atmosph\u00e8res plan\u00e9taires - ISTE Group","description":"L\u2019objectif de Spectroscopie infrarouge des atmosph\u00e8res plan\u00e9taires est de pr\u00e9senter une \u00e9tude synth\u00e9tique du sujet.","robots":{"index":"index","follow":"follow","max-snippet":"max-snippet:-1","max-image-preview":"max-image-preview:large","max-video-preview":"max-video-preview:-1"},"canonical":"https:\/\/www.istegroup.com\/fr\/produit\/spectroscopie-infrarouge-des-atmospheres-planetaires\/","og_locale":"fr_FR","og_type":"article","og_title":"Spectroscopie infrarouge des atmosph\u00e8res plan\u00e9taires - ISTE Group","og_description":"L\u2019objectif de Spectroscopie infrarouge des atmosph\u00e8res plan\u00e9taires est de pr\u00e9senter une \u00e9tude synth\u00e9tique du sujet.","og_url":"https:\/\/www.istegroup.com\/fr\/produit\/spectroscopie-infrarouge-des-atmospheres-planetaires\/","og_site_name":"ISTE Group","article_modified_time":"2024-06-12T09:31:19+00:00","og_image":[{"width":599,"height":903,"url":"https:\/\/www.istegroup.com\/wp-content\/uploads\/2024\/03\/Spectroscopie-infrarouge-des-atmospheres-planetaires.png","type":"image\/png"}],"twitter_card":"summary_large_image","twitter_misc":{"Est. reading time":"1 minute"},"schema":{"@context":"https:\/\/schema.org","@graph":[{"@type":"WebPage","@id":"https:\/\/www.istegroup.com\/fr\/produit\/spectroscopie-infrarouge-des-atmospheres-planetaires\/","url":"https:\/\/www.istegroup.com\/fr\/produit\/spectroscopie-infrarouge-des-atmospheres-planetaires\/","name":"Spectroscopie infrarouge des atmosph\u00e8res plan\u00e9taires - ISTE Group","isPartOf":{"@id":"https:\/\/www.istegroup.com\/#website"},"primaryImageOfPage":{"@id":"https:\/\/www.istegroup.com\/fr\/produit\/spectroscopie-infrarouge-des-atmospheres-planetaires\/#primaryimage"},"image":{"@id":"https:\/\/www.istegroup.com\/fr\/produit\/spectroscopie-infrarouge-des-atmospheres-planetaires\/#primaryimage"},"thumbnailUrl":"https:\/\/www.istegroup.com\/wp-content\/uploads\/2024\/03\/Spectroscopie-infrarouge-des-atmospheres-planetaires.png","datePublished":"2024-03-08T11:13:27+00:00","dateModified":"2024-06-12T09:31:19+00:00","description":"L\u2019objectif de Spectroscopie infrarouge des atmosph\u00e8res plan\u00e9taires est de pr\u00e9senter une \u00e9tude synth\u00e9tique du sujet.","breadcrumb":{"@id":"https:\/\/www.istegroup.com\/fr\/produit\/spectroscopie-infrarouge-des-atmospheres-planetaires\/#breadcrumb"},"inLanguage":"fr-FR","potentialAction":[{"@type":"ReadAction","target":["https:\/\/www.istegroup.com\/fr\/produit\/spectroscopie-infrarouge-des-atmospheres-planetaires\/"]}]},{"@type":"ImageObject","inLanguage":"fr-FR","@id":"https:\/\/www.istegroup.com\/fr\/produit\/spectroscopie-infrarouge-des-atmospheres-planetaires\/#primaryimage","url":"https:\/\/www.istegroup.com\/wp-content\/uploads\/2024\/03\/Spectroscopie-infrarouge-des-atmospheres-planetaires.png","contentUrl":"https:\/\/www.istegroup.com\/wp-content\/uploads\/2024\/03\/Spectroscopie-infrarouge-des-atmospheres-planetaires.png","width":599,"height":903,"caption":"Livre scientifique - Spectroscopie infrarouge des atmosph\u00e8res plan\u00e9taires"},{"@type":"BreadcrumbList","@id":"https:\/\/www.istegroup.com\/fr\/produit\/spectroscopie-infrarouge-des-atmospheres-planetaires\/#breadcrumb","itemListElement":[{"@type":"ListItem","position":1,"name":"Home","item":"https:\/\/www.istegroup.com\/"},{"@type":"ListItem","position":2,"name":"Shop","item":"https:\/\/www.istegroup.com\/fr\/nouveautes\/"},{"@type":"ListItem","position":3,"name":"Spectroscopie infrarouge des atmosph\u00e8res plan\u00e9taires"}]},{"@type":"WebSite","@id":"https:\/\/www.istegroup.com\/#website","url":"https:\/\/www.istegroup.com\/","name":"ISTE Group","description":"\u00c9diteur des Sciences","potentialAction":[{"@type":"SearchAction","target":{"@type":"EntryPoint","urlTemplate":"https:\/\/www.istegroup.com\/?s={search_term_string}"},"query-input":{"@type":"PropertyValueSpecification","valueRequired":true,"valueName":"search_term_string"}}],"inLanguage":"fr-FR"}]}},"_links":{"self":[{"href":"https:\/\/www.istegroup.com\/fr\/wp-json\/wp\/v2\/product\/55968","targetHints":{"allow":["GET"]}}],"collection":[{"href":"https:\/\/www.istegroup.com\/fr\/wp-json\/wp\/v2\/product"}],"about":[{"href":"https:\/\/www.istegroup.com\/fr\/wp-json\/wp\/v2\/types\/product"}],"wp:featuredmedia":[{"embeddable":true,"href":"https:\/\/www.istegroup.com\/fr\/wp-json\/wp\/v2\/media\/55974"}],"wp:attachment":[{"href":"https:\/\/www.istegroup.com\/fr\/wp-json\/wp\/v2\/media?parent=55968"}],"wp:term":[{"taxonomy":"product_brand","embeddable":true,"href":"https:\/\/www.istegroup.com\/fr\/wp-json\/wp\/v2\/product_brand?post=55968"},{"taxonomy":"product_cat","embeddable":true,"href":"https:\/\/www.istegroup.com\/fr\/wp-json\/wp\/v2\/product_cat?post=55968"},{"taxonomy":"product_tag","embeddable":true,"href":"https:\/\/www.istegroup.com\/fr\/wp-json\/wp\/v2\/product_tag?post=55968"}],"curies":[{"name":"wp","href":"https:\/\/api.w.org\/{rel}","templated":true}]}}