{"id":55942,"date":"2024-03-10T14:15:46","date_gmt":"2024-03-10T14:15:46","guid":{"rendered":"https:\/\/www.istegroup.com\/?post_type=product&#038;p=55942"},"modified":"2025-01-03T11:00:35","modified_gmt":"2025-01-03T11:00:35","slug":"gestion-de-la-securite-en-e-sante","status":"publish","type":"product","link":"https:\/\/www.istegroup.com\/fr\/produit\/gestion-de-la-securite-en-e-sante\/","title":{"rendered":"Gestion de la s\u00e9curit\u00e9 en e-sant\u00e9"},"content":{"rendered":"<p>L\u2019\u00e9volution num\u00e9rique, que ce soit les progr\u00e8s de l&rsquo;internet ou le d\u00e9veloppement des objets connect\u00e9s, a provoqu\u00e9 une v\u00e9ritable r\u00e9volution soci\u00e9tale. Le domaine de la m\u00e9decine en b\u00e9n\u00e9ficie pleinement, gr\u00e2ce aux avanc\u00e9es technologiques, les services de e-sant\u00e9 permettent d\u2019assurer un suivi en temps r\u00e9el des patients par les professionnels de la sant\u00e9. Cependant, de nouveaux d\u00e9fis sont alors apparus, auxquels le domaine de la e-sant\u00e9 est confront\u00e9. Ils concernent la s\u00e9curit\u00e9 des donn\u00e9es m\u00e9dicales, ainsi que la protection de la vie priv\u00e9e des patients.<\/p>\n<p>Apr\u00e8s avoir pr\u00e9sent\u00e9 les architectures de e-sant\u00e9 et expliqu\u00e9 la multiplication des cyberattaques, <em>Gestion de la s\u00e9curit\u00e9 en e-sant\u00e9<\/em> se concentre sur la proposition de solutions visant \u00e0 r\u00e9pondre \u00e0 ces imp\u00e9ratifs de s\u00e9curit\u00e9 et au respect de la vie priv\u00e9e des patients comme l\u2019utilisation de la blockchain, de \u00ab la biom\u00e9trie \u00bb, de nouvelles m\u00e9thodes de chiffrement ou encore de l\u2019intelligence artificielle. La mise en place de ces solutions est cruciale pour garantir l&rsquo;acceptation et l&rsquo;efficacit\u00e9 des services de e-sant\u00e9.<\/p>\n","protected":false},"excerpt":{"rendered":"<p>L\u2019\u00e9volution num\u00e9rique, que ce soit les progr\u00e8s de l&rsquo;internet ou le d\u00e9veloppement des objets connect\u00e9s, a provoqu\u00e9 une v\u00e9ritable r\u00e9volution soci\u00e9tale. Le domaine de la m\u00e9decine en b\u00e9n\u00e9ficie pleinement, gr\u00e2ce aux avanc\u00e9es technologiques, les services de e-sant\u00e9 permettent d\u2019assurer un suivi en temps r\u00e9el des patients par les professionnels de la sant\u00e9. Cependant, de nouveaux [&hellip;]<\/p>\n","protected":false},"featured_media":55960,"template":"","meta":{"_acf_changed":false,"_links_to":"","_links_to_target":""},"product_brand":[],"product_cat":[4289],"product_tag":[],"class_list":{"0":"post-55942","1":"product","2":"type-product","3":"status-publish","4":"has-post-thumbnail","6":"product_cat-sciences","8":"first","9":"instock","10":"shipping-taxable","11":"purchasable","12":"product-type-variable"},"acf":[],"yoast_head":"<!-- This site is optimized with the Yoast SEO plugin v27.2 - https:\/\/yoast.com\/product\/yoast-seo-wordpress\/ -->\n<title>Gestion de la s\u00e9curit\u00e9 en e-sant\u00e9 - ISTE Group<\/title>\n<meta name=\"description\" content=\"Gestion de la s\u00e9curit\u00e9 en e-sant\u00e9 se concentre sur la proposition de solutions visant \u00e0 r\u00e9pondre \u00e0 ces imp\u00e9ratifs de s\u00e9curit\u00e9 et au respect de la vie priv\u00e9e des patients comme l\u2019utilisation de la blockchain, de \u00ab la biom\u00e9trie \u00bb, de nouvelles m\u00e9thodes de chiffrement ou encore de l\u2019intelligence artificielle. La mise en place de ces solutions est cruciale pour garantir l&#039;acceptation et l&#039;efficacit\u00e9 des services de e-sant\u00e9.\" \/>\n<meta name=\"robots\" content=\"index, follow, max-snippet:-1, max-image-preview:large, max-video-preview:-1\" \/>\n<link rel=\"canonical\" href=\"https:\/\/www.istegroup.com\/produit\/gestion-de-la-securite-en-e-sante\/\" \/>\n<meta property=\"og:locale\" content=\"fr_FR\" \/>\n<meta property=\"og:type\" content=\"article\" \/>\n<meta property=\"og:title\" content=\"Gestion de la s\u00e9curit\u00e9 en e-sant\u00e9 - ISTE Group\" \/>\n<meta property=\"og:description\" content=\"Gestion de la s\u00e9curit\u00e9 en e-sant\u00e9 se concentre sur la proposition de solutions visant \u00e0 r\u00e9pondre \u00e0 ces imp\u00e9ratifs de s\u00e9curit\u00e9 et au respect de la vie priv\u00e9e des patients comme l\u2019utilisation de la blockchain, de \u00ab la biom\u00e9trie \u00bb, de nouvelles m\u00e9thodes de chiffrement ou encore de l\u2019intelligence artificielle. La mise en place de ces solutions est cruciale pour garantir l&#039;acceptation et l&#039;efficacit\u00e9 des services de e-sant\u00e9.\" \/>\n<meta property=\"og:url\" content=\"https:\/\/www.istegroup.com\/produit\/gestion-de-la-securite-en-e-sante\/\" \/>\n<meta property=\"og:site_name\" content=\"ISTE Group\" \/>\n<meta property=\"article:modified_time\" content=\"2025-01-03T11:00:35+00:00\" \/>\n<meta property=\"og:image\" content=\"https:\/\/www.istegroup.com\/wp-content\/uploads\/2024\/03\/179_Gestion-de-la-securite-en-e-sante_Hamdi.jpeg\" \/>\n\t<meta property=\"og:image:width\" content=\"300\" \/>\n\t<meta property=\"og:image:height\" content=\"450\" \/>\n\t<meta property=\"og:image:type\" content=\"image\/jpeg\" \/>\n<meta name=\"twitter:card\" content=\"summary_large_image\" \/>\n<meta name=\"twitter:label1\" content=\"Est. reading time\" \/>\n\t<meta name=\"twitter:data1\" content=\"2 minutes\" \/>\n<script type=\"application\/ld+json\" class=\"yoast-schema-graph\">{\"@context\":\"https:\/\/schema.org\",\"@graph\":[{\"@type\":\"WebPage\",\"@id\":\"https:\/\/www.istegroup.com\/produit\/gestion-de-la-securite-en-e-sante\/\",\"url\":\"https:\/\/www.istegroup.com\/produit\/gestion-de-la-securite-en-e-sante\/\",\"name\":\"Gestion de la s\u00e9curit\u00e9 en e-sant\u00e9 - ISTE Group\",\"isPartOf\":{\"@id\":\"https:\/\/www.istegroup.com\/#website\"},\"primaryImageOfPage\":{\"@id\":\"https:\/\/www.istegroup.com\/produit\/gestion-de-la-securite-en-e-sante\/#primaryimage\"},\"image\":{\"@id\":\"https:\/\/www.istegroup.com\/produit\/gestion-de-la-securite-en-e-sante\/#primaryimage\"},\"thumbnailUrl\":\"https:\/\/www.istegroup.com\/wp-content\/uploads\/2024\/03\/179_Gestion-de-la-securite-en-e-sante_Hamdi.jpeg\",\"datePublished\":\"2024-03-10T14:15:46+00:00\",\"dateModified\":\"2025-01-03T11:00:35+00:00\",\"description\":\"Gestion de la s\u00e9curit\u00e9 en e-sant\u00e9 se concentre sur la proposition de solutions visant \u00e0 r\u00e9pondre \u00e0 ces imp\u00e9ratifs de s\u00e9curit\u00e9 et au respect de la vie priv\u00e9e des patients comme l\u2019utilisation de la blockchain, de \u00ab la biom\u00e9trie \u00bb, de nouvelles m\u00e9thodes de chiffrement ou encore de l\u2019intelligence artificielle. La mise en place de ces solutions est cruciale pour garantir l'acceptation et l'efficacit\u00e9 des services de e-sant\u00e9.\",\"breadcrumb\":{\"@id\":\"https:\/\/www.istegroup.com\/produit\/gestion-de-la-securite-en-e-sante\/#breadcrumb\"},\"inLanguage\":\"fr-FR\",\"potentialAction\":[{\"@type\":\"ReadAction\",\"target\":[\"https:\/\/www.istegroup.com\/produit\/gestion-de-la-securite-en-e-sante\/\"]}]},{\"@type\":\"ImageObject\",\"inLanguage\":\"fr-FR\",\"@id\":\"https:\/\/www.istegroup.com\/produit\/gestion-de-la-securite-en-e-sante\/#primaryimage\",\"url\":\"https:\/\/www.istegroup.com\/wp-content\/uploads\/2024\/03\/179_Gestion-de-la-securite-en-e-sante_Hamdi.jpeg\",\"contentUrl\":\"https:\/\/www.istegroup.com\/wp-content\/uploads\/2024\/03\/179_Gestion-de-la-securite-en-e-sante_Hamdi.jpeg\",\"width\":300,\"height\":450,\"caption\":\"Livre scientifique - Gestion de la s\u00e9curit\u00e9 en e-sant\u00e9\"},{\"@type\":\"BreadcrumbList\",\"@id\":\"https:\/\/www.istegroup.com\/produit\/gestion-de-la-securite-en-e-sante\/#breadcrumb\",\"itemListElement\":[{\"@type\":\"ListItem\",\"position\":1,\"name\":\"Home\",\"item\":\"https:\/\/www.istegroup.com\/\"},{\"@type\":\"ListItem\",\"position\":2,\"name\":\"Shop\",\"item\":\"https:\/\/www.istegroup.com\/fr\/nouveautes\/\"},{\"@type\":\"ListItem\",\"position\":3,\"name\":\"Gestion de la s\u00e9curit\u00e9 en e-sant\u00e9\"}]},{\"@type\":\"WebSite\",\"@id\":\"https:\/\/www.istegroup.com\/#website\",\"url\":\"https:\/\/www.istegroup.com\/\",\"name\":\"ISTE Group\",\"description\":\"\u00c9diteur des Sciences\",\"potentialAction\":[{\"@type\":\"SearchAction\",\"target\":{\"@type\":\"EntryPoint\",\"urlTemplate\":\"https:\/\/www.istegroup.com\/?s={search_term_string}\"},\"query-input\":{\"@type\":\"PropertyValueSpecification\",\"valueRequired\":true,\"valueName\":\"search_term_string\"}}],\"inLanguage\":\"fr-FR\"}]}<\/script>\n<!-- \/ Yoast SEO plugin. -->","yoast_head_json":{"title":"Gestion de la s\u00e9curit\u00e9 en e-sant\u00e9 - ISTE Group","description":"Gestion de la s\u00e9curit\u00e9 en e-sant\u00e9 se concentre sur la proposition de solutions visant \u00e0 r\u00e9pondre \u00e0 ces imp\u00e9ratifs de s\u00e9curit\u00e9 et au respect de la vie priv\u00e9e des patients comme l\u2019utilisation de la blockchain, de \u00ab la biom\u00e9trie \u00bb, de nouvelles m\u00e9thodes de chiffrement ou encore de l\u2019intelligence artificielle. La mise en place de ces solutions est cruciale pour garantir l'acceptation et l'efficacit\u00e9 des services de e-sant\u00e9.","robots":{"index":"index","follow":"follow","max-snippet":"max-snippet:-1","max-image-preview":"max-image-preview:large","max-video-preview":"max-video-preview:-1"},"canonical":"https:\/\/www.istegroup.com\/produit\/gestion-de-la-securite-en-e-sante\/","og_locale":"fr_FR","og_type":"article","og_title":"Gestion de la s\u00e9curit\u00e9 en e-sant\u00e9 - ISTE Group","og_description":"Gestion de la s\u00e9curit\u00e9 en e-sant\u00e9 se concentre sur la proposition de solutions visant \u00e0 r\u00e9pondre \u00e0 ces imp\u00e9ratifs de s\u00e9curit\u00e9 et au respect de la vie priv\u00e9e des patients comme l\u2019utilisation de la blockchain, de \u00ab la biom\u00e9trie \u00bb, de nouvelles m\u00e9thodes de chiffrement ou encore de l\u2019intelligence artificielle. La mise en place de ces solutions est cruciale pour garantir l'acceptation et l'efficacit\u00e9 des services de e-sant\u00e9.","og_url":"https:\/\/www.istegroup.com\/produit\/gestion-de-la-securite-en-e-sante\/","og_site_name":"ISTE Group","article_modified_time":"2025-01-03T11:00:35+00:00","og_image":[{"width":300,"height":450,"url":"https:\/\/www.istegroup.com\/wp-content\/uploads\/2024\/03\/179_Gestion-de-la-securite-en-e-sante_Hamdi.jpeg","type":"image\/jpeg"}],"twitter_card":"summary_large_image","twitter_misc":{"Est. reading time":"2 minutes"},"schema":{"@context":"https:\/\/schema.org","@graph":[{"@type":"WebPage","@id":"https:\/\/www.istegroup.com\/produit\/gestion-de-la-securite-en-e-sante\/","url":"https:\/\/www.istegroup.com\/produit\/gestion-de-la-securite-en-e-sante\/","name":"Gestion de la s\u00e9curit\u00e9 en e-sant\u00e9 - ISTE Group","isPartOf":{"@id":"https:\/\/www.istegroup.com\/#website"},"primaryImageOfPage":{"@id":"https:\/\/www.istegroup.com\/produit\/gestion-de-la-securite-en-e-sante\/#primaryimage"},"image":{"@id":"https:\/\/www.istegroup.com\/produit\/gestion-de-la-securite-en-e-sante\/#primaryimage"},"thumbnailUrl":"https:\/\/www.istegroup.com\/wp-content\/uploads\/2024\/03\/179_Gestion-de-la-securite-en-e-sante_Hamdi.jpeg","datePublished":"2024-03-10T14:15:46+00:00","dateModified":"2025-01-03T11:00:35+00:00","description":"Gestion de la s\u00e9curit\u00e9 en e-sant\u00e9 se concentre sur la proposition de solutions visant \u00e0 r\u00e9pondre \u00e0 ces imp\u00e9ratifs de s\u00e9curit\u00e9 et au respect de la vie priv\u00e9e des patients comme l\u2019utilisation de la blockchain, de \u00ab la biom\u00e9trie \u00bb, de nouvelles m\u00e9thodes de chiffrement ou encore de l\u2019intelligence artificielle. La mise en place de ces solutions est cruciale pour garantir l'acceptation et l'efficacit\u00e9 des services de e-sant\u00e9.","breadcrumb":{"@id":"https:\/\/www.istegroup.com\/produit\/gestion-de-la-securite-en-e-sante\/#breadcrumb"},"inLanguage":"fr-FR","potentialAction":[{"@type":"ReadAction","target":["https:\/\/www.istegroup.com\/produit\/gestion-de-la-securite-en-e-sante\/"]}]},{"@type":"ImageObject","inLanguage":"fr-FR","@id":"https:\/\/www.istegroup.com\/produit\/gestion-de-la-securite-en-e-sante\/#primaryimage","url":"https:\/\/www.istegroup.com\/wp-content\/uploads\/2024\/03\/179_Gestion-de-la-securite-en-e-sante_Hamdi.jpeg","contentUrl":"https:\/\/www.istegroup.com\/wp-content\/uploads\/2024\/03\/179_Gestion-de-la-securite-en-e-sante_Hamdi.jpeg","width":300,"height":450,"caption":"Livre scientifique - Gestion de la s\u00e9curit\u00e9 en e-sant\u00e9"},{"@type":"BreadcrumbList","@id":"https:\/\/www.istegroup.com\/produit\/gestion-de-la-securite-en-e-sante\/#breadcrumb","itemListElement":[{"@type":"ListItem","position":1,"name":"Home","item":"https:\/\/www.istegroup.com\/"},{"@type":"ListItem","position":2,"name":"Shop","item":"https:\/\/www.istegroup.com\/fr\/nouveautes\/"},{"@type":"ListItem","position":3,"name":"Gestion de la s\u00e9curit\u00e9 en e-sant\u00e9"}]},{"@type":"WebSite","@id":"https:\/\/www.istegroup.com\/#website","url":"https:\/\/www.istegroup.com\/","name":"ISTE Group","description":"\u00c9diteur des Sciences","potentialAction":[{"@type":"SearchAction","target":{"@type":"EntryPoint","urlTemplate":"https:\/\/www.istegroup.com\/?s={search_term_string}"},"query-input":{"@type":"PropertyValueSpecification","valueRequired":true,"valueName":"search_term_string"}}],"inLanguage":"fr-FR"}]}},"_links":{"self":[{"href":"https:\/\/www.istegroup.com\/fr\/wp-json\/wp\/v2\/product\/55942","targetHints":{"allow":["GET"]}}],"collection":[{"href":"https:\/\/www.istegroup.com\/fr\/wp-json\/wp\/v2\/product"}],"about":[{"href":"https:\/\/www.istegroup.com\/fr\/wp-json\/wp\/v2\/types\/product"}],"wp:featuredmedia":[{"embeddable":true,"href":"https:\/\/www.istegroup.com\/fr\/wp-json\/wp\/v2\/media\/55960"}],"wp:attachment":[{"href":"https:\/\/www.istegroup.com\/fr\/wp-json\/wp\/v2\/media?parent=55942"}],"wp:term":[{"taxonomy":"product_brand","embeddable":true,"href":"https:\/\/www.istegroup.com\/fr\/wp-json\/wp\/v2\/product_brand?post=55942"},{"taxonomy":"product_cat","embeddable":true,"href":"https:\/\/www.istegroup.com\/fr\/wp-json\/wp\/v2\/product_cat?post=55942"},{"taxonomy":"product_tag","embeddable":true,"href":"https:\/\/www.istegroup.com\/fr\/wp-json\/wp\/v2\/product_tag?post=55942"}],"curies":[{"name":"wp","href":"https:\/\/api.w.org\/{rel}","templated":true}]}}