{"id":559,"date":"2017-07-28T15:04:28","date_gmt":"2017-07-28T13:04:28","guid":{"rendered":"https:\/\/iste.yhello.co\/product\/proprietes-physico-chimiques-des-aliments\/"},"modified":"2024-01-03T13:40:36","modified_gmt":"2024-01-03T13:40:36","slug":"proprietes-physico-chimiques-des-aliments","status":"publish","type":"product","link":"https:\/\/www.istegroup.com\/fr\/produit\/proprietes-physico-chimiques-des-aliments\/","title":{"rendered":"Propri\u00e9t\u00e9s physico-chimiques des aliments"},"content":{"rendered":"<p>La s\u00e9rie\u00a0<em>Mod\u00e9lisation et contr\u00f4le des proc\u00e9d\u00e9s alimentaires\u00a0<\/em>pr\u00e9sente la mod\u00e9lisation des propri\u00e9t\u00e9s physico-chimiques des aliments, les approches multi-physiques et multi-\u00e9chelles des proc\u00e9d\u00e9s alimentaires, ainsi que le contr\u00f4le des proc\u00e9d\u00e9s, la microbiologie pr\u00e9dictive en alimentaire et la mod\u00e9lisation de la digestion des aliments.<\/p>\n<p>La thermodynamique mol\u00e9culaire permet d\u2019analyser les propri\u00e9t\u00e9s physico-chimiques (pH, aw) des milieux biologiques et alimentaires.<\/p>\n<p>Apr\u00e8s avoir d\u00e9taill\u00e9 les bases physiques, cet ouvrage applique le mod\u00e8le \u00e0 des solutions aqueuses contenant des sucres, des sels ou des acides organiques, seuls ou en m\u00e9lange. L\u2019extension du mod\u00e8le \u00e0 des milieux de plus en plus complexes est d\u00e9taill\u00e9e : milieux de culture bact\u00e9rien ou aliments tels que les viandes ou les fromages.<\/p>\n<p><em>Propri\u00e9t\u00e9s physico-chimiques des aliments<\/em>\u00a0montre enfin comment l\u2019int\u00e9gration de ce mod\u00e8le dans un simulateur de proc\u00e9d\u00e9s alimentaires permet de mieux interpr\u00e9ter les r\u00e9sultats en prenant l\u2019exemple d\u2019une croissance bact\u00e9rienne.<\/p>\n","protected":false},"excerpt":{"rendered":"<p>La s\u00e9rie\u00a0Mod\u00e9lisation et contr\u00f4le des proc\u00e9d\u00e9s alimentaires\u00a0pr\u00e9sente la mod\u00e9lisation des propri\u00e9t\u00e9s physico-chimiques des aliments, les approches multi-physiques et multi-\u00e9chelles des proc\u00e9d\u00e9s alimentaires, ainsi que le contr\u00f4le des proc\u00e9d\u00e9s, la microbiologie pr\u00e9dictive en alimentaire et la mod\u00e9lisation de la digestion des aliments. La thermodynamique mol\u00e9culaire permet d\u2019analyser les propri\u00e9t\u00e9s physico-chimiques (pH, aw) des milieux biologiques et [&hellip;]<\/p>\n","protected":false},"featured_media":560,"template":"","meta":{"_acf_changed":false,"_links_to":"","_links_to_target":""},"product_brand":[],"product_cat":[714],"product_tag":[2164,2161,2162,2163,1099,2165,31,196,197,198,199,21,200,22,201,203,204,63,25,172,209,2166,752,2167,212,38,192,145,28,1986,2168,2127,2169,2170,2171,2172],"class_list":{"0":"post-559","1":"product","2":"type-product","3":"status-publish","4":"has-post-thumbnail","6":"product_cat-srie-modlisation-et-contrle-des-procds-alimentaires-62314052","7":"product_tag-aichatou-musavu-ndob","8":"product_tag-alimentaires","9":"product_tag-aliments","10":"product_tag-andre-lebert","11":"product_tag-bacteries","12":"product_tag-biologiques","13":"product_tag-ebook","14":"product_tag-ebooks","15":"product_tag-iste","16":"product_tag-iste-edition","17":"product_tag-iste-editions","18":"product_tag-iste-group","19":"product_tag-isteedition","20":"product_tag-istegroup","21":"product_tag-kindle","22":"product_tag-liseuse","23":"product_tag-livre","24":"product_tag-livre-electronique","25":"product_tag-livre-numerique","26":"product_tag-livre-scientifique","27":"product_tag-livres-scientifiques","28":"product_tag-malik-melas","29":"product_tag-milieux","30":"product_tag-modele","31":"product_tag-ouvrage","32":"product_tag-ouvrage-numerique","33":"product_tag-ouvrage-science","34":"product_tag-ouvrage-scientifique","35":"product_tag-ouvrage-scientifique-francais","36":"product_tag-physico-chimiques","37":"product_tag-procedes-alimentaires","38":"product_tag-proprietes","39":"product_tag-proprietes-physico-chimiques-des-aliments","40":"product_tag-simulateur","41":"product_tag-solutions-aqueuses","42":"product_tag-thermodynamique-moleculaire","44":"first","45":"instock","46":"shipping-taxable","47":"purchasable","48":"product-type-variable"},"acf":[],"yoast_head":"<!-- This site is optimized with the Yoast SEO plugin v27.2 - https:\/\/yoast.com\/product\/yoast-seo-wordpress\/ -->\n<title>Propri\u00e9t\u00e9s physico-chimiques des aliments - ISTE Group<\/title>\n<meta name=\"description\" content=\"Apr\u00e8s avoir d\u00e9taill\u00e9 les bases physiques, Propri\u00e9t\u00e9s physico-chimiques des aliments applique le mod\u00e8le \u00e0 des solutions aqueuses contenant des sucres, des sels ou des acides organiques, seuls ou en m\u00e9lange.\" \/>\n<meta name=\"robots\" content=\"index, follow, max-snippet:-1, max-image-preview:large, max-video-preview:-1\" \/>\n<link rel=\"canonical\" href=\"https:\/\/www.istegroup.com\/en\/produit\/proprietes-physico-chimiques-des-aliments\/\" \/>\n<meta property=\"og:locale\" content=\"fr_FR\" \/>\n<meta property=\"og:type\" content=\"article\" \/>\n<meta property=\"og:title\" content=\"Propri\u00e9t\u00e9s physico-chimiques des aliments - ISTE Group\" \/>\n<meta property=\"og:description\" content=\"Apr\u00e8s avoir d\u00e9taill\u00e9 les bases physiques, Propri\u00e9t\u00e9s physico-chimiques des aliments applique le mod\u00e8le \u00e0 des solutions aqueuses contenant des sucres, des sels ou des acides organiques, seuls ou en m\u00e9lange.\" \/>\n<meta property=\"og:url\" content=\"https:\/\/www.istegroup.com\/en\/produit\/proprietes-physico-chimiques-des-aliments\/\" \/>\n<meta property=\"og:site_name\" content=\"ISTE Group\" \/>\n<meta property=\"article:modified_time\" content=\"2024-01-03T13:40:36+00:00\" \/>\n<meta property=\"og:image\" content=\"https:\/\/www.istegroup.com\/wp-content\/uploads\/2017\/07\/2970582916_916371076-1.jpg\" \/>\n\t<meta property=\"og:image:width\" content=\"300\" \/>\n\t<meta property=\"og:image:height\" content=\"450\" \/>\n\t<meta property=\"og:image:type\" content=\"image\/jpeg\" \/>\n<meta name=\"twitter:card\" content=\"summary_large_image\" \/>\n<meta name=\"twitter:label1\" content=\"Est. reading time\" \/>\n\t<meta name=\"twitter:data1\" content=\"1 minute\" \/>\n<script type=\"application\/ld+json\" class=\"yoast-schema-graph\">{\"@context\":\"https:\/\/schema.org\",\"@graph\":[{\"@type\":\"WebPage\",\"@id\":\"https:\/\/www.istegroup.com\/en\/produit\/proprietes-physico-chimiques-des-aliments\/\",\"url\":\"https:\/\/www.istegroup.com\/en\/produit\/proprietes-physico-chimiques-des-aliments\/\",\"name\":\"Propri\u00e9t\u00e9s physico-chimiques des aliments - ISTE Group\",\"isPartOf\":{\"@id\":\"https:\/\/www.istegroup.com\/#website\"},\"primaryImageOfPage\":{\"@id\":\"https:\/\/www.istegroup.com\/en\/produit\/proprietes-physico-chimiques-des-aliments\/#primaryimage\"},\"image\":{\"@id\":\"https:\/\/www.istegroup.com\/en\/produit\/proprietes-physico-chimiques-des-aliments\/#primaryimage\"},\"thumbnailUrl\":\"https:\/\/www.istegroup.com\/wp-content\/uploads\/2017\/07\/2970582916_916371076-1.jpg\",\"datePublished\":\"2017-07-28T13:04:28+00:00\",\"dateModified\":\"2024-01-03T13:40:36+00:00\",\"description\":\"Apr\u00e8s avoir d\u00e9taill\u00e9 les bases physiques, Propri\u00e9t\u00e9s physico-chimiques des aliments applique le mod\u00e8le \u00e0 des solutions aqueuses contenant des sucres, des sels ou des acides organiques, seuls ou en m\u00e9lange.\",\"breadcrumb\":{\"@id\":\"https:\/\/www.istegroup.com\/en\/produit\/proprietes-physico-chimiques-des-aliments\/#breadcrumb\"},\"inLanguage\":\"fr-FR\",\"potentialAction\":[{\"@type\":\"ReadAction\",\"target\":[\"https:\/\/www.istegroup.com\/en\/produit\/proprietes-physico-chimiques-des-aliments\/\"]}]},{\"@type\":\"ImageObject\",\"inLanguage\":\"fr-FR\",\"@id\":\"https:\/\/www.istegroup.com\/en\/produit\/proprietes-physico-chimiques-des-aliments\/#primaryimage\",\"url\":\"https:\/\/www.istegroup.com\/wp-content\/uploads\/2017\/07\/2970582916_916371076-1.jpg\",\"contentUrl\":\"https:\/\/www.istegroup.com\/wp-content\/uploads\/2017\/07\/2970582916_916371076-1.jpg\",\"width\":300,\"height\":450,\"caption\":\"Nouveaux outils de pr\u00e9diction\"},{\"@type\":\"BreadcrumbList\",\"@id\":\"https:\/\/www.istegroup.com\/en\/produit\/proprietes-physico-chimiques-des-aliments\/#breadcrumb\",\"itemListElement\":[{\"@type\":\"ListItem\",\"position\":1,\"name\":\"Home\",\"item\":\"https:\/\/www.istegroup.com\/\"},{\"@type\":\"ListItem\",\"position\":2,\"name\":\"Shop\",\"item\":\"https:\/\/www.istegroup.com\/fr\/nouveautes\/\"},{\"@type\":\"ListItem\",\"position\":3,\"name\":\"Propri\u00e9t\u00e9s physico-chimiques des aliments\"}]},{\"@type\":\"WebSite\",\"@id\":\"https:\/\/www.istegroup.com\/#website\",\"url\":\"https:\/\/www.istegroup.com\/\",\"name\":\"ISTE Group\",\"description\":\"\u00c9diteur des Sciences\",\"potentialAction\":[{\"@type\":\"SearchAction\",\"target\":{\"@type\":\"EntryPoint\",\"urlTemplate\":\"https:\/\/www.istegroup.com\/?s={search_term_string}\"},\"query-input\":{\"@type\":\"PropertyValueSpecification\",\"valueRequired\":true,\"valueName\":\"search_term_string\"}}],\"inLanguage\":\"fr-FR\"}]}<\/script>\n<!-- \/ Yoast SEO plugin. -->","yoast_head_json":{"title":"Propri\u00e9t\u00e9s physico-chimiques des aliments - ISTE Group","description":"Apr\u00e8s avoir d\u00e9taill\u00e9 les bases physiques, Propri\u00e9t\u00e9s physico-chimiques des aliments applique le mod\u00e8le \u00e0 des solutions aqueuses contenant des sucres, des sels ou des acides organiques, seuls ou en m\u00e9lange.","robots":{"index":"index","follow":"follow","max-snippet":"max-snippet:-1","max-image-preview":"max-image-preview:large","max-video-preview":"max-video-preview:-1"},"canonical":"https:\/\/www.istegroup.com\/en\/produit\/proprietes-physico-chimiques-des-aliments\/","og_locale":"fr_FR","og_type":"article","og_title":"Propri\u00e9t\u00e9s physico-chimiques des aliments - ISTE Group","og_description":"Apr\u00e8s avoir d\u00e9taill\u00e9 les bases physiques, Propri\u00e9t\u00e9s physico-chimiques des aliments applique le mod\u00e8le \u00e0 des solutions aqueuses contenant des sucres, des sels ou des acides organiques, seuls ou en m\u00e9lange.","og_url":"https:\/\/www.istegroup.com\/en\/produit\/proprietes-physico-chimiques-des-aliments\/","og_site_name":"ISTE Group","article_modified_time":"2024-01-03T13:40:36+00:00","og_image":[{"width":300,"height":450,"url":"https:\/\/www.istegroup.com\/wp-content\/uploads\/2017\/07\/2970582916_916371076-1.jpg","type":"image\/jpeg"}],"twitter_card":"summary_large_image","twitter_misc":{"Est. reading time":"1 minute"},"schema":{"@context":"https:\/\/schema.org","@graph":[{"@type":"WebPage","@id":"https:\/\/www.istegroup.com\/en\/produit\/proprietes-physico-chimiques-des-aliments\/","url":"https:\/\/www.istegroup.com\/en\/produit\/proprietes-physico-chimiques-des-aliments\/","name":"Propri\u00e9t\u00e9s physico-chimiques des aliments - ISTE Group","isPartOf":{"@id":"https:\/\/www.istegroup.com\/#website"},"primaryImageOfPage":{"@id":"https:\/\/www.istegroup.com\/en\/produit\/proprietes-physico-chimiques-des-aliments\/#primaryimage"},"image":{"@id":"https:\/\/www.istegroup.com\/en\/produit\/proprietes-physico-chimiques-des-aliments\/#primaryimage"},"thumbnailUrl":"https:\/\/www.istegroup.com\/wp-content\/uploads\/2017\/07\/2970582916_916371076-1.jpg","datePublished":"2017-07-28T13:04:28+00:00","dateModified":"2024-01-03T13:40:36+00:00","description":"Apr\u00e8s avoir d\u00e9taill\u00e9 les bases physiques, Propri\u00e9t\u00e9s physico-chimiques des aliments applique le mod\u00e8le \u00e0 des solutions aqueuses contenant des sucres, des sels ou des acides organiques, seuls ou en m\u00e9lange.","breadcrumb":{"@id":"https:\/\/www.istegroup.com\/en\/produit\/proprietes-physico-chimiques-des-aliments\/#breadcrumb"},"inLanguage":"fr-FR","potentialAction":[{"@type":"ReadAction","target":["https:\/\/www.istegroup.com\/en\/produit\/proprietes-physico-chimiques-des-aliments\/"]}]},{"@type":"ImageObject","inLanguage":"fr-FR","@id":"https:\/\/www.istegroup.com\/en\/produit\/proprietes-physico-chimiques-des-aliments\/#primaryimage","url":"https:\/\/www.istegroup.com\/wp-content\/uploads\/2017\/07\/2970582916_916371076-1.jpg","contentUrl":"https:\/\/www.istegroup.com\/wp-content\/uploads\/2017\/07\/2970582916_916371076-1.jpg","width":300,"height":450,"caption":"Nouveaux outils de pr\u00e9diction"},{"@type":"BreadcrumbList","@id":"https:\/\/www.istegroup.com\/en\/produit\/proprietes-physico-chimiques-des-aliments\/#breadcrumb","itemListElement":[{"@type":"ListItem","position":1,"name":"Home","item":"https:\/\/www.istegroup.com\/"},{"@type":"ListItem","position":2,"name":"Shop","item":"https:\/\/www.istegroup.com\/fr\/nouveautes\/"},{"@type":"ListItem","position":3,"name":"Propri\u00e9t\u00e9s physico-chimiques des aliments"}]},{"@type":"WebSite","@id":"https:\/\/www.istegroup.com\/#website","url":"https:\/\/www.istegroup.com\/","name":"ISTE Group","description":"\u00c9diteur des Sciences","potentialAction":[{"@type":"SearchAction","target":{"@type":"EntryPoint","urlTemplate":"https:\/\/www.istegroup.com\/?s={search_term_string}"},"query-input":{"@type":"PropertyValueSpecification","valueRequired":true,"valueName":"search_term_string"}}],"inLanguage":"fr-FR"}]}},"_links":{"self":[{"href":"https:\/\/www.istegroup.com\/fr\/wp-json\/wp\/v2\/product\/559","targetHints":{"allow":["GET"]}}],"collection":[{"href":"https:\/\/www.istegroup.com\/fr\/wp-json\/wp\/v2\/product"}],"about":[{"href":"https:\/\/www.istegroup.com\/fr\/wp-json\/wp\/v2\/types\/product"}],"wp:featuredmedia":[{"embeddable":true,"href":"https:\/\/www.istegroup.com\/fr\/wp-json\/wp\/v2\/media\/560"}],"wp:attachment":[{"href":"https:\/\/www.istegroup.com\/fr\/wp-json\/wp\/v2\/media?parent=559"}],"wp:term":[{"taxonomy":"product_brand","embeddable":true,"href":"https:\/\/www.istegroup.com\/fr\/wp-json\/wp\/v2\/product_brand?post=559"},{"taxonomy":"product_cat","embeddable":true,"href":"https:\/\/www.istegroup.com\/fr\/wp-json\/wp\/v2\/product_cat?post=559"},{"taxonomy":"product_tag","embeddable":true,"href":"https:\/\/www.istegroup.com\/fr\/wp-json\/wp\/v2\/product_tag?post=559"}],"curies":[{"name":"wp","href":"https:\/\/api.w.org\/{rel}","templated":true}]}}