{"id":557,"date":"2017-07-28T15:02:07","date_gmt":"2017-07-28T13:02:07","guid":{"rendered":"https:\/\/iste.yhello.co\/product\/pedologie-hydrostructurale\/"},"modified":"2024-01-03T13:40:35","modified_gmt":"2024-01-03T13:40:35","slug":"pedologie-hydrostructurale","status":"publish","type":"product","link":"https:\/\/www.istegroup.com\/fr\/produit\/pedologie-hydrostructurale\/","title":{"rendered":"P\u00e9dologie hydrostructurale"},"content":{"rendered":"<p>R\u00e9cemment th\u00e9oris\u00e9e, la p\u00e9dologie hydrostructurale a fait son apparition au sein des sciences de la terre. Elle \u00e9merge de la jonction de la p\u00e9dologie classique \u2013 science naturaliste de description des organisations hi\u00e9rarchis\u00e9es internes du sol et de leur r\u00e9partition dans le paysage \u2013 avec la thermodynamique syst\u00e9mique de l\u2019eau en interaction avec la structure hi\u00e9rarchis\u00e9e du sol.<\/p>\n<p><em>P\u00e9dologie hydrostructurale<\/em>\u00a0d\u00e9finit la mati\u00e8re et les contours de cette nouvelle discipline. Une premi\u00e8re partie, th\u00e9orique, pr\u00e9sente l\u2019approche syst\u00e9mique appliqu\u00e9e \u00e0 la question du sol et montre comment celle-ci conduit \u00e0 la formulation thermodynamique de l\u2019eau dans le milieu organis\u00e9 du sol et \u00e0 la mod\u00e9lisation syst\u00e9mique du couple eau-sol dans les organisations naturelles ou am\u00e9nag\u00e9es. Une seconde partie, m\u00e9thodologique, est consacr\u00e9e \u00e0 la description de feuilles Excel programm\u00e9es pour d\u00e9terminer les caract\u00e9ristiques hydrostructurales de la p\u00e9dostructure. Ces feuilles Excel sont disponibles en t\u00e9l\u00e9chargement.<\/p>\n<p>Cet ouvrage met ainsi en \u00e9vidence les concepts qui sous-tendent la p\u00e9dologie hydrostructurale, ses buts et le r\u00f4le qu\u2019elle doit jouer au sein des sciences agro-environnementales.<\/p>\n","protected":false},"excerpt":{"rendered":"<p>R\u00e9cemment th\u00e9oris\u00e9e, la p\u00e9dologie hydrostructurale a fait son apparition au sein des sciences de la terre. Elle \u00e9merge de la jonction de la p\u00e9dologie classique \u2013 science naturaliste de description des organisations hi\u00e9rarchis\u00e9es internes du sol et de leur r\u00e9partition dans le paysage \u2013 avec la thermodynamique syst\u00e9mique de l\u2019eau en interaction avec la structure [&hellip;]<\/p>\n","protected":false},"featured_media":558,"template":"","meta":{"_acf_changed":false,"_links_to":"","_links_to_target":""},"product_brand":[],"product_cat":[675,705],"product_tag":[2149,31,196,2150,2151,197,198,199,21,200,22,201,203,204,63,25,172,209,2152,212,38,192,145,28,2153,2154,2155,2156,2157,2158,2159,455,2160],"class_list":{"0":"post-557","1":"product","2":"type-product","3":"status-publish","4":"has-post-thumbnail","6":"product_cat-nouveauts-12519446","7":"product_cat-systme-terre-environnement-27112280","8":"product_tag-amjad-t-assi","9":"product_tag-ebook","10":"product_tag-ebooks","11":"product_tag-erik-braudeau","12":"product_tag-hydrostructurale","13":"product_tag-iste","14":"product_tag-iste-edition","15":"product_tag-iste-editions","16":"product_tag-iste-group","17":"product_tag-isteedition","18":"product_tag-istegroup","19":"product_tag-kindle","20":"product_tag-liseuse","21":"product_tag-livre","22":"product_tag-livre-electronique","23":"product_tag-livre-numerique","24":"product_tag-livre-scientifique","25":"product_tag-livres-scientifiques","26":"product_tag-modelisation-systemique","27":"product_tag-ouvrage","28":"product_tag-ouvrage-numerique","29":"product_tag-ouvrage-science","30":"product_tag-ouvrage-scientifique","31":"product_tag-ouvrage-scientifique-francais","32":"product_tag-pedologie","33":"product_tag-pedologie-classique","34":"product_tag-pedologie-hydrostructurale","35":"product_tag-rabi-h-mohtar","36":"product_tag-sciences-agroenvironnementales","37":"product_tag-structure-hierarchisee","38":"product_tag-systeme-general","39":"product_tag-thermodynamique","40":"product_tag-thermodynamique-systemique","42":"first","43":"instock","44":"shipping-taxable","45":"purchasable","46":"product-type-variable"},"acf":[],"yoast_head":"<!-- This site is optimized with the Yoast SEO plugin v27.2 - https:\/\/yoast.com\/product\/yoast-seo-wordpress\/ -->\n<title>P\u00e9dologie hydrostructurale - ISTE Group<\/title>\n<meta name=\"description\" content=\"Cet ouvrage met ainsi en \u00e9vidence les concepts qui sous-tendent la p\u00e9dologie hydrostructurale, ses buts et le r\u00f4le qu\u2019elle doit jouer au sein des sciences agro-environnementales.\" \/>\n<meta name=\"robots\" content=\"index, follow, max-snippet:-1, max-image-preview:large, max-video-preview:-1\" \/>\n<link rel=\"canonical\" href=\"https:\/\/www.istegroup.com\/fr\/produit\/pedologie-hydrostructurale\/\" \/>\n<meta property=\"og:locale\" content=\"fr_FR\" \/>\n<meta property=\"og:type\" content=\"article\" \/>\n<meta property=\"og:title\" content=\"P\u00e9dologie hydrostructurale - ISTE Group\" \/>\n<meta property=\"og:description\" content=\"Cet ouvrage met ainsi en \u00e9vidence les concepts qui sous-tendent la p\u00e9dologie hydrostructurale, ses buts et le r\u00f4le qu\u2019elle doit jouer au sein des sciences agro-environnementales.\" \/>\n<meta property=\"og:url\" content=\"https:\/\/www.istegroup.com\/fr\/produit\/pedologie-hydrostructurale\/\" \/>\n<meta property=\"og:site_name\" content=\"ISTE Group\" \/>\n<meta property=\"article:modified_time\" content=\"2024-01-03T13:40:35+00:00\" \/>\n<meta property=\"og:image\" content=\"https:\/\/www.istegroup.com\/wp-content\/uploads\/2017\/07\/11212966916_4630046532-1.jpg\" \/>\n\t<meta property=\"og:image:width\" content=\"1361\" \/>\n\t<meta property=\"og:image:height\" content=\"2048\" \/>\n\t<meta property=\"og:image:type\" content=\"image\/jpeg\" \/>\n<meta name=\"twitter:card\" content=\"summary_large_image\" \/>\n<meta name=\"twitter:label1\" content=\"Est. reading time\" \/>\n\t<meta name=\"twitter:data1\" content=\"1 minute\" \/>\n<script type=\"application\/ld+json\" class=\"yoast-schema-graph\">{\"@context\":\"https:\/\/schema.org\",\"@graph\":[{\"@type\":\"WebPage\",\"@id\":\"https:\/\/www.istegroup.com\/fr\/produit\/pedologie-hydrostructurale\/\",\"url\":\"https:\/\/www.istegroup.com\/fr\/produit\/pedologie-hydrostructurale\/\",\"name\":\"P\u00e9dologie hydrostructurale - ISTE Group\",\"isPartOf\":{\"@id\":\"https:\/\/www.istegroup.com\/#website\"},\"primaryImageOfPage\":{\"@id\":\"https:\/\/www.istegroup.com\/fr\/produit\/pedologie-hydrostructurale\/#primaryimage\"},\"image\":{\"@id\":\"https:\/\/www.istegroup.com\/fr\/produit\/pedologie-hydrostructurale\/#primaryimage\"},\"thumbnailUrl\":\"https:\/\/www.istegroup.com\/wp-content\/uploads\/2017\/07\/11212966916_4630046532-1.jpg\",\"datePublished\":\"2017-07-28T13:02:07+00:00\",\"dateModified\":\"2024-01-03T13:40:35+00:00\",\"description\":\"Cet ouvrage met ainsi en \u00e9vidence les concepts qui sous-tendent la p\u00e9dologie hydrostructurale, ses buts et le r\u00f4le qu\u2019elle doit jouer au sein des sciences agro-environnementales.\",\"breadcrumb\":{\"@id\":\"https:\/\/www.istegroup.com\/fr\/produit\/pedologie-hydrostructurale\/#breadcrumb\"},\"inLanguage\":\"fr-FR\",\"potentialAction\":[{\"@type\":\"ReadAction\",\"target\":[\"https:\/\/www.istegroup.com\/fr\/produit\/pedologie-hydrostructurale\/\"]}]},{\"@type\":\"ImageObject\",\"inLanguage\":\"fr-FR\",\"@id\":\"https:\/\/www.istegroup.com\/fr\/produit\/pedologie-hydrostructurale\/#primaryimage\",\"url\":\"https:\/\/www.istegroup.com\/wp-content\/uploads\/2017\/07\/11212966916_4630046532-1.jpg\",\"contentUrl\":\"https:\/\/www.istegroup.com\/wp-content\/uploads\/2017\/07\/11212966916_4630046532-1.jpg\",\"width\":1361,\"height\":2048,\"caption\":\"P\u00e9dologie hydrostructurale\"},{\"@type\":\"BreadcrumbList\",\"@id\":\"https:\/\/www.istegroup.com\/fr\/produit\/pedologie-hydrostructurale\/#breadcrumb\",\"itemListElement\":[{\"@type\":\"ListItem\",\"position\":1,\"name\":\"Home\",\"item\":\"https:\/\/www.istegroup.com\/\"},{\"@type\":\"ListItem\",\"position\":2,\"name\":\"Shop\",\"item\":\"https:\/\/www.istegroup.com\/fr\/nouveautes\/\"},{\"@type\":\"ListItem\",\"position\":3,\"name\":\"P\u00e9dologie hydrostructurale\"}]},{\"@type\":\"WebSite\",\"@id\":\"https:\/\/www.istegroup.com\/#website\",\"url\":\"https:\/\/www.istegroup.com\/\",\"name\":\"ISTE Group\",\"description\":\"\u00c9diteur des Sciences\",\"potentialAction\":[{\"@type\":\"SearchAction\",\"target\":{\"@type\":\"EntryPoint\",\"urlTemplate\":\"https:\/\/www.istegroup.com\/?s={search_term_string}\"},\"query-input\":{\"@type\":\"PropertyValueSpecification\",\"valueRequired\":true,\"valueName\":\"search_term_string\"}}],\"inLanguage\":\"fr-FR\"}]}<\/script>\n<!-- \/ Yoast SEO plugin. -->","yoast_head_json":{"title":"P\u00e9dologie hydrostructurale - ISTE Group","description":"Cet ouvrage met ainsi en \u00e9vidence les concepts qui sous-tendent la p\u00e9dologie hydrostructurale, ses buts et le r\u00f4le qu\u2019elle doit jouer au sein des sciences agro-environnementales.","robots":{"index":"index","follow":"follow","max-snippet":"max-snippet:-1","max-image-preview":"max-image-preview:large","max-video-preview":"max-video-preview:-1"},"canonical":"https:\/\/www.istegroup.com\/fr\/produit\/pedologie-hydrostructurale\/","og_locale":"fr_FR","og_type":"article","og_title":"P\u00e9dologie hydrostructurale - ISTE Group","og_description":"Cet ouvrage met ainsi en \u00e9vidence les concepts qui sous-tendent la p\u00e9dologie hydrostructurale, ses buts et le r\u00f4le qu\u2019elle doit jouer au sein des sciences agro-environnementales.","og_url":"https:\/\/www.istegroup.com\/fr\/produit\/pedologie-hydrostructurale\/","og_site_name":"ISTE Group","article_modified_time":"2024-01-03T13:40:35+00:00","og_image":[{"width":1361,"height":2048,"url":"https:\/\/www.istegroup.com\/wp-content\/uploads\/2017\/07\/11212966916_4630046532-1.jpg","type":"image\/jpeg"}],"twitter_card":"summary_large_image","twitter_misc":{"Est. reading time":"1 minute"},"schema":{"@context":"https:\/\/schema.org","@graph":[{"@type":"WebPage","@id":"https:\/\/www.istegroup.com\/fr\/produit\/pedologie-hydrostructurale\/","url":"https:\/\/www.istegroup.com\/fr\/produit\/pedologie-hydrostructurale\/","name":"P\u00e9dologie hydrostructurale - ISTE Group","isPartOf":{"@id":"https:\/\/www.istegroup.com\/#website"},"primaryImageOfPage":{"@id":"https:\/\/www.istegroup.com\/fr\/produit\/pedologie-hydrostructurale\/#primaryimage"},"image":{"@id":"https:\/\/www.istegroup.com\/fr\/produit\/pedologie-hydrostructurale\/#primaryimage"},"thumbnailUrl":"https:\/\/www.istegroup.com\/wp-content\/uploads\/2017\/07\/11212966916_4630046532-1.jpg","datePublished":"2017-07-28T13:02:07+00:00","dateModified":"2024-01-03T13:40:35+00:00","description":"Cet ouvrage met ainsi en \u00e9vidence les concepts qui sous-tendent la p\u00e9dologie hydrostructurale, ses buts et le r\u00f4le qu\u2019elle doit jouer au sein des sciences agro-environnementales.","breadcrumb":{"@id":"https:\/\/www.istegroup.com\/fr\/produit\/pedologie-hydrostructurale\/#breadcrumb"},"inLanguage":"fr-FR","potentialAction":[{"@type":"ReadAction","target":["https:\/\/www.istegroup.com\/fr\/produit\/pedologie-hydrostructurale\/"]}]},{"@type":"ImageObject","inLanguage":"fr-FR","@id":"https:\/\/www.istegroup.com\/fr\/produit\/pedologie-hydrostructurale\/#primaryimage","url":"https:\/\/www.istegroup.com\/wp-content\/uploads\/2017\/07\/11212966916_4630046532-1.jpg","contentUrl":"https:\/\/www.istegroup.com\/wp-content\/uploads\/2017\/07\/11212966916_4630046532-1.jpg","width":1361,"height":2048,"caption":"P\u00e9dologie hydrostructurale"},{"@type":"BreadcrumbList","@id":"https:\/\/www.istegroup.com\/fr\/produit\/pedologie-hydrostructurale\/#breadcrumb","itemListElement":[{"@type":"ListItem","position":1,"name":"Home","item":"https:\/\/www.istegroup.com\/"},{"@type":"ListItem","position":2,"name":"Shop","item":"https:\/\/www.istegroup.com\/fr\/nouveautes\/"},{"@type":"ListItem","position":3,"name":"P\u00e9dologie hydrostructurale"}]},{"@type":"WebSite","@id":"https:\/\/www.istegroup.com\/#website","url":"https:\/\/www.istegroup.com\/","name":"ISTE Group","description":"\u00c9diteur des Sciences","potentialAction":[{"@type":"SearchAction","target":{"@type":"EntryPoint","urlTemplate":"https:\/\/www.istegroup.com\/?s={search_term_string}"},"query-input":{"@type":"PropertyValueSpecification","valueRequired":true,"valueName":"search_term_string"}}],"inLanguage":"fr-FR"}]}},"_links":{"self":[{"href":"https:\/\/www.istegroup.com\/fr\/wp-json\/wp\/v2\/product\/557","targetHints":{"allow":["GET"]}}],"collection":[{"href":"https:\/\/www.istegroup.com\/fr\/wp-json\/wp\/v2\/product"}],"about":[{"href":"https:\/\/www.istegroup.com\/fr\/wp-json\/wp\/v2\/types\/product"}],"wp:featuredmedia":[{"embeddable":true,"href":"https:\/\/www.istegroup.com\/fr\/wp-json\/wp\/v2\/media\/558"}],"wp:attachment":[{"href":"https:\/\/www.istegroup.com\/fr\/wp-json\/wp\/v2\/media?parent=557"}],"wp:term":[{"taxonomy":"product_brand","embeddable":true,"href":"https:\/\/www.istegroup.com\/fr\/wp-json\/wp\/v2\/product_brand?post=557"},{"taxonomy":"product_cat","embeddable":true,"href":"https:\/\/www.istegroup.com\/fr\/wp-json\/wp\/v2\/product_cat?post=557"},{"taxonomy":"product_tag","embeddable":true,"href":"https:\/\/www.istegroup.com\/fr\/wp-json\/wp\/v2\/product_tag?post=557"}],"curies":[{"name":"wp","href":"https:\/\/api.w.org\/{rel}","templated":true}]}}