{"id":55596,"date":"2024-02-20T15:00:26","date_gmt":"2024-02-20T15:00:26","guid":{"rendered":"https:\/\/www.istegroup.com\/?post_type=product&#038;p=55596"},"modified":"2024-06-12T10:32:43","modified_gmt":"2024-06-12T09:32:43","slug":"calcul-differentiel-et-applications","status":"publish","type":"product","link":"https:\/\/www.istegroup.com\/fr\/produit\/calcul-differentiel-et-applications\/","title":{"rendered":"Calcul diff\u00e9rentiel et applications"},"content":{"rendered":"<p>Le calcul diff\u00e9rentiel d\u00e9couvert par Fermat, Leibniz et Newton permet de r\u00e9soudre les probl\u00e8mes d\u2019optimisation et d\u2019exprimer les lois fondamentales de la physique sous la forme d\u2019\u00e9quations aux d\u00e9riv\u00e9es partielles.<\/p>\n<p>Cet ouvrage pr\u00e9sente le calcul diff\u00e9rentiel et ses principales applications. La premi\u00e8re partie de l\u2019ouvrage est consacr\u00e9e \u00e0 la topologie des espaces m\u00e9triques et au calcul diff\u00e9rentiel. La deuxi\u00e8me partie est d\u00e9volue \u00e0 l\u2019\u00e9tude des \u00e9quations diff\u00e9rentielles ordinaires et des \u00e9quations aux d\u00e9riv\u00e9es partielles hyperboliques. La derni\u00e8re partie constitue une introduction \u00e0 l\u2019optimisation et au calcul des variations. Des r\u00e9sultats importants permettant d\u2019approfondir les notions \u00e9tudi\u00e9es, comme les r\u00e9sultats classiques d\u2019analyse fonctionnelle ou la th\u00e9orie de Lyapunov, sont \u00e9galement expos\u00e9s.<\/p>\n<p>Didactique et exhaustif, <em>Calcul diff\u00e9rentiel et applications<\/em> fournit des r\u00e9sultats math\u00e9matiques pr\u00e9cis accompagn\u00e9s de preuves d\u00e9taill\u00e9es. En outre, cet ouvrage contient de nombreux exercices et probl\u00e8mes corrig\u00e9s, dont certains \u00e9tablissent des r\u00e9sultats provenant d\u2019articles de recherche. Il pourra \u00eatre utile aux personnes \u00e9tudiant l\u2019analyse \u00e0 l\u2019universit\u00e9 ou dans les \u00e9coles d\u2019ing\u00e9nieurs, ainsi qu\u2019aux personnes pr\u00e9parant l\u2019agr\u00e9gation de math\u00e9matiques.<\/p>","protected":false},"excerpt":{"rendered":"<p>Le calcul diff\u00e9rentiel d\u00e9couvert par Fermat, Leibniz et Newton permet de r\u00e9soudre les probl\u00e8mes d\u2019optimisation et d\u2019exprimer les lois fondamentales de la physique sous la forme d\u2019\u00e9quations aux d\u00e9riv\u00e9es partielles. Cet ouvrage pr\u00e9sente le calcul diff\u00e9rentiel et ses principales applications. La premi\u00e8re partie de l\u2019ouvrage est consacr\u00e9e \u00e0 la topologie des espaces m\u00e9triques et au [&hellip;]<\/p>\n","protected":false},"featured_media":55605,"template":"","meta":{"_acf_changed":false,"_links_to":"","_links_to_target":""},"product_brand":[],"product_cat":[671],"product_tag":[],"class_list":{"0":"post-55596","1":"product","2":"type-product","3":"status-publish","4":"has-post-thumbnail","6":"product_cat-mathmatiques-et-statistiques-12506494","8":"first","9":"instock","10":"shipping-taxable","11":"purchasable","12":"product-type-variable"},"acf":[],"yoast_head":"<!-- This site is optimized with the Yoast SEO plugin v27.2 - https:\/\/yoast.com\/product\/yoast-seo-wordpress\/ -->\n<title>Calcul diff\u00e9rentiel et applications - ISTE Group<\/title>\n<meta name=\"description\" content=\"Didactique et exhaustif, Calcul diff\u00e9rentiel et applications fournit des r\u00e9sultats math\u00e9matiques pr\u00e9cis accompagn\u00e9s de preuves d\u00e9taill\u00e9es.\" \/>\n<meta name=\"robots\" content=\"index, follow, max-snippet:-1, max-image-preview:large, max-video-preview:-1\" \/>\n<link rel=\"canonical\" href=\"https:\/\/www.istegroup.com\/fr\/produit\/calcul-differentiel-et-applications\/\" \/>\n<meta property=\"og:locale\" content=\"fr_FR\" \/>\n<meta property=\"og:type\" content=\"article\" \/>\n<meta property=\"og:title\" content=\"Calcul diff\u00e9rentiel et applications - ISTE Group\" \/>\n<meta property=\"og:description\" content=\"Didactique et exhaustif, Calcul diff\u00e9rentiel et applications fournit des r\u00e9sultats math\u00e9matiques pr\u00e9cis accompagn\u00e9s de preuves d\u00e9taill\u00e9es.\" \/>\n<meta property=\"og:url\" content=\"https:\/\/www.istegroup.com\/fr\/produit\/calcul-differentiel-et-applications\/\" \/>\n<meta property=\"og:site_name\" content=\"ISTE Group\" \/>\n<meta property=\"article:modified_time\" content=\"2024-06-12T09:32:43+00:00\" \/>\n<meta property=\"og:image\" content=\"https:\/\/www.istegroup.com\/wp-content\/uploads\/2024\/02\/Calcul-differentiel-et-applications.png\" \/>\n\t<meta property=\"og:image:width\" content=\"598\" \/>\n\t<meta property=\"og:image:height\" content=\"899\" \/>\n\t<meta property=\"og:image:type\" content=\"image\/png\" \/>\n<meta name=\"twitter:card\" content=\"summary_large_image\" \/>\n<meta name=\"twitter:label1\" content=\"Est. reading time\" \/>\n\t<meta name=\"twitter:data1\" content=\"1 minute\" \/>\n<script type=\"application\/ld+json\" class=\"yoast-schema-graph\">{\"@context\":\"https:\/\/schema.org\",\"@graph\":[{\"@type\":\"WebPage\",\"@id\":\"https:\/\/www.istegroup.com\/fr\/produit\/calcul-differentiel-et-applications\/\",\"url\":\"https:\/\/www.istegroup.com\/fr\/produit\/calcul-differentiel-et-applications\/\",\"name\":\"Calcul diff\u00e9rentiel et applications - ISTE Group\",\"isPartOf\":{\"@id\":\"https:\/\/www.istegroup.com\/#website\"},\"primaryImageOfPage\":{\"@id\":\"https:\/\/www.istegroup.com\/fr\/produit\/calcul-differentiel-et-applications\/#primaryimage\"},\"image\":{\"@id\":\"https:\/\/www.istegroup.com\/fr\/produit\/calcul-differentiel-et-applications\/#primaryimage\"},\"thumbnailUrl\":\"https:\/\/www.istegroup.com\/wp-content\/uploads\/2024\/02\/Calcul-differentiel-et-applications.png\",\"datePublished\":\"2024-02-20T15:00:26+00:00\",\"dateModified\":\"2024-06-12T09:32:43+00:00\",\"description\":\"Didactique et exhaustif, Calcul diff\u00e9rentiel et applications fournit des r\u00e9sultats math\u00e9matiques pr\u00e9cis accompagn\u00e9s de preuves d\u00e9taill\u00e9es.\",\"breadcrumb\":{\"@id\":\"https:\/\/www.istegroup.com\/fr\/produit\/calcul-differentiel-et-applications\/#breadcrumb\"},\"inLanguage\":\"fr-FR\",\"potentialAction\":[{\"@type\":\"ReadAction\",\"target\":[\"https:\/\/www.istegroup.com\/fr\/produit\/calcul-differentiel-et-applications\/\"]}]},{\"@type\":\"ImageObject\",\"inLanguage\":\"fr-FR\",\"@id\":\"https:\/\/www.istegroup.com\/fr\/produit\/calcul-differentiel-et-applications\/#primaryimage\",\"url\":\"https:\/\/www.istegroup.com\/wp-content\/uploads\/2024\/02\/Calcul-differentiel-et-applications.png\",\"contentUrl\":\"https:\/\/www.istegroup.com\/wp-content\/uploads\/2024\/02\/Calcul-differentiel-et-applications.png\",\"width\":598,\"height\":899,\"caption\":\"Livre scientifique - Calcul diff\u00e9rentiel et applications\"},{\"@type\":\"BreadcrumbList\",\"@id\":\"https:\/\/www.istegroup.com\/fr\/produit\/calcul-differentiel-et-applications\/#breadcrumb\",\"itemListElement\":[{\"@type\":\"ListItem\",\"position\":1,\"name\":\"Home\",\"item\":\"https:\/\/www.istegroup.com\/\"},{\"@type\":\"ListItem\",\"position\":2,\"name\":\"Shop\",\"item\":\"https:\/\/www.istegroup.com\/fr\/nouveautes\/\"},{\"@type\":\"ListItem\",\"position\":3,\"name\":\"Calcul diff\u00e9rentiel et applications\"}]},{\"@type\":\"WebSite\",\"@id\":\"https:\/\/www.istegroup.com\/#website\",\"url\":\"https:\/\/www.istegroup.com\/\",\"name\":\"ISTE Group\",\"description\":\"\u00c9diteur des Sciences\",\"potentialAction\":[{\"@type\":\"SearchAction\",\"target\":{\"@type\":\"EntryPoint\",\"urlTemplate\":\"https:\/\/www.istegroup.com\/?s={search_term_string}\"},\"query-input\":{\"@type\":\"PropertyValueSpecification\",\"valueRequired\":true,\"valueName\":\"search_term_string\"}}],\"inLanguage\":\"fr-FR\"}]}<\/script>\n<!-- \/ Yoast SEO plugin. -->","yoast_head_json":{"title":"Calcul diff\u00e9rentiel et applications - ISTE Group","description":"Didactique et exhaustif, Calcul diff\u00e9rentiel et applications fournit des r\u00e9sultats math\u00e9matiques pr\u00e9cis accompagn\u00e9s de preuves d\u00e9taill\u00e9es.","robots":{"index":"index","follow":"follow","max-snippet":"max-snippet:-1","max-image-preview":"max-image-preview:large","max-video-preview":"max-video-preview:-1"},"canonical":"https:\/\/www.istegroup.com\/fr\/produit\/calcul-differentiel-et-applications\/","og_locale":"fr_FR","og_type":"article","og_title":"Calcul diff\u00e9rentiel et applications - ISTE Group","og_description":"Didactique et exhaustif, Calcul diff\u00e9rentiel et applications fournit des r\u00e9sultats math\u00e9matiques pr\u00e9cis accompagn\u00e9s de preuves d\u00e9taill\u00e9es.","og_url":"https:\/\/www.istegroup.com\/fr\/produit\/calcul-differentiel-et-applications\/","og_site_name":"ISTE Group","article_modified_time":"2024-06-12T09:32:43+00:00","og_image":[{"width":598,"height":899,"url":"https:\/\/www.istegroup.com\/wp-content\/uploads\/2024\/02\/Calcul-differentiel-et-applications.png","type":"image\/png"}],"twitter_card":"summary_large_image","twitter_misc":{"Est. reading time":"1 minute"},"schema":{"@context":"https:\/\/schema.org","@graph":[{"@type":"WebPage","@id":"https:\/\/www.istegroup.com\/fr\/produit\/calcul-differentiel-et-applications\/","url":"https:\/\/www.istegroup.com\/fr\/produit\/calcul-differentiel-et-applications\/","name":"Calcul diff\u00e9rentiel et applications - ISTE Group","isPartOf":{"@id":"https:\/\/www.istegroup.com\/#website"},"primaryImageOfPage":{"@id":"https:\/\/www.istegroup.com\/fr\/produit\/calcul-differentiel-et-applications\/#primaryimage"},"image":{"@id":"https:\/\/www.istegroup.com\/fr\/produit\/calcul-differentiel-et-applications\/#primaryimage"},"thumbnailUrl":"https:\/\/www.istegroup.com\/wp-content\/uploads\/2024\/02\/Calcul-differentiel-et-applications.png","datePublished":"2024-02-20T15:00:26+00:00","dateModified":"2024-06-12T09:32:43+00:00","description":"Didactique et exhaustif, Calcul diff\u00e9rentiel et applications fournit des r\u00e9sultats math\u00e9matiques pr\u00e9cis accompagn\u00e9s de preuves d\u00e9taill\u00e9es.","breadcrumb":{"@id":"https:\/\/www.istegroup.com\/fr\/produit\/calcul-differentiel-et-applications\/#breadcrumb"},"inLanguage":"fr-FR","potentialAction":[{"@type":"ReadAction","target":["https:\/\/www.istegroup.com\/fr\/produit\/calcul-differentiel-et-applications\/"]}]},{"@type":"ImageObject","inLanguage":"fr-FR","@id":"https:\/\/www.istegroup.com\/fr\/produit\/calcul-differentiel-et-applications\/#primaryimage","url":"https:\/\/www.istegroup.com\/wp-content\/uploads\/2024\/02\/Calcul-differentiel-et-applications.png","contentUrl":"https:\/\/www.istegroup.com\/wp-content\/uploads\/2024\/02\/Calcul-differentiel-et-applications.png","width":598,"height":899,"caption":"Livre scientifique - Calcul diff\u00e9rentiel et applications"},{"@type":"BreadcrumbList","@id":"https:\/\/www.istegroup.com\/fr\/produit\/calcul-differentiel-et-applications\/#breadcrumb","itemListElement":[{"@type":"ListItem","position":1,"name":"Home","item":"https:\/\/www.istegroup.com\/"},{"@type":"ListItem","position":2,"name":"Shop","item":"https:\/\/www.istegroup.com\/fr\/nouveautes\/"},{"@type":"ListItem","position":3,"name":"Calcul diff\u00e9rentiel et applications"}]},{"@type":"WebSite","@id":"https:\/\/www.istegroup.com\/#website","url":"https:\/\/www.istegroup.com\/","name":"ISTE Group","description":"\u00c9diteur des Sciences","potentialAction":[{"@type":"SearchAction","target":{"@type":"EntryPoint","urlTemplate":"https:\/\/www.istegroup.com\/?s={search_term_string}"},"query-input":{"@type":"PropertyValueSpecification","valueRequired":true,"valueName":"search_term_string"}}],"inLanguage":"fr-FR"}]}},"_links":{"self":[{"href":"https:\/\/www.istegroup.com\/fr\/wp-json\/wp\/v2\/product\/55596","targetHints":{"allow":["GET"]}}],"collection":[{"href":"https:\/\/www.istegroup.com\/fr\/wp-json\/wp\/v2\/product"}],"about":[{"href":"https:\/\/www.istegroup.com\/fr\/wp-json\/wp\/v2\/types\/product"}],"wp:featuredmedia":[{"embeddable":true,"href":"https:\/\/www.istegroup.com\/fr\/wp-json\/wp\/v2\/media\/55605"}],"wp:attachment":[{"href":"https:\/\/www.istegroup.com\/fr\/wp-json\/wp\/v2\/media?parent=55596"}],"wp:term":[{"taxonomy":"product_brand","embeddable":true,"href":"https:\/\/www.istegroup.com\/fr\/wp-json\/wp\/v2\/product_brand?post=55596"},{"taxonomy":"product_cat","embeddable":true,"href":"https:\/\/www.istegroup.com\/fr\/wp-json\/wp\/v2\/product_cat?post=55596"},{"taxonomy":"product_tag","embeddable":true,"href":"https:\/\/www.istegroup.com\/fr\/wp-json\/wp\/v2\/product_tag?post=55596"}],"curies":[{"name":"wp","href":"https:\/\/api.w.org\/{rel}","templated":true}]}}