{"id":55381,"date":"2024-01-18T10:49:57","date_gmt":"2024-01-18T10:49:57","guid":{"rendered":"https:\/\/www.istegroup.com\/?post_type=product&#038;p=55381"},"modified":"2024-07-10T13:41:33","modified_gmt":"2024-07-10T12:41:33","slug":"le-tourisme-international-chinois","status":"publish","type":"product","link":"https:\/\/www.istegroup.com\/fr\/produit\/le-tourisme-international-chinois\/","title":{"rendered":"Le tourisme international chinois"},"content":{"rendered":"<p>Le tourisme international chinois rena\u00eet peu \u00e0 peu de ses cendres apr\u00e8s trois ann\u00e9es de restrictions de voyage dues \u00e0 la politique \u00ab z\u00e9ro Covid \u00bb. Cette reprise progressive permet, \u00e0 trois g\u00e9ographes sp\u00e9cialis\u00e9s dans la compr\u00e9hension de ces flux, de rassembler leurs recherches afin de dresser l\u2019\u00e9tat des lieux actuel du tourisme \u00e9metteur. Forts de leur exp\u00e9rience de terrain \u00e0 Wuhan, Phuket, Paris et Nice, ces trois chercheurs mutualisent des approches compl\u00e9mentaires et in\u00e9dites exposant les m\u00e9canismes sous-jacents des mobilit\u00e9s touristiques chinoises, depuis leurs foyers de d\u00e9part jusqu\u2019aux destinations les plus pl\u00e9biscit\u00e9es.<\/p>\n<p><em>Le tourisme international chinois<\/em> met en exergue la singularit\u00e9 du syst\u00e8me touristique chinois ainsi que les dynamiques complexes \u00e0 l\u2019oeuvre derri\u00e8re les quelques 170 millions de voyages internationaux effectu\u00e9s avant la pand\u00e9mie par les ressortissants de ce pays \u00ab socialiste aux caract\u00e9ristiques chinoises \u00bb.<\/p>","protected":false},"excerpt":{"rendered":"<p>Le tourisme international chinois rena\u00eet peu \u00e0 peu de ses cendres apr\u00e8s trois ann\u00e9es de restrictions de voyage dues \u00e0 la politique \u00ab z\u00e9ro Covid \u00bb. Cette reprise progressive permet, \u00e0 trois g\u00e9ographes sp\u00e9cialis\u00e9s dans la compr\u00e9hension de ces flux, de rassembler leurs recherches afin de dresser l\u2019\u00e9tat des lieux actuel du tourisme \u00e9metteur. Forts [&hellip;]<\/p>\n","protected":false},"featured_media":55397,"template":"","meta":{"_acf_changed":false,"_links_to":"","_links_to_target":""},"product_brand":[],"product_cat":[684],"product_tag":[],"class_list":{"0":"post-55381","1":"product","2":"type-product","3":"status-publish","4":"has-post-thumbnail","6":"product_cat-sciences-socit-et-nouvelles-technologies-188422468","8":"first","9":"instock","10":"shipping-taxable","11":"purchasable","12":"product-type-variable"},"acf":[],"yoast_head":"<!-- This site is optimized with the Yoast SEO plugin v27.2 - https:\/\/yoast.com\/product\/yoast-seo-wordpress\/ -->\n<title>Le tourisme international chinois - ISTE Group<\/title>\n<meta name=\"description\" content=\"Le tourisme international chinois met en exergue la singularit\u00e9 du syst\u00e8me touristique chinois ainsi que les dynamiques complexes \u00e0 l\u2019oeuvre derri\u00e8re les quelques 170 millions de voyages internationaux effectu\u00e9s avant la pand\u00e9mie par les ressortissants de ce pays \u00ab socialiste aux caract\u00e9ristiques chinoises \u00bb.\" \/>\n<meta name=\"robots\" content=\"index, follow, max-snippet:-1, max-image-preview:large, max-video-preview:-1\" \/>\n<link rel=\"canonical\" href=\"https:\/\/www.istegroup.com\/fr\/produit\/le-tourisme-international-chinois\/\" \/>\n<meta property=\"og:locale\" content=\"fr_FR\" \/>\n<meta property=\"og:type\" content=\"article\" \/>\n<meta property=\"og:title\" content=\"Le tourisme international chinois - ISTE Group\" \/>\n<meta property=\"og:description\" content=\"Le tourisme international chinois met en exergue la singularit\u00e9 du syst\u00e8me touristique chinois ainsi que les dynamiques complexes \u00e0 l\u2019oeuvre derri\u00e8re les quelques 170 millions de voyages internationaux effectu\u00e9s avant la pand\u00e9mie par les ressortissants de ce pays \u00ab socialiste aux caract\u00e9ristiques chinoises \u00bb.\" \/>\n<meta property=\"og:url\" content=\"https:\/\/www.istegroup.com\/fr\/produit\/le-tourisme-international-chinois\/\" \/>\n<meta property=\"og:site_name\" content=\"ISTE Group\" \/>\n<meta property=\"article:modified_time\" content=\"2024-07-10T12:41:33+00:00\" \/>\n<meta property=\"og:image\" content=\"https:\/\/www.istegroup.com\/wp-content\/uploads\/2024\/01\/Le-tourisme-international-chinois.png\" \/>\n\t<meta property=\"og:image:width\" content=\"599\" \/>\n\t<meta property=\"og:image:height\" content=\"903\" \/>\n\t<meta property=\"og:image:type\" content=\"image\/png\" \/>\n<meta name=\"twitter:card\" content=\"summary_large_image\" \/>\n<meta name=\"twitter:label1\" content=\"Est. reading time\" \/>\n\t<meta name=\"twitter:data1\" content=\"1 minute\" \/>\n<script type=\"application\/ld+json\" class=\"yoast-schema-graph\">{\"@context\":\"https:\/\/schema.org\",\"@graph\":[{\"@type\":\"WebPage\",\"@id\":\"https:\/\/www.istegroup.com\/fr\/produit\/le-tourisme-international-chinois\/\",\"url\":\"https:\/\/www.istegroup.com\/fr\/produit\/le-tourisme-international-chinois\/\",\"name\":\"Le tourisme international chinois - ISTE Group\",\"isPartOf\":{\"@id\":\"https:\/\/www.istegroup.com\/#website\"},\"primaryImageOfPage\":{\"@id\":\"https:\/\/www.istegroup.com\/fr\/produit\/le-tourisme-international-chinois\/#primaryimage\"},\"image\":{\"@id\":\"https:\/\/www.istegroup.com\/fr\/produit\/le-tourisme-international-chinois\/#primaryimage\"},\"thumbnailUrl\":\"https:\/\/www.istegroup.com\/wp-content\/uploads\/2024\/01\/Le-tourisme-international-chinois.png\",\"datePublished\":\"2024-01-18T10:49:57+00:00\",\"dateModified\":\"2024-07-10T12:41:33+00:00\",\"description\":\"Le tourisme international chinois met en exergue la singularit\u00e9 du syst\u00e8me touristique chinois ainsi que les dynamiques complexes \u00e0 l\u2019oeuvre derri\u00e8re les quelques 170 millions de voyages internationaux effectu\u00e9s avant la pand\u00e9mie par les ressortissants de ce pays \u00ab socialiste aux caract\u00e9ristiques chinoises \u00bb.\",\"breadcrumb\":{\"@id\":\"https:\/\/www.istegroup.com\/fr\/produit\/le-tourisme-international-chinois\/#breadcrumb\"},\"inLanguage\":\"fr-FR\",\"potentialAction\":[{\"@type\":\"ReadAction\",\"target\":[\"https:\/\/www.istegroup.com\/fr\/produit\/le-tourisme-international-chinois\/\"]}]},{\"@type\":\"ImageObject\",\"inLanguage\":\"fr-FR\",\"@id\":\"https:\/\/www.istegroup.com\/fr\/produit\/le-tourisme-international-chinois\/#primaryimage\",\"url\":\"https:\/\/www.istegroup.com\/wp-content\/uploads\/2024\/01\/Le-tourisme-international-chinois.png\",\"contentUrl\":\"https:\/\/www.istegroup.com\/wp-content\/uploads\/2024\/01\/Le-tourisme-international-chinois.png\",\"width\":599,\"height\":903,\"caption\":\"Livre scientifique - Le tourisme international chinois\"},{\"@type\":\"BreadcrumbList\",\"@id\":\"https:\/\/www.istegroup.com\/fr\/produit\/le-tourisme-international-chinois\/#breadcrumb\",\"itemListElement\":[{\"@type\":\"ListItem\",\"position\":1,\"name\":\"Home\",\"item\":\"https:\/\/www.istegroup.com\/\"},{\"@type\":\"ListItem\",\"position\":2,\"name\":\"Shop\",\"item\":\"https:\/\/www.istegroup.com\/fr\/nouveautes\/\"},{\"@type\":\"ListItem\",\"position\":3,\"name\":\"Le tourisme international chinois\"}]},{\"@type\":\"WebSite\",\"@id\":\"https:\/\/www.istegroup.com\/#website\",\"url\":\"https:\/\/www.istegroup.com\/\",\"name\":\"ISTE Group\",\"description\":\"\u00c9diteur des Sciences\",\"potentialAction\":[{\"@type\":\"SearchAction\",\"target\":{\"@type\":\"EntryPoint\",\"urlTemplate\":\"https:\/\/www.istegroup.com\/?s={search_term_string}\"},\"query-input\":{\"@type\":\"PropertyValueSpecification\",\"valueRequired\":true,\"valueName\":\"search_term_string\"}}],\"inLanguage\":\"fr-FR\"}]}<\/script>\n<!-- \/ Yoast SEO plugin. -->","yoast_head_json":{"title":"Le tourisme international chinois - ISTE Group","description":"Le tourisme international chinois met en exergue la singularit\u00e9 du syst\u00e8me touristique chinois ainsi que les dynamiques complexes \u00e0 l\u2019oeuvre derri\u00e8re les quelques 170 millions de voyages internationaux effectu\u00e9s avant la pand\u00e9mie par les ressortissants de ce pays \u00ab socialiste aux caract\u00e9ristiques chinoises \u00bb.","robots":{"index":"index","follow":"follow","max-snippet":"max-snippet:-1","max-image-preview":"max-image-preview:large","max-video-preview":"max-video-preview:-1"},"canonical":"https:\/\/www.istegroup.com\/fr\/produit\/le-tourisme-international-chinois\/","og_locale":"fr_FR","og_type":"article","og_title":"Le tourisme international chinois - ISTE Group","og_description":"Le tourisme international chinois met en exergue la singularit\u00e9 du syst\u00e8me touristique chinois ainsi que les dynamiques complexes \u00e0 l\u2019oeuvre derri\u00e8re les quelques 170 millions de voyages internationaux effectu\u00e9s avant la pand\u00e9mie par les ressortissants de ce pays \u00ab socialiste aux caract\u00e9ristiques chinoises \u00bb.","og_url":"https:\/\/www.istegroup.com\/fr\/produit\/le-tourisme-international-chinois\/","og_site_name":"ISTE Group","article_modified_time":"2024-07-10T12:41:33+00:00","og_image":[{"width":599,"height":903,"url":"https:\/\/www.istegroup.com\/wp-content\/uploads\/2024\/01\/Le-tourisme-international-chinois.png","type":"image\/png"}],"twitter_card":"summary_large_image","twitter_misc":{"Est. reading time":"1 minute"},"schema":{"@context":"https:\/\/schema.org","@graph":[{"@type":"WebPage","@id":"https:\/\/www.istegroup.com\/fr\/produit\/le-tourisme-international-chinois\/","url":"https:\/\/www.istegroup.com\/fr\/produit\/le-tourisme-international-chinois\/","name":"Le tourisme international chinois - ISTE Group","isPartOf":{"@id":"https:\/\/www.istegroup.com\/#website"},"primaryImageOfPage":{"@id":"https:\/\/www.istegroup.com\/fr\/produit\/le-tourisme-international-chinois\/#primaryimage"},"image":{"@id":"https:\/\/www.istegroup.com\/fr\/produit\/le-tourisme-international-chinois\/#primaryimage"},"thumbnailUrl":"https:\/\/www.istegroup.com\/wp-content\/uploads\/2024\/01\/Le-tourisme-international-chinois.png","datePublished":"2024-01-18T10:49:57+00:00","dateModified":"2024-07-10T12:41:33+00:00","description":"Le tourisme international chinois met en exergue la singularit\u00e9 du syst\u00e8me touristique chinois ainsi que les dynamiques complexes \u00e0 l\u2019oeuvre derri\u00e8re les quelques 170 millions de voyages internationaux effectu\u00e9s avant la pand\u00e9mie par les ressortissants de ce pays \u00ab socialiste aux caract\u00e9ristiques chinoises \u00bb.","breadcrumb":{"@id":"https:\/\/www.istegroup.com\/fr\/produit\/le-tourisme-international-chinois\/#breadcrumb"},"inLanguage":"fr-FR","potentialAction":[{"@type":"ReadAction","target":["https:\/\/www.istegroup.com\/fr\/produit\/le-tourisme-international-chinois\/"]}]},{"@type":"ImageObject","inLanguage":"fr-FR","@id":"https:\/\/www.istegroup.com\/fr\/produit\/le-tourisme-international-chinois\/#primaryimage","url":"https:\/\/www.istegroup.com\/wp-content\/uploads\/2024\/01\/Le-tourisme-international-chinois.png","contentUrl":"https:\/\/www.istegroup.com\/wp-content\/uploads\/2024\/01\/Le-tourisme-international-chinois.png","width":599,"height":903,"caption":"Livre scientifique - Le tourisme international chinois"},{"@type":"BreadcrumbList","@id":"https:\/\/www.istegroup.com\/fr\/produit\/le-tourisme-international-chinois\/#breadcrumb","itemListElement":[{"@type":"ListItem","position":1,"name":"Home","item":"https:\/\/www.istegroup.com\/"},{"@type":"ListItem","position":2,"name":"Shop","item":"https:\/\/www.istegroup.com\/fr\/nouveautes\/"},{"@type":"ListItem","position":3,"name":"Le tourisme international chinois"}]},{"@type":"WebSite","@id":"https:\/\/www.istegroup.com\/#website","url":"https:\/\/www.istegroup.com\/","name":"ISTE Group","description":"\u00c9diteur des Sciences","potentialAction":[{"@type":"SearchAction","target":{"@type":"EntryPoint","urlTemplate":"https:\/\/www.istegroup.com\/?s={search_term_string}"},"query-input":{"@type":"PropertyValueSpecification","valueRequired":true,"valueName":"search_term_string"}}],"inLanguage":"fr-FR"}]}},"_links":{"self":[{"href":"https:\/\/www.istegroup.com\/fr\/wp-json\/wp\/v2\/product\/55381","targetHints":{"allow":["GET"]}}],"collection":[{"href":"https:\/\/www.istegroup.com\/fr\/wp-json\/wp\/v2\/product"}],"about":[{"href":"https:\/\/www.istegroup.com\/fr\/wp-json\/wp\/v2\/types\/product"}],"wp:featuredmedia":[{"embeddable":true,"href":"https:\/\/www.istegroup.com\/fr\/wp-json\/wp\/v2\/media\/55397"}],"wp:attachment":[{"href":"https:\/\/www.istegroup.com\/fr\/wp-json\/wp\/v2\/media?parent=55381"}],"wp:term":[{"taxonomy":"product_brand","embeddable":true,"href":"https:\/\/www.istegroup.com\/fr\/wp-json\/wp\/v2\/product_brand?post=55381"},{"taxonomy":"product_cat","embeddable":true,"href":"https:\/\/www.istegroup.com\/fr\/wp-json\/wp\/v2\/product_cat?post=55381"},{"taxonomy":"product_tag","embeddable":true,"href":"https:\/\/www.istegroup.com\/fr\/wp-json\/wp\/v2\/product_tag?post=55381"}],"curies":[{"name":"wp","href":"https:\/\/api.w.org\/{rel}","templated":true}]}}