{"id":55330,"date":"2024-01-17T14:52:21","date_gmt":"2024-01-17T14:52:21","guid":{"rendered":"https:\/\/www.istegroup.com\/?post_type=product&#038;p=55330"},"modified":"2024-12-04T09:58:43","modified_gmt":"2024-12-04T09:58:43","slug":"les-pratiques-de-la-supply-chain-durable","status":"publish","type":"product","link":"https:\/\/www.istegroup.com\/fr\/produit\/les-pratiques-de-la-supply-chain-durable\/","title":{"rendered":"Les pratiques de la supply chain durable"},"content":{"rendered":"<p>Alors que les supply chains sont plus que jamais essentielles au fonctionnement de notre soci\u00e9t\u00e9, leurs impacts environnemental et soci\u00e9tal font souvent l\u2019objet de critiques fond\u00e9es. Transformer celles-ci pour les rendre plus durables et responsables demande souvent beaucoup de temps et de ressources.<\/p>\n<p>L\u2019objectif de cet ouvrage est de pr\u00e9senter un certain nombre de bonnes pratiques simples, permettant de r\u00e9duire ces impacts n\u00e9gatifs et de rendre la supply chain plus vertueuse.<\/p>\n<p>Cet ouvrage est con\u00e7u comme un v\u00e9ritable manuel pratique de cette transformation. Il explore ses diff\u00e9rentes facettes ainsi que celles de la conception du produit, de l\u2019approvisionnement \u00e0 la gestion et \u00e0 la performance des op\u00e9rations logistiques. Il offre un guide d\u2019actions pour la transformation durable de la supply chain, en fournissant des \u00e9l\u00e9ments du cadre juridique pour les actions possibles et des outils pour mesurer la performance qui peut \u00eatre atteinte.<\/p>\n<p>Ce livre a \u00e9t\u00e9 prim\u00e9 par les Plumes des Achats et Supply Chain \u00ab Prix RSE \u00bb.<\/p>","protected":false},"excerpt":{"rendered":"<p>Alors que les supply chains sont plus que jamais essentielles au fonctionnement de notre soci\u00e9t\u00e9, leurs impacts environnemental et soci\u00e9tal font souvent l\u2019objet de critiques fond\u00e9es. Transformer celles-ci pour les rendre plus durables et responsables demande souvent beaucoup de temps et de ressources. L\u2019objectif de cet ouvrage est de pr\u00e9senter un certain nombre de bonnes [&hellip;]<\/p>\n","protected":false},"featured_media":55345,"template":"","meta":{"_acf_changed":false,"_links_to":"","_links_to_target":""},"product_brand":[],"product_cat":[708],"product_tag":[],"class_list":{"0":"post-55330","1":"product","2":"type-product","3":"status-publish","4":"has-post-thumbnail","6":"product_cat-systmes-et-gnie-industriel-11476925","8":"first","9":"instock","10":"shipping-taxable","11":"purchasable","12":"product-type-variable"},"acf":[],"yoast_head":"<!-- This site is optimized with the Yoast SEO plugin v27.2 - https:\/\/yoast.com\/product\/yoast-seo-wordpress\/ -->\n<title>Les pratiques de la supply chain durable - ISTE Group<\/title>\n<meta name=\"description\" content=\"L\u2019objectif de cet ouvrage est de pr\u00e9senter un certain nombre de bonnes pratiques simples, permettant de r\u00e9duire ces impacts n\u00e9gatifs et de rendre la supply chain plus vertueuse.\" \/>\n<meta name=\"robots\" content=\"index, follow, max-snippet:-1, max-image-preview:large, max-video-preview:-1\" \/>\n<link rel=\"canonical\" href=\"https:\/\/www.istegroup.com\/produit\/les-pratiques-de-la-supply-chain-durable\/\" \/>\n<meta property=\"og:locale\" content=\"fr_FR\" \/>\n<meta property=\"og:type\" content=\"article\" \/>\n<meta property=\"og:title\" content=\"Les pratiques de la supply chain durable - ISTE Group\" \/>\n<meta property=\"og:description\" content=\"L\u2019objectif de cet ouvrage est de pr\u00e9senter un certain nombre de bonnes pratiques simples, permettant de r\u00e9duire ces impacts n\u00e9gatifs et de rendre la supply chain plus vertueuse.\" \/>\n<meta property=\"og:url\" content=\"https:\/\/www.istegroup.com\/produit\/les-pratiques-de-la-supply-chain-durable\/\" \/>\n<meta property=\"og:site_name\" content=\"ISTE Group\" \/>\n<meta property=\"article:modified_time\" content=\"2024-12-04T09:58:43+00:00\" \/>\n<meta property=\"og:image\" content=\"https:\/\/www.istegroup.com\/wp-content\/uploads\/2024\/01\/Les-pratiques-de-la-supply-chain-durable.png\" \/>\n\t<meta property=\"og:image:width\" content=\"599\" \/>\n\t<meta property=\"og:image:height\" content=\"903\" \/>\n\t<meta property=\"og:image:type\" content=\"image\/png\" \/>\n<meta name=\"twitter:card\" content=\"summary_large_image\" \/>\n<meta name=\"twitter:label1\" content=\"Est. reading time\" \/>\n\t<meta name=\"twitter:data1\" content=\"1 minute\" \/>\n<script type=\"application\/ld+json\" class=\"yoast-schema-graph\">{\"@context\":\"https:\/\/schema.org\",\"@graph\":[{\"@type\":\"WebPage\",\"@id\":\"https:\/\/www.istegroup.com\/produit\/les-pratiques-de-la-supply-chain-durable\/\",\"url\":\"https:\/\/www.istegroup.com\/produit\/les-pratiques-de-la-supply-chain-durable\/\",\"name\":\"Les pratiques de la supply chain durable - ISTE Group\",\"isPartOf\":{\"@id\":\"https:\/\/www.istegroup.com\/#website\"},\"primaryImageOfPage\":{\"@id\":\"https:\/\/www.istegroup.com\/produit\/les-pratiques-de-la-supply-chain-durable\/#primaryimage\"},\"image\":{\"@id\":\"https:\/\/www.istegroup.com\/produit\/les-pratiques-de-la-supply-chain-durable\/#primaryimage\"},\"thumbnailUrl\":\"https:\/\/www.istegroup.com\/wp-content\/uploads\/2024\/01\/Les-pratiques-de-la-supply-chain-durable.png\",\"datePublished\":\"2024-01-17T14:52:21+00:00\",\"dateModified\":\"2024-12-04T09:58:43+00:00\",\"description\":\"L\u2019objectif de cet ouvrage est de pr\u00e9senter un certain nombre de bonnes pratiques simples, permettant de r\u00e9duire ces impacts n\u00e9gatifs et de rendre la supply chain plus vertueuse.\",\"breadcrumb\":{\"@id\":\"https:\/\/www.istegroup.com\/produit\/les-pratiques-de-la-supply-chain-durable\/#breadcrumb\"},\"inLanguage\":\"fr-FR\",\"potentialAction\":[{\"@type\":\"ReadAction\",\"target\":[\"https:\/\/www.istegroup.com\/produit\/les-pratiques-de-la-supply-chain-durable\/\"]}]},{\"@type\":\"ImageObject\",\"inLanguage\":\"fr-FR\",\"@id\":\"https:\/\/www.istegroup.com\/produit\/les-pratiques-de-la-supply-chain-durable\/#primaryimage\",\"url\":\"https:\/\/www.istegroup.com\/wp-content\/uploads\/2024\/01\/Les-pratiques-de-la-supply-chain-durable.png\",\"contentUrl\":\"https:\/\/www.istegroup.com\/wp-content\/uploads\/2024\/01\/Les-pratiques-de-la-supply-chain-durable.png\",\"width\":599,\"height\":903,\"caption\":\"Livre scientifique - Les pratiques de la supply chain durable\"},{\"@type\":\"BreadcrumbList\",\"@id\":\"https:\/\/www.istegroup.com\/produit\/les-pratiques-de-la-supply-chain-durable\/#breadcrumb\",\"itemListElement\":[{\"@type\":\"ListItem\",\"position\":1,\"name\":\"Home\",\"item\":\"https:\/\/www.istegroup.com\/\"},{\"@type\":\"ListItem\",\"position\":2,\"name\":\"Shop\",\"item\":\"https:\/\/www.istegroup.com\/fr\/nouveautes\/\"},{\"@type\":\"ListItem\",\"position\":3,\"name\":\"Les pratiques de la supply chain durable\"}]},{\"@type\":\"WebSite\",\"@id\":\"https:\/\/www.istegroup.com\/#website\",\"url\":\"https:\/\/www.istegroup.com\/\",\"name\":\"ISTE Group\",\"description\":\"\u00c9diteur des Sciences\",\"potentialAction\":[{\"@type\":\"SearchAction\",\"target\":{\"@type\":\"EntryPoint\",\"urlTemplate\":\"https:\/\/www.istegroup.com\/?s={search_term_string}\"},\"query-input\":{\"@type\":\"PropertyValueSpecification\",\"valueRequired\":true,\"valueName\":\"search_term_string\"}}],\"inLanguage\":\"fr-FR\"}]}<\/script>\n<!-- \/ Yoast SEO plugin. -->","yoast_head_json":{"title":"Les pratiques de la supply chain durable - ISTE Group","description":"L\u2019objectif de cet ouvrage est de pr\u00e9senter un certain nombre de bonnes pratiques simples, permettant de r\u00e9duire ces impacts n\u00e9gatifs et de rendre la supply chain plus vertueuse.","robots":{"index":"index","follow":"follow","max-snippet":"max-snippet:-1","max-image-preview":"max-image-preview:large","max-video-preview":"max-video-preview:-1"},"canonical":"https:\/\/www.istegroup.com\/produit\/les-pratiques-de-la-supply-chain-durable\/","og_locale":"fr_FR","og_type":"article","og_title":"Les pratiques de la supply chain durable - ISTE Group","og_description":"L\u2019objectif de cet ouvrage est de pr\u00e9senter un certain nombre de bonnes pratiques simples, permettant de r\u00e9duire ces impacts n\u00e9gatifs et de rendre la supply chain plus vertueuse.","og_url":"https:\/\/www.istegroup.com\/produit\/les-pratiques-de-la-supply-chain-durable\/","og_site_name":"ISTE Group","article_modified_time":"2024-12-04T09:58:43+00:00","og_image":[{"width":599,"height":903,"url":"https:\/\/www.istegroup.com\/wp-content\/uploads\/2024\/01\/Les-pratiques-de-la-supply-chain-durable.png","type":"image\/png"}],"twitter_card":"summary_large_image","twitter_misc":{"Est. reading time":"1 minute"},"schema":{"@context":"https:\/\/schema.org","@graph":[{"@type":"WebPage","@id":"https:\/\/www.istegroup.com\/produit\/les-pratiques-de-la-supply-chain-durable\/","url":"https:\/\/www.istegroup.com\/produit\/les-pratiques-de-la-supply-chain-durable\/","name":"Les pratiques de la supply chain durable - ISTE Group","isPartOf":{"@id":"https:\/\/www.istegroup.com\/#website"},"primaryImageOfPage":{"@id":"https:\/\/www.istegroup.com\/produit\/les-pratiques-de-la-supply-chain-durable\/#primaryimage"},"image":{"@id":"https:\/\/www.istegroup.com\/produit\/les-pratiques-de-la-supply-chain-durable\/#primaryimage"},"thumbnailUrl":"https:\/\/www.istegroup.com\/wp-content\/uploads\/2024\/01\/Les-pratiques-de-la-supply-chain-durable.png","datePublished":"2024-01-17T14:52:21+00:00","dateModified":"2024-12-04T09:58:43+00:00","description":"L\u2019objectif de cet ouvrage est de pr\u00e9senter un certain nombre de bonnes pratiques simples, permettant de r\u00e9duire ces impacts n\u00e9gatifs et de rendre la supply chain plus vertueuse.","breadcrumb":{"@id":"https:\/\/www.istegroup.com\/produit\/les-pratiques-de-la-supply-chain-durable\/#breadcrumb"},"inLanguage":"fr-FR","potentialAction":[{"@type":"ReadAction","target":["https:\/\/www.istegroup.com\/produit\/les-pratiques-de-la-supply-chain-durable\/"]}]},{"@type":"ImageObject","inLanguage":"fr-FR","@id":"https:\/\/www.istegroup.com\/produit\/les-pratiques-de-la-supply-chain-durable\/#primaryimage","url":"https:\/\/www.istegroup.com\/wp-content\/uploads\/2024\/01\/Les-pratiques-de-la-supply-chain-durable.png","contentUrl":"https:\/\/www.istegroup.com\/wp-content\/uploads\/2024\/01\/Les-pratiques-de-la-supply-chain-durable.png","width":599,"height":903,"caption":"Livre scientifique - Les pratiques de la supply chain durable"},{"@type":"BreadcrumbList","@id":"https:\/\/www.istegroup.com\/produit\/les-pratiques-de-la-supply-chain-durable\/#breadcrumb","itemListElement":[{"@type":"ListItem","position":1,"name":"Home","item":"https:\/\/www.istegroup.com\/"},{"@type":"ListItem","position":2,"name":"Shop","item":"https:\/\/www.istegroup.com\/fr\/nouveautes\/"},{"@type":"ListItem","position":3,"name":"Les pratiques de la supply chain durable"}]},{"@type":"WebSite","@id":"https:\/\/www.istegroup.com\/#website","url":"https:\/\/www.istegroup.com\/","name":"ISTE Group","description":"\u00c9diteur des Sciences","potentialAction":[{"@type":"SearchAction","target":{"@type":"EntryPoint","urlTemplate":"https:\/\/www.istegroup.com\/?s={search_term_string}"},"query-input":{"@type":"PropertyValueSpecification","valueRequired":true,"valueName":"search_term_string"}}],"inLanguage":"fr-FR"}]}},"_links":{"self":[{"href":"https:\/\/www.istegroup.com\/fr\/wp-json\/wp\/v2\/product\/55330","targetHints":{"allow":["GET"]}}],"collection":[{"href":"https:\/\/www.istegroup.com\/fr\/wp-json\/wp\/v2\/product"}],"about":[{"href":"https:\/\/www.istegroup.com\/fr\/wp-json\/wp\/v2\/types\/product"}],"wp:featuredmedia":[{"embeddable":true,"href":"https:\/\/www.istegroup.com\/fr\/wp-json\/wp\/v2\/media\/55345"}],"wp:attachment":[{"href":"https:\/\/www.istegroup.com\/fr\/wp-json\/wp\/v2\/media?parent=55330"}],"wp:term":[{"taxonomy":"product_brand","embeddable":true,"href":"https:\/\/www.istegroup.com\/fr\/wp-json\/wp\/v2\/product_brand?post=55330"},{"taxonomy":"product_cat","embeddable":true,"href":"https:\/\/www.istegroup.com\/fr\/wp-json\/wp\/v2\/product_cat?post=55330"},{"taxonomy":"product_tag","embeddable":true,"href":"https:\/\/www.istegroup.com\/fr\/wp-json\/wp\/v2\/product_tag?post=55330"}],"curies":[{"name":"wp","href":"https:\/\/api.w.org\/{rel}","templated":true}]}}