{"id":55061,"date":"2024-01-14T12:27:03","date_gmt":"2024-01-14T12:27:03","guid":{"rendered":"https:\/\/www.istegroup.com\/?post_type=product&#038;p=55061"},"modified":"2025-03-07T10:26:24","modified_gmt":"2025-03-07T10:26:24","slug":"la-chaine-varisque-en-france-2","status":"publish","type":"product","link":"https:\/\/www.istegroup.com\/fr\/produit\/la-chaine-varisque-en-france-2\/","title":{"rendered":"La cha\u00eene varisque en France 2"},"content":{"rendered":"<p><em>La cha\u00eene varisque en France 2<\/em> traite de l\u2019histoire g\u00e9ologique et de l\u2019\u00e9volution des id\u00e9es concernant la cha\u00eene varisque en France.<\/p>\n<p>Cet ouvrage propose une analyse des \u00e9v\u00e8nements magmatiques, m\u00e9tamorphiques et tectoniques tardifs ainsi que des archives s\u00e9dimentaires, documentant ainsi le d\u00e9mant\u00e8lement de la cha\u00eene varisque au Carbonif\u00e8re sup\u00e9rieur.<\/p>\n<p>La synth\u00e8se des donn\u00e9es p\u00e9tro-chronologiques met en \u00e9vidence une \u00e9volution de haute-temp\u00e9rature, associ\u00e9e \u00e0 un magmatisme impliquant une source mantellique enrichie en mat\u00e9riel crustal. L\u2019int\u00e9gration des marqueurs structuraux souligne un \u00e9pisode de restructuration tardi-orog\u00e9nique majeur affectant une lithosph\u00e8re faible. La synth\u00e8se des donn\u00e9es s\u00e9dimentaires permet de reconsid\u00e9rer l\u2019histoire de l\u2019orog\u00e8ne sous le prisme de l\u2019\u00e9volution des bassins. Enfin, la conclusion g\u00e9n\u00e9rale de l\u2019ouvrage met en valeur les questions th\u00e9matiques pos\u00e9es par l\u2019orog\u00e9n\u00e8se varisque.<\/p>\n","protected":false},"excerpt":{"rendered":"<p>La cha\u00eene varisque en France 2 traite de l\u2019histoire g\u00e9ologique et de l\u2019\u00e9volution des id\u00e9es concernant la cha\u00eene varisque en France. Cet ouvrage propose une analyse des \u00e9v\u00e8nements magmatiques, m\u00e9tamorphiques et tectoniques tardifs ainsi que des archives s\u00e9dimentaires, documentant ainsi le d\u00e9mant\u00e8lement de la cha\u00eene varisque au Carbonif\u00e8re sup\u00e9rieur. La synth\u00e8se des donn\u00e9es p\u00e9tro-chronologiques met [&hellip;]<\/p>\n","protected":false},"featured_media":55137,"template":"","meta":{"_acf_changed":false,"_links_to":"","_links_to_target":""},"product_brand":[],"product_cat":[4289],"product_tag":[],"class_list":{"0":"post-55061","1":"product","2":"type-product","3":"status-publish","4":"has-post-thumbnail","6":"product_cat-sciences","8":"first","9":"instock","10":"shipping-taxable","11":"purchasable","12":"product-type-variable"},"acf":[],"yoast_head":"<!-- This site is optimized with the Yoast SEO plugin v27.2 - https:\/\/yoast.com\/product\/yoast-seo-wordpress\/ -->\n<title>La cha\u00eene varisque en France 2 - ISTE Group<\/title>\n<meta name=\"description\" content=\"Cet ouvrage traite de l\u2019enregistrement g\u00e9ologique et de l\u2019\u00e9volution des id\u00e9es concernant la cha\u00eene varisque en France.\" \/>\n<meta name=\"robots\" content=\"index, follow, max-snippet:-1, max-image-preview:large, max-video-preview:-1\" \/>\n<link rel=\"canonical\" href=\"https:\/\/www.istegroup.com\/produit\/la-chaine-varisque-en-france-2\/\" \/>\n<meta property=\"og:locale\" content=\"fr_FR\" \/>\n<meta property=\"og:type\" content=\"article\" \/>\n<meta property=\"og:title\" content=\"La cha\u00eene varisque en France 2 - ISTE Group\" \/>\n<meta property=\"og:description\" content=\"Cet ouvrage traite de l\u2019enregistrement g\u00e9ologique et de l\u2019\u00e9volution des id\u00e9es concernant la cha\u00eene varisque en France.\" \/>\n<meta property=\"og:url\" content=\"https:\/\/www.istegroup.com\/produit\/la-chaine-varisque-en-france-2\/\" \/>\n<meta property=\"og:site_name\" content=\"ISTE Group\" \/>\n<meta property=\"article:modified_time\" content=\"2025-03-07T10:26:24+00:00\" \/>\n<meta property=\"og:image\" content=\"https:\/\/www.istegroup.com\/wp-content\/uploads\/2023\/01\/La-chaine-varisque-en-France-2.jpeg\" \/>\n\t<meta property=\"og:image:width\" content=\"300\" \/>\n\t<meta property=\"og:image:height\" content=\"450\" \/>\n\t<meta property=\"og:image:type\" content=\"image\/jpeg\" \/>\n<meta name=\"twitter:card\" content=\"summary_large_image\" \/>\n<meta name=\"twitter:label1\" content=\"Est. reading time\" \/>\n\t<meta name=\"twitter:data1\" content=\"1 minute\" \/>\n<script type=\"application\/ld+json\" class=\"yoast-schema-graph\">{\"@context\":\"https:\/\/schema.org\",\"@graph\":[{\"@type\":\"WebPage\",\"@id\":\"https:\/\/www.istegroup.com\/produit\/la-chaine-varisque-en-france-2\/\",\"url\":\"https:\/\/www.istegroup.com\/produit\/la-chaine-varisque-en-france-2\/\",\"name\":\"La cha\u00eene varisque en France 2 - ISTE Group\",\"isPartOf\":{\"@id\":\"https:\/\/www.istegroup.com\/#website\"},\"primaryImageOfPage\":{\"@id\":\"https:\/\/www.istegroup.com\/produit\/la-chaine-varisque-en-france-2\/#primaryimage\"},\"image\":{\"@id\":\"https:\/\/www.istegroup.com\/produit\/la-chaine-varisque-en-france-2\/#primaryimage\"},\"thumbnailUrl\":\"https:\/\/www.istegroup.com\/wp-content\/uploads\/2023\/01\/La-chaine-varisque-en-France-2.jpeg\",\"datePublished\":\"2024-01-14T12:27:03+00:00\",\"dateModified\":\"2025-03-07T10:26:24+00:00\",\"description\":\"Cet ouvrage traite de l\u2019enregistrement g\u00e9ologique et de l\u2019\u00e9volution des id\u00e9es concernant la cha\u00eene varisque en France.\",\"breadcrumb\":{\"@id\":\"https:\/\/www.istegroup.com\/produit\/la-chaine-varisque-en-france-2\/#breadcrumb\"},\"inLanguage\":\"fr-FR\",\"potentialAction\":[{\"@type\":\"ReadAction\",\"target\":[\"https:\/\/www.istegroup.com\/produit\/la-chaine-varisque-en-france-2\/\"]}]},{\"@type\":\"ImageObject\",\"inLanguage\":\"fr-FR\",\"@id\":\"https:\/\/www.istegroup.com\/produit\/la-chaine-varisque-en-france-2\/#primaryimage\",\"url\":\"https:\/\/www.istegroup.com\/wp-content\/uploads\/2023\/01\/La-chaine-varisque-en-France-2.jpeg\",\"contentUrl\":\"https:\/\/www.istegroup.com\/wp-content\/uploads\/2023\/01\/La-chaine-varisque-en-France-2.jpeg\",\"width\":300,\"height\":450,\"caption\":\"Livre scientifique - La cha\u00eene varisque en France 2\"},{\"@type\":\"BreadcrumbList\",\"@id\":\"https:\/\/www.istegroup.com\/produit\/la-chaine-varisque-en-france-2\/#breadcrumb\",\"itemListElement\":[{\"@type\":\"ListItem\",\"position\":1,\"name\":\"Home\",\"item\":\"https:\/\/www.istegroup.com\/\"},{\"@type\":\"ListItem\",\"position\":2,\"name\":\"Shop\",\"item\":\"https:\/\/www.istegroup.com\/fr\/nouveautes\/\"},{\"@type\":\"ListItem\",\"position\":3,\"name\":\"La cha\u00eene varisque en France 2\"}]},{\"@type\":\"WebSite\",\"@id\":\"https:\/\/www.istegroup.com\/#website\",\"url\":\"https:\/\/www.istegroup.com\/\",\"name\":\"ISTE Group\",\"description\":\"\u00c9diteur des Sciences\",\"potentialAction\":[{\"@type\":\"SearchAction\",\"target\":{\"@type\":\"EntryPoint\",\"urlTemplate\":\"https:\/\/www.istegroup.com\/?s={search_term_string}\"},\"query-input\":{\"@type\":\"PropertyValueSpecification\",\"valueRequired\":true,\"valueName\":\"search_term_string\"}}],\"inLanguage\":\"fr-FR\"}]}<\/script>\n<!-- \/ Yoast SEO plugin. -->","yoast_head_json":{"title":"La cha\u00eene varisque en France 2 - ISTE Group","description":"Cet ouvrage traite de l\u2019enregistrement g\u00e9ologique et de l\u2019\u00e9volution des id\u00e9es concernant la cha\u00eene varisque en France.","robots":{"index":"index","follow":"follow","max-snippet":"max-snippet:-1","max-image-preview":"max-image-preview:large","max-video-preview":"max-video-preview:-1"},"canonical":"https:\/\/www.istegroup.com\/produit\/la-chaine-varisque-en-france-2\/","og_locale":"fr_FR","og_type":"article","og_title":"La cha\u00eene varisque en France 2 - ISTE Group","og_description":"Cet ouvrage traite de l\u2019enregistrement g\u00e9ologique et de l\u2019\u00e9volution des id\u00e9es concernant la cha\u00eene varisque en France.","og_url":"https:\/\/www.istegroup.com\/produit\/la-chaine-varisque-en-france-2\/","og_site_name":"ISTE Group","article_modified_time":"2025-03-07T10:26:24+00:00","og_image":[{"width":300,"height":450,"url":"https:\/\/www.istegroup.com\/wp-content\/uploads\/2023\/01\/La-chaine-varisque-en-France-2.jpeg","type":"image\/jpeg"}],"twitter_card":"summary_large_image","twitter_misc":{"Est. reading time":"1 minute"},"schema":{"@context":"https:\/\/schema.org","@graph":[{"@type":"WebPage","@id":"https:\/\/www.istegroup.com\/produit\/la-chaine-varisque-en-france-2\/","url":"https:\/\/www.istegroup.com\/produit\/la-chaine-varisque-en-france-2\/","name":"La cha\u00eene varisque en France 2 - ISTE Group","isPartOf":{"@id":"https:\/\/www.istegroup.com\/#website"},"primaryImageOfPage":{"@id":"https:\/\/www.istegroup.com\/produit\/la-chaine-varisque-en-france-2\/#primaryimage"},"image":{"@id":"https:\/\/www.istegroup.com\/produit\/la-chaine-varisque-en-france-2\/#primaryimage"},"thumbnailUrl":"https:\/\/www.istegroup.com\/wp-content\/uploads\/2023\/01\/La-chaine-varisque-en-France-2.jpeg","datePublished":"2024-01-14T12:27:03+00:00","dateModified":"2025-03-07T10:26:24+00:00","description":"Cet ouvrage traite de l\u2019enregistrement g\u00e9ologique et de l\u2019\u00e9volution des id\u00e9es concernant la cha\u00eene varisque en France.","breadcrumb":{"@id":"https:\/\/www.istegroup.com\/produit\/la-chaine-varisque-en-france-2\/#breadcrumb"},"inLanguage":"fr-FR","potentialAction":[{"@type":"ReadAction","target":["https:\/\/www.istegroup.com\/produit\/la-chaine-varisque-en-france-2\/"]}]},{"@type":"ImageObject","inLanguage":"fr-FR","@id":"https:\/\/www.istegroup.com\/produit\/la-chaine-varisque-en-france-2\/#primaryimage","url":"https:\/\/www.istegroup.com\/wp-content\/uploads\/2023\/01\/La-chaine-varisque-en-France-2.jpeg","contentUrl":"https:\/\/www.istegroup.com\/wp-content\/uploads\/2023\/01\/La-chaine-varisque-en-France-2.jpeg","width":300,"height":450,"caption":"Livre scientifique - La cha\u00eene varisque en France 2"},{"@type":"BreadcrumbList","@id":"https:\/\/www.istegroup.com\/produit\/la-chaine-varisque-en-france-2\/#breadcrumb","itemListElement":[{"@type":"ListItem","position":1,"name":"Home","item":"https:\/\/www.istegroup.com\/"},{"@type":"ListItem","position":2,"name":"Shop","item":"https:\/\/www.istegroup.com\/fr\/nouveautes\/"},{"@type":"ListItem","position":3,"name":"La cha\u00eene varisque en France 2"}]},{"@type":"WebSite","@id":"https:\/\/www.istegroup.com\/#website","url":"https:\/\/www.istegroup.com\/","name":"ISTE Group","description":"\u00c9diteur des Sciences","potentialAction":[{"@type":"SearchAction","target":{"@type":"EntryPoint","urlTemplate":"https:\/\/www.istegroup.com\/?s={search_term_string}"},"query-input":{"@type":"PropertyValueSpecification","valueRequired":true,"valueName":"search_term_string"}}],"inLanguage":"fr-FR"}]}},"_links":{"self":[{"href":"https:\/\/www.istegroup.com\/fr\/wp-json\/wp\/v2\/product\/55061","targetHints":{"allow":["GET"]}}],"collection":[{"href":"https:\/\/www.istegroup.com\/fr\/wp-json\/wp\/v2\/product"}],"about":[{"href":"https:\/\/www.istegroup.com\/fr\/wp-json\/wp\/v2\/types\/product"}],"wp:featuredmedia":[{"embeddable":true,"href":"https:\/\/www.istegroup.com\/fr\/wp-json\/wp\/v2\/media\/55137"}],"wp:attachment":[{"href":"https:\/\/www.istegroup.com\/fr\/wp-json\/wp\/v2\/media?parent=55061"}],"wp:term":[{"taxonomy":"product_brand","embeddable":true,"href":"https:\/\/www.istegroup.com\/fr\/wp-json\/wp\/v2\/product_brand?post=55061"},{"taxonomy":"product_cat","embeddable":true,"href":"https:\/\/www.istegroup.com\/fr\/wp-json\/wp\/v2\/product_cat?post=55061"},{"taxonomy":"product_tag","embeddable":true,"href":"https:\/\/www.istegroup.com\/fr\/wp-json\/wp\/v2\/product_tag?post=55061"}],"curies":[{"name":"wp","href":"https:\/\/api.w.org\/{rel}","templated":true}]}}