{"id":549,"date":"2017-07-28T15:01:49","date_gmt":"2017-07-28T13:01:49","guid":{"rendered":"https:\/\/iste.yhello.co\/product\/outils-pour-une-approche-systemique-de-locean\/"},"modified":"2024-01-03T13:40:34","modified_gmt":"2024-01-03T13:40:34","slug":"outils-pour-une-approche-systemique-de-locean","status":"publish","type":"product","link":"https:\/\/www.istegroup.com\/fr\/produit\/outils-pour-une-approche-systemique-de-locean\/","title":{"rendered":"Outils pour une approche syst\u00e9mique de l\u2019oc\u00e9an"},"content":{"rendered":"<p>La s\u00e9rie\u00a0<em>Mer et Oc\u00e9an<\/em>\u00a0propose une approche interdisciplinaire et int\u00e9gr\u00e9e (biologique, physique, chimique) des syst\u00e8mes oc\u00e9aniques : \u00e9tat et fonctionnement des oc\u00e9ans, origine de leur vuln\u00e9rabilit\u00e9, sc\u00e9narios de gestion durable et d\u2019adaptation des soci\u00e9t\u00e9s. Une approche qui permet le passage de cette science fondamentale, bas\u00e9e sur l\u2019analyse des processus, leurs couplages \u00e0 toutes les \u00e9chelles et entre tous les compartiments, \u00e0 une science \u00ab publique \u00bb, finalisable et participative, ouverte aux d\u00e9cideurs et aux gestionnaires.<\/p>\n<p>Approcher la complexit\u00e9 et la vuln\u00e9rabilit\u00e9 de la Plan\u00e8te Oc\u00e9an n\u00e9cessite une strat\u00e9gie, des instruments de mesure et de pr\u00e9l\u00e8vement d\u2019\u00e9chantillons. Cet ouvrage pr\u00e9sente la diversit\u00e9 des techniques d\u2019observation et de suivi \u00e0 toutes les \u00e9chelles temporelles et spatiales, depuis les satellites jusqu\u2019aux submersibles et engins autonomes.<\/p>\n<p>L\u2019efficacit\u00e9 de l\u2019\u00e9chantillonnage des stocks halieutiques est abord\u00e9e sous l\u2019angle des engins de p\u00eache dont le comportement est simul\u00e9 par des mod\u00e8les num\u00e9riques et \u00e0 l\u2019aide de mod\u00e8les r\u00e9duits en bassin. Il est \u00e9galement possible d\u2019utiliser l\u2019acoustique sous-marine pour d\u00e9tecter, d\u00e9nombrer, \u00e9couter et identifier des ressources vivantes et mobiles. Le bio-logging permet, quant \u00e0 lui, d\u2019\u00e9quiper les animaux marins de capteurs afin d\u2019\u00e9tudier leur migration, leur physiologie, et d\u2019\u00e9chantillonner les caract\u00e9ristiques physico-chimiques des milieux qu\u2019ils traversent.<\/p>\n","protected":false},"excerpt":{"rendered":"<p>La s\u00e9rie\u00a0Mer et Oc\u00e9an\u00a0propose une approche interdisciplinaire et int\u00e9gr\u00e9e (biologique, physique, chimique) des syst\u00e8mes oc\u00e9aniques : \u00e9tat et fonctionnement des oc\u00e9ans, origine de leur vuln\u00e9rabilit\u00e9, sc\u00e9narios de gestion durable et d\u2019adaptation des soci\u00e9t\u00e9s. Une approche qui permet le passage de cette science fondamentale, bas\u00e9e sur l\u2019analyse des processus, leurs couplages \u00e0 toutes les \u00e9chelles et [&hellip;]<\/p>\n","protected":false},"featured_media":550,"template":"","meta":{"_acf_changed":false,"_links_to":"","_links_to_target":""},"product_brand":[],"product_cat":[675,712,705],"product_tag":[2106,927,2107,2108,31,196,2109,2110,197,198,199,21,200,22,201,203,204,63,25,172,209,1372,2111,2112,2113,212,38,192,145,28,939,2114,1395,1582,2115,941],"class_list":{"0":"post-549","1":"product","2":"type-product","3":"status-publish","4":"has-post-thumbnail","6":"product_cat-nouveauts-12519446","7":"product_cat-srie-mer-et-ocan-189825988","8":"product_cat-systme-terre-environnement-27112280","9":"product_tag-acoustique-sous-marine","10":"product_tag-andre-monaco","11":"product_tag-animaux-marins","12":"product_tag-bio-logging","13":"product_tag-ebook","14":"product_tag-ebooks","15":"product_tag-gestion-durable","16":"product_tag-instruments-de-mesure","17":"product_tag-iste","18":"product_tag-iste-edition","19":"product_tag-iste-editions","20":"product_tag-iste-group","21":"product_tag-isteedition","22":"product_tag-istegroup","23":"product_tag-kindle","24":"product_tag-liseuse","25":"product_tag-livre","26":"product_tag-livre-electronique","27":"product_tag-livre-numerique","28":"product_tag-livre-scientifique","29":"product_tag-livres-scientifiques","30":"product_tag-mer-et-ocean","31":"product_tag-migration","32":"product_tag-modeles-numeriques","33":"product_tag-outils-pour-une-approche-systemique-de-locean","34":"product_tag-ouvrage","35":"product_tag-ouvrage-numerique","36":"product_tag-ouvrage-science","37":"product_tag-ouvrage-scientifique","38":"product_tag-ouvrage-scientifique-francais","39":"product_tag-patrick-prouzet","40":"product_tag-peche","41":"product_tag-planete","42":"product_tag-simulations","43":"product_tag-systeme-ocea","44":"product_tag-systeme-oceanique","46":"first","47":"instock","48":"shipping-taxable","49":"purchasable","50":"product-type-variable"},"acf":[],"yoast_head":"<!-- This site is optimized with the Yoast SEO plugin v27.2 - https:\/\/yoast.com\/product\/yoast-seo-wordpress\/ -->\n<title>Outils pour une approche syst\u00e9mique de l\u2019oc\u00e9an - ISTE Group<\/title>\n<meta name=\"description\" content=\"Outils pour une approche syst\u00e9mique de l\u2019oc\u00e9an pr\u00e9sente la diversit\u00e9 des techniques d\u2019observation et de suivi \u00e0 toutes les \u00e9chelles temporelles et spatiales, depuis les satellites jusqu\u2019aux submersibles et engins autonomes.\" \/>\n<meta name=\"robots\" content=\"index, follow, max-snippet:-1, max-image-preview:large, max-video-preview:-1\" \/>\n<link rel=\"canonical\" href=\"https:\/\/www.istegroup.com\/en\/produit\/outils-pour-une-approche-systemique-de-locean\/\" \/>\n<meta property=\"og:locale\" content=\"fr_FR\" \/>\n<meta property=\"og:type\" content=\"article\" \/>\n<meta property=\"og:title\" content=\"Outils pour une approche syst\u00e9mique de l\u2019oc\u00e9an - ISTE Group\" \/>\n<meta property=\"og:description\" content=\"Outils pour une approche syst\u00e9mique de l\u2019oc\u00e9an pr\u00e9sente la diversit\u00e9 des techniques d\u2019observation et de suivi \u00e0 toutes les \u00e9chelles temporelles et spatiales, depuis les satellites jusqu\u2019aux submersibles et engins autonomes.\" \/>\n<meta property=\"og:url\" content=\"https:\/\/www.istegroup.com\/en\/produit\/outils-pour-une-approche-systemique-de-locean\/\" \/>\n<meta property=\"og:site_name\" content=\"ISTE Group\" \/>\n<meta property=\"article:modified_time\" content=\"2024-01-03T13:40:34+00:00\" \/>\n<meta property=\"og:image\" content=\"https:\/\/www.istegroup.com\/wp-content\/uploads\/2017\/07\/11973581508_4810860740-1.jpg\" \/>\n\t<meta property=\"og:image:width\" content=\"1369\" \/>\n\t<meta property=\"og:image:height\" content=\"2048\" \/>\n\t<meta property=\"og:image:type\" content=\"image\/jpeg\" \/>\n<meta name=\"twitter:card\" content=\"summary_large_image\" \/>\n<meta name=\"twitter:label1\" content=\"Est. reading time\" \/>\n\t<meta name=\"twitter:data1\" content=\"1 minute\" \/>\n<script type=\"application\/ld+json\" class=\"yoast-schema-graph\">{\"@context\":\"https:\/\/schema.org\",\"@graph\":[{\"@type\":\"WebPage\",\"@id\":\"https:\/\/www.istegroup.com\/en\/produit\/outils-pour-une-approche-systemique-de-locean\/\",\"url\":\"https:\/\/www.istegroup.com\/en\/produit\/outils-pour-une-approche-systemique-de-locean\/\",\"name\":\"Outils pour une approche syst\u00e9mique de l\u2019oc\u00e9an - ISTE Group\",\"isPartOf\":{\"@id\":\"https:\/\/www.istegroup.com\/#website\"},\"primaryImageOfPage\":{\"@id\":\"https:\/\/www.istegroup.com\/en\/produit\/outils-pour-une-approche-systemique-de-locean\/#primaryimage\"},\"image\":{\"@id\":\"https:\/\/www.istegroup.com\/en\/produit\/outils-pour-une-approche-systemique-de-locean\/#primaryimage\"},\"thumbnailUrl\":\"https:\/\/www.istegroup.com\/wp-content\/uploads\/2017\/07\/11973581508_4810860740-1.jpg\",\"datePublished\":\"2017-07-28T13:01:49+00:00\",\"dateModified\":\"2024-01-03T13:40:34+00:00\",\"description\":\"Outils pour une approche syst\u00e9mique de l\u2019oc\u00e9an pr\u00e9sente la diversit\u00e9 des techniques d\u2019observation et de suivi \u00e0 toutes les \u00e9chelles temporelles et spatiales, depuis les satellites jusqu\u2019aux submersibles et engins autonomes.\",\"breadcrumb\":{\"@id\":\"https:\/\/www.istegroup.com\/en\/produit\/outils-pour-une-approche-systemique-de-locean\/#breadcrumb\"},\"inLanguage\":\"fr-FR\",\"potentialAction\":[{\"@type\":\"ReadAction\",\"target\":[\"https:\/\/www.istegroup.com\/en\/produit\/outils-pour-une-approche-systemique-de-locean\/\"]}]},{\"@type\":\"ImageObject\",\"inLanguage\":\"fr-FR\",\"@id\":\"https:\/\/www.istegroup.com\/en\/produit\/outils-pour-une-approche-systemique-de-locean\/#primaryimage\",\"url\":\"https:\/\/www.istegroup.com\/wp-content\/uploads\/2017\/07\/11973581508_4810860740-1.jpg\",\"contentUrl\":\"https:\/\/www.istegroup.com\/wp-content\/uploads\/2017\/07\/11973581508_4810860740-1.jpg\",\"width\":1369,\"height\":2048,\"caption\":\"Outils pour une approche syst\u00e9mique de l\u2019oc\u00e9an\"},{\"@type\":\"BreadcrumbList\",\"@id\":\"https:\/\/www.istegroup.com\/en\/produit\/outils-pour-une-approche-systemique-de-locean\/#breadcrumb\",\"itemListElement\":[{\"@type\":\"ListItem\",\"position\":1,\"name\":\"Home\",\"item\":\"https:\/\/www.istegroup.com\/\"},{\"@type\":\"ListItem\",\"position\":2,\"name\":\"Shop\",\"item\":\"https:\/\/www.istegroup.com\/fr\/nouveautes\/\"},{\"@type\":\"ListItem\",\"position\":3,\"name\":\"Outils pour une approche syst\u00e9mique de l\u2019oc\u00e9an\"}]},{\"@type\":\"WebSite\",\"@id\":\"https:\/\/www.istegroup.com\/#website\",\"url\":\"https:\/\/www.istegroup.com\/\",\"name\":\"ISTE Group\",\"description\":\"\u00c9diteur des Sciences\",\"potentialAction\":[{\"@type\":\"SearchAction\",\"target\":{\"@type\":\"EntryPoint\",\"urlTemplate\":\"https:\/\/www.istegroup.com\/?s={search_term_string}\"},\"query-input\":{\"@type\":\"PropertyValueSpecification\",\"valueRequired\":true,\"valueName\":\"search_term_string\"}}],\"inLanguage\":\"fr-FR\"}]}<\/script>\n<!-- \/ Yoast SEO plugin. -->","yoast_head_json":{"title":"Outils pour une approche syst\u00e9mique de l\u2019oc\u00e9an - ISTE Group","description":"Outils pour une approche syst\u00e9mique de l\u2019oc\u00e9an pr\u00e9sente la diversit\u00e9 des techniques d\u2019observation et de suivi \u00e0 toutes les \u00e9chelles temporelles et spatiales, depuis les satellites jusqu\u2019aux submersibles et engins autonomes.","robots":{"index":"index","follow":"follow","max-snippet":"max-snippet:-1","max-image-preview":"max-image-preview:large","max-video-preview":"max-video-preview:-1"},"canonical":"https:\/\/www.istegroup.com\/en\/produit\/outils-pour-une-approche-systemique-de-locean\/","og_locale":"fr_FR","og_type":"article","og_title":"Outils pour une approche syst\u00e9mique de l\u2019oc\u00e9an - ISTE Group","og_description":"Outils pour une approche syst\u00e9mique de l\u2019oc\u00e9an pr\u00e9sente la diversit\u00e9 des techniques d\u2019observation et de suivi \u00e0 toutes les \u00e9chelles temporelles et spatiales, depuis les satellites jusqu\u2019aux submersibles et engins autonomes.","og_url":"https:\/\/www.istegroup.com\/en\/produit\/outils-pour-une-approche-systemique-de-locean\/","og_site_name":"ISTE Group","article_modified_time":"2024-01-03T13:40:34+00:00","og_image":[{"width":1369,"height":2048,"url":"https:\/\/www.istegroup.com\/wp-content\/uploads\/2017\/07\/11973581508_4810860740-1.jpg","type":"image\/jpeg"}],"twitter_card":"summary_large_image","twitter_misc":{"Est. reading time":"1 minute"},"schema":{"@context":"https:\/\/schema.org","@graph":[{"@type":"WebPage","@id":"https:\/\/www.istegroup.com\/en\/produit\/outils-pour-une-approche-systemique-de-locean\/","url":"https:\/\/www.istegroup.com\/en\/produit\/outils-pour-une-approche-systemique-de-locean\/","name":"Outils pour une approche syst\u00e9mique de l\u2019oc\u00e9an - ISTE Group","isPartOf":{"@id":"https:\/\/www.istegroup.com\/#website"},"primaryImageOfPage":{"@id":"https:\/\/www.istegroup.com\/en\/produit\/outils-pour-une-approche-systemique-de-locean\/#primaryimage"},"image":{"@id":"https:\/\/www.istegroup.com\/en\/produit\/outils-pour-une-approche-systemique-de-locean\/#primaryimage"},"thumbnailUrl":"https:\/\/www.istegroup.com\/wp-content\/uploads\/2017\/07\/11973581508_4810860740-1.jpg","datePublished":"2017-07-28T13:01:49+00:00","dateModified":"2024-01-03T13:40:34+00:00","description":"Outils pour une approche syst\u00e9mique de l\u2019oc\u00e9an pr\u00e9sente la diversit\u00e9 des techniques d\u2019observation et de suivi \u00e0 toutes les \u00e9chelles temporelles et spatiales, depuis les satellites jusqu\u2019aux submersibles et engins autonomes.","breadcrumb":{"@id":"https:\/\/www.istegroup.com\/en\/produit\/outils-pour-une-approche-systemique-de-locean\/#breadcrumb"},"inLanguage":"fr-FR","potentialAction":[{"@type":"ReadAction","target":["https:\/\/www.istegroup.com\/en\/produit\/outils-pour-une-approche-systemique-de-locean\/"]}]},{"@type":"ImageObject","inLanguage":"fr-FR","@id":"https:\/\/www.istegroup.com\/en\/produit\/outils-pour-une-approche-systemique-de-locean\/#primaryimage","url":"https:\/\/www.istegroup.com\/wp-content\/uploads\/2017\/07\/11973581508_4810860740-1.jpg","contentUrl":"https:\/\/www.istegroup.com\/wp-content\/uploads\/2017\/07\/11973581508_4810860740-1.jpg","width":1369,"height":2048,"caption":"Outils pour une approche syst\u00e9mique de l\u2019oc\u00e9an"},{"@type":"BreadcrumbList","@id":"https:\/\/www.istegroup.com\/en\/produit\/outils-pour-une-approche-systemique-de-locean\/#breadcrumb","itemListElement":[{"@type":"ListItem","position":1,"name":"Home","item":"https:\/\/www.istegroup.com\/"},{"@type":"ListItem","position":2,"name":"Shop","item":"https:\/\/www.istegroup.com\/fr\/nouveautes\/"},{"@type":"ListItem","position":3,"name":"Outils pour une approche syst\u00e9mique de l\u2019oc\u00e9an"}]},{"@type":"WebSite","@id":"https:\/\/www.istegroup.com\/#website","url":"https:\/\/www.istegroup.com\/","name":"ISTE Group","description":"\u00c9diteur des Sciences","potentialAction":[{"@type":"SearchAction","target":{"@type":"EntryPoint","urlTemplate":"https:\/\/www.istegroup.com\/?s={search_term_string}"},"query-input":{"@type":"PropertyValueSpecification","valueRequired":true,"valueName":"search_term_string"}}],"inLanguage":"fr-FR"}]}},"_links":{"self":[{"href":"https:\/\/www.istegroup.com\/fr\/wp-json\/wp\/v2\/product\/549","targetHints":{"allow":["GET"]}}],"collection":[{"href":"https:\/\/www.istegroup.com\/fr\/wp-json\/wp\/v2\/product"}],"about":[{"href":"https:\/\/www.istegroup.com\/fr\/wp-json\/wp\/v2\/types\/product"}],"wp:featuredmedia":[{"embeddable":true,"href":"https:\/\/www.istegroup.com\/fr\/wp-json\/wp\/v2\/media\/550"}],"wp:attachment":[{"href":"https:\/\/www.istegroup.com\/fr\/wp-json\/wp\/v2\/media?parent=549"}],"wp:term":[{"taxonomy":"product_brand","embeddable":true,"href":"https:\/\/www.istegroup.com\/fr\/wp-json\/wp\/v2\/product_brand?post=549"},{"taxonomy":"product_cat","embeddable":true,"href":"https:\/\/www.istegroup.com\/fr\/wp-json\/wp\/v2\/product_cat?post=549"},{"taxonomy":"product_tag","embeddable":true,"href":"https:\/\/www.istegroup.com\/fr\/wp-json\/wp\/v2\/product_tag?post=549"}],"curies":[{"name":"wp","href":"https:\/\/api.w.org\/{rel}","templated":true}]}}