{"id":54832,"date":"2023-11-29T10:11:27","date_gmt":"2023-11-29T10:11:27","guid":{"rendered":"https:\/\/www.istegroup.com\/?post_type=product&#038;p=54832"},"modified":"2025-03-14T10:32:30","modified_gmt":"2025-03-14T10:32:30","slug":"lelasticite-du-vivant","status":"publish","type":"product","link":"https:\/\/www.istegroup.com\/fr\/produit\/lelasticite-du-vivant\/","title":{"rendered":"L\u2019\u00e9lasticit\u00e9 du vivant"},"content":{"rendered":"<p>L\u2019\u00e9lasticit\u00e9 est absolument n\u00e9cessaire pour vivre une vie normale. Ce fait se r\u00e9v\u00e8le cruellement lorsque des probl\u00e8mes physiques, respiratoires, cardiaques, digestifs, sensoriels, moteurs, reproductifs ou esth\u00e9tiques apparaissent \u00e0 la suite de l\u2019inexorable d\u00e9clin de notre capital \u00e9lastique. Cette d\u00e9clinaison commence \u00e0 la fin de la croissance et s\u2019acc\u00e9l\u00e8re en temps de crise (et de pand\u00e9mie). La protection et l\u2019entretien de ce capital est donc une des priorit\u00e9s de la vie. Cependant, il n\u2019existe pas encore de th\u00e9rapie con\u00e7ue pour y rem\u00e9dier.<\/p>\n<p><em>L\u2019\u00e9lasticit\u00e9 du vivant<\/em> d\u00e9finit tout d\u2019abord les cons\u00e9quences d\u00e9rivant d\u2019un manque d\u2019\u00e9lasticit\u00e9 de la peau \u2013 le d\u00e9clin le plus visible, puis d\u2019autres d\u00e9fauts d\u2019\u00e9lasticit\u00e9 dans notre corps, souvent insoup\u00e7onn\u00e9s et rarement mentionn\u00e9s. Cet ouvrage pr\u00e9sente ensuite les recherches luttant contre les anomalies d\u2019\u00e9lasticit\u00e9 et examine les comportements utiles pour prot\u00e9ger notre capital \u00e9lastique (alimentation, activit\u00e9s physiques et cognitives, etc.). Ce dernier point est au coeur des d\u00e9bats de soci\u00e9t\u00e9 actuels sur les plans nutritionnel, comportemental, environnemental, voir \u00e9thique.<\/p>","protected":false},"excerpt":{"rendered":"<p>L\u2019\u00e9lasticit\u00e9 est absolument n\u00e9cessaire pour vivre une vie normale. Ce fait se r\u00e9v\u00e8le cruellement lorsque des probl\u00e8mes physiques, respiratoires, cardiaques, digestifs, sensoriels, moteurs, reproductifs ou esth\u00e9tiques apparaissent \u00e0 la suite de l\u2019inexorable d\u00e9clin de notre capital \u00e9lastique. Cette d\u00e9clinaison commence \u00e0 la fin de la croissance et s\u2019acc\u00e9l\u00e8re en temps de crise (et de pand\u00e9mie). [&hellip;]<\/p>\n","protected":false},"featured_media":54846,"template":"","meta":{"_acf_changed":false,"_links_to":"","_links_to_target":""},"product_brand":[],"product_cat":[3262],"product_tag":[],"class_list":{"0":"post-54832","1":"product","2":"type-product","3":"status-publish","4":"has-post-thumbnail","6":"product_cat-non-classe","8":"first","9":"instock","10":"shipping-taxable","11":"purchasable","12":"product-type-variable"},"acf":[],"yoast_head":"<!-- This site is optimized with the Yoast SEO plugin v27.2 - https:\/\/yoast.com\/product\/yoast-seo-wordpress\/ -->\n<title>L\u2019\u00e9lasticit\u00e9 du vivant - ISTE Group<\/title>\n<meta name=\"description\" content=\"L\u2019\u00e9lasticit\u00e9 du vivant d\u00e9finit tout d\u2019abord les cons\u00e9quences d\u00e9rivant d\u2019un manque d\u2019\u00e9lasticit\u00e9 de la peau \u2013 le d\u00e9clin le plus visible, puis d\u2019autres d\u00e9fauts d\u2019\u00e9lasticit\u00e9 dans notre corps, souvent insoup\u00e7onn\u00e9s et rarement mentionn\u00e9s.\" \/>\n<meta name=\"robots\" content=\"index, follow, max-snippet:-1, max-image-preview:large, max-video-preview:-1\" \/>\n<link rel=\"canonical\" href=\"https:\/\/www.istegroup.com\/produit\/lelasticite-du-vivant\/\" \/>\n<meta property=\"og:locale\" content=\"fr_FR\" \/>\n<meta property=\"og:type\" content=\"article\" \/>\n<meta property=\"og:title\" content=\"L\u2019\u00e9lasticit\u00e9 du vivant - ISTE Group\" \/>\n<meta property=\"og:description\" content=\"L\u2019\u00e9lasticit\u00e9 du vivant d\u00e9finit tout d\u2019abord les cons\u00e9quences d\u00e9rivant d\u2019un manque d\u2019\u00e9lasticit\u00e9 de la peau \u2013 le d\u00e9clin le plus visible, puis d\u2019autres d\u00e9fauts d\u2019\u00e9lasticit\u00e9 dans notre corps, souvent insoup\u00e7onn\u00e9s et rarement mentionn\u00e9s.\" \/>\n<meta property=\"og:url\" content=\"https:\/\/www.istegroup.com\/produit\/lelasticite-du-vivant\/\" \/>\n<meta property=\"og:site_name\" content=\"ISTE Group\" \/>\n<meta property=\"article:modified_time\" content=\"2025-03-14T10:32:30+00:00\" \/>\n<meta property=\"og:image\" content=\"https:\/\/www.istegroup.com\/wp-content\/uploads\/2023\/11\/Lelasticite-du-vivant.png\" \/>\n\t<meta property=\"og:image:width\" content=\"597\" \/>\n\t<meta property=\"og:image:height\" content=\"898\" \/>\n\t<meta property=\"og:image:type\" content=\"image\/png\" \/>\n<meta name=\"twitter:card\" content=\"summary_large_image\" \/>\n<meta name=\"twitter:label1\" content=\"Est. reading time\" \/>\n\t<meta name=\"twitter:data1\" content=\"2 minutes\" \/>\n<script type=\"application\/ld+json\" class=\"yoast-schema-graph\">{\"@context\":\"https:\/\/schema.org\",\"@graph\":[{\"@type\":\"WebPage\",\"@id\":\"https:\/\/www.istegroup.com\/produit\/lelasticite-du-vivant\/\",\"url\":\"https:\/\/www.istegroup.com\/produit\/lelasticite-du-vivant\/\",\"name\":\"L\u2019\u00e9lasticit\u00e9 du vivant - ISTE Group\",\"isPartOf\":{\"@id\":\"https:\/\/www.istegroup.com\/#website\"},\"primaryImageOfPage\":{\"@id\":\"https:\/\/www.istegroup.com\/produit\/lelasticite-du-vivant\/#primaryimage\"},\"image\":{\"@id\":\"https:\/\/www.istegroup.com\/produit\/lelasticite-du-vivant\/#primaryimage\"},\"thumbnailUrl\":\"https:\/\/www.istegroup.com\/wp-content\/uploads\/2023\/11\/Lelasticite-du-vivant.png\",\"datePublished\":\"2023-11-29T10:11:27+00:00\",\"dateModified\":\"2025-03-14T10:32:30+00:00\",\"description\":\"L\u2019\u00e9lasticit\u00e9 du vivant d\u00e9finit tout d\u2019abord les cons\u00e9quences d\u00e9rivant d\u2019un manque d\u2019\u00e9lasticit\u00e9 de la peau \u2013 le d\u00e9clin le plus visible, puis d\u2019autres d\u00e9fauts d\u2019\u00e9lasticit\u00e9 dans notre corps, souvent insoup\u00e7onn\u00e9s et rarement mentionn\u00e9s.\",\"breadcrumb\":{\"@id\":\"https:\/\/www.istegroup.com\/produit\/lelasticite-du-vivant\/#breadcrumb\"},\"inLanguage\":\"fr-FR\",\"potentialAction\":[{\"@type\":\"ReadAction\",\"target\":[\"https:\/\/www.istegroup.com\/produit\/lelasticite-du-vivant\/\"]}]},{\"@type\":\"ImageObject\",\"inLanguage\":\"fr-FR\",\"@id\":\"https:\/\/www.istegroup.com\/produit\/lelasticite-du-vivant\/#primaryimage\",\"url\":\"https:\/\/www.istegroup.com\/wp-content\/uploads\/2023\/11\/Lelasticite-du-vivant.png\",\"contentUrl\":\"https:\/\/www.istegroup.com\/wp-content\/uploads\/2023\/11\/Lelasticite-du-vivant.png\",\"width\":597,\"height\":898,\"caption\":\"Livre scientifique - L\u2019\u00e9lasticit\u00e9 du vivant\"},{\"@type\":\"BreadcrumbList\",\"@id\":\"https:\/\/www.istegroup.com\/produit\/lelasticite-du-vivant\/#breadcrumb\",\"itemListElement\":[{\"@type\":\"ListItem\",\"position\":1,\"name\":\"Home\",\"item\":\"https:\/\/www.istegroup.com\/\"},{\"@type\":\"ListItem\",\"position\":2,\"name\":\"Shop\",\"item\":\"https:\/\/www.istegroup.com\/fr\/nouveautes\/\"},{\"@type\":\"ListItem\",\"position\":3,\"name\":\"L\u2019\u00e9lasticit\u00e9 du vivant\"}]},{\"@type\":\"WebSite\",\"@id\":\"https:\/\/www.istegroup.com\/#website\",\"url\":\"https:\/\/www.istegroup.com\/\",\"name\":\"ISTE Group\",\"description\":\"\u00c9diteur des Sciences\",\"potentialAction\":[{\"@type\":\"SearchAction\",\"target\":{\"@type\":\"EntryPoint\",\"urlTemplate\":\"https:\/\/www.istegroup.com\/?s={search_term_string}\"},\"query-input\":{\"@type\":\"PropertyValueSpecification\",\"valueRequired\":true,\"valueName\":\"search_term_string\"}}],\"inLanguage\":\"fr-FR\"}]}<\/script>\n<!-- \/ Yoast SEO plugin. -->","yoast_head_json":{"title":"L\u2019\u00e9lasticit\u00e9 du vivant - ISTE Group","description":"L\u2019\u00e9lasticit\u00e9 du vivant d\u00e9finit tout d\u2019abord les cons\u00e9quences d\u00e9rivant d\u2019un manque d\u2019\u00e9lasticit\u00e9 de la peau \u2013 le d\u00e9clin le plus visible, puis d\u2019autres d\u00e9fauts d\u2019\u00e9lasticit\u00e9 dans notre corps, souvent insoup\u00e7onn\u00e9s et rarement mentionn\u00e9s.","robots":{"index":"index","follow":"follow","max-snippet":"max-snippet:-1","max-image-preview":"max-image-preview:large","max-video-preview":"max-video-preview:-1"},"canonical":"https:\/\/www.istegroup.com\/produit\/lelasticite-du-vivant\/","og_locale":"fr_FR","og_type":"article","og_title":"L\u2019\u00e9lasticit\u00e9 du vivant - ISTE Group","og_description":"L\u2019\u00e9lasticit\u00e9 du vivant d\u00e9finit tout d\u2019abord les cons\u00e9quences d\u00e9rivant d\u2019un manque d\u2019\u00e9lasticit\u00e9 de la peau \u2013 le d\u00e9clin le plus visible, puis d\u2019autres d\u00e9fauts d\u2019\u00e9lasticit\u00e9 dans notre corps, souvent insoup\u00e7onn\u00e9s et rarement mentionn\u00e9s.","og_url":"https:\/\/www.istegroup.com\/produit\/lelasticite-du-vivant\/","og_site_name":"ISTE Group","article_modified_time":"2025-03-14T10:32:30+00:00","og_image":[{"width":597,"height":898,"url":"https:\/\/www.istegroup.com\/wp-content\/uploads\/2023\/11\/Lelasticite-du-vivant.png","type":"image\/png"}],"twitter_card":"summary_large_image","twitter_misc":{"Est. reading time":"2 minutes"},"schema":{"@context":"https:\/\/schema.org","@graph":[{"@type":"WebPage","@id":"https:\/\/www.istegroup.com\/produit\/lelasticite-du-vivant\/","url":"https:\/\/www.istegroup.com\/produit\/lelasticite-du-vivant\/","name":"L\u2019\u00e9lasticit\u00e9 du vivant - ISTE Group","isPartOf":{"@id":"https:\/\/www.istegroup.com\/#website"},"primaryImageOfPage":{"@id":"https:\/\/www.istegroup.com\/produit\/lelasticite-du-vivant\/#primaryimage"},"image":{"@id":"https:\/\/www.istegroup.com\/produit\/lelasticite-du-vivant\/#primaryimage"},"thumbnailUrl":"https:\/\/www.istegroup.com\/wp-content\/uploads\/2023\/11\/Lelasticite-du-vivant.png","datePublished":"2023-11-29T10:11:27+00:00","dateModified":"2025-03-14T10:32:30+00:00","description":"L\u2019\u00e9lasticit\u00e9 du vivant d\u00e9finit tout d\u2019abord les cons\u00e9quences d\u00e9rivant d\u2019un manque d\u2019\u00e9lasticit\u00e9 de la peau \u2013 le d\u00e9clin le plus visible, puis d\u2019autres d\u00e9fauts d\u2019\u00e9lasticit\u00e9 dans notre corps, souvent insoup\u00e7onn\u00e9s et rarement mentionn\u00e9s.","breadcrumb":{"@id":"https:\/\/www.istegroup.com\/produit\/lelasticite-du-vivant\/#breadcrumb"},"inLanguage":"fr-FR","potentialAction":[{"@type":"ReadAction","target":["https:\/\/www.istegroup.com\/produit\/lelasticite-du-vivant\/"]}]},{"@type":"ImageObject","inLanguage":"fr-FR","@id":"https:\/\/www.istegroup.com\/produit\/lelasticite-du-vivant\/#primaryimage","url":"https:\/\/www.istegroup.com\/wp-content\/uploads\/2023\/11\/Lelasticite-du-vivant.png","contentUrl":"https:\/\/www.istegroup.com\/wp-content\/uploads\/2023\/11\/Lelasticite-du-vivant.png","width":597,"height":898,"caption":"Livre scientifique - L\u2019\u00e9lasticit\u00e9 du vivant"},{"@type":"BreadcrumbList","@id":"https:\/\/www.istegroup.com\/produit\/lelasticite-du-vivant\/#breadcrumb","itemListElement":[{"@type":"ListItem","position":1,"name":"Home","item":"https:\/\/www.istegroup.com\/"},{"@type":"ListItem","position":2,"name":"Shop","item":"https:\/\/www.istegroup.com\/fr\/nouveautes\/"},{"@type":"ListItem","position":3,"name":"L\u2019\u00e9lasticit\u00e9 du vivant"}]},{"@type":"WebSite","@id":"https:\/\/www.istegroup.com\/#website","url":"https:\/\/www.istegroup.com\/","name":"ISTE Group","description":"\u00c9diteur des Sciences","potentialAction":[{"@type":"SearchAction","target":{"@type":"EntryPoint","urlTemplate":"https:\/\/www.istegroup.com\/?s={search_term_string}"},"query-input":{"@type":"PropertyValueSpecification","valueRequired":true,"valueName":"search_term_string"}}],"inLanguage":"fr-FR"}]}},"_links":{"self":[{"href":"https:\/\/www.istegroup.com\/fr\/wp-json\/wp\/v2\/product\/54832","targetHints":{"allow":["GET"]}}],"collection":[{"href":"https:\/\/www.istegroup.com\/fr\/wp-json\/wp\/v2\/product"}],"about":[{"href":"https:\/\/www.istegroup.com\/fr\/wp-json\/wp\/v2\/types\/product"}],"wp:featuredmedia":[{"embeddable":true,"href":"https:\/\/www.istegroup.com\/fr\/wp-json\/wp\/v2\/media\/54846"}],"wp:attachment":[{"href":"https:\/\/www.istegroup.com\/fr\/wp-json\/wp\/v2\/media?parent=54832"}],"wp:term":[{"taxonomy":"product_brand","embeddable":true,"href":"https:\/\/www.istegroup.com\/fr\/wp-json\/wp\/v2\/product_brand?post=54832"},{"taxonomy":"product_cat","embeddable":true,"href":"https:\/\/www.istegroup.com\/fr\/wp-json\/wp\/v2\/product_cat?post=54832"},{"taxonomy":"product_tag","embeddable":true,"href":"https:\/\/www.istegroup.com\/fr\/wp-json\/wp\/v2\/product_tag?post=54832"}],"curies":[{"name":"wp","href":"https:\/\/api.w.org\/{rel}","templated":true}]}}